{"id":238119,"date":"2025-06-22T11:47:12","date_gmt":"2025-06-22T09:47:12","guid":{"rendered":"https:\/\/www.jootjeshaakcadeautjes.nl\/product\/perles-lettres-en-silicone-ivoire-chocolat-au-lait-10-mm-carrees-par-piece\/"},"modified":"2026-04-14T19:52:47","modified_gmt":"2026-04-14T17:52:47","slug":"perles-lettres-en-silicone-ivoire-chocolat-au-lait-10-mm-carrees-par-piece","status":"publish","type":"product","link":"https:\/\/www.jootjeshaakcadeautjes.nl\/fr\/produit\/perles-lettres-en-silicone-ivoire-chocolat-au-lait-10-mm-carrees-par-piece\/","title":{"rendered":"Perles lettres en silicone &#8211; ivoire\/chocolat au lait &#8211; 10 mm &#8211; carr\u00e9es &#8211; par pi\u00e8ce"},"content":{"rendered":"<h1>Perles lettres en silicone &#8211; Ivoire\/Chocolat au lait &#8211; 10 mm &#8211; Carr\u00e9 &#8211; Par pi\u00e8ce<\/h1>\n<h2>Sp\u00e9cifications :<\/h2>\n<ul>\n<li>Taille 10 mm x 10 mm<\/li>\n<li>Perles en silicone ivoire avec lettres en chocolat au lait<\/li>\n<li>Sans BPA, phtalate, PVC, plomb ni toxines, 100% silicone sans danger pour les b\u00e9b\u00e9s, conforme aux directives EN-71 et REACH.<\/li>\n<li>Convient aux produits finis certifi\u00e9s CE<\/li>\n<li>Les perles de lettres sont disponibles dans toutes les lettres de l&#8217;alphabet.<\/li>\n<\/ul>\n<h2>Qualit\u00e9 et s\u00e9curit\u00e9 :<\/h2>\n<p>Tous nos <a href=\"https:\/\/www.jootjeshaakcadeautjes.nl\/product\/siliconen-kralen-20-mm-rond\/\">mat\u00e9riaux en silicone<\/a> sont exempts de BPA et de phtalates. En outre, aucune autre substance nocive n&#8217;est utilis\u00e9e dans la production de ces perles de lettres en silicone. Cette perle-lettre convient donc aussi bien aux b\u00e9b\u00e9s qu&#8217;aux enfants plus \u00e2g\u00e9s qui aiment mordre dans quelque chose. Les perles conviennent aux produits finis certifi\u00e9s CE et sont robustes. Elles ne s&#8217;usent donc pratiquement pas. En outre, les perles de lettres sont faciles \u00e0 nettoyer. Jootjes Haakcadeautjes est grossiste en mat\u00e9riaux 100% s\u00fbrs pour les b\u00e9b\u00e9s pour les jouets de dentition, y compris ces perles de lettres en silicone.      <\/p>\n<p><em>Fixez toujours correctement les perles de silicone et contr\u00f4lez r\u00e9guli\u00e8rement vos cr\u00e9ations, par exemple pour v\u00e9rifier qu&#8217;elles ne s&#8217;usent pas. Vous en \u00eates vous-m\u00eame responsable.  Jootjes Haakcadeautjes ne contr\u00f4le pas le produit fini et ne peut donc pas assumer les dommages ou le rel\u00e2chement dus \u00e0 l&#8217;usure. Nous vous conseillons de n&#8217;utiliser les jouets de dentition faits \u00e0 la main que sous la surveillance d&#8217;un adulte afin d&#8217;\u00e9viter toute situation dangereuse. <\/em><\/p>\n","protected":false},"excerpt":{"rendered":"<ul>\n<li>Perles en silicone avec les lettres A \u00e0 Z.<\/li>\n<li>Perles en silicone ivoire avec lettres en chocolat au lait<\/li>\n<li>Sans BPA, phtalate, PVC, plomb ni toxines.<\/li>\n<li>S\u00fbr selon EN-71 et REACH<\/li>\n<li>Vendu \u00e0 l&#8217;unit\u00e9.<\/li>\n<li>Perles carr\u00e9es en silicone avec lettres, 10 mm x 10 mm.<\/li>\n<li>Les lettres sont horizontales (les trous vont de gauche \u00e0 droite).<\/li>\n<li>Les quatre autres faces contiennent toutes la lettre choisie.<\/li>\n<li>Frais pour les pouss\u00e9es dentaires.<\/li>\n<li>Parfait pour le cordon de la t\u00e9tine, le porte-cl\u00e9s, l&#8217;anneau de dentition et plus encore.<\/li>\n<\/ul>\n","protected":false},"featured_media":105483,"template":"","meta":[],"product_brand":[],"product_cat":[7378,7185,12602,12870],"product_tag":[12297,12871,7384,10197,7424,12608,7455,7627,7428,10286,7418,9997,7513,10256,10288,12822,7200,12823,7415,7212],"class_list":{"0":"post-238119","1":"product","2":"type-product","3":"status-publish","4":"has-post-thumbnail","6":"product_cat-fabrication-de-jouets-de-dentition-pour-bebe-cordon-de-sucette-et-anneaux-de-dentition","7":"product_cat-nouveaux-produits","8":"product_cat-perles-de-lettres-cordon-de-sucette-et-anneau-de-dentition","9":"product_cat-perles-de-lettres-en-silicone-10-mm","10":"product_tag-10-fr","11":"product_tag-10-mm-fr","12":"product_tag-anneau-de-dentition","13":"product_tag-atteindre","14":"product_tag-bpa-fr","15":"product_tag-carre","16":"product_tag-chaine-de-landau","17":"product_tag-chocolat","18":"product_tag-collier-dallaitement","19":"product_tag-faux-cordon-fr","20":"product_tag-faux-cordon","21":"product_tag-fr-71","22":"product_tag-imprimer","23":"product_tag-ivoire","24":"product_tag-lait","25":"product_tag-perle-lettre","26":"product_tag-perles","27":"product_tag-perles-avec-lettres","28":"product_tag-sans-bpa","29":"product_tag-silicone-fr","31":"first","32":"instock","33":"taxable","34":"shipping-taxable","35":"purchasable","36":"product-type-variable"},"bundled_by":["275373","275373","275373"],"bundle_stock_status":"instock","bundle_stock_quantity":null,"bundle_virtual":false,"bundle_layout":"","bundle_add_to_cart_form_location":"","bundle_editable_in_cart":false,"bundle_sold_individually_context":"","bundle_item_grouping":"","bundle_min_size":"","bundle_max_size":"","bundle_price":[],"bundled_items":[],"bundle_sell_ids":[],"yoast_head":"<!-- This site is optimized with the Yoast SEO Premium plugin v27.6 (Yoast SEO v27.6) - https:\/\/yoast.com\/product\/yoast-seo-premium-wordpress\/ -->\n<title>Perles lettres en silicone - ivoire\/chocolat au lait - 10 mm - carr\u00e9es - par pi\u00e8ce %sep%% JH.co.uk | Lettres Silicone<\/title>\n<meta name=\"description\" content=\"Perles de silicone en silicone blanc avec lettres noires, pour cordon de t\u00e9tine, porte-cl\u00e9s, etc. Perles en silicone avec lettres, sans danger pour les b\u00e9b\u00e9s.\" \/>\n<meta name=\"robots\" content=\"index, follow, max-snippet:-1, max-image-preview:large, max-video-preview:-1\" \/>\n<link rel=\"canonical\" href=\"https:\/\/www.jootjeshaakcadeautjes.nl\/fr\/produit\/perles-lettres-en-silicone-ivoire-chocolat-au-lait-10-mm-carrees-par-piece\/\" \/>\n<meta property=\"og:locale\" content=\"fr_FR\" \/>\n<meta property=\"og:type\" content=\"article\" \/>\n<meta property=\"og:title\" content=\"Perles lettres en silicone - ivoire\/chocolat au lait - 10 mm - carr\u00e9es - par pi\u00e8ce\" \/>\n<meta property=\"og:description\" content=\"Perles de silicone en silicone blanc avec lettres noires, pour cordon de t\u00e9tine, porte-cl\u00e9s, etc. Perles en silicone avec lettres, sans danger pour les b\u00e9b\u00e9s.\" \/>\n<meta property=\"og:url\" content=\"https:\/\/www.jootjeshaakcadeautjes.nl\/fr\/produit\/perles-lettres-en-silicone-ivoire-chocolat-au-lait-10-mm-carrees-par-piece\/\" \/>\n<meta property=\"og:site_name\" content=\"Jootjes Haakcadeautjes\" \/>\n<meta property=\"article:modified_time\" content=\"2026-04-14T17:52:47+00:00\" \/>\n<meta property=\"og:image\" content=\"https:\/\/www.jootjeshaakcadeautjes.nl\/wp-content\/uploads\/2023\/11\/Untitled-12.jpg\" \/>\n\t<meta property=\"og:image:width\" content=\"2048\" \/>\n\t<meta property=\"og:image:height\" content=\"2048\" \/>\n\t<meta property=\"og:image:type\" content=\"image\/jpeg\" \/>\n<meta name=\"twitter:card\" content=\"summary_large_image\" \/>\n<meta name=\"twitter:label1\" content=\"Disponibilit\u00e9\" \/>\n\t<meta name=\"twitter:data1\" content=\"En stock\" \/>\n<script type=\"application\/ld+json\" class=\"yoast-schema-graph\">{\"@context\":\"https:\\\/\\\/schema.org\",\"@graph\":[{\"@type\":\"WebPage\",\"@id\":\"https:\\\/\\\/www.jootjeshaakcadeautjes.nl\\\/fr\\\/produit\\\/perles-lettres-en-silicone-ivoire-chocolat-au-lait-10-mm-carrees-par-piece\\\/\",\"url\":\"https:\\\/\\\/www.jootjeshaakcadeautjes.nl\\\/fr\\\/produit\\\/perles-lettres-en-silicone-ivoire-chocolat-au-lait-10-mm-carrees-par-piece\\\/\",\"name\":\"Perles lettres en silicone - ivoire\\\/chocolat au lait - 10 mm - carr\u00e9es - par pi\u00e8ce %sep%% JH.co.uk | Lettres Silicone\",\"isPartOf\":{\"@id\":\"https:\\\/\\\/www.jootjeshaakcadeautjes.nl\\\/fr\\\/#website\"},\"primaryImageOfPage\":{\"@id\":\"https:\\\/\\\/www.jootjeshaakcadeautjes.nl\\\/fr\\\/produit\\\/perles-lettres-en-silicone-ivoire-chocolat-au-lait-10-mm-carrees-par-piece\\\/#primaryimage\"},\"image\":{\"@id\":\"https:\\\/\\\/www.jootjeshaakcadeautjes.nl\\\/fr\\\/produit\\\/perles-lettres-en-silicone-ivoire-chocolat-au-lait-10-mm-carrees-par-piece\\\/#primaryimage\"},\"thumbnailUrl\":\"https:\\\/\\\/d1dyryakdmle7o.cloudfront.net\\\/wp-content\\\/uploads\\\/2023\\\/11\\\/Untitled-12.jpg\",\"datePublished\":\"2025-06-22T09:47:12+00:00\",\"dateModified\":\"2026-04-14T17:52:47+00:00\",\"description\":\"Perles de silicone en silicone blanc avec lettres noires, pour cordon de t\u00e9tine, porte-cl\u00e9s, etc. Perles en silicone avec lettres, sans danger pour les b\u00e9b\u00e9s.\",\"breadcrumb\":{\"@id\":\"https:\\\/\\\/www.jootjeshaakcadeautjes.nl\\\/fr\\\/produit\\\/perles-lettres-en-silicone-ivoire-chocolat-au-lait-10-mm-carrees-par-piece\\\/#breadcrumb\"},\"inLanguage\":\"fr-FR\",\"potentialAction\":[{\"@type\":\"ReadAction\",\"target\":[\"https:\\\/\\\/www.jootjeshaakcadeautjes.nl\\\/fr\\\/produit\\\/perles-lettres-en-silicone-ivoire-chocolat-au-lait-10-mm-carrees-par-piece\\\/\"]}]},{\"@type\":\"ImageObject\",\"inLanguage\":\"fr-FR\",\"@id\":\"https:\\\/\\\/www.jootjeshaakcadeautjes.nl\\\/fr\\\/produit\\\/perles-lettres-en-silicone-ivoire-chocolat-au-lait-10-mm-carrees-par-piece\\\/#primaryimage\",\"url\":\"https:\\\/\\\/d1dyryakdmle7o.cloudfront.net\\\/wp-content\\\/uploads\\\/2023\\\/11\\\/Untitled-12.jpg\",\"contentUrl\":\"https:\\\/\\\/d1dyryakdmle7o.cloudfront.net\\\/wp-content\\\/uploads\\\/2023\\\/11\\\/Untitled-12.jpg\",\"width\":2048,\"height\":2048,\"caption\":\"ivory \\\/ milk chocolate\"},{\"@type\":\"BreadcrumbList\",\"@id\":\"https:\\\/\\\/www.jootjeshaakcadeautjes.nl\\\/fr\\\/produit\\\/perles-lettres-en-silicone-ivoire-chocolat-au-lait-10-mm-carrees-par-piece\\\/#breadcrumb\",\"itemListElement\":[{\"@type\":\"ListItem\",\"position\":1,\"name\":\"Accueil\",\"item\":\"https:\\\/\\\/www.jootjeshaakcadeautjes.nl\\\/fr\\\/\"},{\"@type\":\"ListItem\",\"position\":2,\"name\":\"Commerce de gros de perles en silicone &#8211; Entreprises et consommateurs\",\"item\":\"https:\\\/\\\/www.jootjeshaakcadeautjes.nl\\\/fr\\\/boutique\\\/\"},{\"@type\":\"ListItem\",\"position\":3,\"name\":\"Perles lettres en silicone &#8211; ivoire\\\/chocolat au lait &#8211; 10 mm &#8211; carr\u00e9es &#8211; par pi\u00e8ce\"}]},{\"@type\":\"WebSite\",\"@id\":\"https:\\\/\\\/www.jootjeshaakcadeautjes.nl\\\/fr\\\/#website\",\"url\":\"https:\\\/\\\/www.jootjeshaakcadeautjes.nl\\\/fr\\\/\",\"name\":\"Jootjes Haakcadeautjes\",\"description\":\"Grossiste en perles de silicone\",\"publisher\":{\"@id\":\"https:\\\/\\\/www.jootjeshaakcadeautjes.nl\\\/fr\\\/#organization\"},\"potentialAction\":[{\"@type\":\"SearchAction\",\"target\":{\"@type\":\"EntryPoint\",\"urlTemplate\":\"https:\\\/\\\/www.jootjeshaakcadeautjes.nl\\\/fr\\\/?s={search_term_string}\"},\"query-input\":{\"@type\":\"PropertyValueSpecification\",\"valueRequired\":true,\"valueName\":\"search_term_string\"}}],\"inLanguage\":\"fr-FR\"},{\"@type\":\"Organization\",\"@id\":\"https:\\\/\\\/www.jootjeshaakcadeautjes.nl\\\/fr\\\/#organization\",\"name\":\"Jootjes Haakcadeautjes\",\"url\":\"https:\\\/\\\/www.jootjeshaakcadeautjes.nl\\\/fr\\\/\",\"logo\":{\"@type\":\"ImageObject\",\"inLanguage\":\"fr-FR\",\"@id\":\"https:\\\/\\\/www.jootjeshaakcadeautjes.nl\\\/fr\\\/#\\\/schema\\\/logo\\\/image\\\/\",\"url\":\"https:\\\/\\\/d1dyryakdmle7o.cloudfront.net\\\/wp-content\\\/uploads\\\/2023\\\/05\\\/Logo-rond.png\",\"contentUrl\":\"https:\\\/\\\/d1dyryakdmle7o.cloudfront.net\\\/wp-content\\\/uploads\\\/2023\\\/05\\\/Logo-rond.png\",\"width\":1222,\"height\":1222,\"caption\":\"Jootjes Haakcadeautjes\"},\"image\":{\"@id\":\"https:\\\/\\\/www.jootjeshaakcadeautjes.nl\\\/fr\\\/#\\\/schema\\\/logo\\\/image\\\/\"}}]}<\/script>\n<meta property=\"og:availability\" content=\"instock\" \/>\n<meta property=\"product:availability\" content=\"instock\" \/>\n<meta property=\"product:retailer_item_id\" content=\"SLK-IMC10\" \/>\n<meta property=\"product:condition\" content=\"new\" \/>\n<!-- \/ Yoast SEO Premium plugin. -->","yoast_head_json":{"title":"Perles lettres en silicone - ivoire\/chocolat au lait - 10 mm - carr\u00e9es - par pi\u00e8ce %sep%% JH.co.uk | Lettres Silicone","description":"Perles de silicone en silicone blanc avec lettres noires, pour cordon de t\u00e9tine, porte-cl\u00e9s, etc. Perles en silicone avec lettres, sans danger pour les b\u00e9b\u00e9s.","robots":{"index":"index","follow":"follow","max-snippet":"max-snippet:-1","max-image-preview":"max-image-preview:large","max-video-preview":"max-video-preview:-1"},"canonical":"https:\/\/www.jootjeshaakcadeautjes.nl\/fr\/produit\/perles-lettres-en-silicone-ivoire-chocolat-au-lait-10-mm-carrees-par-piece\/","og_locale":"fr_FR","og_type":"article","og_title":"Perles lettres en silicone - ivoire\/chocolat au lait - 10 mm - carr\u00e9es - par pi\u00e8ce","og_description":"Perles de silicone en silicone blanc avec lettres noires, pour cordon de t\u00e9tine, porte-cl\u00e9s, etc. Perles en silicone avec lettres, sans danger pour les b\u00e9b\u00e9s.","og_url":"https:\/\/www.jootjeshaakcadeautjes.nl\/fr\/produit\/perles-lettres-en-silicone-ivoire-chocolat-au-lait-10-mm-carrees-par-piece\/","og_site_name":"Jootjes Haakcadeautjes","article_modified_time":"2026-04-14T17:52:47+00:00","og_image":[{"width":2048,"height":2048,"url":"https:\/\/www.jootjeshaakcadeautjes.nl\/wp-content\/uploads\/2023\/11\/Untitled-12.jpg","type":"image\/jpeg"}],"twitter_card":"summary_large_image","twitter_misc":{"Disponibilit\u00e9":"En stock"},"schema":{"@context":"https:\/\/schema.org","@graph":[{"@type":"WebPage","@id":"https:\/\/www.jootjeshaakcadeautjes.nl\/fr\/produit\/perles-lettres-en-silicone-ivoire-chocolat-au-lait-10-mm-carrees-par-piece\/","url":"https:\/\/www.jootjeshaakcadeautjes.nl\/fr\/produit\/perles-lettres-en-silicone-ivoire-chocolat-au-lait-10-mm-carrees-par-piece\/","name":"Perles lettres en silicone - ivoire\/chocolat au lait - 10 mm - carr\u00e9es - par pi\u00e8ce %sep%% JH.co.uk | Lettres Silicone","isPartOf":{"@id":"https:\/\/www.jootjeshaakcadeautjes.nl\/fr\/#website"},"primaryImageOfPage":{"@id":"https:\/\/www.jootjeshaakcadeautjes.nl\/fr\/produit\/perles-lettres-en-silicone-ivoire-chocolat-au-lait-10-mm-carrees-par-piece\/#primaryimage"},"image":{"@id":"https:\/\/www.jootjeshaakcadeautjes.nl\/fr\/produit\/perles-lettres-en-silicone-ivoire-chocolat-au-lait-10-mm-carrees-par-piece\/#primaryimage"},"thumbnailUrl":"https:\/\/d1dyryakdmle7o.cloudfront.net\/wp-content\/uploads\/2023\/11\/Untitled-12.jpg","datePublished":"2025-06-22T09:47:12+00:00","dateModified":"2026-04-14T17:52:47+00:00","description":"Perles de silicone en silicone blanc avec lettres noires, pour cordon de t\u00e9tine, porte-cl\u00e9s, etc. Perles en silicone avec lettres, sans danger pour les b\u00e9b\u00e9s.","breadcrumb":{"@id":"https:\/\/www.jootjeshaakcadeautjes.nl\/fr\/produit\/perles-lettres-en-silicone-ivoire-chocolat-au-lait-10-mm-carrees-par-piece\/#breadcrumb"},"inLanguage":"fr-FR","potentialAction":[{"@type":"ReadAction","target":["https:\/\/www.jootjeshaakcadeautjes.nl\/fr\/produit\/perles-lettres-en-silicone-ivoire-chocolat-au-lait-10-mm-carrees-par-piece\/"]}]},{"@type":"ImageObject","inLanguage":"fr-FR","@id":"https:\/\/www.jootjeshaakcadeautjes.nl\/fr\/produit\/perles-lettres-en-silicone-ivoire-chocolat-au-lait-10-mm-carrees-par-piece\/#primaryimage","url":"https:\/\/d1dyryakdmle7o.cloudfront.net\/wp-content\/uploads\/2023\/11\/Untitled-12.jpg","contentUrl":"https:\/\/d1dyryakdmle7o.cloudfront.net\/wp-content\/uploads\/2023\/11\/Untitled-12.jpg","width":2048,"height":2048,"caption":"ivory \/ milk chocolate"},{"@type":"BreadcrumbList","@id":"https:\/\/www.jootjeshaakcadeautjes.nl\/fr\/produit\/perles-lettres-en-silicone-ivoire-chocolat-au-lait-10-mm-carrees-par-piece\/#breadcrumb","itemListElement":[{"@type":"ListItem","position":1,"name":"Accueil","item":"https:\/\/www.jootjeshaakcadeautjes.nl\/fr\/"},{"@type":"ListItem","position":2,"name":"Commerce de gros de perles en silicone &#8211; Entreprises et consommateurs","item":"https:\/\/www.jootjeshaakcadeautjes.nl\/fr\/boutique\/"},{"@type":"ListItem","position":3,"name":"Perles lettres en silicone &#8211; ivoire\/chocolat au lait &#8211; 10 mm &#8211; carr\u00e9es &#8211; par pi\u00e8ce"}]},{"@type":"WebSite","@id":"https:\/\/www.jootjeshaakcadeautjes.nl\/fr\/#website","url":"https:\/\/www.jootjeshaakcadeautjes.nl\/fr\/","name":"Jootjes Haakcadeautjes","description":"Grossiste en perles de silicone","publisher":{"@id":"https:\/\/www.jootjeshaakcadeautjes.nl\/fr\/#organization"},"potentialAction":[{"@type":"SearchAction","target":{"@type":"EntryPoint","urlTemplate":"https:\/\/www.jootjeshaakcadeautjes.nl\/fr\/?s={search_term_string}"},"query-input":{"@type":"PropertyValueSpecification","valueRequired":true,"valueName":"search_term_string"}}],"inLanguage":"fr-FR"},{"@type":"Organization","@id":"https:\/\/www.jootjeshaakcadeautjes.nl\/fr\/#organization","name":"Jootjes Haakcadeautjes","url":"https:\/\/www.jootjeshaakcadeautjes.nl\/fr\/","logo":{"@type":"ImageObject","inLanguage":"fr-FR","@id":"https:\/\/www.jootjeshaakcadeautjes.nl\/fr\/#\/schema\/logo\/image\/","url":"https:\/\/d1dyryakdmle7o.cloudfront.net\/wp-content\/uploads\/2023\/05\/Logo-rond.png","contentUrl":"https:\/\/d1dyryakdmle7o.cloudfront.net\/wp-content\/uploads\/2023\/05\/Logo-rond.png","width":1222,"height":1222,"caption":"Jootjes Haakcadeautjes"},"image":{"@id":"https:\/\/www.jootjeshaakcadeautjes.nl\/fr\/#\/schema\/logo\/image\/"}}]},"og_availability":"instock","product_availability":"instock","product_retailer_item_id":"SLK-IMC10","product_condition":"new"},"_links":{"self":[{"href":"https:\/\/www.jootjeshaakcadeautjes.nl\/fr\/wp-json\/wp\/v2\/product\/238119","targetHints":{"allow":["GET"]}}],"collection":[{"href":"https:\/\/www.jootjeshaakcadeautjes.nl\/fr\/wp-json\/wp\/v2\/product"}],"about":[{"href":"https:\/\/www.jootjeshaakcadeautjes.nl\/fr\/wp-json\/wp\/v2\/types\/product"}],"version-history":[{"count":0,"href":"https:\/\/www.jootjeshaakcadeautjes.nl\/fr\/wp-json\/wp\/v2\/product\/238119\/revisions"}],"wp:featuredmedia":[{"embeddable":true,"href":"https:\/\/www.jootjeshaakcadeautjes.nl\/fr\/wp-json\/wp\/v2\/media\/105483"}],"wp:attachment":[{"href":"https:\/\/www.jootjeshaakcadeautjes.nl\/fr\/wp-json\/wp\/v2\/media?parent=238119"}],"wp:term":[{"taxonomy":"product_brand","embeddable":true,"href":"https:\/\/www.jootjeshaakcadeautjes.nl\/fr\/wp-json\/wp\/v2\/product_brand?post=238119"},{"taxonomy":"product_cat","embeddable":true,"href":"https:\/\/www.jootjeshaakcadeautjes.nl\/fr\/wp-json\/wp\/v2\/product_cat?post=238119"},{"taxonomy":"product_tag","embeddable":true,"href":"https:\/\/www.jootjeshaakcadeautjes.nl\/fr\/wp-json\/wp\/v2\/product_tag?post=238119"}],"curies":[{"name":"wp","href":"https:\/\/api.w.org\/{rel}","templated":true}]}}