{"id":238659,"date":"2025-06-22T19:50:13","date_gmt":"2025-06-22T17:50:13","guid":{"rendered":"https:\/\/www.jootjeshaakcadeautjes.nl\/product\/perles-en-silicone-12-mm-rondes-impression-sucre-de-palme\/"},"modified":"2026-05-13T08:16:27","modified_gmt":"2026-05-13T06:16:27","slug":"perles-en-silicone-12-mm-rondes-impression-sucre-de-palme","status":"publish","type":"product","link":"https:\/\/www.jootjeshaakcadeautjes.nl\/fr\/produit\/perles-en-silicone-12-mm-rondes-impression-sucre-de-palme\/","title":{"rendered":"Perles en silicone &#8211; 12 mm &#8211; rondes &#8211; impression sucre de palme"},"content":{"rendered":"<h2>Perles en silicone 12 mm &#8211; Rondes &#8211; Sucre de palme<\/h2>\n<p>Taille : 16 mm<br \/>\nCouleur : sucre de palme<\/p>\n<p>Mat\u00e9riau : silicone test\u00e9 en toute s\u00e9curit\u00e9 conform\u00e9ment \u00e0 la norme EN-71. Sans BPA, sans phtalates, sans PVC et sans autres produits chimiques nocifs, conform\u00e9ment \u00e0 la norme EN-71. Convient donc aux cordons de t\u00e9tine et aux produits finis certifi\u00e9s CE tels que les anneaux de dentition.  <\/p>\n<p>&nbsp;<\/p>\n","protected":false},"excerpt":{"rendered":"<p>Taille : 12 mm<br \/>\nCouleur : sucre de palme<\/p>\n<p>Mat\u00e9riau : silicone test\u00e9 en toute s\u00e9curit\u00e9 conform\u00e9ment \u00e0 la norme EN-71. Sans BPA, sans phtalates, sans PVC et sans autres produits chimiques nocifs, conform\u00e9ment \u00e0 la norme EN-71. Convient donc aux cordons de t\u00e9tine et aux produits finis certifi\u00e9s CE tels que les anneaux de dentition.  <\/p>\n<p>&nbsp;<\/p>\n","protected":false},"featured_media":236636,"template":"","meta":[],"product_brand":[],"product_cat":[7378,7185,10238,19810,6992,10236],"product_tag":[7406,10450,7384,7474,7401,10126,7424,10295,7463,14243,7418,9997,7440,7513,10140,7392,7200,10002,9993,7415,13406,7212,17788,7408],"class_list":{"0":"post-238659","1":"product","2":"type-product","3":"status-publish","4":"has-post-thumbnail","6":"product_cat-fabrication-de-jouets-de-dentition-pour-bebe-cordon-de-sucette-et-anneaux-de-dentition","7":"product_cat-nouveaux-produits","8":"product_cat-perles-en-silicone-exclusivement-chez-jootjes","9":"product_cat-perles-en-silicone-imprimes-feuilles","10":"product_cat-perles-en-silicone-sans-bpa-grossiste","11":"product_cat-perles-en-silicone-avec-impression-toutes-les-impressions-leopard-panthere-girafe-zebre-roses-feuilles-et-autres","12":"product_tag-12-fr","13":"product_tag-12mm-fr","14":"product_tag-anneau-de-dentition","15":"product_tag-autour-de","16":"product_tag-bebe","17":"product_tag-bouchon-de-vin","18":"product_tag-bpa-fr","19":"product_tag-certifie-fr","20":"product_tag-commerce-de-gros","21":"product_tag-cuillere-a-cafe","22":"product_tag-faux-cordon","23":"product_tag-fr-71","24":"product_tag-gratuit","25":"product_tag-imprimer","26":"product_tag-jaszipper-fr","27":"product_tag-mm-fr","28":"product_tag-perles","29":"product_tag-phtalate","30":"product_tag-pvc-fr","31":"product_tag-sans-bpa","32":"product_tag-serveur-de-gateaux-fr","33":"product_tag-silicone-fr","34":"product_tag-sucre-de-palme","35":"product_tag-sur","37":"first","38":"instock","39":"taxable","40":"shipping-taxable","41":"purchasable","42":"product-type-simple"},"bundled_by":[],"bundle_stock_status":"instock","bundle_stock_quantity":420,"bundle_virtual":false,"bundle_layout":"","bundle_add_to_cart_form_location":"","bundle_editable_in_cart":false,"bundle_sold_individually_context":"","bundle_item_grouping":"","bundle_min_size":"","bundle_max_size":"","bundle_price":[],"bundled_items":[],"bundle_sell_ids":[],"yoast_head":"<!-- This site is optimized with the Yoast SEO Premium plugin v27.6 (Yoast SEO v27.6) - https:\/\/yoast.com\/product\/yoast-seo-premium-wordpress\/ -->\n<title>Perles en silicone - 12 mm - rondes - impression sucre de palme - B\u00e9b\u00e9<\/title>\n<meta name=\"description\" content=\"Perles en silicone - Impression dor\u00e9e 20 mm. Sans BPA, phtalate ni PVC. Provenant directement de la vente en gros. Sans danger pour les b\u00e9b\u00e9s, pour le cordon de t\u00e9tine et l&#039;anneau de dentition.\" \/>\n<meta name=\"robots\" content=\"index, follow, max-snippet:-1, max-image-preview:large, max-video-preview:-1\" \/>\n<link rel=\"canonical\" href=\"https:\/\/www.jootjeshaakcadeautjes.nl\/fr\/produit\/perles-en-silicone-12-mm-rondes-impression-sucre-de-palme\/\" \/>\n<meta property=\"og:locale\" content=\"fr_FR\" \/>\n<meta property=\"og:type\" content=\"article\" \/>\n<meta property=\"og:title\" content=\"Perles en silicone - 12 mm - rondes - impression sucre de palme\" \/>\n<meta property=\"og:description\" content=\"Perles en silicone - Impression dor\u00e9e 20 mm. Sans BPA, phtalate ni PVC. Provenant directement de la vente en gros. Sans danger pour les b\u00e9b\u00e9s, pour le cordon de t\u00e9tine et l&#039;anneau de dentition.\" \/>\n<meta property=\"og:url\" content=\"https:\/\/www.jootjeshaakcadeautjes.nl\/fr\/produit\/perles-en-silicone-12-mm-rondes-impression-sucre-de-palme\/\" \/>\n<meta property=\"og:site_name\" content=\"Jootjes Haakcadeautjes\" \/>\n<meta property=\"article:modified_time\" content=\"2026-05-13T06:16:27+00:00\" \/>\n<meta property=\"og:image\" content=\"https:\/\/www.jootjeshaakcadeautjes.nl\/wp-content\/uploads\/2025\/06\/Remove-background-project-1-1.webp\" \/>\n\t<meta property=\"og:image:width\" content=\"1080\" \/>\n\t<meta property=\"og:image:height\" content=\"1080\" \/>\n\t<meta property=\"og:image:type\" content=\"image\/webp\" \/>\n<meta name=\"twitter:card\" content=\"summary_large_image\" \/>\n<meta name=\"twitter:label1\" content=\"Prix\" \/>\n\t<meta name=\"twitter:data1\" content=\"&euro;0.40 TTC\" \/>\n\t<meta name=\"twitter:label2\" content=\"Disponibilit\u00e9\" \/>\n\t<meta name=\"twitter:data2\" content=\"En stock\" \/>\n<script type=\"application\/ld+json\" class=\"yoast-schema-graph\">{\"@context\":\"https:\\\/\\\/schema.org\",\"@graph\":[{\"@type\":\"WebPage\",\"@id\":\"https:\\\/\\\/www.jootjeshaakcadeautjes.nl\\\/fr\\\/produit\\\/perles-en-silicone-12-mm-rondes-impression-sucre-de-palme\\\/\",\"url\":\"https:\\\/\\\/www.jootjeshaakcadeautjes.nl\\\/fr\\\/produit\\\/perles-en-silicone-12-mm-rondes-impression-sucre-de-palme\\\/\",\"name\":\"Perles en silicone - 12 mm - rondes - impression sucre de palme - B\u00e9b\u00e9\",\"isPartOf\":{\"@id\":\"https:\\\/\\\/www.jootjeshaakcadeautjes.nl\\\/fr\\\/#website\"},\"primaryImageOfPage\":{\"@id\":\"https:\\\/\\\/www.jootjeshaakcadeautjes.nl\\\/fr\\\/produit\\\/perles-en-silicone-12-mm-rondes-impression-sucre-de-palme\\\/#primaryimage\"},\"image\":{\"@id\":\"https:\\\/\\\/www.jootjeshaakcadeautjes.nl\\\/fr\\\/produit\\\/perles-en-silicone-12-mm-rondes-impression-sucre-de-palme\\\/#primaryimage\"},\"thumbnailUrl\":\"https:\\\/\\\/d1dyryakdmle7o.cloudfront.net\\\/wp-content\\\/uploads\\\/2025\\\/06\\\/Remove-background-project-1-1.webp\",\"datePublished\":\"2025-06-22T17:50:13+00:00\",\"dateModified\":\"2026-05-13T06:16:27+00:00\",\"description\":\"Perles en silicone - Impression dor\u00e9e 20 mm. Sans BPA, phtalate ni PVC. Provenant directement de la vente en gros. Sans danger pour les b\u00e9b\u00e9s, pour le cordon de t\u00e9tine et l'anneau de dentition.\",\"breadcrumb\":{\"@id\":\"https:\\\/\\\/www.jootjeshaakcadeautjes.nl\\\/fr\\\/produit\\\/perles-en-silicone-12-mm-rondes-impression-sucre-de-palme\\\/#breadcrumb\"},\"inLanguage\":\"fr-FR\",\"potentialAction\":[{\"@type\":\"ReadAction\",\"target\":[\"https:\\\/\\\/www.jootjeshaakcadeautjes.nl\\\/fr\\\/produit\\\/perles-en-silicone-12-mm-rondes-impression-sucre-de-palme\\\/\"]}]},{\"@type\":\"ImageObject\",\"inLanguage\":\"fr-FR\",\"@id\":\"https:\\\/\\\/www.jootjeshaakcadeautjes.nl\\\/fr\\\/produit\\\/perles-en-silicone-12-mm-rondes-impression-sucre-de-palme\\\/#primaryimage\",\"url\":\"https:\\\/\\\/d1dyryakdmle7o.cloudfront.net\\\/wp-content\\\/uploads\\\/2025\\\/06\\\/Remove-background-project-1-1.webp\",\"contentUrl\":\"https:\\\/\\\/d1dyryakdmle7o.cloudfront.net\\\/wp-content\\\/uploads\\\/2025\\\/06\\\/Remove-background-project-1-1.webp\",\"width\":1080,\"height\":1080},{\"@type\":\"BreadcrumbList\",\"@id\":\"https:\\\/\\\/www.jootjeshaakcadeautjes.nl\\\/fr\\\/produit\\\/perles-en-silicone-12-mm-rondes-impression-sucre-de-palme\\\/#breadcrumb\",\"itemListElement\":[{\"@type\":\"ListItem\",\"position\":1,\"name\":\"Accueil\",\"item\":\"https:\\\/\\\/www.jootjeshaakcadeautjes.nl\\\/fr\\\/\"},{\"@type\":\"ListItem\",\"position\":2,\"name\":\"Commerce de gros de perles en silicone &#8211; Entreprises et consommateurs\",\"item\":\"https:\\\/\\\/www.jootjeshaakcadeautjes.nl\\\/fr\\\/boutique\\\/\"},{\"@type\":\"ListItem\",\"position\":3,\"name\":\"Perles en silicone &#8211; 12 mm &#8211; rondes &#8211; impression sucre de palme\"}]},{\"@type\":\"WebSite\",\"@id\":\"https:\\\/\\\/www.jootjeshaakcadeautjes.nl\\\/fr\\\/#website\",\"url\":\"https:\\\/\\\/www.jootjeshaakcadeautjes.nl\\\/fr\\\/\",\"name\":\"Jootjes Haakcadeautjes\",\"description\":\"Grossiste en perles de silicone\",\"publisher\":{\"@id\":\"https:\\\/\\\/www.jootjeshaakcadeautjes.nl\\\/fr\\\/#organization\"},\"potentialAction\":[{\"@type\":\"SearchAction\",\"target\":{\"@type\":\"EntryPoint\",\"urlTemplate\":\"https:\\\/\\\/www.jootjeshaakcadeautjes.nl\\\/fr\\\/?s={search_term_string}\"},\"query-input\":{\"@type\":\"PropertyValueSpecification\",\"valueRequired\":true,\"valueName\":\"search_term_string\"}}],\"inLanguage\":\"fr-FR\"},{\"@type\":\"Organization\",\"@id\":\"https:\\\/\\\/www.jootjeshaakcadeautjes.nl\\\/fr\\\/#organization\",\"name\":\"Jootjes Haakcadeautjes\",\"url\":\"https:\\\/\\\/www.jootjeshaakcadeautjes.nl\\\/fr\\\/\",\"logo\":{\"@type\":\"ImageObject\",\"inLanguage\":\"fr-FR\",\"@id\":\"https:\\\/\\\/www.jootjeshaakcadeautjes.nl\\\/fr\\\/#\\\/schema\\\/logo\\\/image\\\/\",\"url\":\"https:\\\/\\\/d1dyryakdmle7o.cloudfront.net\\\/wp-content\\\/uploads\\\/2023\\\/05\\\/Logo-rond.png\",\"contentUrl\":\"https:\\\/\\\/d1dyryakdmle7o.cloudfront.net\\\/wp-content\\\/uploads\\\/2023\\\/05\\\/Logo-rond.png\",\"width\":1222,\"height\":1222,\"caption\":\"Jootjes Haakcadeautjes\"},\"image\":{\"@id\":\"https:\\\/\\\/www.jootjeshaakcadeautjes.nl\\\/fr\\\/#\\\/schema\\\/logo\\\/image\\\/\"}}]}<\/script>\n<meta property=\"product:price:amount\" content=\"0.40\" \/>\n<meta property=\"product:price:currency\" content=\"EUR\" \/>\n<meta property=\"og:availability\" content=\"instock\" \/>\n<meta property=\"product:availability\" content=\"instock\" \/>\n<meta property=\"product:retailer_item_id\" content=\"SKR-012-PSP\" \/>\n<meta property=\"product:condition\" content=\"new\" \/>\n<!-- \/ Yoast SEO Premium plugin. -->","yoast_head_json":{"title":"Perles en silicone - 12 mm - rondes - impression sucre de palme - B\u00e9b\u00e9","description":"Perles en silicone - Impression dor\u00e9e 20 mm. Sans BPA, phtalate ni PVC. Provenant directement de la vente en gros. Sans danger pour les b\u00e9b\u00e9s, pour le cordon de t\u00e9tine et l'anneau de dentition.","robots":{"index":"index","follow":"follow","max-snippet":"max-snippet:-1","max-image-preview":"max-image-preview:large","max-video-preview":"max-video-preview:-1"},"canonical":"https:\/\/www.jootjeshaakcadeautjes.nl\/fr\/produit\/perles-en-silicone-12-mm-rondes-impression-sucre-de-palme\/","og_locale":"fr_FR","og_type":"article","og_title":"Perles en silicone - 12 mm - rondes - impression sucre de palme","og_description":"Perles en silicone - Impression dor\u00e9e 20 mm. Sans BPA, phtalate ni PVC. Provenant directement de la vente en gros. Sans danger pour les b\u00e9b\u00e9s, pour le cordon de t\u00e9tine et l'anneau de dentition.","og_url":"https:\/\/www.jootjeshaakcadeautjes.nl\/fr\/produit\/perles-en-silicone-12-mm-rondes-impression-sucre-de-palme\/","og_site_name":"Jootjes Haakcadeautjes","article_modified_time":"2026-05-13T06:16:27+00:00","og_image":[{"width":1080,"height":1080,"url":"https:\/\/www.jootjeshaakcadeautjes.nl\/wp-content\/uploads\/2025\/06\/Remove-background-project-1-1.webp","type":"image\/webp"}],"twitter_card":"summary_large_image","twitter_misc":{"Prix":"&euro;0.40 TTC","Disponibilit\u00e9":"En stock"},"schema":{"@context":"https:\/\/schema.org","@graph":[{"@type":"WebPage","@id":"https:\/\/www.jootjeshaakcadeautjes.nl\/fr\/produit\/perles-en-silicone-12-mm-rondes-impression-sucre-de-palme\/","url":"https:\/\/www.jootjeshaakcadeautjes.nl\/fr\/produit\/perles-en-silicone-12-mm-rondes-impression-sucre-de-palme\/","name":"Perles en silicone - 12 mm - rondes - impression sucre de palme - B\u00e9b\u00e9","isPartOf":{"@id":"https:\/\/www.jootjeshaakcadeautjes.nl\/fr\/#website"},"primaryImageOfPage":{"@id":"https:\/\/www.jootjeshaakcadeautjes.nl\/fr\/produit\/perles-en-silicone-12-mm-rondes-impression-sucre-de-palme\/#primaryimage"},"image":{"@id":"https:\/\/www.jootjeshaakcadeautjes.nl\/fr\/produit\/perles-en-silicone-12-mm-rondes-impression-sucre-de-palme\/#primaryimage"},"thumbnailUrl":"https:\/\/d1dyryakdmle7o.cloudfront.net\/wp-content\/uploads\/2025\/06\/Remove-background-project-1-1.webp","datePublished":"2025-06-22T17:50:13+00:00","dateModified":"2026-05-13T06:16:27+00:00","description":"Perles en silicone - Impression dor\u00e9e 20 mm. Sans BPA, phtalate ni PVC. Provenant directement de la vente en gros. Sans danger pour les b\u00e9b\u00e9s, pour le cordon de t\u00e9tine et l'anneau de dentition.","breadcrumb":{"@id":"https:\/\/www.jootjeshaakcadeautjes.nl\/fr\/produit\/perles-en-silicone-12-mm-rondes-impression-sucre-de-palme\/#breadcrumb"},"inLanguage":"fr-FR","potentialAction":[{"@type":"ReadAction","target":["https:\/\/www.jootjeshaakcadeautjes.nl\/fr\/produit\/perles-en-silicone-12-mm-rondes-impression-sucre-de-palme\/"]}]},{"@type":"ImageObject","inLanguage":"fr-FR","@id":"https:\/\/www.jootjeshaakcadeautjes.nl\/fr\/produit\/perles-en-silicone-12-mm-rondes-impression-sucre-de-palme\/#primaryimage","url":"https:\/\/d1dyryakdmle7o.cloudfront.net\/wp-content\/uploads\/2025\/06\/Remove-background-project-1-1.webp","contentUrl":"https:\/\/d1dyryakdmle7o.cloudfront.net\/wp-content\/uploads\/2025\/06\/Remove-background-project-1-1.webp","width":1080,"height":1080},{"@type":"BreadcrumbList","@id":"https:\/\/www.jootjeshaakcadeautjes.nl\/fr\/produit\/perles-en-silicone-12-mm-rondes-impression-sucre-de-palme\/#breadcrumb","itemListElement":[{"@type":"ListItem","position":1,"name":"Accueil","item":"https:\/\/www.jootjeshaakcadeautjes.nl\/fr\/"},{"@type":"ListItem","position":2,"name":"Commerce de gros de perles en silicone &#8211; Entreprises et consommateurs","item":"https:\/\/www.jootjeshaakcadeautjes.nl\/fr\/boutique\/"},{"@type":"ListItem","position":3,"name":"Perles en silicone &#8211; 12 mm &#8211; rondes &#8211; impression sucre de palme"}]},{"@type":"WebSite","@id":"https:\/\/www.jootjeshaakcadeautjes.nl\/fr\/#website","url":"https:\/\/www.jootjeshaakcadeautjes.nl\/fr\/","name":"Jootjes Haakcadeautjes","description":"Grossiste en perles de silicone","publisher":{"@id":"https:\/\/www.jootjeshaakcadeautjes.nl\/fr\/#organization"},"potentialAction":[{"@type":"SearchAction","target":{"@type":"EntryPoint","urlTemplate":"https:\/\/www.jootjeshaakcadeautjes.nl\/fr\/?s={search_term_string}"},"query-input":{"@type":"PropertyValueSpecification","valueRequired":true,"valueName":"search_term_string"}}],"inLanguage":"fr-FR"},{"@type":"Organization","@id":"https:\/\/www.jootjeshaakcadeautjes.nl\/fr\/#organization","name":"Jootjes Haakcadeautjes","url":"https:\/\/www.jootjeshaakcadeautjes.nl\/fr\/","logo":{"@type":"ImageObject","inLanguage":"fr-FR","@id":"https:\/\/www.jootjeshaakcadeautjes.nl\/fr\/#\/schema\/logo\/image\/","url":"https:\/\/d1dyryakdmle7o.cloudfront.net\/wp-content\/uploads\/2023\/05\/Logo-rond.png","contentUrl":"https:\/\/d1dyryakdmle7o.cloudfront.net\/wp-content\/uploads\/2023\/05\/Logo-rond.png","width":1222,"height":1222,"caption":"Jootjes Haakcadeautjes"},"image":{"@id":"https:\/\/www.jootjeshaakcadeautjes.nl\/fr\/#\/schema\/logo\/image\/"}}]},"product_price_amount":"0.40","product_price_currency":"EUR","og_availability":"instock","product_availability":"instock","product_retailer_item_id":"SKR-012-PSP","product_condition":"new"},"_links":{"self":[{"href":"https:\/\/www.jootjeshaakcadeautjes.nl\/fr\/wp-json\/wp\/v2\/product\/238659","targetHints":{"allow":["GET"]}}],"collection":[{"href":"https:\/\/www.jootjeshaakcadeautjes.nl\/fr\/wp-json\/wp\/v2\/product"}],"about":[{"href":"https:\/\/www.jootjeshaakcadeautjes.nl\/fr\/wp-json\/wp\/v2\/types\/product"}],"version-history":[{"count":0,"href":"https:\/\/www.jootjeshaakcadeautjes.nl\/fr\/wp-json\/wp\/v2\/product\/238659\/revisions"}],"wp:featuredmedia":[{"embeddable":true,"href":"https:\/\/www.jootjeshaakcadeautjes.nl\/fr\/wp-json\/wp\/v2\/media\/236636"}],"wp:attachment":[{"href":"https:\/\/www.jootjeshaakcadeautjes.nl\/fr\/wp-json\/wp\/v2\/media?parent=238659"}],"wp:term":[{"taxonomy":"product_brand","embeddable":true,"href":"https:\/\/www.jootjeshaakcadeautjes.nl\/fr\/wp-json\/wp\/v2\/product_brand?post=238659"},{"taxonomy":"product_cat","embeddable":true,"href":"https:\/\/www.jootjeshaakcadeautjes.nl\/fr\/wp-json\/wp\/v2\/product_cat?post=238659"},{"taxonomy":"product_tag","embeddable":true,"href":"https:\/\/www.jootjeshaakcadeautjes.nl\/fr\/wp-json\/wp\/v2\/product_tag?post=238659"}],"curies":[{"name":"wp","href":"https:\/\/api.w.org\/{rel}","templated":true}]}}