{"id":239095,"date":"2025-07-08T08:52:08","date_gmt":"2025-07-08T06:52:08","guid":{"rendered":"https:\/\/www.jootjeshaakcadeautjes.nl\/?post_type=product&#038;p=239095"},"modified":"2025-10-21T16:47:48","modified_gmt":"2025-10-21T14:47:48","slug":"porte-cles-mousqueton-a-pince-noir-mat-kopie","status":"publish","type":"product","link":"https:\/\/www.jootjeshaakcadeautjes.nl\/fr\/produit\/porte-cles-mousqueton-a-pince-noir-mat-kopie\/","title":{"rendered":"Porte-cl\u00e9s &#8211; Mousqueton \u00e0 pince &#8211; Titane"},"content":{"rendered":"<h3>Porte-cl\u00e9s &#8211; Clip On Ring Musketon &#8211; Titanium<\/h3>\n<h3>Utilisation :<\/h3>\n<p>Ces anneaux \u00e0 clipser en titane sont largement utilis\u00e9s, par exemple, comme pi\u00e8ce interm\u00e9diaire pour cliquer sur un dessin ou des touches. Il s&#8217;agit par exemple de porte-cl\u00e9s en bois et en perles de silicone ou de porte-bagages avec ou sans nom. En les attachant \u00e0 un mousqueton de porte-cl\u00e9s, une personne peut facilement les suspendre \u00e0 un sac ou \u00e0 un porte-cl\u00e9s. Ils sont \u00e9galement faciles \u00e0 pr\u00e9parer, de sorte que l&#8217;ensemble du processus ne prend pas trop de temps.<\/p>\n<p>Ces anneaux Clip On Musketon &#8211; Titanium sont \u00e9galement largement utilis\u00e9s pour fabriquer des porte-cl\u00e9s au crochet ou des accroches-sacs \u00e0 partir de perles en bois et en silicone. On peut ensuite y attacher un petit jouet en peluche, comme un petit champignon, des morceaux de fruits crochet\u00e9s (cerises ou autres) ou de petits canards crochet\u00e9s. Le clip n&#8217;a pas d&#8217;interrupteur, il suffit de le presser sur la charni\u00e8re.<\/p>\n","protected":false},"excerpt":{"rendered":"<p>Couleur : Titane<\/p>\n<p>Mat\u00e9riau : acier inoxydable<\/p>\n<p>Id\u00e9al pour r\u00e9aliser un porte-cl\u00e9s au crochet ou un porte-bonheur, un porte-cl\u00e9s fait main ou un pendentif de sac \u00e0 partir de perles en bois ou en silicone, avec ou sans nom. Par exemple, pour un sac de sport. <\/p>\n","protected":false},"featured_media":99562,"template":"","meta":[],"product_brand":[],"product_cat":[12308,12310,12306,12309,7185],"product_tag":[14234,12318,12311,12314,12315,17828,14985,7619,7209,14235,12526,12530,12373,10133],"class_list":{"0":"post-239095","1":"product","2":"type-product","3":"status-publish","4":"has-post-thumbnail","6":"product_cat-materiel-de-bricolage-et-de-crochet","7":"product_cat-poupees-chanceuses-diy-perles-et-fournitures","8":"product_cat-porte-cles-et-crochets","9":"product_cat-porte-cles-filetes-porte-cles-diy","10":"product_cat-nouveaux-produits","11":"product_tag-a-clipser","12":"product_tag-crochet-de-mousqueton","13":"product_tag-crochets","14":"product_tag-metal-fr","15":"product_tag-mousqueton","16":"product_tag-mousqueton-a-bague-a-clip","17":"product_tag-pendentif-telephonique","18":"product_tag-porte-cles","19":"product_tag-poupee-porte-bonheur","20":"product_tag-sacs-fr","21":"product_tag-telephone","22":"product_tag-telephone-portable","23":"product_tag-tige","24":"product_tag-titane","26":"first","27":"instock","28":"taxable","29":"shipping-taxable","30":"purchasable","31":"product-type-simple"},"bundled_by":["270529"],"bundle_stock_status":"instock","bundle_stock_quantity":285,"bundle_virtual":false,"bundle_layout":"","bundle_add_to_cart_form_location":"","bundle_editable_in_cart":false,"bundle_sold_individually_context":"","bundle_item_grouping":"","bundle_min_size":"","bundle_max_size":"","bundle_price":[],"bundled_items":[],"bundle_sell_ids":[],"yoast_head":"<!-- This site is optimized with the Yoast SEO Premium plugin v26.4 (Yoast SEO v26.9) - https:\/\/yoast.com\/product\/yoast-seo-premium-wordpress\/ -->\n<title>Porte-cl\u00e9s - Clip On Ring Musketon - Titanium | Jootjes<\/title>\n<meta name=\"description\" content=\"Porte-cl\u00e9s avec mousqueton mini pour fabriquer des porte-bonheur, des porte-cl\u00e9s crochet\u00e9s ou des porte-cl\u00e9s ou porte-bagages en bois ou en silicone.\" \/>\n<meta name=\"robots\" content=\"index, follow, max-snippet:-1, max-image-preview:large, max-video-preview:-1\" \/>\n<link rel=\"canonical\" href=\"https:\/\/www.jootjeshaakcadeautjes.nl\/fr\/produit\/porte-cles-mousqueton-a-pince-noir-mat-kopie\/\" \/>\n<meta property=\"og:locale\" content=\"fr_FR\" \/>\n<meta property=\"og:type\" content=\"article\" \/>\n<meta property=\"og:title\" content=\"Porte-cl\u00e9s - Mousqueton \u00e0 pince - Titane\" \/>\n<meta property=\"og:description\" content=\"Porte-cl\u00e9s avec mousqueton mini pour fabriquer des porte-bonheur, des porte-cl\u00e9s crochet\u00e9s ou des porte-cl\u00e9s ou porte-bagages en bois ou en silicone.\" \/>\n<meta property=\"og:url\" content=\"https:\/\/www.jootjeshaakcadeautjes.nl\/fr\/produit\/porte-cles-mousqueton-a-pince-noir-mat-kopie\/\" \/>\n<meta property=\"og:site_name\" content=\"Jootjes Haakcadeautjes\" \/>\n<meta property=\"article:modified_time\" content=\"2025-10-21T14:47:48+00:00\" \/>\n<meta property=\"og:image\" content=\"https:\/\/www.jootjeshaakcadeautjes.nl\/wp-content\/uploads\/2023\/08\/Foto-volgt-1.jpg\" \/>\n\t<meta property=\"og:image:width\" content=\"1080\" \/>\n\t<meta property=\"og:image:height\" content=\"1080\" \/>\n\t<meta property=\"og:image:type\" content=\"image\/jpeg\" \/>\n<meta name=\"twitter:card\" content=\"summary_large_image\" \/>\n<meta name=\"twitter:label1\" content=\"Prix\" \/>\n\t<meta name=\"twitter:data1\" content=\"&euro;0.35 TTC\" \/>\n\t<meta name=\"twitter:label2\" content=\"Disponibilit\u00e9\" \/>\n\t<meta name=\"twitter:data2\" content=\"En stock\" \/>\n<script type=\"application\/ld+json\" class=\"yoast-schema-graph\">{\"@context\":\"https:\/\/schema.org\",\"@graph\":[{\"@type\":\"WebPage\",\"@id\":\"https:\/\/www.jootjeshaakcadeautjes.nl\/fr\/produit\/porte-cles-mousqueton-a-pince-noir-mat-kopie\/\",\"url\":\"https:\/\/www.jootjeshaakcadeautjes.nl\/fr\/produit\/porte-cles-mousqueton-a-pince-noir-mat-kopie\/\",\"name\":\"Porte-cl\u00e9s - Clip On Ring Musketon - Titanium | Jootjes\",\"isPartOf\":{\"@id\":\"https:\/\/www.jootjeshaakcadeautjes.nl\/fr\/#website\"},\"primaryImageOfPage\":{\"@id\":\"https:\/\/www.jootjeshaakcadeautjes.nl\/fr\/produit\/porte-cles-mousqueton-a-pince-noir-mat-kopie\/#primaryimage\"},\"image\":{\"@id\":\"https:\/\/www.jootjeshaakcadeautjes.nl\/fr\/produit\/porte-cles-mousqueton-a-pince-noir-mat-kopie\/#primaryimage\"},\"thumbnailUrl\":\"https:\/\/d1dyryakdmle7o.cloudfront.net\/wp-content\/uploads\/2023\/08\/Foto-volgt-1.jpg\",\"datePublished\":\"2025-07-08T06:52:08+00:00\",\"dateModified\":\"2025-10-21T14:47:48+00:00\",\"description\":\"Porte-cl\u00e9s avec mousqueton mini pour fabriquer des porte-bonheur, des porte-cl\u00e9s crochet\u00e9s ou des porte-cl\u00e9s ou porte-bagages en bois ou en silicone.\",\"breadcrumb\":{\"@id\":\"https:\/\/www.jootjeshaakcadeautjes.nl\/fr\/produit\/porte-cles-mousqueton-a-pince-noir-mat-kopie\/#breadcrumb\"},\"inLanguage\":\"fr-FR\",\"potentialAction\":[{\"@type\":\"ReadAction\",\"target\":[\"https:\/\/www.jootjeshaakcadeautjes.nl\/fr\/produit\/porte-cles-mousqueton-a-pince-noir-mat-kopie\/\"]}]},{\"@type\":\"ImageObject\",\"inLanguage\":\"fr-FR\",\"@id\":\"https:\/\/www.jootjeshaakcadeautjes.nl\/fr\/produit\/porte-cles-mousqueton-a-pince-noir-mat-kopie\/#primaryimage\",\"url\":\"https:\/\/d1dyryakdmle7o.cloudfront.net\/wp-content\/uploads\/2023\/08\/Foto-volgt-1.jpg\",\"contentUrl\":\"https:\/\/d1dyryakdmle7o.cloudfront.net\/wp-content\/uploads\/2023\/08\/Foto-volgt-1.jpg\",\"width\":1080,\"height\":1080,\"caption\":\"suit\"},{\"@type\":\"BreadcrumbList\",\"@id\":\"https:\/\/www.jootjeshaakcadeautjes.nl\/fr\/produit\/porte-cles-mousqueton-a-pince-noir-mat-kopie\/#breadcrumb\",\"itemListElement\":[{\"@type\":\"ListItem\",\"position\":1,\"name\":\"Accueil\",\"item\":\"https:\/\/www.jootjeshaakcadeautjes.nl\/fr\/\"},{\"@type\":\"ListItem\",\"position\":2,\"name\":\"Commerce de gros de perles en silicone &#8211; Entreprises et consommateurs\",\"item\":\"https:\/\/www.jootjeshaakcadeautjes.nl\/fr\/boutique\/\"},{\"@type\":\"ListItem\",\"position\":3,\"name\":\"Priv\u00e9: Porte-cl\u00e9s &#8211; Mousqueton \u00e0 pince &#8211; Titane\"}]},{\"@type\":\"WebSite\",\"@id\":\"https:\/\/www.jootjeshaakcadeautjes.nl\/fr\/#website\",\"url\":\"https:\/\/www.jootjeshaakcadeautjes.nl\/fr\/\",\"name\":\"Jootjes Haakcadeautjes\",\"description\":\"Grossiste en perles de silicone\",\"publisher\":{\"@id\":\"https:\/\/www.jootjeshaakcadeautjes.nl\/fr\/#organization\"},\"potentialAction\":[{\"@type\":\"SearchAction\",\"target\":{\"@type\":\"EntryPoint\",\"urlTemplate\":\"https:\/\/www.jootjeshaakcadeautjes.nl\/fr\/?s={search_term_string}\"},\"query-input\":{\"@type\":\"PropertyValueSpecification\",\"valueRequired\":true,\"valueName\":\"search_term_string\"}}],\"inLanguage\":\"fr-FR\"},{\"@type\":\"Organization\",\"@id\":\"https:\/\/www.jootjeshaakcadeautjes.nl\/fr\/#organization\",\"name\":\"Jootjes Haakcadeautjes\",\"url\":\"https:\/\/www.jootjeshaakcadeautjes.nl\/fr\/\",\"logo\":{\"@type\":\"ImageObject\",\"inLanguage\":\"fr-FR\",\"@id\":\"https:\/\/www.jootjeshaakcadeautjes.nl\/fr\/#\/schema\/logo\/image\/\",\"url\":\"https:\/\/jootjes-haakcadeautjes-media.s3.amazonaws.com\/wp-content\/uploads\/2023\/05\/Logo-rond.png\",\"contentUrl\":\"https:\/\/jootjes-haakcadeautjes-media.s3.amazonaws.com\/wp-content\/uploads\/2023\/05\/Logo-rond.png\",\"width\":1222,\"height\":1222,\"caption\":\"Jootjes Haakcadeautjes\"},\"image\":{\"@id\":\"https:\/\/www.jootjeshaakcadeautjes.nl\/fr\/#\/schema\/logo\/image\/\"}}]}<\/script>\n<meta property=\"product:price:amount\" content=\"0.35\" \/>\n<meta property=\"product:price:currency\" content=\"EUR\" \/>\n<meta property=\"og:availability\" content=\"instock\" \/>\n<meta property=\"product:availability\" content=\"instock\" \/>\n<meta property=\"product:retailer_item_id\" content=\"SLE-COR-TITA\" \/>\n<meta property=\"product:condition\" content=\"new\" \/>\n<!-- \/ Yoast SEO Premium plugin. -->","yoast_head_json":{"title":"Porte-cl\u00e9s - Clip On Ring Musketon - Titanium | Jootjes","description":"Porte-cl\u00e9s avec mousqueton mini pour fabriquer des porte-bonheur, des porte-cl\u00e9s crochet\u00e9s ou des porte-cl\u00e9s ou porte-bagages en bois ou en silicone.","robots":{"index":"index","follow":"follow","max-snippet":"max-snippet:-1","max-image-preview":"max-image-preview:large","max-video-preview":"max-video-preview:-1"},"canonical":"https:\/\/www.jootjeshaakcadeautjes.nl\/fr\/produit\/porte-cles-mousqueton-a-pince-noir-mat-kopie\/","og_locale":"fr_FR","og_type":"article","og_title":"Porte-cl\u00e9s - Mousqueton \u00e0 pince - Titane","og_description":"Porte-cl\u00e9s avec mousqueton mini pour fabriquer des porte-bonheur, des porte-cl\u00e9s crochet\u00e9s ou des porte-cl\u00e9s ou porte-bagages en bois ou en silicone.","og_url":"https:\/\/www.jootjeshaakcadeautjes.nl\/fr\/produit\/porte-cles-mousqueton-a-pince-noir-mat-kopie\/","og_site_name":"Jootjes Haakcadeautjes","article_modified_time":"2025-10-21T14:47:48+00:00","og_image":[{"width":1080,"height":1080,"url":"https:\/\/www.jootjeshaakcadeautjes.nl\/wp-content\/uploads\/2023\/08\/Foto-volgt-1.jpg","type":"image\/jpeg"}],"twitter_card":"summary_large_image","twitter_misc":{"Prix":"&euro;0.35 TTC","Disponibilit\u00e9":"En stock"},"schema":{"@context":"https:\/\/schema.org","@graph":[{"@type":"WebPage","@id":"https:\/\/www.jootjeshaakcadeautjes.nl\/fr\/produit\/porte-cles-mousqueton-a-pince-noir-mat-kopie\/","url":"https:\/\/www.jootjeshaakcadeautjes.nl\/fr\/produit\/porte-cles-mousqueton-a-pince-noir-mat-kopie\/","name":"Porte-cl\u00e9s - Clip On Ring Musketon - Titanium | Jootjes","isPartOf":{"@id":"https:\/\/www.jootjeshaakcadeautjes.nl\/fr\/#website"},"primaryImageOfPage":{"@id":"https:\/\/www.jootjeshaakcadeautjes.nl\/fr\/produit\/porte-cles-mousqueton-a-pince-noir-mat-kopie\/#primaryimage"},"image":{"@id":"https:\/\/www.jootjeshaakcadeautjes.nl\/fr\/produit\/porte-cles-mousqueton-a-pince-noir-mat-kopie\/#primaryimage"},"thumbnailUrl":"https:\/\/d1dyryakdmle7o.cloudfront.net\/wp-content\/uploads\/2023\/08\/Foto-volgt-1.jpg","datePublished":"2025-07-08T06:52:08+00:00","dateModified":"2025-10-21T14:47:48+00:00","description":"Porte-cl\u00e9s avec mousqueton mini pour fabriquer des porte-bonheur, des porte-cl\u00e9s crochet\u00e9s ou des porte-cl\u00e9s ou porte-bagages en bois ou en silicone.","breadcrumb":{"@id":"https:\/\/www.jootjeshaakcadeautjes.nl\/fr\/produit\/porte-cles-mousqueton-a-pince-noir-mat-kopie\/#breadcrumb"},"inLanguage":"fr-FR","potentialAction":[{"@type":"ReadAction","target":["https:\/\/www.jootjeshaakcadeautjes.nl\/fr\/produit\/porte-cles-mousqueton-a-pince-noir-mat-kopie\/"]}]},{"@type":"ImageObject","inLanguage":"fr-FR","@id":"https:\/\/www.jootjeshaakcadeautjes.nl\/fr\/produit\/porte-cles-mousqueton-a-pince-noir-mat-kopie\/#primaryimage","url":"https:\/\/d1dyryakdmle7o.cloudfront.net\/wp-content\/uploads\/2023\/08\/Foto-volgt-1.jpg","contentUrl":"https:\/\/d1dyryakdmle7o.cloudfront.net\/wp-content\/uploads\/2023\/08\/Foto-volgt-1.jpg","width":1080,"height":1080,"caption":"suit"},{"@type":"BreadcrumbList","@id":"https:\/\/www.jootjeshaakcadeautjes.nl\/fr\/produit\/porte-cles-mousqueton-a-pince-noir-mat-kopie\/#breadcrumb","itemListElement":[{"@type":"ListItem","position":1,"name":"Accueil","item":"https:\/\/www.jootjeshaakcadeautjes.nl\/fr\/"},{"@type":"ListItem","position":2,"name":"Commerce de gros de perles en silicone &#8211; Entreprises et consommateurs","item":"https:\/\/www.jootjeshaakcadeautjes.nl\/fr\/boutique\/"},{"@type":"ListItem","position":3,"name":"Priv\u00e9: Porte-cl\u00e9s &#8211; Mousqueton \u00e0 pince &#8211; Titane"}]},{"@type":"WebSite","@id":"https:\/\/www.jootjeshaakcadeautjes.nl\/fr\/#website","url":"https:\/\/www.jootjeshaakcadeautjes.nl\/fr\/","name":"Jootjes Haakcadeautjes","description":"Grossiste en perles de silicone","publisher":{"@id":"https:\/\/www.jootjeshaakcadeautjes.nl\/fr\/#organization"},"potentialAction":[{"@type":"SearchAction","target":{"@type":"EntryPoint","urlTemplate":"https:\/\/www.jootjeshaakcadeautjes.nl\/fr\/?s={search_term_string}"},"query-input":{"@type":"PropertyValueSpecification","valueRequired":true,"valueName":"search_term_string"}}],"inLanguage":"fr-FR"},{"@type":"Organization","@id":"https:\/\/www.jootjeshaakcadeautjes.nl\/fr\/#organization","name":"Jootjes Haakcadeautjes","url":"https:\/\/www.jootjeshaakcadeautjes.nl\/fr\/","logo":{"@type":"ImageObject","inLanguage":"fr-FR","@id":"https:\/\/www.jootjeshaakcadeautjes.nl\/fr\/#\/schema\/logo\/image\/","url":"https:\/\/jootjes-haakcadeautjes-media.s3.amazonaws.com\/wp-content\/uploads\/2023\/05\/Logo-rond.png","contentUrl":"https:\/\/jootjes-haakcadeautjes-media.s3.amazonaws.com\/wp-content\/uploads\/2023\/05\/Logo-rond.png","width":1222,"height":1222,"caption":"Jootjes Haakcadeautjes"},"image":{"@id":"https:\/\/www.jootjeshaakcadeautjes.nl\/fr\/#\/schema\/logo\/image\/"}}]},"product_price_amount":"0.35","product_price_currency":"EUR","og_availability":"instock","product_availability":"instock","product_retailer_item_id":"SLE-COR-TITA","product_condition":"new"},"_links":{"self":[{"href":"https:\/\/www.jootjeshaakcadeautjes.nl\/fr\/wp-json\/wp\/v2\/product\/239095","targetHints":{"allow":["GET"]}}],"collection":[{"href":"https:\/\/www.jootjeshaakcadeautjes.nl\/fr\/wp-json\/wp\/v2\/product"}],"about":[{"href":"https:\/\/www.jootjeshaakcadeautjes.nl\/fr\/wp-json\/wp\/v2\/types\/product"}],"version-history":[{"count":0,"href":"https:\/\/www.jootjeshaakcadeautjes.nl\/fr\/wp-json\/wp\/v2\/product\/239095\/revisions"}],"wp:featuredmedia":[{"embeddable":true,"href":"https:\/\/www.jootjeshaakcadeautjes.nl\/fr\/wp-json\/wp\/v2\/media\/99562"}],"wp:attachment":[{"href":"https:\/\/www.jootjeshaakcadeautjes.nl\/fr\/wp-json\/wp\/v2\/media?parent=239095"}],"wp:term":[{"taxonomy":"product_brand","embeddable":true,"href":"https:\/\/www.jootjeshaakcadeautjes.nl\/fr\/wp-json\/wp\/v2\/product_brand?post=239095"},{"taxonomy":"product_cat","embeddable":true,"href":"https:\/\/www.jootjeshaakcadeautjes.nl\/fr\/wp-json\/wp\/v2\/product_cat?post=239095"},{"taxonomy":"product_tag","embeddable":true,"href":"https:\/\/www.jootjeshaakcadeautjes.nl\/fr\/wp-json\/wp\/v2\/product_tag?post=239095"}],"curies":[{"name":"wp","href":"https:\/\/api.w.org\/{rel}","templated":true}]}}