{"id":241146,"date":"2025-07-31T11:26:23","date_gmt":"2025-07-31T09:26:23","guid":{"rendered":"https:\/\/www.jootjeshaakcadeautjes.nl\/?post_type=product&#038;p=241146"},"modified":"2026-05-08T15:36:43","modified_gmt":"2026-05-08T13:36:43","slug":"porte-cles-anneau-a-pince-avec-torsion-cuivre-kopie","status":"publish","type":"product","link":"https:\/\/www.jootjeshaakcadeautjes.nl\/fr\/produit\/porte-cles-anneau-a-pince-avec-torsion-cuivre-kopie\/","title":{"rendered":"Porte-cl\u00e9s &#8211; Mini Clip on ring with twist &#8211; Champagne &#8211; 24 mm"},"content":{"rendered":"<h3>Porte-cl\u00e9s &#8211; Anneau \u00e0 pince &#8211; avec Twist &#8211; Champagne<\/h3>\n<p>Ces anneaux \u00e0 clipser avec une torsion dans le mat\u00e9riau de couleur champagne sont largement utilis\u00e9s, par exemple, comme pi\u00e8ce interm\u00e9diaire pour cliquer sur un dessin ou des touches. Il s&#8217;agit par exemple de porte-cl\u00e9s en bois et en perles de silicone ou de porte-bagages avec ou sans nom. En les attachant \u00e0 un mousqueton de porte-cl\u00e9s, une personne peut facilement les suspendre \u00e0 un sac ou \u00e0 un porte-cl\u00e9s. Ils sont \u00e9galement faciles \u00e0 pr\u00e9parer, de sorte que l&#8217;ensemble du processus ne prend pas trop de temps.<\/p>\n<p>Ces anneaux \u00e0 clipser sont \u00e9galement largement utilis\u00e9s pour fabriquer des porte-cl\u00e9s au crochet ou des suspensions de sac \u00e0 partir de perles en bois et en silicone. On peut ensuite y attacher un petit jouet en peluche, comme un petit champignon, des morceaux de fruits crochet\u00e9s (cerises ou autres) ou de petits canards crochet\u00e9s. Le clip on n&#8217;a pas d&#8217;interrupteur, il suffit d&#8217;appuyer sur la charni\u00e8re. Ces anneaux \u00e0 clip avec torsion sont plus grands d&#8217;un tour que nos anneaux \u00e0 clip sans torsion. <\/p>\n","protected":false},"excerpt":{"rendered":"<p>Couleur : Champagne<br \/>\nTaille : 24 mm avec Twist<br \/>\nMat\u00e9riau : acier inoxydable<\/p>\n<p>Id\u00e9al pour r\u00e9aliser un porte-cl\u00e9s au crochet ou un porte-bonheur, un porte-cl\u00e9s fait main ou un pendentif de sac \u00e0 partir de perles en bois ou en silicone, avec ou sans nom. Par exemple, pour un sac de sport. <\/p>\n","protected":false},"featured_media":116510,"template":"","meta":[],"product_brand":[],"product_cat":[12308,12306,12310],"product_tag":[13924,13866,14234,10504,18501,10138,12311,12314,7475,7619,7209,14231],"class_list":{"0":"post-241146","1":"product","2":"type-product","3":"status-publish","4":"has-post-thumbnail","6":"product_cat-materiel-de-bricolage-et-de-crochet","7":"product_cat-porte-cles-et-crochets","8":"product_cat-poupees-chanceuses-diy-perles-et-fournitures","9":"product_tag-24-fr","10":"product_tag-24-mm-fr","11":"product_tag-a-clipser","12":"product_tag-champagne-fr","13":"product_tag-clip-avec-twist-mini","14":"product_tag-crochet-pour-sac-fr","15":"product_tag-crochets","16":"product_tag-metal-fr","17":"product_tag-mini-fr","18":"product_tag-porte-cles","19":"product_tag-poupee-porte-bonheur","20":"product_tag-torsion","22":"first","23":"instock","24":"taxable","25":"shipping-taxable","26":"purchasable","27":"product-type-simple"},"bundled_by":["272774","272787","272811","272811","272811","272811","272811","272811","272811","275615","275624","275624","275632","275632","275632","275640","275640","275640","275646","275646","275646","275673","275673","275673","276198","276198","276198"],"bundle_stock_status":"instock","bundle_stock_quantity":250,"bundle_virtual":false,"bundle_layout":"","bundle_add_to_cart_form_location":"","bundle_editable_in_cart":false,"bundle_sold_individually_context":"","bundle_item_grouping":"","bundle_min_size":"","bundle_max_size":"","bundle_price":[],"bundled_items":[],"bundle_sell_ids":[],"yoast_head":"<!-- This site is optimized with the Yoast SEO Premium plugin v27.6 (Yoast SEO v27.6) - https:\/\/yoast.com\/product\/yoast-seo-premium-wordpress\/ -->\n<title>Porte-cl\u00e9s - Anneau \u00e0 pince avec torsion - Champagne - 24 mm<\/title>\n<meta name=\"description\" content=\"Porte-cl\u00e9s avec mousqueton mini pour fabriquer des porte-bonheur, des porte-cl\u00e9s crochet\u00e9s ou des porte-cl\u00e9s ou porte-bagages en bois ou en silicone.\" \/>\n<meta name=\"robots\" content=\"index, follow, max-snippet:-1, max-image-preview:large, max-video-preview:-1\" \/>\n<link rel=\"canonical\" href=\"https:\/\/www.jootjeshaakcadeautjes.nl\/fr\/produit\/porte-cles-anneau-a-pince-avec-torsion-cuivre-kopie\/\" \/>\n<meta property=\"og:locale\" content=\"fr_FR\" \/>\n<meta property=\"og:type\" content=\"article\" \/>\n<meta property=\"og:title\" content=\"Porte-cl\u00e9s - Mini Clip on ring with twist - Champagne - 24 mm\" \/>\n<meta property=\"og:description\" content=\"Porte-cl\u00e9s avec mousqueton mini pour fabriquer des porte-bonheur, des porte-cl\u00e9s crochet\u00e9s ou des porte-cl\u00e9s ou porte-bagages en bois ou en silicone.\" \/>\n<meta property=\"og:url\" content=\"https:\/\/www.jootjeshaakcadeautjes.nl\/fr\/produit\/porte-cles-anneau-a-pince-avec-torsion-cuivre-kopie\/\" \/>\n<meta property=\"og:site_name\" content=\"Jootjes Haakcadeautjes\" \/>\n<meta property=\"article:modified_time\" content=\"2026-05-08T13:36:43+00:00\" \/>\n<meta property=\"og:image\" content=\"https:\/\/d1dyryakdmle7o.cloudfront.net\/wp-content\/uploads\/2024\/02\/20240127_133639.jpg\" \/>\n\t<meta property=\"og:image:width\" content=\"2048\" \/>\n\t<meta property=\"og:image:height\" content=\"2048\" \/>\n\t<meta property=\"og:image:type\" content=\"image\/jpeg\" \/>\n<meta name=\"twitter:card\" content=\"summary_large_image\" \/>\n<meta name=\"twitter:label1\" content=\"Prix\" \/>\n\t<meta name=\"twitter:data1\" content=\"&euro;0.50 TTC\" \/>\n\t<meta name=\"twitter:label2\" content=\"Disponibilit\u00e9\" \/>\n\t<meta name=\"twitter:data2\" content=\"En stock\" \/>\n<script type=\"application\/ld+json\" class=\"yoast-schema-graph\">{\"@context\":\"https:\\\/\\\/schema.org\",\"@graph\":[{\"@type\":\"WebPage\",\"@id\":\"https:\\\/\\\/www.jootjeshaakcadeautjes.nl\\\/fr\\\/produit\\\/porte-cles-anneau-a-pince-avec-torsion-cuivre-kopie\\\/\",\"url\":\"https:\\\/\\\/www.jootjeshaakcadeautjes.nl\\\/fr\\\/produit\\\/porte-cles-anneau-a-pince-avec-torsion-cuivre-kopie\\\/\",\"name\":\"Porte-cl\u00e9s - Anneau \u00e0 pince avec torsion - Champagne - 24 mm\",\"isPartOf\":{\"@id\":\"https:\\\/\\\/www.jootjeshaakcadeautjes.nl\\\/fr\\\/#website\"},\"primaryImageOfPage\":{\"@id\":\"https:\\\/\\\/www.jootjeshaakcadeautjes.nl\\\/fr\\\/produit\\\/porte-cles-anneau-a-pince-avec-torsion-cuivre-kopie\\\/#primaryimage\"},\"image\":{\"@id\":\"https:\\\/\\\/www.jootjeshaakcadeautjes.nl\\\/fr\\\/produit\\\/porte-cles-anneau-a-pince-avec-torsion-cuivre-kopie\\\/#primaryimage\"},\"thumbnailUrl\":\"https:\\\/\\\/d1dyryakdmle7o.cloudfront.net\\\/wp-content\\\/uploads\\\/2024\\\/02\\\/20240127_133639.jpg\",\"datePublished\":\"2025-07-31T09:26:23+00:00\",\"dateModified\":\"2026-05-08T13:36:43+00:00\",\"description\":\"Porte-cl\u00e9s avec mousqueton mini pour fabriquer des porte-bonheur, des porte-cl\u00e9s crochet\u00e9s ou des porte-cl\u00e9s ou porte-bagages en bois ou en silicone.\",\"breadcrumb\":{\"@id\":\"https:\\\/\\\/www.jootjeshaakcadeautjes.nl\\\/fr\\\/produit\\\/porte-cles-anneau-a-pince-avec-torsion-cuivre-kopie\\\/#breadcrumb\"},\"inLanguage\":\"fr-FR\",\"potentialAction\":[{\"@type\":\"ReadAction\",\"target\":[\"https:\\\/\\\/www.jootjeshaakcadeautjes.nl\\\/fr\\\/produit\\\/porte-cles-anneau-a-pince-avec-torsion-cuivre-kopie\\\/\"]}]},{\"@type\":\"ImageObject\",\"inLanguage\":\"fr-FR\",\"@id\":\"https:\\\/\\\/www.jootjeshaakcadeautjes.nl\\\/fr\\\/produit\\\/porte-cles-anneau-a-pince-avec-torsion-cuivre-kopie\\\/#primaryimage\",\"url\":\"https:\\\/\\\/d1dyryakdmle7o.cloudfront.net\\\/wp-content\\\/uploads\\\/2024\\\/02\\\/20240127_133639.jpg\",\"contentUrl\":\"https:\\\/\\\/d1dyryakdmle7o.cloudfront.net\\\/wp-content\\\/uploads\\\/2024\\\/02\\\/20240127_133639.jpg\",\"width\":2048,\"height\":2048,\"caption\":\"Champagne Twist\"},{\"@type\":\"BreadcrumbList\",\"@id\":\"https:\\\/\\\/www.jootjeshaakcadeautjes.nl\\\/fr\\\/produit\\\/porte-cles-anneau-a-pince-avec-torsion-cuivre-kopie\\\/#breadcrumb\",\"itemListElement\":[{\"@type\":\"ListItem\",\"position\":1,\"name\":\"Accueil\",\"item\":\"https:\\\/\\\/www.jootjeshaakcadeautjes.nl\\\/fr\\\/\"},{\"@type\":\"ListItem\",\"position\":2,\"name\":\"Commerce de gros de perles en silicone &#8211; Entreprises et consommateurs\",\"item\":\"https:\\\/\\\/www.jootjeshaakcadeautjes.nl\\\/fr\\\/boutique\\\/\"},{\"@type\":\"ListItem\",\"position\":3,\"name\":\"Porte-cl\u00e9s &#8211; Mini Clip on ring with twist &#8211; Champagne &#8211; 24 mm\"}]},{\"@type\":\"WebSite\",\"@id\":\"https:\\\/\\\/www.jootjeshaakcadeautjes.nl\\\/fr\\\/#website\",\"url\":\"https:\\\/\\\/www.jootjeshaakcadeautjes.nl\\\/fr\\\/\",\"name\":\"Jootjes Haakcadeautjes\",\"description\":\"Grossiste en perles de silicone\",\"publisher\":{\"@id\":\"https:\\\/\\\/www.jootjeshaakcadeautjes.nl\\\/fr\\\/#organization\"},\"potentialAction\":[{\"@type\":\"SearchAction\",\"target\":{\"@type\":\"EntryPoint\",\"urlTemplate\":\"https:\\\/\\\/www.jootjeshaakcadeautjes.nl\\\/fr\\\/?s={search_term_string}\"},\"query-input\":{\"@type\":\"PropertyValueSpecification\",\"valueRequired\":true,\"valueName\":\"search_term_string\"}}],\"inLanguage\":\"fr-FR\"},{\"@type\":\"Organization\",\"@id\":\"https:\\\/\\\/www.jootjeshaakcadeautjes.nl\\\/fr\\\/#organization\",\"name\":\"Jootjes Haakcadeautjes\",\"url\":\"https:\\\/\\\/www.jootjeshaakcadeautjes.nl\\\/fr\\\/\",\"logo\":{\"@type\":\"ImageObject\",\"inLanguage\":\"fr-FR\",\"@id\":\"https:\\\/\\\/www.jootjeshaakcadeautjes.nl\\\/fr\\\/#\\\/schema\\\/logo\\\/image\\\/\",\"url\":\"https:\\\/\\\/d1dyryakdmle7o.cloudfront.net\\\/wp-content\\\/uploads\\\/2023\\\/05\\\/Logo-rond.png\",\"contentUrl\":\"https:\\\/\\\/d1dyryakdmle7o.cloudfront.net\\\/wp-content\\\/uploads\\\/2023\\\/05\\\/Logo-rond.png\",\"width\":1222,\"height\":1222,\"caption\":\"Jootjes Haakcadeautjes\"},\"image\":{\"@id\":\"https:\\\/\\\/www.jootjeshaakcadeautjes.nl\\\/fr\\\/#\\\/schema\\\/logo\\\/image\\\/\"}}]}<\/script>\n<meta property=\"product:price:amount\" content=\"0.50\" \/>\n<meta property=\"product:price:currency\" content=\"EUR\" \/>\n<meta property=\"og:availability\" content=\"instock\" \/>\n<meta property=\"product:availability\" content=\"instock\" \/>\n<meta property=\"product:retailer_item_id\" content=\"SLE-COR-CH24\" \/>\n<meta property=\"product:condition\" content=\"new\" \/>\n<!-- \/ Yoast SEO Premium plugin. -->","yoast_head_json":{"title":"Porte-cl\u00e9s - Anneau \u00e0 pince avec torsion - Champagne - 24 mm","description":"Porte-cl\u00e9s avec mousqueton mini pour fabriquer des porte-bonheur, des porte-cl\u00e9s crochet\u00e9s ou des porte-cl\u00e9s ou porte-bagages en bois ou en silicone.","robots":{"index":"index","follow":"follow","max-snippet":"max-snippet:-1","max-image-preview":"max-image-preview:large","max-video-preview":"max-video-preview:-1"},"canonical":"https:\/\/www.jootjeshaakcadeautjes.nl\/fr\/produit\/porte-cles-anneau-a-pince-avec-torsion-cuivre-kopie\/","og_locale":"fr_FR","og_type":"article","og_title":"Porte-cl\u00e9s - Mini Clip on ring with twist - Champagne - 24 mm","og_description":"Porte-cl\u00e9s avec mousqueton mini pour fabriquer des porte-bonheur, des porte-cl\u00e9s crochet\u00e9s ou des porte-cl\u00e9s ou porte-bagages en bois ou en silicone.","og_url":"https:\/\/www.jootjeshaakcadeautjes.nl\/fr\/produit\/porte-cles-anneau-a-pince-avec-torsion-cuivre-kopie\/","og_site_name":"Jootjes Haakcadeautjes","article_modified_time":"2026-05-08T13:36:43+00:00","og_image":[{"width":2048,"height":2048,"url":"https:\/\/d1dyryakdmle7o.cloudfront.net\/wp-content\/uploads\/2024\/02\/20240127_133639.jpg","type":"image\/jpeg"}],"twitter_card":"summary_large_image","twitter_misc":{"Prix":"&euro;0.50 TTC","Disponibilit\u00e9":"En stock"},"schema":{"@context":"https:\/\/schema.org","@graph":[{"@type":"WebPage","@id":"https:\/\/www.jootjeshaakcadeautjes.nl\/fr\/produit\/porte-cles-anneau-a-pince-avec-torsion-cuivre-kopie\/","url":"https:\/\/www.jootjeshaakcadeautjes.nl\/fr\/produit\/porte-cles-anneau-a-pince-avec-torsion-cuivre-kopie\/","name":"Porte-cl\u00e9s - Anneau \u00e0 pince avec torsion - Champagne - 24 mm","isPartOf":{"@id":"https:\/\/www.jootjeshaakcadeautjes.nl\/fr\/#website"},"primaryImageOfPage":{"@id":"https:\/\/www.jootjeshaakcadeautjes.nl\/fr\/produit\/porte-cles-anneau-a-pince-avec-torsion-cuivre-kopie\/#primaryimage"},"image":{"@id":"https:\/\/www.jootjeshaakcadeautjes.nl\/fr\/produit\/porte-cles-anneau-a-pince-avec-torsion-cuivre-kopie\/#primaryimage"},"thumbnailUrl":"https:\/\/d1dyryakdmle7o.cloudfront.net\/wp-content\/uploads\/2024\/02\/20240127_133639.jpg","datePublished":"2025-07-31T09:26:23+00:00","dateModified":"2026-05-08T13:36:43+00:00","description":"Porte-cl\u00e9s avec mousqueton mini pour fabriquer des porte-bonheur, des porte-cl\u00e9s crochet\u00e9s ou des porte-cl\u00e9s ou porte-bagages en bois ou en silicone.","breadcrumb":{"@id":"https:\/\/www.jootjeshaakcadeautjes.nl\/fr\/produit\/porte-cles-anneau-a-pince-avec-torsion-cuivre-kopie\/#breadcrumb"},"inLanguage":"fr-FR","potentialAction":[{"@type":"ReadAction","target":["https:\/\/www.jootjeshaakcadeautjes.nl\/fr\/produit\/porte-cles-anneau-a-pince-avec-torsion-cuivre-kopie\/"]}]},{"@type":"ImageObject","inLanguage":"fr-FR","@id":"https:\/\/www.jootjeshaakcadeautjes.nl\/fr\/produit\/porte-cles-anneau-a-pince-avec-torsion-cuivre-kopie\/#primaryimage","url":"https:\/\/d1dyryakdmle7o.cloudfront.net\/wp-content\/uploads\/2024\/02\/20240127_133639.jpg","contentUrl":"https:\/\/d1dyryakdmle7o.cloudfront.net\/wp-content\/uploads\/2024\/02\/20240127_133639.jpg","width":2048,"height":2048,"caption":"Champagne Twist"},{"@type":"BreadcrumbList","@id":"https:\/\/www.jootjeshaakcadeautjes.nl\/fr\/produit\/porte-cles-anneau-a-pince-avec-torsion-cuivre-kopie\/#breadcrumb","itemListElement":[{"@type":"ListItem","position":1,"name":"Accueil","item":"https:\/\/www.jootjeshaakcadeautjes.nl\/fr\/"},{"@type":"ListItem","position":2,"name":"Commerce de gros de perles en silicone &#8211; Entreprises et consommateurs","item":"https:\/\/www.jootjeshaakcadeautjes.nl\/fr\/boutique\/"},{"@type":"ListItem","position":3,"name":"Porte-cl\u00e9s &#8211; Mini Clip on ring with twist &#8211; Champagne &#8211; 24 mm"}]},{"@type":"WebSite","@id":"https:\/\/www.jootjeshaakcadeautjes.nl\/fr\/#website","url":"https:\/\/www.jootjeshaakcadeautjes.nl\/fr\/","name":"Jootjes Haakcadeautjes","description":"Grossiste en perles de silicone","publisher":{"@id":"https:\/\/www.jootjeshaakcadeautjes.nl\/fr\/#organization"},"potentialAction":[{"@type":"SearchAction","target":{"@type":"EntryPoint","urlTemplate":"https:\/\/www.jootjeshaakcadeautjes.nl\/fr\/?s={search_term_string}"},"query-input":{"@type":"PropertyValueSpecification","valueRequired":true,"valueName":"search_term_string"}}],"inLanguage":"fr-FR"},{"@type":"Organization","@id":"https:\/\/www.jootjeshaakcadeautjes.nl\/fr\/#organization","name":"Jootjes Haakcadeautjes","url":"https:\/\/www.jootjeshaakcadeautjes.nl\/fr\/","logo":{"@type":"ImageObject","inLanguage":"fr-FR","@id":"https:\/\/www.jootjeshaakcadeautjes.nl\/fr\/#\/schema\/logo\/image\/","url":"https:\/\/d1dyryakdmle7o.cloudfront.net\/wp-content\/uploads\/2023\/05\/Logo-rond.png","contentUrl":"https:\/\/d1dyryakdmle7o.cloudfront.net\/wp-content\/uploads\/2023\/05\/Logo-rond.png","width":1222,"height":1222,"caption":"Jootjes Haakcadeautjes"},"image":{"@id":"https:\/\/www.jootjeshaakcadeautjes.nl\/fr\/#\/schema\/logo\/image\/"}}]},"product_price_amount":"0.50","product_price_currency":"EUR","og_availability":"instock","product_availability":"instock","product_retailer_item_id":"SLE-COR-CH24","product_condition":"new"},"_links":{"self":[{"href":"https:\/\/www.jootjeshaakcadeautjes.nl\/fr\/wp-json\/wp\/v2\/product\/241146","targetHints":{"allow":["GET"]}}],"collection":[{"href":"https:\/\/www.jootjeshaakcadeautjes.nl\/fr\/wp-json\/wp\/v2\/product"}],"about":[{"href":"https:\/\/www.jootjeshaakcadeautjes.nl\/fr\/wp-json\/wp\/v2\/types\/product"}],"version-history":[{"count":1,"href":"https:\/\/www.jootjeshaakcadeautjes.nl\/fr\/wp-json\/wp\/v2\/product\/241146\/revisions"}],"predecessor-version":[{"id":287342,"href":"https:\/\/www.jootjeshaakcadeautjes.nl\/fr\/wp-json\/wp\/v2\/product\/241146\/revisions\/287342"}],"wp:featuredmedia":[{"embeddable":true,"href":"https:\/\/www.jootjeshaakcadeautjes.nl\/fr\/wp-json\/wp\/v2\/media\/116510"}],"wp:attachment":[{"href":"https:\/\/www.jootjeshaakcadeautjes.nl\/fr\/wp-json\/wp\/v2\/media?parent=241146"}],"wp:term":[{"taxonomy":"product_brand","embeddable":true,"href":"https:\/\/www.jootjeshaakcadeautjes.nl\/fr\/wp-json\/wp\/v2\/product_brand?post=241146"},{"taxonomy":"product_cat","embeddable":true,"href":"https:\/\/www.jootjeshaakcadeautjes.nl\/fr\/wp-json\/wp\/v2\/product_cat?post=241146"},{"taxonomy":"product_tag","embeddable":true,"href":"https:\/\/www.jootjeshaakcadeautjes.nl\/fr\/wp-json\/wp\/v2\/product_tag?post=241146"}],"curies":[{"name":"wp","href":"https:\/\/api.w.org\/{rel}","templated":true}]}}