{"id":242944,"date":"2025-10-05T18:16:42","date_gmt":"2025-10-05T16:16:42","guid":{"rendered":"https:\/\/www.jootjeshaakcadeautjes.nl\/?post_type=product&#038;p=242944"},"modified":"2025-10-09T12:45:39","modified_gmt":"2025-10-09T10:45:39","slug":"crochet-ornemental-argent-kopie-kopie-kopie-kopie-kopie-kopie","status":"publish","type":"product","link":"https:\/\/www.jootjeshaakcadeautjes.nl\/fr\/produit\/crochet-ornemental-argent-kopie-kopie-kopie-kopie-kopie-kopie\/","title":{"rendered":"Crochet ornemental avec tige enfilable &#8211; Vert \u00e9meraude"},"content":{"rendered":"<h2>Crochet ornemental &#8211; avec tige enfilable &#8211; Vert \u00e9meraude<\/h2>\n<p>Ces crochets sont sp\u00e9cialement con\u00e7us pour suspendre, par exemple, des tiges filet\u00e9es pour un arbre de No\u00ebl ou des branches de P\u00e2ques.<\/p>\n","protected":false},"excerpt":{"rendered":"<p>Type : Crochet \u00e0 ornements avec tige enfilable &#8211; Vert \u00e9meraude<br \/>\npour suspendre tous vos motifs pour l&#8217;arbre de No\u00ebl ou par exemple les branches de P\u00e2ques.<\/p>\n","protected":false},"featured_media":252028,"template":"","meta":[],"product_brand":[],"product_cat":[12308,18101,7195,17986],"product_tag":[12365,18102,16711,18103,16814,13151,16156,7516,13152,7230,13149,12862,13145,7227,7212,13525],"class_list":{"0":"post-242944","1":"product","2":"type-product","3":"status-publish","4":"has-post-thumbnail","6":"product_cat-materiel-de-bricolage-et-de-crochet","7":"product_cat-perles-et-articles-de-bricolage-noel","8":"product_cat-produits-basteable-tous-les-produits-basteable","9":"product_cat-siliconen-kralen-kerstmis-fr","10":"product_tag-arbre-de-noel","11":"product_tag-avec-enfilable","12":"product_tag-branche-de-paques","13":"product_tag-crochet-a-ornements-avec-tige-enfilable","14":"product_tag-crochet-ornemental","15":"product_tag-fait","16":"product_tag-mulet","17":"product_tag-noel","18":"product_tag-perles-au-laser","19":"product_tag-personnalisation","20":"product_tag-personnel","21":"product_tag-present-fr","22":"product_tag-present-fr-2","23":"product_tag-rangee","24":"product_tag-silicone-fr","25":"product_tag-vert-emeraude","27":"first","28":"instock","29":"taxable","30":"shipping-taxable","31":"purchasable","32":"product-type-simple"},"bundled_by":["274149"],"bundle_stock_status":"instock","bundle_stock_quantity":58,"bundle_virtual":false,"bundle_layout":"","bundle_add_to_cart_form_location":"","bundle_editable_in_cart":false,"bundle_sold_individually_context":"","bundle_item_grouping":"","bundle_min_size":"","bundle_max_size":"","bundle_price":[],"bundled_items":[],"bundle_sell_ids":[],"yoast_head":"<!-- This site is optimized with the Yoast SEO Premium plugin v27.6 (Yoast SEO v27.6) - https:\/\/yoast.com\/product\/yoast-seo-premium-wordpress\/ -->\n<title>Crochet ornemental avec tige enfilable - Vert \u00e9meraude -<\/title>\n<meta name=\"description\" content=\"Crochet \u00e0 ornements avec tige enfilable - Vert \u00e9meraude pour faire un cadeau personnalis\u00e9, pour le sapin de No\u00ebl ou la branche de P\u00e2ques |Jootjes.nl\" \/>\n<meta name=\"robots\" content=\"index, follow, max-snippet:-1, max-image-preview:large, max-video-preview:-1\" \/>\n<link rel=\"canonical\" href=\"https:\/\/www.jootjeshaakcadeautjes.nl\/fr\/produit\/crochet-ornemental-argent-kopie-kopie-kopie-kopie-kopie-kopie\/\" \/>\n<meta property=\"og:locale\" content=\"fr_FR\" \/>\n<meta property=\"og:type\" content=\"article\" \/>\n<meta property=\"og:title\" content=\"Crochet ornemental avec tige enfilable - Vert \u00e9meraude\" \/>\n<meta property=\"og:description\" content=\"Crochet \u00e0 ornements avec tige enfilable - Vert \u00e9meraude pour faire un cadeau personnalis\u00e9, pour le sapin de No\u00ebl ou la branche de P\u00e2ques |Jootjes.nl\" \/>\n<meta property=\"og:url\" content=\"https:\/\/www.jootjeshaakcadeautjes.nl\/fr\/produit\/crochet-ornemental-argent-kopie-kopie-kopie-kopie-kopie-kopie\/\" \/>\n<meta property=\"og:site_name\" content=\"Jootjes Haakcadeautjes\" \/>\n<meta property=\"article:modified_time\" content=\"2025-10-09T10:45:39+00:00\" \/>\n<meta property=\"og:image\" content=\"https:\/\/www.jootjeshaakcadeautjes.nl\/wp-content\/uploads\/2025\/10\/Naamloos-1550.webp\" \/>\n\t<meta property=\"og:image:width\" content=\"2423\" \/>\n\t<meta property=\"og:image:height\" content=\"2423\" \/>\n\t<meta property=\"og:image:type\" content=\"image\/webp\" \/>\n<meta name=\"twitter:card\" content=\"summary_large_image\" \/>\n<meta name=\"twitter:label1\" content=\"Prix\" \/>\n\t<meta name=\"twitter:data1\" content=\"&euro;1.00 TTC\" \/>\n\t<meta name=\"twitter:label2\" content=\"Disponibilit\u00e9\" \/>\n\t<meta name=\"twitter:data2\" content=\"En stock\" \/>\n<script type=\"application\/ld+json\" class=\"yoast-schema-graph\">{\"@context\":\"https:\\\/\\\/schema.org\",\"@graph\":[{\"@type\":\"WebPage\",\"@id\":\"https:\\\/\\\/www.jootjeshaakcadeautjes.nl\\\/fr\\\/produit\\\/crochet-ornemental-argent-kopie-kopie-kopie-kopie-kopie-kopie\\\/\",\"url\":\"https:\\\/\\\/www.jootjeshaakcadeautjes.nl\\\/fr\\\/produit\\\/crochet-ornemental-argent-kopie-kopie-kopie-kopie-kopie-kopie\\\/\",\"name\":\"Crochet ornemental avec tige enfilable - Vert \u00e9meraude -\",\"isPartOf\":{\"@id\":\"https:\\\/\\\/www.jootjeshaakcadeautjes.nl\\\/fr\\\/#website\"},\"primaryImageOfPage\":{\"@id\":\"https:\\\/\\\/www.jootjeshaakcadeautjes.nl\\\/fr\\\/produit\\\/crochet-ornemental-argent-kopie-kopie-kopie-kopie-kopie-kopie\\\/#primaryimage\"},\"image\":{\"@id\":\"https:\\\/\\\/www.jootjeshaakcadeautjes.nl\\\/fr\\\/produit\\\/crochet-ornemental-argent-kopie-kopie-kopie-kopie-kopie-kopie\\\/#primaryimage\"},\"thumbnailUrl\":\"https:\\\/\\\/d1dyryakdmle7o.cloudfront.net\\\/wp-content\\\/uploads\\\/2025\\\/10\\\/Naamloos-1550.webp\",\"datePublished\":\"2025-10-05T16:16:42+00:00\",\"dateModified\":\"2025-10-09T10:45:39+00:00\",\"description\":\"Crochet \u00e0 ornements avec tige enfilable - Vert \u00e9meraude pour faire un cadeau personnalis\u00e9, pour le sapin de No\u00ebl ou la branche de P\u00e2ques |Jootjes.nl\",\"breadcrumb\":{\"@id\":\"https:\\\/\\\/www.jootjeshaakcadeautjes.nl\\\/fr\\\/produit\\\/crochet-ornemental-argent-kopie-kopie-kopie-kopie-kopie-kopie\\\/#breadcrumb\"},\"inLanguage\":\"fr-FR\",\"potentialAction\":[{\"@type\":\"ReadAction\",\"target\":[\"https:\\\/\\\/www.jootjeshaakcadeautjes.nl\\\/fr\\\/produit\\\/crochet-ornemental-argent-kopie-kopie-kopie-kopie-kopie-kopie\\\/\"]}]},{\"@type\":\"ImageObject\",\"inLanguage\":\"fr-FR\",\"@id\":\"https:\\\/\\\/www.jootjeshaakcadeautjes.nl\\\/fr\\\/produit\\\/crochet-ornemental-argent-kopie-kopie-kopie-kopie-kopie-kopie\\\/#primaryimage\",\"url\":\"https:\\\/\\\/d1dyryakdmle7o.cloudfront.net\\\/wp-content\\\/uploads\\\/2025\\\/10\\\/Naamloos-1550.webp\",\"contentUrl\":\"https:\\\/\\\/d1dyryakdmle7o.cloudfront.net\\\/wp-content\\\/uploads\\\/2025\\\/10\\\/Naamloos-1550.webp\",\"width\":2423,\"height\":2423},{\"@type\":\"BreadcrumbList\",\"@id\":\"https:\\\/\\\/www.jootjeshaakcadeautjes.nl\\\/fr\\\/produit\\\/crochet-ornemental-argent-kopie-kopie-kopie-kopie-kopie-kopie\\\/#breadcrumb\",\"itemListElement\":[{\"@type\":\"ListItem\",\"position\":1,\"name\":\"Accueil\",\"item\":\"https:\\\/\\\/www.jootjeshaakcadeautjes.nl\\\/fr\\\/\"},{\"@type\":\"ListItem\",\"position\":2,\"name\":\"Commerce de gros de perles en silicone &#8211; Entreprises et consommateurs\",\"item\":\"https:\\\/\\\/www.jootjeshaakcadeautjes.nl\\\/fr\\\/boutique\\\/\"},{\"@type\":\"ListItem\",\"position\":3,\"name\":\"Priv\u00e9: Crochet ornemental avec tige enfilable &#8211; Vert \u00e9meraude\"}]},{\"@type\":\"WebSite\",\"@id\":\"https:\\\/\\\/www.jootjeshaakcadeautjes.nl\\\/fr\\\/#website\",\"url\":\"https:\\\/\\\/www.jootjeshaakcadeautjes.nl\\\/fr\\\/\",\"name\":\"Jootjes Haakcadeautjes\",\"description\":\"Grossiste en perles de silicone\",\"publisher\":{\"@id\":\"https:\\\/\\\/www.jootjeshaakcadeautjes.nl\\\/fr\\\/#organization\"},\"potentialAction\":[{\"@type\":\"SearchAction\",\"target\":{\"@type\":\"EntryPoint\",\"urlTemplate\":\"https:\\\/\\\/www.jootjeshaakcadeautjes.nl\\\/fr\\\/?s={search_term_string}\"},\"query-input\":{\"@type\":\"PropertyValueSpecification\",\"valueRequired\":true,\"valueName\":\"search_term_string\"}}],\"inLanguage\":\"fr-FR\"},{\"@type\":\"Organization\",\"@id\":\"https:\\\/\\\/www.jootjeshaakcadeautjes.nl\\\/fr\\\/#organization\",\"name\":\"Jootjes Haakcadeautjes\",\"url\":\"https:\\\/\\\/www.jootjeshaakcadeautjes.nl\\\/fr\\\/\",\"logo\":{\"@type\":\"ImageObject\",\"inLanguage\":\"fr-FR\",\"@id\":\"https:\\\/\\\/www.jootjeshaakcadeautjes.nl\\\/fr\\\/#\\\/schema\\\/logo\\\/image\\\/\",\"url\":\"https:\\\/\\\/d1dyryakdmle7o.cloudfront.net\\\/wp-content\\\/uploads\\\/2023\\\/05\\\/Logo-rond.png\",\"contentUrl\":\"https:\\\/\\\/d1dyryakdmle7o.cloudfront.net\\\/wp-content\\\/uploads\\\/2023\\\/05\\\/Logo-rond.png\",\"width\":1222,\"height\":1222,\"caption\":\"Jootjes Haakcadeautjes\"},\"image\":{\"@id\":\"https:\\\/\\\/www.jootjeshaakcadeautjes.nl\\\/fr\\\/#\\\/schema\\\/logo\\\/image\\\/\"}}]}<\/script>\n<meta property=\"product:price:amount\" content=\"1.00\" \/>\n<meta property=\"product:price:currency\" content=\"EUR\" \/>\n<meta property=\"og:availability\" content=\"instock\" \/>\n<meta property=\"product:availability\" content=\"instock\" \/>\n<meta property=\"product:retailer_item_id\" content=\"HAG-ORST-SMG\" \/>\n<meta property=\"product:condition\" content=\"new\" \/>\n<!-- \/ Yoast SEO Premium plugin. -->","yoast_head_json":{"title":"Crochet ornemental avec tige enfilable - Vert \u00e9meraude -","description":"Crochet \u00e0 ornements avec tige enfilable - Vert \u00e9meraude pour faire un cadeau personnalis\u00e9, pour le sapin de No\u00ebl ou la branche de P\u00e2ques |Jootjes.nl","robots":{"index":"index","follow":"follow","max-snippet":"max-snippet:-1","max-image-preview":"max-image-preview:large","max-video-preview":"max-video-preview:-1"},"canonical":"https:\/\/www.jootjeshaakcadeautjes.nl\/fr\/produit\/crochet-ornemental-argent-kopie-kopie-kopie-kopie-kopie-kopie\/","og_locale":"fr_FR","og_type":"article","og_title":"Crochet ornemental avec tige enfilable - Vert \u00e9meraude","og_description":"Crochet \u00e0 ornements avec tige enfilable - Vert \u00e9meraude pour faire un cadeau personnalis\u00e9, pour le sapin de No\u00ebl ou la branche de P\u00e2ques |Jootjes.nl","og_url":"https:\/\/www.jootjeshaakcadeautjes.nl\/fr\/produit\/crochet-ornemental-argent-kopie-kopie-kopie-kopie-kopie-kopie\/","og_site_name":"Jootjes Haakcadeautjes","article_modified_time":"2025-10-09T10:45:39+00:00","og_image":[{"width":2423,"height":2423,"url":"https:\/\/www.jootjeshaakcadeautjes.nl\/wp-content\/uploads\/2025\/10\/Naamloos-1550.webp","type":"image\/webp"}],"twitter_card":"summary_large_image","twitter_misc":{"Prix":"&euro;1.00 TTC","Disponibilit\u00e9":"En stock"},"schema":{"@context":"https:\/\/schema.org","@graph":[{"@type":"WebPage","@id":"https:\/\/www.jootjeshaakcadeautjes.nl\/fr\/produit\/crochet-ornemental-argent-kopie-kopie-kopie-kopie-kopie-kopie\/","url":"https:\/\/www.jootjeshaakcadeautjes.nl\/fr\/produit\/crochet-ornemental-argent-kopie-kopie-kopie-kopie-kopie-kopie\/","name":"Crochet ornemental avec tige enfilable - Vert \u00e9meraude -","isPartOf":{"@id":"https:\/\/www.jootjeshaakcadeautjes.nl\/fr\/#website"},"primaryImageOfPage":{"@id":"https:\/\/www.jootjeshaakcadeautjes.nl\/fr\/produit\/crochet-ornemental-argent-kopie-kopie-kopie-kopie-kopie-kopie\/#primaryimage"},"image":{"@id":"https:\/\/www.jootjeshaakcadeautjes.nl\/fr\/produit\/crochet-ornemental-argent-kopie-kopie-kopie-kopie-kopie-kopie\/#primaryimage"},"thumbnailUrl":"https:\/\/d1dyryakdmle7o.cloudfront.net\/wp-content\/uploads\/2025\/10\/Naamloos-1550.webp","datePublished":"2025-10-05T16:16:42+00:00","dateModified":"2025-10-09T10:45:39+00:00","description":"Crochet \u00e0 ornements avec tige enfilable - Vert \u00e9meraude pour faire un cadeau personnalis\u00e9, pour le sapin de No\u00ebl ou la branche de P\u00e2ques |Jootjes.nl","breadcrumb":{"@id":"https:\/\/www.jootjeshaakcadeautjes.nl\/fr\/produit\/crochet-ornemental-argent-kopie-kopie-kopie-kopie-kopie-kopie\/#breadcrumb"},"inLanguage":"fr-FR","potentialAction":[{"@type":"ReadAction","target":["https:\/\/www.jootjeshaakcadeautjes.nl\/fr\/produit\/crochet-ornemental-argent-kopie-kopie-kopie-kopie-kopie-kopie\/"]}]},{"@type":"ImageObject","inLanguage":"fr-FR","@id":"https:\/\/www.jootjeshaakcadeautjes.nl\/fr\/produit\/crochet-ornemental-argent-kopie-kopie-kopie-kopie-kopie-kopie\/#primaryimage","url":"https:\/\/d1dyryakdmle7o.cloudfront.net\/wp-content\/uploads\/2025\/10\/Naamloos-1550.webp","contentUrl":"https:\/\/d1dyryakdmle7o.cloudfront.net\/wp-content\/uploads\/2025\/10\/Naamloos-1550.webp","width":2423,"height":2423},{"@type":"BreadcrumbList","@id":"https:\/\/www.jootjeshaakcadeautjes.nl\/fr\/produit\/crochet-ornemental-argent-kopie-kopie-kopie-kopie-kopie-kopie\/#breadcrumb","itemListElement":[{"@type":"ListItem","position":1,"name":"Accueil","item":"https:\/\/www.jootjeshaakcadeautjes.nl\/fr\/"},{"@type":"ListItem","position":2,"name":"Commerce de gros de perles en silicone &#8211; Entreprises et consommateurs","item":"https:\/\/www.jootjeshaakcadeautjes.nl\/fr\/boutique\/"},{"@type":"ListItem","position":3,"name":"Priv\u00e9: Crochet ornemental avec tige enfilable &#8211; Vert \u00e9meraude"}]},{"@type":"WebSite","@id":"https:\/\/www.jootjeshaakcadeautjes.nl\/fr\/#website","url":"https:\/\/www.jootjeshaakcadeautjes.nl\/fr\/","name":"Jootjes Haakcadeautjes","description":"Grossiste en perles de silicone","publisher":{"@id":"https:\/\/www.jootjeshaakcadeautjes.nl\/fr\/#organization"},"potentialAction":[{"@type":"SearchAction","target":{"@type":"EntryPoint","urlTemplate":"https:\/\/www.jootjeshaakcadeautjes.nl\/fr\/?s={search_term_string}"},"query-input":{"@type":"PropertyValueSpecification","valueRequired":true,"valueName":"search_term_string"}}],"inLanguage":"fr-FR"},{"@type":"Organization","@id":"https:\/\/www.jootjeshaakcadeautjes.nl\/fr\/#organization","name":"Jootjes Haakcadeautjes","url":"https:\/\/www.jootjeshaakcadeautjes.nl\/fr\/","logo":{"@type":"ImageObject","inLanguage":"fr-FR","@id":"https:\/\/www.jootjeshaakcadeautjes.nl\/fr\/#\/schema\/logo\/image\/","url":"https:\/\/d1dyryakdmle7o.cloudfront.net\/wp-content\/uploads\/2023\/05\/Logo-rond.png","contentUrl":"https:\/\/d1dyryakdmle7o.cloudfront.net\/wp-content\/uploads\/2023\/05\/Logo-rond.png","width":1222,"height":1222,"caption":"Jootjes Haakcadeautjes"},"image":{"@id":"https:\/\/www.jootjeshaakcadeautjes.nl\/fr\/#\/schema\/logo\/image\/"}}]},"product_price_amount":"1.00","product_price_currency":"EUR","og_availability":"instock","product_availability":"instock","product_retailer_item_id":"HAG-ORST-SMG","product_condition":"new"},"_links":{"self":[{"href":"https:\/\/www.jootjeshaakcadeautjes.nl\/fr\/wp-json\/wp\/v2\/product\/242944","targetHints":{"allow":["GET"]}}],"collection":[{"href":"https:\/\/www.jootjeshaakcadeautjes.nl\/fr\/wp-json\/wp\/v2\/product"}],"about":[{"href":"https:\/\/www.jootjeshaakcadeautjes.nl\/fr\/wp-json\/wp\/v2\/types\/product"}],"version-history":[{"count":0,"href":"https:\/\/www.jootjeshaakcadeautjes.nl\/fr\/wp-json\/wp\/v2\/product\/242944\/revisions"}],"wp:featuredmedia":[{"embeddable":true,"href":"https:\/\/www.jootjeshaakcadeautjes.nl\/fr\/wp-json\/wp\/v2\/media\/252028"}],"wp:attachment":[{"href":"https:\/\/www.jootjeshaakcadeautjes.nl\/fr\/wp-json\/wp\/v2\/media?parent=242944"}],"wp:term":[{"taxonomy":"product_brand","embeddable":true,"href":"https:\/\/www.jootjeshaakcadeautjes.nl\/fr\/wp-json\/wp\/v2\/product_brand?post=242944"},{"taxonomy":"product_cat","embeddable":true,"href":"https:\/\/www.jootjeshaakcadeautjes.nl\/fr\/wp-json\/wp\/v2\/product_cat?post=242944"},{"taxonomy":"product_tag","embeddable":true,"href":"https:\/\/www.jootjeshaakcadeautjes.nl\/fr\/wp-json\/wp\/v2\/product_tag?post=242944"}],"curies":[{"name":"wp","href":"https:\/\/api.w.org\/{rel}","templated":true}]}}