{"id":243607,"date":"2025-10-05T18:41:29","date_gmt":"2025-10-05T16:41:29","guid":{"rendered":"https:\/\/www.jootjeshaakcadeautjes.nl\/?post_type=product&#038;p=243607"},"modified":"2026-05-08T15:35:30","modified_gmt":"2026-05-08T13:35:30","slug":"perle-en-silicone-tracteur-loads-of-love-kopie-kopie-kopie-kopie-kopie-kopie-kopie-kopie-kopie","status":"publish","type":"product","link":"https:\/\/www.jootjeshaakcadeautjes.nl\/fr\/produit\/perle-en-silicone-tracteur-loads-of-love-kopie-kopie-kopie-kopie-kopie-kopie-kopie-kopie-kopie\/","title":{"rendered":"Perle en silicone &#8211; Spooky Bookclub"},"content":{"rendered":"<h3>Perle de silicone &#8211; Spooky Bookclub<\/h3>\n<p>La perle en silicone en forme de club de lecture effrayant est fabriqu\u00e9e en silicone sans BPA. Cela signifie que les produits ont \u00e9t\u00e9 jug\u00e9s s\u00fbrs pour une utilisation dans les jouets pour enfants. L&#8217;application de silicone ne contient pas de substances nocives. Nos produits sont donc conformes \u00e0 toutes les certifications n\u00e9cessaires. Surveillez toujours l&#8217;usure des jouets et jetez-les si n\u00e9cessaire. Cela s&#8217;applique \u00e0 tout type de jouet pour b\u00e9b\u00e9.<\/p>\n<p>&nbsp;<\/p>\n","protected":false},"excerpt":{"rendered":"<p>Variante : club de lecture effrayant<\/p>\n<p>Fabriqu\u00e9 en silicone sans BPA. Test\u00e9 en toute s\u00e9curit\u00e9 chimique conform\u00e9ment \u00e0 la norme EN-71, 100% sans danger pour les enfants. <\/p>\n<p>Pour plus d&#8217;informations sur la fa\u00e7on de l&#8217;utiliser, lisez le bas de la page.<\/p>\n","protected":false},"featured_media":252008,"template":"","meta":[],"product_brand":[],"product_cat":[7378,12288,14620,6992,7398,7491,18110],"product_tag":[10120,10302,7424,10295,7455,18111,7463,10138,7215,9997,7440,10140,10359,15185,10290,7212],"class_list":{"0":"post-243607","1":"product","2":"type-product","3":"status-publish","4":"has-post-thumbnail","6":"product_cat-fabrication-de-jouets-de-dentition-pour-bebe-cordon-de-sucette-et-anneaux-de-dentition","7":"product_cat-perles-en-silicone-ferme-et-animaux","8":"product_cat-perles-en-silicone-multicolore-avec-texte","9":"product_cat-perles-en-silicone-sans-bpa-grossiste","10":"product_cat-perles-en-silicone-toutes-les-perles-de-luxe-multicolores","11":"product_cat-perles-en-silicone-et-anneau-de-dentition-noel-halloween-et-plus-encore","12":"product_cat-shopping-par-theme-halloween","13":"product_tag-achats","14":"product_tag-bijoux","15":"product_tag-bpa-fr","16":"product_tag-certifie-fr","17":"product_tag-chaine-de-landau","18":"product_tag-club-de-lecture-effrayant","19":"product_tag-commerce-de-gros","20":"product_tag-crochet-pour-sac-fr","21":"product_tag-faire","22":"product_tag-fr-71","23":"product_tag-gratuit","24":"product_tag-jaszipper-fr","25":"product_tag-ludique","26":"product_tag-pendentif-telephone","27":"product_tag-protection-des-enfants","28":"product_tag-silicone-fr","30":"first","31":"instock","32":"taxable","33":"shipping-taxable","34":"purchasable","35":"product-type-simple"},"bundled_by":[],"bundle_stock_status":"instock","bundle_stock_quantity":46,"bundle_virtual":false,"bundle_layout":"","bundle_add_to_cart_form_location":"","bundle_editable_in_cart":false,"bundle_sold_individually_context":"","bundle_item_grouping":"","bundle_min_size":"","bundle_max_size":"","bundle_price":[],"bundled_items":[],"bundle_sell_ids":[],"yoast_head":"<!-- This site is optimized with the Yoast SEO Premium plugin v27.6 (Yoast SEO v27.6) - https:\/\/yoast.com\/product\/yoast-seo-premium-wordpress\/ -->\n<title>Perle en silicone - Spooky Bookclub - Chiffre de la morsure -<\/title>\n<meta name=\"description\" content=\"Figurine en silicone Monstera Leaf sans BPA, 100% sans danger pour les enfants. Pour anneau de dentition ou cordon de t\u00e9tine. Certifi\u00e9 CE EN71. Pour gar\u00e7ons et filles\" \/>\n<meta name=\"robots\" content=\"index, follow, max-snippet:-1, max-image-preview:large, max-video-preview:-1\" \/>\n<link rel=\"canonical\" href=\"https:\/\/www.jootjeshaakcadeautjes.nl\/fr\/produit\/perle-en-silicone-tracteur-loads-of-love-kopie-kopie-kopie-kopie-kopie-kopie-kopie-kopie-kopie\/\" \/>\n<meta property=\"og:locale\" content=\"fr_FR\" \/>\n<meta property=\"og:type\" content=\"article\" \/>\n<meta property=\"og:title\" content=\"Perle en silicone - Spooky Bookclub\" \/>\n<meta property=\"og:description\" content=\"Figurine en silicone Monstera Leaf sans BPA, 100% sans danger pour les enfants. Pour anneau de dentition ou cordon de t\u00e9tine. Certifi\u00e9 CE EN71. Pour gar\u00e7ons et filles\" \/>\n<meta property=\"og:url\" content=\"https:\/\/www.jootjeshaakcadeautjes.nl\/fr\/produit\/perle-en-silicone-tracteur-loads-of-love-kopie-kopie-kopie-kopie-kopie-kopie-kopie-kopie-kopie\/\" \/>\n<meta property=\"og:site_name\" content=\"Jootjes Haakcadeautjes\" \/>\n<meta property=\"article:modified_time\" content=\"2026-05-08T13:35:30+00:00\" \/>\n<meta property=\"og:image\" content=\"https:\/\/d1dyryakdmle7o.cloudfront.net\/wp-content\/uploads\/2025\/10\/Naamloos-1544.webp\" \/>\n\t<meta property=\"og:image:width\" content=\"2270\" \/>\n\t<meta property=\"og:image:height\" content=\"2270\" \/>\n\t<meta property=\"og:image:type\" content=\"image\/webp\" \/>\n<meta name=\"twitter:card\" content=\"summary_large_image\" \/>\n<meta name=\"twitter:label1\" content=\"Prix\" \/>\n\t<meta name=\"twitter:data1\" content=\"&euro;0.85 TTC\" \/>\n\t<meta name=\"twitter:label2\" content=\"Disponibilit\u00e9\" \/>\n\t<meta name=\"twitter:data2\" content=\"En stock\" \/>\n<script type=\"application\/ld+json\" class=\"yoast-schema-graph\">{\"@context\":\"https:\\\/\\\/schema.org\",\"@graph\":[{\"@type\":\"WebPage\",\"@id\":\"https:\\\/\\\/www.jootjeshaakcadeautjes.nl\\\/fr\\\/produit\\\/perle-en-silicone-tracteur-loads-of-love-kopie-kopie-kopie-kopie-kopie-kopie-kopie-kopie-kopie\\\/\",\"url\":\"https:\\\/\\\/www.jootjeshaakcadeautjes.nl\\\/fr\\\/produit\\\/perle-en-silicone-tracteur-loads-of-love-kopie-kopie-kopie-kopie-kopie-kopie-kopie-kopie-kopie\\\/\",\"name\":\"Perle en silicone - Spooky Bookclub - Chiffre de la morsure -\",\"isPartOf\":{\"@id\":\"https:\\\/\\\/www.jootjeshaakcadeautjes.nl\\\/fr\\\/#website\"},\"primaryImageOfPage\":{\"@id\":\"https:\\\/\\\/www.jootjeshaakcadeautjes.nl\\\/fr\\\/produit\\\/perle-en-silicone-tracteur-loads-of-love-kopie-kopie-kopie-kopie-kopie-kopie-kopie-kopie-kopie\\\/#primaryimage\"},\"image\":{\"@id\":\"https:\\\/\\\/www.jootjeshaakcadeautjes.nl\\\/fr\\\/produit\\\/perle-en-silicone-tracteur-loads-of-love-kopie-kopie-kopie-kopie-kopie-kopie-kopie-kopie-kopie\\\/#primaryimage\"},\"thumbnailUrl\":\"https:\\\/\\\/d1dyryakdmle7o.cloudfront.net\\\/wp-content\\\/uploads\\\/2025\\\/10\\\/Naamloos-1544.webp\",\"datePublished\":\"2025-10-05T16:41:29+00:00\",\"dateModified\":\"2026-05-08T13:35:30+00:00\",\"description\":\"Figurine en silicone Monstera Leaf sans BPA, 100% sans danger pour les enfants. Pour anneau de dentition ou cordon de t\u00e9tine. Certifi\u00e9 CE EN71. Pour gar\u00e7ons et filles\",\"breadcrumb\":{\"@id\":\"https:\\\/\\\/www.jootjeshaakcadeautjes.nl\\\/fr\\\/produit\\\/perle-en-silicone-tracteur-loads-of-love-kopie-kopie-kopie-kopie-kopie-kopie-kopie-kopie-kopie\\\/#breadcrumb\"},\"inLanguage\":\"fr-FR\",\"potentialAction\":[{\"@type\":\"ReadAction\",\"target\":[\"https:\\\/\\\/www.jootjeshaakcadeautjes.nl\\\/fr\\\/produit\\\/perle-en-silicone-tracteur-loads-of-love-kopie-kopie-kopie-kopie-kopie-kopie-kopie-kopie-kopie\\\/\"]}]},{\"@type\":\"ImageObject\",\"inLanguage\":\"fr-FR\",\"@id\":\"https:\\\/\\\/www.jootjeshaakcadeautjes.nl\\\/fr\\\/produit\\\/perle-en-silicone-tracteur-loads-of-love-kopie-kopie-kopie-kopie-kopie-kopie-kopie-kopie-kopie\\\/#primaryimage\",\"url\":\"https:\\\/\\\/d1dyryakdmle7o.cloudfront.net\\\/wp-content\\\/uploads\\\/2025\\\/10\\\/Naamloos-1544.webp\",\"contentUrl\":\"https:\\\/\\\/d1dyryakdmle7o.cloudfront.net\\\/wp-content\\\/uploads\\\/2025\\\/10\\\/Naamloos-1544.webp\",\"width\":2270,\"height\":2270},{\"@type\":\"BreadcrumbList\",\"@id\":\"https:\\\/\\\/www.jootjeshaakcadeautjes.nl\\\/fr\\\/produit\\\/perle-en-silicone-tracteur-loads-of-love-kopie-kopie-kopie-kopie-kopie-kopie-kopie-kopie-kopie\\\/#breadcrumb\",\"itemListElement\":[{\"@type\":\"ListItem\",\"position\":1,\"name\":\"Accueil\",\"item\":\"https:\\\/\\\/www.jootjeshaakcadeautjes.nl\\\/fr\\\/\"},{\"@type\":\"ListItem\",\"position\":2,\"name\":\"Commerce de gros de perles en silicone &#8211; Entreprises et consommateurs\",\"item\":\"https:\\\/\\\/www.jootjeshaakcadeautjes.nl\\\/fr\\\/boutique\\\/\"},{\"@type\":\"ListItem\",\"position\":3,\"name\":\"Perle en silicone &#8211; Spooky Bookclub\"}]},{\"@type\":\"WebSite\",\"@id\":\"https:\\\/\\\/www.jootjeshaakcadeautjes.nl\\\/fr\\\/#website\",\"url\":\"https:\\\/\\\/www.jootjeshaakcadeautjes.nl\\\/fr\\\/\",\"name\":\"Jootjes Haakcadeautjes\",\"description\":\"Grossiste en perles de silicone\",\"publisher\":{\"@id\":\"https:\\\/\\\/www.jootjeshaakcadeautjes.nl\\\/fr\\\/#organization\"},\"potentialAction\":[{\"@type\":\"SearchAction\",\"target\":{\"@type\":\"EntryPoint\",\"urlTemplate\":\"https:\\\/\\\/www.jootjeshaakcadeautjes.nl\\\/fr\\\/?s={search_term_string}\"},\"query-input\":{\"@type\":\"PropertyValueSpecification\",\"valueRequired\":true,\"valueName\":\"search_term_string\"}}],\"inLanguage\":\"fr-FR\"},{\"@type\":\"Organization\",\"@id\":\"https:\\\/\\\/www.jootjeshaakcadeautjes.nl\\\/fr\\\/#organization\",\"name\":\"Jootjes Haakcadeautjes\",\"url\":\"https:\\\/\\\/www.jootjeshaakcadeautjes.nl\\\/fr\\\/\",\"logo\":{\"@type\":\"ImageObject\",\"inLanguage\":\"fr-FR\",\"@id\":\"https:\\\/\\\/www.jootjeshaakcadeautjes.nl\\\/fr\\\/#\\\/schema\\\/logo\\\/image\\\/\",\"url\":\"https:\\\/\\\/d1dyryakdmle7o.cloudfront.net\\\/wp-content\\\/uploads\\\/2023\\\/05\\\/Logo-rond.png\",\"contentUrl\":\"https:\\\/\\\/d1dyryakdmle7o.cloudfront.net\\\/wp-content\\\/uploads\\\/2023\\\/05\\\/Logo-rond.png\",\"width\":1222,\"height\":1222,\"caption\":\"Jootjes Haakcadeautjes\"},\"image\":{\"@id\":\"https:\\\/\\\/www.jootjeshaakcadeautjes.nl\\\/fr\\\/#\\\/schema\\\/logo\\\/image\\\/\"}}]}<\/script>\n<meta property=\"product:price:amount\" content=\"0.85\" \/>\n<meta property=\"product:price:currency\" content=\"EUR\" \/>\n<meta property=\"og:availability\" content=\"instock\" \/>\n<meta property=\"product:availability\" content=\"instock\" \/>\n<meta property=\"product:retailer_item_id\" content=\"SIL-KRL-GSW\" \/>\n<meta property=\"product:condition\" content=\"new\" \/>\n<!-- \/ Yoast SEO Premium plugin. -->","yoast_head_json":{"title":"Perle en silicone - Spooky Bookclub - Chiffre de la morsure -","description":"Figurine en silicone Monstera Leaf sans BPA, 100% sans danger pour les enfants. Pour anneau de dentition ou cordon de t\u00e9tine. Certifi\u00e9 CE EN71. Pour gar\u00e7ons et filles","robots":{"index":"index","follow":"follow","max-snippet":"max-snippet:-1","max-image-preview":"max-image-preview:large","max-video-preview":"max-video-preview:-1"},"canonical":"https:\/\/www.jootjeshaakcadeautjes.nl\/fr\/produit\/perle-en-silicone-tracteur-loads-of-love-kopie-kopie-kopie-kopie-kopie-kopie-kopie-kopie-kopie\/","og_locale":"fr_FR","og_type":"article","og_title":"Perle en silicone - Spooky Bookclub","og_description":"Figurine en silicone Monstera Leaf sans BPA, 100% sans danger pour les enfants. Pour anneau de dentition ou cordon de t\u00e9tine. Certifi\u00e9 CE EN71. Pour gar\u00e7ons et filles","og_url":"https:\/\/www.jootjeshaakcadeautjes.nl\/fr\/produit\/perle-en-silicone-tracteur-loads-of-love-kopie-kopie-kopie-kopie-kopie-kopie-kopie-kopie-kopie\/","og_site_name":"Jootjes Haakcadeautjes","article_modified_time":"2026-05-08T13:35:30+00:00","og_image":[{"width":2270,"height":2270,"url":"https:\/\/d1dyryakdmle7o.cloudfront.net\/wp-content\/uploads\/2025\/10\/Naamloos-1544.webp","type":"image\/webp"}],"twitter_card":"summary_large_image","twitter_misc":{"Prix":"&euro;0.85 TTC","Disponibilit\u00e9":"En stock"},"schema":{"@context":"https:\/\/schema.org","@graph":[{"@type":"WebPage","@id":"https:\/\/www.jootjeshaakcadeautjes.nl\/fr\/produit\/perle-en-silicone-tracteur-loads-of-love-kopie-kopie-kopie-kopie-kopie-kopie-kopie-kopie-kopie\/","url":"https:\/\/www.jootjeshaakcadeautjes.nl\/fr\/produit\/perle-en-silicone-tracteur-loads-of-love-kopie-kopie-kopie-kopie-kopie-kopie-kopie-kopie-kopie\/","name":"Perle en silicone - Spooky Bookclub - Chiffre de la morsure -","isPartOf":{"@id":"https:\/\/www.jootjeshaakcadeautjes.nl\/fr\/#website"},"primaryImageOfPage":{"@id":"https:\/\/www.jootjeshaakcadeautjes.nl\/fr\/produit\/perle-en-silicone-tracteur-loads-of-love-kopie-kopie-kopie-kopie-kopie-kopie-kopie-kopie-kopie\/#primaryimage"},"image":{"@id":"https:\/\/www.jootjeshaakcadeautjes.nl\/fr\/produit\/perle-en-silicone-tracteur-loads-of-love-kopie-kopie-kopie-kopie-kopie-kopie-kopie-kopie-kopie\/#primaryimage"},"thumbnailUrl":"https:\/\/d1dyryakdmle7o.cloudfront.net\/wp-content\/uploads\/2025\/10\/Naamloos-1544.webp","datePublished":"2025-10-05T16:41:29+00:00","dateModified":"2026-05-08T13:35:30+00:00","description":"Figurine en silicone Monstera Leaf sans BPA, 100% sans danger pour les enfants. Pour anneau de dentition ou cordon de t\u00e9tine. Certifi\u00e9 CE EN71. Pour gar\u00e7ons et filles","breadcrumb":{"@id":"https:\/\/www.jootjeshaakcadeautjes.nl\/fr\/produit\/perle-en-silicone-tracteur-loads-of-love-kopie-kopie-kopie-kopie-kopie-kopie-kopie-kopie-kopie\/#breadcrumb"},"inLanguage":"fr-FR","potentialAction":[{"@type":"ReadAction","target":["https:\/\/www.jootjeshaakcadeautjes.nl\/fr\/produit\/perle-en-silicone-tracteur-loads-of-love-kopie-kopie-kopie-kopie-kopie-kopie-kopie-kopie-kopie\/"]}]},{"@type":"ImageObject","inLanguage":"fr-FR","@id":"https:\/\/www.jootjeshaakcadeautjes.nl\/fr\/produit\/perle-en-silicone-tracteur-loads-of-love-kopie-kopie-kopie-kopie-kopie-kopie-kopie-kopie-kopie\/#primaryimage","url":"https:\/\/d1dyryakdmle7o.cloudfront.net\/wp-content\/uploads\/2025\/10\/Naamloos-1544.webp","contentUrl":"https:\/\/d1dyryakdmle7o.cloudfront.net\/wp-content\/uploads\/2025\/10\/Naamloos-1544.webp","width":2270,"height":2270},{"@type":"BreadcrumbList","@id":"https:\/\/www.jootjeshaakcadeautjes.nl\/fr\/produit\/perle-en-silicone-tracteur-loads-of-love-kopie-kopie-kopie-kopie-kopie-kopie-kopie-kopie-kopie\/#breadcrumb","itemListElement":[{"@type":"ListItem","position":1,"name":"Accueil","item":"https:\/\/www.jootjeshaakcadeautjes.nl\/fr\/"},{"@type":"ListItem","position":2,"name":"Commerce de gros de perles en silicone &#8211; Entreprises et consommateurs","item":"https:\/\/www.jootjeshaakcadeautjes.nl\/fr\/boutique\/"},{"@type":"ListItem","position":3,"name":"Perle en silicone &#8211; Spooky Bookclub"}]},{"@type":"WebSite","@id":"https:\/\/www.jootjeshaakcadeautjes.nl\/fr\/#website","url":"https:\/\/www.jootjeshaakcadeautjes.nl\/fr\/","name":"Jootjes Haakcadeautjes","description":"Grossiste en perles de silicone","publisher":{"@id":"https:\/\/www.jootjeshaakcadeautjes.nl\/fr\/#organization"},"potentialAction":[{"@type":"SearchAction","target":{"@type":"EntryPoint","urlTemplate":"https:\/\/www.jootjeshaakcadeautjes.nl\/fr\/?s={search_term_string}"},"query-input":{"@type":"PropertyValueSpecification","valueRequired":true,"valueName":"search_term_string"}}],"inLanguage":"fr-FR"},{"@type":"Organization","@id":"https:\/\/www.jootjeshaakcadeautjes.nl\/fr\/#organization","name":"Jootjes Haakcadeautjes","url":"https:\/\/www.jootjeshaakcadeautjes.nl\/fr\/","logo":{"@type":"ImageObject","inLanguage":"fr-FR","@id":"https:\/\/www.jootjeshaakcadeautjes.nl\/fr\/#\/schema\/logo\/image\/","url":"https:\/\/d1dyryakdmle7o.cloudfront.net\/wp-content\/uploads\/2023\/05\/Logo-rond.png","contentUrl":"https:\/\/d1dyryakdmle7o.cloudfront.net\/wp-content\/uploads\/2023\/05\/Logo-rond.png","width":1222,"height":1222,"caption":"Jootjes Haakcadeautjes"},"image":{"@id":"https:\/\/www.jootjeshaakcadeautjes.nl\/fr\/#\/schema\/logo\/image\/"}}]},"product_price_amount":"0.85","product_price_currency":"EUR","og_availability":"instock","product_availability":"instock","product_retailer_item_id":"SIL-KRL-GSW","product_condition":"new"},"_links":{"self":[{"href":"https:\/\/www.jootjeshaakcadeautjes.nl\/fr\/wp-json\/wp\/v2\/product\/243607","targetHints":{"allow":["GET"]}}],"collection":[{"href":"https:\/\/www.jootjeshaakcadeautjes.nl\/fr\/wp-json\/wp\/v2\/product"}],"about":[{"href":"https:\/\/www.jootjeshaakcadeautjes.nl\/fr\/wp-json\/wp\/v2\/types\/product"}],"version-history":[{"count":1,"href":"https:\/\/www.jootjeshaakcadeautjes.nl\/fr\/wp-json\/wp\/v2\/product\/243607\/revisions"}],"predecessor-version":[{"id":287325,"href":"https:\/\/www.jootjeshaakcadeautjes.nl\/fr\/wp-json\/wp\/v2\/product\/243607\/revisions\/287325"}],"wp:featuredmedia":[{"embeddable":true,"href":"https:\/\/www.jootjeshaakcadeautjes.nl\/fr\/wp-json\/wp\/v2\/media\/252008"}],"wp:attachment":[{"href":"https:\/\/www.jootjeshaakcadeautjes.nl\/fr\/wp-json\/wp\/v2\/media?parent=243607"}],"wp:term":[{"taxonomy":"product_brand","embeddable":true,"href":"https:\/\/www.jootjeshaakcadeautjes.nl\/fr\/wp-json\/wp\/v2\/product_brand?post=243607"},{"taxonomy":"product_cat","embeddable":true,"href":"https:\/\/www.jootjeshaakcadeautjes.nl\/fr\/wp-json\/wp\/v2\/product_cat?post=243607"},{"taxonomy":"product_tag","embeddable":true,"href":"https:\/\/www.jootjeshaakcadeautjes.nl\/fr\/wp-json\/wp\/v2\/product_tag?post=243607"}],"curies":[{"name":"wp","href":"https:\/\/api.w.org\/{rel}","templated":true}]}}