{"id":243778,"date":"2025-12-18T14:56:13","date_gmt":"2025-12-18T13:56:13","guid":{"rendered":"https:\/\/www.jootjeshaakcadeautjes.nl\/?post_type=product&#038;p=243778"},"modified":"2026-04-20T10:47:37","modified_gmt":"2026-04-20T08:47:37","slug":"mobile-musical-baby-somewhere-over-the-rainbow-kopie-kopie-kopie","status":"publish","type":"product","link":"https:\/\/www.jootjeshaakcadeautjes.nl\/fr\/produit\/mobile-musical-baby-somewhere-over-the-rainbow-kopie-kopie-kopie\/","title":{"rendered":"Mobile musical &#8211; B\u00e9b\u00e9 &#8211; Berceuse de Schubert"},"content":{"rendered":"<h2>Mobile musical &#8211; B\u00e9b\u00e9 &#8211; Berceuse de Schubert<\/h2>\n<p>Vous \u00eates \u00e0 la recherche d&#8217;un mobile musical ou d&#8217;un mobile de parc pour votre b\u00e9b\u00e9 ? Chez nous, vous trouverez ce mobile musical blanc avec attache universelle. Ce mobile musical pour b\u00e9b\u00e9 s&#8217;adapte donc \u00e0 la plupart des parcs ou poussettes. Socle en forme de J avec bo\u00eete \u00e0 musique et croix \u00e0 4 pattes sur le dessus. La bo\u00eete \u00e0 musique contient la chanson indiqu\u00e9e. Il s&#8217;agit d&#8217;un boxmobile de luxe avec fonction de d\u00e9marrage et d&#8217;arr\u00eat. Si votre enfant dort profond\u00e9ment, vous pouvez \u00e9galement arr\u00eater manuellement le mobile du parc \u00e0 l&#8217;aide de l&#8217;interrupteur situ\u00e9 sur la bo\u00eete.<\/p>\n<p>Sur la croix \u00e0 quatre pattes, vous pouvez cr\u00e9er vos propres pendentifs en utilisant notre cordon de satin. Vous pouvez ensuite facilement y accrocher des perles en silicone et des perles de luxe, des animaux au crochet, des animaux en feutre ou utiliser (une combinaison) de perles en bois, de perles en silicone et d&#8217;anneaux de dentition pour b\u00e9b\u00e9s. La croix \u00e0 quatre pattes pivote \u00e0 360 degr\u00e9s lorsque l&#8217;on joue de la musique.<\/p>\n<p>Remarque : le crochet au bas de la bo\u00eete \u00e0 musique sur lequel vous pouvez accrocher la croix semble \u00eatre de travers, mais c&#8217;est l&#8217;intention. Le mobile musical reste ainsi stable et tourne bien. La hauteur du porte-musique est de 66,5 cm. Le mobile musical est dot\u00e9 d&#8217;un interrupteur marche\/arr\u00eat et s&#8217;enroule \u00e0 l&#8217;aide du bouton rotatif.<\/p>\n","protected":false},"excerpt":{"rendered":"<p>Type : Mobile musical Baby &#8211; pour le bricolage Pi\u00e8ces :<\/p>\n<ul>\n<li>Vis de fixation<\/li>\n<li>Support en forme de J<\/li>\n<li>Bo\u00eete \u00e0 musique Somewhere over the Rainbow<\/li>\n<li>D\u00e9but &#8211; Fin<\/li>\n<li>Croix \u00e0 quatre pattes<\/li>\n<\/ul>\n<p>Couleur : blanc<\/p>\n","protected":false},"featured_media":82088,"template":"","meta":[],"product_brand":[],"product_cat":[12308,18371,7185],"product_tag":[12422,12425,12377,7401,12392,12381,12405,12370,12394,12426,7215,18372,12401,12407,12420,12383,12372,12387,7217],"class_list":{"0":"post-243778","1":"product","2":"type-product","3":"status-publish","4":"has-post-thumbnail","6":"product_cat-materiel-de-bricolage-et-de-crochet","7":"product_cat-musique-mobile","8":"product_cat-nouveaux-produits","9":"product_tag-4-pattes","10":"product_tag-a-quatre-pattes","11":"product_tag-amigurumi-fr","12":"product_tag-bebe","13":"product_tag-boite-a-musique-fr","14":"product_tag-boite-a-musique","15":"product_tag-boite-a-musique-fr-2","16":"product_tag-confirmer","17":"product_tag-cordon-de-serrage","18":"product_tag-croiser","19":"product_tag-faire","20":"product_tag-la-berceuse-de-schubert","21":"product_tag-lavable","22":"product_tag-main","23":"product_tag-musique-mobile","24":"product_tag-pendentifs","25":"product_tag-petit","26":"product_tag-son","27":"product_tag-toi-meme","28":"product_shipping_class-envoi-de-colis-necessaire","30":"first","31":"instock","32":"taxable","33":"shipping-taxable","34":"purchasable","35":"product-type-simple"},"bundled_by":[],"bundle_stock_status":"instock","bundle_stock_quantity":7,"bundle_virtual":false,"bundle_layout":"","bundle_add_to_cart_form_location":"","bundle_editable_in_cart":false,"bundle_sold_individually_context":"","bundle_item_grouping":"","bundle_min_size":"","bundle_max_size":"","bundle_price":[],"bundled_items":[],"bundle_sell_ids":[],"yoast_head":"<!-- This site is optimized with the Yoast SEO Premium plugin v27.4 (Yoast SEO v27.5) - https:\/\/yoast.com\/product\/yoast-seo-premium-wordpress\/ -->\n<title>Music mobile Baby - Make it yourself - Schubert&#039;s Lullaby | Jootjes<\/title>\n<meta name=\"description\" content=\"Mobile musical pour b\u00e9b\u00e9 avec bo\u00eete \u00e0 musique et croix \u00e0 quatre pattes pour cr\u00e9er vos propres pendentifs pour un mobile de b\u00e9b\u00e9 pour berceau ou parc.\" \/>\n<meta name=\"robots\" content=\"index, follow, max-snippet:-1, max-image-preview:large, max-video-preview:-1\" \/>\n<link rel=\"canonical\" href=\"https:\/\/www.jootjeshaakcadeautjes.nl\/fr\/produit\/mobile-musical-baby-somewhere-over-the-rainbow-kopie-kopie-kopie\/\" \/>\n<meta property=\"og:locale\" content=\"fr_FR\" \/>\n<meta property=\"og:type\" content=\"article\" \/>\n<meta property=\"og:title\" content=\"Mobile musical - B\u00e9b\u00e9 - Berceuse de Schubert\" \/>\n<meta property=\"og:description\" content=\"Mobile musical pour b\u00e9b\u00e9 avec bo\u00eete \u00e0 musique et croix \u00e0 quatre pattes pour cr\u00e9er vos propres pendentifs pour un mobile de b\u00e9b\u00e9 pour berceau ou parc.\" \/>\n<meta property=\"og:url\" content=\"https:\/\/www.jootjeshaakcadeautjes.nl\/fr\/produit\/mobile-musical-baby-somewhere-over-the-rainbow-kopie-kopie-kopie\/\" \/>\n<meta property=\"og:site_name\" content=\"Jootjes Haakcadeautjes\" \/>\n<meta property=\"article:modified_time\" content=\"2026-04-20T08:47:37+00:00\" \/>\n<meta property=\"og:image\" content=\"https:\/\/d1dyryakdmle7o.cloudfront.net\/wp-content\/uploads\/2022\/10\/Losse-muziekmobiel-houder.jpg\" \/>\n\t<meta property=\"og:image:width\" content=\"500\" \/>\n\t<meta property=\"og:image:height\" content=\"500\" \/>\n\t<meta property=\"og:image:type\" content=\"image\/jpeg\" \/>\n<meta name=\"twitter:card\" content=\"summary_large_image\" \/>\n<meta name=\"twitter:label1\" content=\"Prix\" \/>\n\t<meta name=\"twitter:data1\" content=\"&euro;15.95 TTC\" \/>\n\t<meta name=\"twitter:label2\" content=\"Disponibilit\u00e9\" \/>\n\t<meta name=\"twitter:data2\" content=\"En stock\" \/>\n<script type=\"application\/ld+json\" class=\"yoast-schema-graph\">{\"@context\":\"https:\\\/\\\/schema.org\",\"@graph\":[{\"@type\":\"WebPage\",\"@id\":\"https:\\\/\\\/www.jootjeshaakcadeautjes.nl\\\/fr\\\/produit\\\/mobile-musical-baby-somewhere-over-the-rainbow-kopie-kopie-kopie\\\/\",\"url\":\"https:\\\/\\\/www.jootjeshaakcadeautjes.nl\\\/fr\\\/produit\\\/mobile-musical-baby-somewhere-over-the-rainbow-kopie-kopie-kopie\\\/\",\"name\":\"Music mobile Baby - Make it yourself - Schubert's Lullaby | Jootjes\",\"isPartOf\":{\"@id\":\"https:\\\/\\\/www.jootjeshaakcadeautjes.nl\\\/fr\\\/#website\"},\"primaryImageOfPage\":{\"@id\":\"https:\\\/\\\/www.jootjeshaakcadeautjes.nl\\\/fr\\\/produit\\\/mobile-musical-baby-somewhere-over-the-rainbow-kopie-kopie-kopie\\\/#primaryimage\"},\"image\":{\"@id\":\"https:\\\/\\\/www.jootjeshaakcadeautjes.nl\\\/fr\\\/produit\\\/mobile-musical-baby-somewhere-over-the-rainbow-kopie-kopie-kopie\\\/#primaryimage\"},\"thumbnailUrl\":\"https:\\\/\\\/d1dyryakdmle7o.cloudfront.net\\\/wp-content\\\/uploads\\\/2022\\\/10\\\/Losse-muziekmobiel-houder.jpg\",\"datePublished\":\"2025-12-18T13:56:13+00:00\",\"dateModified\":\"2026-04-20T08:47:37+00:00\",\"description\":\"Mobile musical pour b\u00e9b\u00e9 avec bo\u00eete \u00e0 musique et croix \u00e0 quatre pattes pour cr\u00e9er vos propres pendentifs pour un mobile de b\u00e9b\u00e9 pour berceau ou parc.\",\"breadcrumb\":{\"@id\":\"https:\\\/\\\/www.jootjeshaakcadeautjes.nl\\\/fr\\\/produit\\\/mobile-musical-baby-somewhere-over-the-rainbow-kopie-kopie-kopie\\\/#breadcrumb\"},\"inLanguage\":\"fr-FR\",\"potentialAction\":[{\"@type\":\"ReadAction\",\"target\":[\"https:\\\/\\\/www.jootjeshaakcadeautjes.nl\\\/fr\\\/produit\\\/mobile-musical-baby-somewhere-over-the-rainbow-kopie-kopie-kopie\\\/\"]}]},{\"@type\":\"ImageObject\",\"inLanguage\":\"fr-FR\",\"@id\":\"https:\\\/\\\/www.jootjeshaakcadeautjes.nl\\\/fr\\\/produit\\\/mobile-musical-baby-somewhere-over-the-rainbow-kopie-kopie-kopie\\\/#primaryimage\",\"url\":\"https:\\\/\\\/d1dyryakdmle7o.cloudfront.net\\\/wp-content\\\/uploads\\\/2022\\\/10\\\/Losse-muziekmobiel-houder.jpg\",\"contentUrl\":\"https:\\\/\\\/d1dyryakdmle7o.cloudfront.net\\\/wp-content\\\/uploads\\\/2022\\\/10\\\/Losse-muziekmobiel-houder.jpg\",\"width\":500,\"height\":500,\"caption\":\"Mobile musical porte-b\u00e9b\u00e9 bo\u00eete \u00e0 musique standard avec bo\u00eete \u00e0 musique et croix\"},{\"@type\":\"BreadcrumbList\",\"@id\":\"https:\\\/\\\/www.jootjeshaakcadeautjes.nl\\\/fr\\\/produit\\\/mobile-musical-baby-somewhere-over-the-rainbow-kopie-kopie-kopie\\\/#breadcrumb\",\"itemListElement\":[{\"@type\":\"ListItem\",\"position\":1,\"name\":\"Accueil\",\"item\":\"https:\\\/\\\/www.jootjeshaakcadeautjes.nl\\\/fr\\\/\"},{\"@type\":\"ListItem\",\"position\":2,\"name\":\"Commerce de gros de perles en silicone &#8211; Entreprises et consommateurs\",\"item\":\"https:\\\/\\\/www.jootjeshaakcadeautjes.nl\\\/fr\\\/boutique\\\/\"},{\"@type\":\"ListItem\",\"position\":3,\"name\":\"Mobile musical &#8211; B\u00e9b\u00e9 &#8211; Berceuse de Schubert\"}]},{\"@type\":\"WebSite\",\"@id\":\"https:\\\/\\\/www.jootjeshaakcadeautjes.nl\\\/fr\\\/#website\",\"url\":\"https:\\\/\\\/www.jootjeshaakcadeautjes.nl\\\/fr\\\/\",\"name\":\"Jootjes Haakcadeautjes\",\"description\":\"Grossiste en perles de silicone\",\"publisher\":{\"@id\":\"https:\\\/\\\/www.jootjeshaakcadeautjes.nl\\\/fr\\\/#organization\"},\"potentialAction\":[{\"@type\":\"SearchAction\",\"target\":{\"@type\":\"EntryPoint\",\"urlTemplate\":\"https:\\\/\\\/www.jootjeshaakcadeautjes.nl\\\/fr\\\/?s={search_term_string}\"},\"query-input\":{\"@type\":\"PropertyValueSpecification\",\"valueRequired\":true,\"valueName\":\"search_term_string\"}}],\"inLanguage\":\"fr-FR\"},{\"@type\":\"Organization\",\"@id\":\"https:\\\/\\\/www.jootjeshaakcadeautjes.nl\\\/fr\\\/#organization\",\"name\":\"Jootjes Haakcadeautjes\",\"url\":\"https:\\\/\\\/www.jootjeshaakcadeautjes.nl\\\/fr\\\/\",\"logo\":{\"@type\":\"ImageObject\",\"inLanguage\":\"fr-FR\",\"@id\":\"https:\\\/\\\/www.jootjeshaakcadeautjes.nl\\\/fr\\\/#\\\/schema\\\/logo\\\/image\\\/\",\"url\":\"https:\\\/\\\/jootjes-haakcadeautjes-media.s3.amazonaws.com\\\/wp-content\\\/uploads\\\/2023\\\/05\\\/Logo-rond.png\",\"contentUrl\":\"https:\\\/\\\/jootjes-haakcadeautjes-media.s3.amazonaws.com\\\/wp-content\\\/uploads\\\/2023\\\/05\\\/Logo-rond.png\",\"width\":1222,\"height\":1222,\"caption\":\"Jootjes Haakcadeautjes\"},\"image\":{\"@id\":\"https:\\\/\\\/www.jootjeshaakcadeautjes.nl\\\/fr\\\/#\\\/schema\\\/logo\\\/image\\\/\"}}]}<\/script>\n<meta property=\"product:price:amount\" content=\"15.95\" \/>\n<meta property=\"product:price:currency\" content=\"EUR\" \/>\n<meta property=\"og:availability\" content=\"instock\" \/>\n<meta property=\"product:availability\" content=\"instock\" \/>\n<meta property=\"product:retailer_item_id\" content=\"MUZ-MOB-SLL\" \/>\n<meta property=\"product:condition\" content=\"new\" \/>\n<!-- \/ Yoast SEO Premium plugin. -->","yoast_head_json":{"title":"Music mobile Baby - Make it yourself - Schubert's Lullaby | Jootjes","description":"Mobile musical pour b\u00e9b\u00e9 avec bo\u00eete \u00e0 musique et croix \u00e0 quatre pattes pour cr\u00e9er vos propres pendentifs pour un mobile de b\u00e9b\u00e9 pour berceau ou parc.","robots":{"index":"index","follow":"follow","max-snippet":"max-snippet:-1","max-image-preview":"max-image-preview:large","max-video-preview":"max-video-preview:-1"},"canonical":"https:\/\/www.jootjeshaakcadeautjes.nl\/fr\/produit\/mobile-musical-baby-somewhere-over-the-rainbow-kopie-kopie-kopie\/","og_locale":"fr_FR","og_type":"article","og_title":"Mobile musical - B\u00e9b\u00e9 - Berceuse de Schubert","og_description":"Mobile musical pour b\u00e9b\u00e9 avec bo\u00eete \u00e0 musique et croix \u00e0 quatre pattes pour cr\u00e9er vos propres pendentifs pour un mobile de b\u00e9b\u00e9 pour berceau ou parc.","og_url":"https:\/\/www.jootjeshaakcadeautjes.nl\/fr\/produit\/mobile-musical-baby-somewhere-over-the-rainbow-kopie-kopie-kopie\/","og_site_name":"Jootjes Haakcadeautjes","article_modified_time":"2026-04-20T08:47:37+00:00","og_image":[{"width":500,"height":500,"url":"https:\/\/d1dyryakdmle7o.cloudfront.net\/wp-content\/uploads\/2022\/10\/Losse-muziekmobiel-houder.jpg","type":"image\/jpeg"}],"twitter_card":"summary_large_image","twitter_misc":{"Prix":"&euro;15.95 TTC","Disponibilit\u00e9":"En stock"},"schema":{"@context":"https:\/\/schema.org","@graph":[{"@type":"WebPage","@id":"https:\/\/www.jootjeshaakcadeautjes.nl\/fr\/produit\/mobile-musical-baby-somewhere-over-the-rainbow-kopie-kopie-kopie\/","url":"https:\/\/www.jootjeshaakcadeautjes.nl\/fr\/produit\/mobile-musical-baby-somewhere-over-the-rainbow-kopie-kopie-kopie\/","name":"Music mobile Baby - Make it yourself - Schubert's Lullaby | Jootjes","isPartOf":{"@id":"https:\/\/www.jootjeshaakcadeautjes.nl\/fr\/#website"},"primaryImageOfPage":{"@id":"https:\/\/www.jootjeshaakcadeautjes.nl\/fr\/produit\/mobile-musical-baby-somewhere-over-the-rainbow-kopie-kopie-kopie\/#primaryimage"},"image":{"@id":"https:\/\/www.jootjeshaakcadeautjes.nl\/fr\/produit\/mobile-musical-baby-somewhere-over-the-rainbow-kopie-kopie-kopie\/#primaryimage"},"thumbnailUrl":"https:\/\/d1dyryakdmle7o.cloudfront.net\/wp-content\/uploads\/2022\/10\/Losse-muziekmobiel-houder.jpg","datePublished":"2025-12-18T13:56:13+00:00","dateModified":"2026-04-20T08:47:37+00:00","description":"Mobile musical pour b\u00e9b\u00e9 avec bo\u00eete \u00e0 musique et croix \u00e0 quatre pattes pour cr\u00e9er vos propres pendentifs pour un mobile de b\u00e9b\u00e9 pour berceau ou parc.","breadcrumb":{"@id":"https:\/\/www.jootjeshaakcadeautjes.nl\/fr\/produit\/mobile-musical-baby-somewhere-over-the-rainbow-kopie-kopie-kopie\/#breadcrumb"},"inLanguage":"fr-FR","potentialAction":[{"@type":"ReadAction","target":["https:\/\/www.jootjeshaakcadeautjes.nl\/fr\/produit\/mobile-musical-baby-somewhere-over-the-rainbow-kopie-kopie-kopie\/"]}]},{"@type":"ImageObject","inLanguage":"fr-FR","@id":"https:\/\/www.jootjeshaakcadeautjes.nl\/fr\/produit\/mobile-musical-baby-somewhere-over-the-rainbow-kopie-kopie-kopie\/#primaryimage","url":"https:\/\/d1dyryakdmle7o.cloudfront.net\/wp-content\/uploads\/2022\/10\/Losse-muziekmobiel-houder.jpg","contentUrl":"https:\/\/d1dyryakdmle7o.cloudfront.net\/wp-content\/uploads\/2022\/10\/Losse-muziekmobiel-houder.jpg","width":500,"height":500,"caption":"Mobile musical porte-b\u00e9b\u00e9 bo\u00eete \u00e0 musique standard avec bo\u00eete \u00e0 musique et croix"},{"@type":"BreadcrumbList","@id":"https:\/\/www.jootjeshaakcadeautjes.nl\/fr\/produit\/mobile-musical-baby-somewhere-over-the-rainbow-kopie-kopie-kopie\/#breadcrumb","itemListElement":[{"@type":"ListItem","position":1,"name":"Accueil","item":"https:\/\/www.jootjeshaakcadeautjes.nl\/fr\/"},{"@type":"ListItem","position":2,"name":"Commerce de gros de perles en silicone &#8211; Entreprises et consommateurs","item":"https:\/\/www.jootjeshaakcadeautjes.nl\/fr\/boutique\/"},{"@type":"ListItem","position":3,"name":"Mobile musical &#8211; B\u00e9b\u00e9 &#8211; Berceuse de Schubert"}]},{"@type":"WebSite","@id":"https:\/\/www.jootjeshaakcadeautjes.nl\/fr\/#website","url":"https:\/\/www.jootjeshaakcadeautjes.nl\/fr\/","name":"Jootjes Haakcadeautjes","description":"Grossiste en perles de silicone","publisher":{"@id":"https:\/\/www.jootjeshaakcadeautjes.nl\/fr\/#organization"},"potentialAction":[{"@type":"SearchAction","target":{"@type":"EntryPoint","urlTemplate":"https:\/\/www.jootjeshaakcadeautjes.nl\/fr\/?s={search_term_string}"},"query-input":{"@type":"PropertyValueSpecification","valueRequired":true,"valueName":"search_term_string"}}],"inLanguage":"fr-FR"},{"@type":"Organization","@id":"https:\/\/www.jootjeshaakcadeautjes.nl\/fr\/#organization","name":"Jootjes Haakcadeautjes","url":"https:\/\/www.jootjeshaakcadeautjes.nl\/fr\/","logo":{"@type":"ImageObject","inLanguage":"fr-FR","@id":"https:\/\/www.jootjeshaakcadeautjes.nl\/fr\/#\/schema\/logo\/image\/","url":"https:\/\/jootjes-haakcadeautjes-media.s3.amazonaws.com\/wp-content\/uploads\/2023\/05\/Logo-rond.png","contentUrl":"https:\/\/jootjes-haakcadeautjes-media.s3.amazonaws.com\/wp-content\/uploads\/2023\/05\/Logo-rond.png","width":1222,"height":1222,"caption":"Jootjes Haakcadeautjes"},"image":{"@id":"https:\/\/www.jootjeshaakcadeautjes.nl\/fr\/#\/schema\/logo\/image\/"}}]},"product_price_amount":"15.95","product_price_currency":"EUR","og_availability":"instock","product_availability":"instock","product_retailer_item_id":"MUZ-MOB-SLL","product_condition":"new"},"_links":{"self":[{"href":"https:\/\/www.jootjeshaakcadeautjes.nl\/fr\/wp-json\/wp\/v2\/product\/243778","targetHints":{"allow":["GET"]}}],"collection":[{"href":"https:\/\/www.jootjeshaakcadeautjes.nl\/fr\/wp-json\/wp\/v2\/product"}],"about":[{"href":"https:\/\/www.jootjeshaakcadeautjes.nl\/fr\/wp-json\/wp\/v2\/types\/product"}],"version-history":[{"count":1,"href":"https:\/\/www.jootjeshaakcadeautjes.nl\/fr\/wp-json\/wp\/v2\/product\/243778\/revisions"}],"predecessor-version":[{"id":278988,"href":"https:\/\/www.jootjeshaakcadeautjes.nl\/fr\/wp-json\/wp\/v2\/product\/243778\/revisions\/278988"}],"wp:featuredmedia":[{"embeddable":true,"href":"https:\/\/www.jootjeshaakcadeautjes.nl\/fr\/wp-json\/wp\/v2\/media\/82088"}],"wp:attachment":[{"href":"https:\/\/www.jootjeshaakcadeautjes.nl\/fr\/wp-json\/wp\/v2\/media?parent=243778"}],"wp:term":[{"taxonomy":"product_brand","embeddable":true,"href":"https:\/\/www.jootjeshaakcadeautjes.nl\/fr\/wp-json\/wp\/v2\/product_brand?post=243778"},{"taxonomy":"product_cat","embeddable":true,"href":"https:\/\/www.jootjeshaakcadeautjes.nl\/fr\/wp-json\/wp\/v2\/product_cat?post=243778"},{"taxonomy":"product_tag","embeddable":true,"href":"https:\/\/www.jootjeshaakcadeautjes.nl\/fr\/wp-json\/wp\/v2\/product_tag?post=243778"}],"curies":[{"name":"wp","href":"https:\/\/api.w.org\/{rel}","templated":true}]}}