{"id":244095,"date":"2025-12-18T14:58:13","date_gmt":"2025-12-18T12:58:13","guid":{"rendered":"https:\/\/www.jootjeshaakcadeautjes.nl\/?post_type=product&#038;p=244095"},"modified":"2026-04-20T10:47:54","modified_gmt":"2026-04-20T08:47:54","slug":"boite-a-musique-lavable-you-are-so-beautiful-kopie-kopie-kopie-kopie-kopie","status":"publish","type":"product","link":"https:\/\/www.jootjeshaakcadeautjes.nl\/fr\/produit\/boite-a-musique-lavable-you-are-so-beautiful-kopie-kopie-kopie-kopie-kopie\/","title":{"rendered":"Bo\u00eete \u00e0 musique Lavable &#8211; Dormir Enfant Dormir"},"content":{"rendered":"<h1>Bo\u00eete \u00e0 musique La Belle au bois dormant &#8211; Lavable \u00e0 la main<\/h1>\n<p>Bo\u00eete \u00e0 musique avec la chanson Sleep Child Sleep. La bo\u00eete \u00e0 musique est livr\u00e9e avec un cordon de serrage et une poign\u00e9e. La bo\u00eete \u00e0 musique est lavable \u00e0 la main, pas en machine. Temp\u00e9rature maximale de 40 degr\u00e9s.   <\/p>\n<p>Cette bo\u00eete \u00e0 musique est parfaite pour les peluches au crochet, les amigurumi ou autres cadeaux de maternit\u00e9 faits maison.<\/p>\n","protected":false},"excerpt":{"rendered":"<p>Bo\u00eete \u00e0 musique Sleep Child Sleep<br \/>\nBlanc, avec cordon et poign\u00e9e.<br \/>\nTaille : 55 x 42 x 38 mm<\/p>\n<p>Lavable \u00e0 la main, maximum 40 degr\u00e9s.<br \/>\nNon lavable en machine.<\/p>\n","protected":false},"featured_media":234852,"template":"","meta":[],"product_brand":[],"product_cat":[12366,12308],"product_tag":[12377,7401,12392,12394,12401,13572,13626,10062,18512,12387],"class_list":{"0":"post-244095","1":"product","2":"type-product","3":"status-publish","4":"has-post-thumbnail","6":"product_cat-boites-a-musique","7":"product_cat-materiel-de-bricolage-et-de-crochet","8":"product_tag-amigurumi-fr","9":"product_tag-bebe","10":"product_tag-boite-a-musique-fr","11":"product_tag-cordon-de-serrage","12":"product_tag-lavable","13":"product_tag-lavage-a-la-main","14":"product_tag-les-fr-2","15":"product_tag-les-fr","16":"product_tag-sommeil-de-lenfant","17":"product_tag-son","18":"product_shipping_class-envoi-de-colis-necessaire","20":"first","21":"outofstock","22":"taxable","23":"shipping-taxable","24":"purchasable","25":"product-type-simple"},"bundled_by":[],"bundle_stock_status":"outofstock","bundle_stock_quantity":0,"bundle_virtual":false,"bundle_layout":"","bundle_add_to_cart_form_location":"","bundle_editable_in_cart":false,"bundle_sold_individually_context":"","bundle_item_grouping":"","bundle_min_size":"","bundle_max_size":"","bundle_price":[],"bundled_items":[],"bundle_sell_ids":[],"yoast_head":"<!-- This site is optimized with the Yoast SEO Premium plugin v27.6 (Yoast SEO v27.6) - https:\/\/yoast.com\/product\/yoast-seo-premium-wordpress\/ -->\n<title>Bo\u00eete \u00e0 musique lavable - Sleep Child Sleep |Jootjes<\/title>\n<meta name=\"description\" content=\"Bo\u00eete \u00e0 musique lavable Sommeil enfant pour crochet \/ amigurumi, peluches fait main ou cadeau de maternit\u00e9. Lecture sans interruption.\" \/>\n<meta name=\"robots\" content=\"index, follow, max-snippet:-1, max-image-preview:large, max-video-preview:-1\" \/>\n<link rel=\"canonical\" href=\"https:\/\/www.jootjeshaakcadeautjes.nl\/fr\/produit\/boite-a-musique-lavable-you-are-so-beautiful-kopie-kopie-kopie-kopie-kopie\/\" \/>\n<meta property=\"og:locale\" content=\"fr_FR\" \/>\n<meta property=\"og:type\" content=\"article\" \/>\n<meta property=\"og:title\" content=\"Bo\u00eete \u00e0 musique Lavable - Dormir Enfant Dormir\" \/>\n<meta property=\"og:description\" content=\"Bo\u00eete \u00e0 musique lavable Sommeil enfant pour crochet \/ amigurumi, peluches fait main ou cadeau de maternit\u00e9. Lecture sans interruption.\" \/>\n<meta property=\"og:url\" content=\"https:\/\/www.jootjeshaakcadeautjes.nl\/fr\/produit\/boite-a-musique-lavable-you-are-so-beautiful-kopie-kopie-kopie-kopie-kopie\/\" \/>\n<meta property=\"og:site_name\" content=\"Jootjes Haakcadeautjes\" \/>\n<meta property=\"article:modified_time\" content=\"2026-04-20T08:47:54+00:00\" \/>\n<meta property=\"og:image\" content=\"https:\/\/d1dyryakdmle7o.cloudfront.net\/wp-content\/uploads\/2025\/06\/Naamloos-1509.webp\" \/>\n\t<meta property=\"og:image:width\" content=\"2048\" \/>\n\t<meta property=\"og:image:height\" content=\"2048\" \/>\n\t<meta property=\"og:image:type\" content=\"image\/webp\" \/>\n<meta name=\"twitter:card\" content=\"summary_large_image\" \/>\n<meta name=\"twitter:label1\" content=\"Prix\" \/>\n\t<meta name=\"twitter:data1\" content=\"&euro;6.45 TTC\" \/>\n\t<meta name=\"twitter:label2\" content=\"Disponibilit\u00e9\" \/>\n\t<meta name=\"twitter:data2\" content=\"Rupture de stock\" \/>\n<script type=\"application\/ld+json\" class=\"yoast-schema-graph\">{\"@context\":\"https:\\\/\\\/schema.org\",\"@graph\":[{\"@type\":\"WebPage\",\"@id\":\"https:\\\/\\\/www.jootjeshaakcadeautjes.nl\\\/fr\\\/produit\\\/boite-a-musique-lavable-you-are-so-beautiful-kopie-kopie-kopie-kopie-kopie\\\/\",\"url\":\"https:\\\/\\\/www.jootjeshaakcadeautjes.nl\\\/fr\\\/produit\\\/boite-a-musique-lavable-you-are-so-beautiful-kopie-kopie-kopie-kopie-kopie\\\/\",\"name\":\"Bo\u00eete \u00e0 musique lavable - Sleep Child Sleep |Jootjes\",\"isPartOf\":{\"@id\":\"https:\\\/\\\/www.jootjeshaakcadeautjes.nl\\\/fr\\\/#website\"},\"primaryImageOfPage\":{\"@id\":\"https:\\\/\\\/www.jootjeshaakcadeautjes.nl\\\/fr\\\/produit\\\/boite-a-musique-lavable-you-are-so-beautiful-kopie-kopie-kopie-kopie-kopie\\\/#primaryimage\"},\"image\":{\"@id\":\"https:\\\/\\\/www.jootjeshaakcadeautjes.nl\\\/fr\\\/produit\\\/boite-a-musique-lavable-you-are-so-beautiful-kopie-kopie-kopie-kopie-kopie\\\/#primaryimage\"},\"thumbnailUrl\":\"https:\\\/\\\/d1dyryakdmle7o.cloudfront.net\\\/wp-content\\\/uploads\\\/2025\\\/06\\\/Naamloos-1509.webp\",\"datePublished\":\"2025-12-18T12:58:13+00:00\",\"dateModified\":\"2026-04-20T08:47:54+00:00\",\"description\":\"Bo\u00eete \u00e0 musique lavable Sommeil enfant pour crochet \\\/ amigurumi, peluches fait main ou cadeau de maternit\u00e9. Lecture sans interruption.\",\"breadcrumb\":{\"@id\":\"https:\\\/\\\/www.jootjeshaakcadeautjes.nl\\\/fr\\\/produit\\\/boite-a-musique-lavable-you-are-so-beautiful-kopie-kopie-kopie-kopie-kopie\\\/#breadcrumb\"},\"inLanguage\":\"fr-FR\",\"potentialAction\":[{\"@type\":\"ReadAction\",\"target\":[\"https:\\\/\\\/www.jootjeshaakcadeautjes.nl\\\/fr\\\/produit\\\/boite-a-musique-lavable-you-are-so-beautiful-kopie-kopie-kopie-kopie-kopie\\\/\"]}]},{\"@type\":\"ImageObject\",\"inLanguage\":\"fr-FR\",\"@id\":\"https:\\\/\\\/www.jootjeshaakcadeautjes.nl\\\/fr\\\/produit\\\/boite-a-musique-lavable-you-are-so-beautiful-kopie-kopie-kopie-kopie-kopie\\\/#primaryimage\",\"url\":\"https:\\\/\\\/d1dyryakdmle7o.cloudfront.net\\\/wp-content\\\/uploads\\\/2025\\\/06\\\/Naamloos-1509.webp\",\"contentUrl\":\"https:\\\/\\\/d1dyryakdmle7o.cloudfront.net\\\/wp-content\\\/uploads\\\/2025\\\/06\\\/Naamloos-1509.webp\",\"width\":2048,\"height\":2048},{\"@type\":\"BreadcrumbList\",\"@id\":\"https:\\\/\\\/www.jootjeshaakcadeautjes.nl\\\/fr\\\/produit\\\/boite-a-musique-lavable-you-are-so-beautiful-kopie-kopie-kopie-kopie-kopie\\\/#breadcrumb\",\"itemListElement\":[{\"@type\":\"ListItem\",\"position\":1,\"name\":\"Accueil\",\"item\":\"https:\\\/\\\/www.jootjeshaakcadeautjes.nl\\\/fr\\\/\"},{\"@type\":\"ListItem\",\"position\":2,\"name\":\"Commerce de gros de perles en silicone &#8211; Entreprises et consommateurs\",\"item\":\"https:\\\/\\\/www.jootjeshaakcadeautjes.nl\\\/fr\\\/boutique\\\/\"},{\"@type\":\"ListItem\",\"position\":3,\"name\":\"Priv\u00e9: Bo\u00eete \u00e0 musique Lavable &#8211; Dormir Enfant Dormir\"}]},{\"@type\":\"WebSite\",\"@id\":\"https:\\\/\\\/www.jootjeshaakcadeautjes.nl\\\/fr\\\/#website\",\"url\":\"https:\\\/\\\/www.jootjeshaakcadeautjes.nl\\\/fr\\\/\",\"name\":\"Jootjes Haakcadeautjes\",\"description\":\"Grossiste en perles de silicone\",\"publisher\":{\"@id\":\"https:\\\/\\\/www.jootjeshaakcadeautjes.nl\\\/fr\\\/#organization\"},\"potentialAction\":[{\"@type\":\"SearchAction\",\"target\":{\"@type\":\"EntryPoint\",\"urlTemplate\":\"https:\\\/\\\/www.jootjeshaakcadeautjes.nl\\\/fr\\\/?s={search_term_string}\"},\"query-input\":{\"@type\":\"PropertyValueSpecification\",\"valueRequired\":true,\"valueName\":\"search_term_string\"}}],\"inLanguage\":\"fr-FR\"},{\"@type\":\"Organization\",\"@id\":\"https:\\\/\\\/www.jootjeshaakcadeautjes.nl\\\/fr\\\/#organization\",\"name\":\"Jootjes Haakcadeautjes\",\"url\":\"https:\\\/\\\/www.jootjeshaakcadeautjes.nl\\\/fr\\\/\",\"logo\":{\"@type\":\"ImageObject\",\"inLanguage\":\"fr-FR\",\"@id\":\"https:\\\/\\\/www.jootjeshaakcadeautjes.nl\\\/fr\\\/#\\\/schema\\\/logo\\\/image\\\/\",\"url\":\"https:\\\/\\\/d1dyryakdmle7o.cloudfront.net\\\/wp-content\\\/uploads\\\/2023\\\/05\\\/Logo-rond.png\",\"contentUrl\":\"https:\\\/\\\/d1dyryakdmle7o.cloudfront.net\\\/wp-content\\\/uploads\\\/2023\\\/05\\\/Logo-rond.png\",\"width\":1222,\"height\":1222,\"caption\":\"Jootjes Haakcadeautjes\"},\"image\":{\"@id\":\"https:\\\/\\\/www.jootjeshaakcadeautjes.nl\\\/fr\\\/#\\\/schema\\\/logo\\\/image\\\/\"}}]}<\/script>\n<meta property=\"product:price:amount\" content=\"6.45\" \/>\n<meta property=\"product:price:currency\" content=\"EUR\" \/>\n<meta property=\"og:availability\" content=\"out of stock\" \/>\n<meta property=\"product:availability\" content=\"out of stock\" \/>\n<meta property=\"product:retailer_item_id\" content=\"MUZ-DOO-SKS\" \/>\n<meta property=\"product:condition\" content=\"new\" \/>\n<!-- \/ Yoast SEO Premium plugin. -->","yoast_head_json":{"title":"Bo\u00eete \u00e0 musique lavable - Sleep Child Sleep |Jootjes","description":"Bo\u00eete \u00e0 musique lavable Sommeil enfant pour crochet \/ amigurumi, peluches fait main ou cadeau de maternit\u00e9. Lecture sans interruption.","robots":{"index":"index","follow":"follow","max-snippet":"max-snippet:-1","max-image-preview":"max-image-preview:large","max-video-preview":"max-video-preview:-1"},"canonical":"https:\/\/www.jootjeshaakcadeautjes.nl\/fr\/produit\/boite-a-musique-lavable-you-are-so-beautiful-kopie-kopie-kopie-kopie-kopie\/","og_locale":"fr_FR","og_type":"article","og_title":"Bo\u00eete \u00e0 musique Lavable - Dormir Enfant Dormir","og_description":"Bo\u00eete \u00e0 musique lavable Sommeil enfant pour crochet \/ amigurumi, peluches fait main ou cadeau de maternit\u00e9. Lecture sans interruption.","og_url":"https:\/\/www.jootjeshaakcadeautjes.nl\/fr\/produit\/boite-a-musique-lavable-you-are-so-beautiful-kopie-kopie-kopie-kopie-kopie\/","og_site_name":"Jootjes Haakcadeautjes","article_modified_time":"2026-04-20T08:47:54+00:00","og_image":[{"width":2048,"height":2048,"url":"https:\/\/d1dyryakdmle7o.cloudfront.net\/wp-content\/uploads\/2025\/06\/Naamloos-1509.webp","type":"image\/webp"}],"twitter_card":"summary_large_image","twitter_misc":{"Prix":"&euro;6.45 TTC","Disponibilit\u00e9":"Rupture de stock"},"schema":{"@context":"https:\/\/schema.org","@graph":[{"@type":"WebPage","@id":"https:\/\/www.jootjeshaakcadeautjes.nl\/fr\/produit\/boite-a-musique-lavable-you-are-so-beautiful-kopie-kopie-kopie-kopie-kopie\/","url":"https:\/\/www.jootjeshaakcadeautjes.nl\/fr\/produit\/boite-a-musique-lavable-you-are-so-beautiful-kopie-kopie-kopie-kopie-kopie\/","name":"Bo\u00eete \u00e0 musique lavable - Sleep Child Sleep |Jootjes","isPartOf":{"@id":"https:\/\/www.jootjeshaakcadeautjes.nl\/fr\/#website"},"primaryImageOfPage":{"@id":"https:\/\/www.jootjeshaakcadeautjes.nl\/fr\/produit\/boite-a-musique-lavable-you-are-so-beautiful-kopie-kopie-kopie-kopie-kopie\/#primaryimage"},"image":{"@id":"https:\/\/www.jootjeshaakcadeautjes.nl\/fr\/produit\/boite-a-musique-lavable-you-are-so-beautiful-kopie-kopie-kopie-kopie-kopie\/#primaryimage"},"thumbnailUrl":"https:\/\/d1dyryakdmle7o.cloudfront.net\/wp-content\/uploads\/2025\/06\/Naamloos-1509.webp","datePublished":"2025-12-18T12:58:13+00:00","dateModified":"2026-04-20T08:47:54+00:00","description":"Bo\u00eete \u00e0 musique lavable Sommeil enfant pour crochet \/ amigurumi, peluches fait main ou cadeau de maternit\u00e9. Lecture sans interruption.","breadcrumb":{"@id":"https:\/\/www.jootjeshaakcadeautjes.nl\/fr\/produit\/boite-a-musique-lavable-you-are-so-beautiful-kopie-kopie-kopie-kopie-kopie\/#breadcrumb"},"inLanguage":"fr-FR","potentialAction":[{"@type":"ReadAction","target":["https:\/\/www.jootjeshaakcadeautjes.nl\/fr\/produit\/boite-a-musique-lavable-you-are-so-beautiful-kopie-kopie-kopie-kopie-kopie\/"]}]},{"@type":"ImageObject","inLanguage":"fr-FR","@id":"https:\/\/www.jootjeshaakcadeautjes.nl\/fr\/produit\/boite-a-musique-lavable-you-are-so-beautiful-kopie-kopie-kopie-kopie-kopie\/#primaryimage","url":"https:\/\/d1dyryakdmle7o.cloudfront.net\/wp-content\/uploads\/2025\/06\/Naamloos-1509.webp","contentUrl":"https:\/\/d1dyryakdmle7o.cloudfront.net\/wp-content\/uploads\/2025\/06\/Naamloos-1509.webp","width":2048,"height":2048},{"@type":"BreadcrumbList","@id":"https:\/\/www.jootjeshaakcadeautjes.nl\/fr\/produit\/boite-a-musique-lavable-you-are-so-beautiful-kopie-kopie-kopie-kopie-kopie\/#breadcrumb","itemListElement":[{"@type":"ListItem","position":1,"name":"Accueil","item":"https:\/\/www.jootjeshaakcadeautjes.nl\/fr\/"},{"@type":"ListItem","position":2,"name":"Commerce de gros de perles en silicone &#8211; Entreprises et consommateurs","item":"https:\/\/www.jootjeshaakcadeautjes.nl\/fr\/boutique\/"},{"@type":"ListItem","position":3,"name":"Priv\u00e9: Bo\u00eete \u00e0 musique Lavable &#8211; Dormir Enfant Dormir"}]},{"@type":"WebSite","@id":"https:\/\/www.jootjeshaakcadeautjes.nl\/fr\/#website","url":"https:\/\/www.jootjeshaakcadeautjes.nl\/fr\/","name":"Jootjes Haakcadeautjes","description":"Grossiste en perles de silicone","publisher":{"@id":"https:\/\/www.jootjeshaakcadeautjes.nl\/fr\/#organization"},"potentialAction":[{"@type":"SearchAction","target":{"@type":"EntryPoint","urlTemplate":"https:\/\/www.jootjeshaakcadeautjes.nl\/fr\/?s={search_term_string}"},"query-input":{"@type":"PropertyValueSpecification","valueRequired":true,"valueName":"search_term_string"}}],"inLanguage":"fr-FR"},{"@type":"Organization","@id":"https:\/\/www.jootjeshaakcadeautjes.nl\/fr\/#organization","name":"Jootjes Haakcadeautjes","url":"https:\/\/www.jootjeshaakcadeautjes.nl\/fr\/","logo":{"@type":"ImageObject","inLanguage":"fr-FR","@id":"https:\/\/www.jootjeshaakcadeautjes.nl\/fr\/#\/schema\/logo\/image\/","url":"https:\/\/d1dyryakdmle7o.cloudfront.net\/wp-content\/uploads\/2023\/05\/Logo-rond.png","contentUrl":"https:\/\/d1dyryakdmle7o.cloudfront.net\/wp-content\/uploads\/2023\/05\/Logo-rond.png","width":1222,"height":1222,"caption":"Jootjes Haakcadeautjes"},"image":{"@id":"https:\/\/www.jootjeshaakcadeautjes.nl\/fr\/#\/schema\/logo\/image\/"}}]},"product_price_amount":"6.45","product_price_currency":"EUR","og_availability":"out of stock","product_availability":"out of stock","product_retailer_item_id":"MUZ-DOO-SKS","product_condition":"new"},"_links":{"self":[{"href":"https:\/\/www.jootjeshaakcadeautjes.nl\/fr\/wp-json\/wp\/v2\/product\/244095","targetHints":{"allow":["GET"]}}],"collection":[{"href":"https:\/\/www.jootjeshaakcadeautjes.nl\/fr\/wp-json\/wp\/v2\/product"}],"about":[{"href":"https:\/\/www.jootjeshaakcadeautjes.nl\/fr\/wp-json\/wp\/v2\/types\/product"}],"version-history":[{"count":1,"href":"https:\/\/www.jootjeshaakcadeautjes.nl\/fr\/wp-json\/wp\/v2\/product\/244095\/revisions"}],"predecessor-version":[{"id":279010,"href":"https:\/\/www.jootjeshaakcadeautjes.nl\/fr\/wp-json\/wp\/v2\/product\/244095\/revisions\/279010"}],"wp:featuredmedia":[{"embeddable":true,"href":"https:\/\/www.jootjeshaakcadeautjes.nl\/fr\/wp-json\/wp\/v2\/media\/234852"}],"wp:attachment":[{"href":"https:\/\/www.jootjeshaakcadeautjes.nl\/fr\/wp-json\/wp\/v2\/media?parent=244095"}],"wp:term":[{"taxonomy":"product_brand","embeddable":true,"href":"https:\/\/www.jootjeshaakcadeautjes.nl\/fr\/wp-json\/wp\/v2\/product_brand?post=244095"},{"taxonomy":"product_cat","embeddable":true,"href":"https:\/\/www.jootjeshaakcadeautjes.nl\/fr\/wp-json\/wp\/v2\/product_cat?post=244095"},{"taxonomy":"product_tag","embeddable":true,"href":"https:\/\/www.jootjeshaakcadeautjes.nl\/fr\/wp-json\/wp\/v2\/product_tag?post=244095"}],"curies":[{"name":"wp","href":"https:\/\/api.w.org\/{rel}","templated":true}]}}