{"id":251236,"date":"2026-05-08T15:17:30","date_gmt":"2026-05-08T13:17:30","guid":{"rendered":"https:\/\/www.jootjeshaakcadeautjes.nl\/?post_type=product&#038;p=251236"},"modified":"2026-05-08T15:17:31","modified_gmt":"2026-05-08T13:17:31","slug":"perle-de-silicone-citrouille-10-mm-x-25-mm-pepite-verte-kopie","status":"publish","type":"product","link":"https:\/\/www.jootjeshaakcadeautjes.nl\/fr\/produit\/perle-de-silicone-citrouille-10-mm-x-25-mm-pepite-verte-kopie\/","title":{"rendered":"Perle de silicone &#8211; citrouille &#8211; 10 mm x 25 mm &#8211; p\u00e9pite verte (kopie)"},"content":{"rendered":"<h2>Perle de silicone &#8211; citrouille &#8211; 10 mm x 25 mm &#8211; p\u00e9pite verte<\/h2>\n<p>Ces perles en forme de citrouille s&#8217;int\u00e8grent \u00e0 merveille dans votre cordon de t\u00e9tine, votre porte-cl\u00e9s, votre anneau de dentition et bien plus encore. Les perles ont une forme similaire \u00e0 celle d&#8217;un boulier, mais avec une nervure en forme de fleur. <\/p>\n<p>Taille 10 x 25 mm<\/p>\n","protected":false},"excerpt":{"rendered":"<p>Code couleur : P\u00e9pite verte<br \/>\nTaille : 10 mm x 25 mm<br \/>\nType : Citrouille<\/p>\n","protected":false},"featured_media":234128,"template":"","meta":[],"product_brand":[],"product_cat":[7378,7192,7185,14424,6992],"product_tag":[13231,7476,7384,7401,7424,10079,7455,7463,7418,7440,17771,7200,7619,7212,7408],"class_list":{"0":"post-251236","1":"product","2":"type-product","3":"status-publish","4":"has-post-thumbnail","6":"product_cat-fabrication-de-jouets-de-dentition-pour-bebe-cordon-de-sucette-et-anneaux-de-dentition","7":"product_cat-gamme-complete","8":"product_cat-nouveaux-produits","9":"product_cat-perles-en-silicone-citrouille-10-mm-x-25-mm","10":"product_cat-perles-en-silicone-sans-bpa-grossiste","11":"product_tag-25-mm-fr","12":"product_tag-acheter","13":"product_tag-anneau-de-dentition","14":"product_tag-bebe","15":"product_tag-bpa-fr","16":"product_tag-cadeau-de-maternite","17":"product_tag-chaine-de-landau","18":"product_tag-commerce-de-gros","19":"product_tag-faux-cordon","20":"product_tag-gratuit","21":"product_tag-pepite-verte","22":"product_tag-perles","23":"product_tag-porte-cles","24":"product_tag-silicone-fr","25":"product_tag-sur","27":"first","28":"instock","29":"taxable","30":"shipping-taxable","31":"purchasable","32":"product-type-simple"},"bundled_by":[],"bundle_stock_status":"instock","bundle_stock_quantity":945,"bundle_virtual":false,"bundle_layout":"","bundle_add_to_cart_form_location":"","bundle_editable_in_cart":false,"bundle_sold_individually_context":"","bundle_item_grouping":"","bundle_min_size":"","bundle_max_size":"","bundle_price":[],"bundled_items":[],"bundle_sell_ids":[],"yoast_head":"<!-- This site is optimized with the Yoast SEO Premium plugin v27.4 (Yoast SEO v27.5) - https:\/\/yoast.com\/product\/yoast-seo-premium-wordpress\/ -->\n<title>Perles en silicone en forme de citrouille, Green Nugget | Jootjes<\/title>\n<meta name=\"description\" content=\"Perles en silicone en forme de citrouille, 10 mm x 25 mm - Green Nugget. Ces perles constituent un merveilleux changement pour le cordon de la t\u00e9tine. | Jootjes\" \/>\n<meta name=\"robots\" content=\"index, follow, max-snippet:-1, max-image-preview:large, max-video-preview:-1\" \/>\n<link rel=\"canonical\" href=\"https:\/\/www.jootjeshaakcadeautjes.nl\/fr\/produit\/perle-de-silicone-citrouille-10-mm-x-25-mm-pepite-verte-kopie\/\" \/>\n<meta property=\"og:locale\" content=\"fr_FR\" \/>\n<meta property=\"og:type\" content=\"article\" \/>\n<meta property=\"og:title\" content=\"Perle de silicone - citrouille - 10 mm x 25 mm - p\u00e9pite verte (kopie)\" \/>\n<meta property=\"og:description\" content=\"Perles en silicone en forme de citrouille, 10 mm x 25 mm - Green Nugget. Ces perles constituent un merveilleux changement pour le cordon de la t\u00e9tine. | Jootjes\" \/>\n<meta property=\"og:url\" content=\"https:\/\/www.jootjeshaakcadeautjes.nl\/fr\/produit\/perle-de-silicone-citrouille-10-mm-x-25-mm-pepite-verte-kopie\/\" \/>\n<meta property=\"og:site_name\" content=\"Jootjes Haakcadeautjes\" \/>\n<meta property=\"article:modified_time\" content=\"2026-05-08T13:17:31+00:00\" \/>\n<meta property=\"og:image\" content=\"https:\/\/www.jootjeshaakcadeautjes.nl\/wp-content\/uploads\/2025\/06\/Naamloos-1498.webp\" \/>\n\t<meta property=\"og:image:width\" content=\"2048\" \/>\n\t<meta property=\"og:image:height\" content=\"2048\" \/>\n\t<meta property=\"og:image:type\" content=\"image\/webp\" \/>\n<meta name=\"twitter:card\" content=\"summary_large_image\" \/>\n<meta name=\"twitter:label1\" content=\"Prix\" \/>\n\t<meta name=\"twitter:data1\" content=\"&euro;0.68 TTC\" \/>\n\t<meta name=\"twitter:label2\" content=\"Disponibilit\u00e9\" \/>\n\t<meta name=\"twitter:data2\" content=\"En stock\" \/>\n<script type=\"application\/ld+json\" class=\"yoast-schema-graph\">{\"@context\":\"https:\\\/\\\/schema.org\",\"@graph\":[{\"@type\":\"WebPage\",\"@id\":\"https:\\\/\\\/www.jootjeshaakcadeautjes.nl\\\/fr\\\/produit\\\/perle-de-silicone-citrouille-10-mm-x-25-mm-pepite-verte-kopie\\\/\",\"url\":\"https:\\\/\\\/www.jootjeshaakcadeautjes.nl\\\/fr\\\/produit\\\/perle-de-silicone-citrouille-10-mm-x-25-mm-pepite-verte-kopie\\\/\",\"name\":\"Perles en silicone en forme de citrouille, Green Nugget | Jootjes\",\"isPartOf\":{\"@id\":\"https:\\\/\\\/www.jootjeshaakcadeautjes.nl\\\/fr\\\/#website\"},\"primaryImageOfPage\":{\"@id\":\"https:\\\/\\\/www.jootjeshaakcadeautjes.nl\\\/fr\\\/produit\\\/perle-de-silicone-citrouille-10-mm-x-25-mm-pepite-verte-kopie\\\/#primaryimage\"},\"image\":{\"@id\":\"https:\\\/\\\/www.jootjeshaakcadeautjes.nl\\\/fr\\\/produit\\\/perle-de-silicone-citrouille-10-mm-x-25-mm-pepite-verte-kopie\\\/#primaryimage\"},\"thumbnailUrl\":\"https:\\\/\\\/d1dyryakdmle7o.cloudfront.net\\\/wp-content\\\/uploads\\\/2025\\\/06\\\/Naamloos-1498.webp\",\"datePublished\":\"2026-05-08T13:17:30+00:00\",\"dateModified\":\"2026-05-08T13:17:31+00:00\",\"description\":\"Perles en silicone en forme de citrouille, 10 mm x 25 mm - Green Nugget. Ces perles constituent un merveilleux changement pour le cordon de la t\u00e9tine. | Jootjes\",\"breadcrumb\":{\"@id\":\"https:\\\/\\\/www.jootjeshaakcadeautjes.nl\\\/fr\\\/produit\\\/perle-de-silicone-citrouille-10-mm-x-25-mm-pepite-verte-kopie\\\/#breadcrumb\"},\"inLanguage\":\"fr-FR\",\"potentialAction\":[{\"@type\":\"ReadAction\",\"target\":[\"https:\\\/\\\/www.jootjeshaakcadeautjes.nl\\\/fr\\\/produit\\\/perle-de-silicone-citrouille-10-mm-x-25-mm-pepite-verte-kopie\\\/\"]}]},{\"@type\":\"ImageObject\",\"inLanguage\":\"fr-FR\",\"@id\":\"https:\\\/\\\/www.jootjeshaakcadeautjes.nl\\\/fr\\\/produit\\\/perle-de-silicone-citrouille-10-mm-x-25-mm-pepite-verte-kopie\\\/#primaryimage\",\"url\":\"https:\\\/\\\/d1dyryakdmle7o.cloudfront.net\\\/wp-content\\\/uploads\\\/2025\\\/06\\\/Naamloos-1498.webp\",\"contentUrl\":\"https:\\\/\\\/d1dyryakdmle7o.cloudfront.net\\\/wp-content\\\/uploads\\\/2025\\\/06\\\/Naamloos-1498.webp\",\"width\":2048,\"height\":2048,\"caption\":\"P\u00e9pite verte imprim\u00e9e\"},{\"@type\":\"BreadcrumbList\",\"@id\":\"https:\\\/\\\/www.jootjeshaakcadeautjes.nl\\\/fr\\\/produit\\\/perle-de-silicone-citrouille-10-mm-x-25-mm-pepite-verte-kopie\\\/#breadcrumb\",\"itemListElement\":[{\"@type\":\"ListItem\",\"position\":1,\"name\":\"Accueil\",\"item\":\"https:\\\/\\\/www.jootjeshaakcadeautjes.nl\\\/fr\\\/\"},{\"@type\":\"ListItem\",\"position\":2,\"name\":\"Commerce de gros de perles en silicone &#8211; Entreprises et consommateurs\",\"item\":\"https:\\\/\\\/www.jootjeshaakcadeautjes.nl\\\/fr\\\/boutique\\\/\"},{\"@type\":\"ListItem\",\"position\":3,\"name\":\"Perle de silicone &#8211; citrouille &#8211; 10 mm x 25 mm &#8211; p\u00e9pite verte (kopie)\"}]},{\"@type\":\"WebSite\",\"@id\":\"https:\\\/\\\/www.jootjeshaakcadeautjes.nl\\\/fr\\\/#website\",\"url\":\"https:\\\/\\\/www.jootjeshaakcadeautjes.nl\\\/fr\\\/\",\"name\":\"Jootjes Haakcadeautjes\",\"description\":\"Grossiste en perles de silicone\",\"publisher\":{\"@id\":\"https:\\\/\\\/www.jootjeshaakcadeautjes.nl\\\/fr\\\/#organization\"},\"potentialAction\":[{\"@type\":\"SearchAction\",\"target\":{\"@type\":\"EntryPoint\",\"urlTemplate\":\"https:\\\/\\\/www.jootjeshaakcadeautjes.nl\\\/fr\\\/?s={search_term_string}\"},\"query-input\":{\"@type\":\"PropertyValueSpecification\",\"valueRequired\":true,\"valueName\":\"search_term_string\"}}],\"inLanguage\":\"fr-FR\"},{\"@type\":\"Organization\",\"@id\":\"https:\\\/\\\/www.jootjeshaakcadeautjes.nl\\\/fr\\\/#organization\",\"name\":\"Jootjes Haakcadeautjes\",\"url\":\"https:\\\/\\\/www.jootjeshaakcadeautjes.nl\\\/fr\\\/\",\"logo\":{\"@type\":\"ImageObject\",\"inLanguage\":\"fr-FR\",\"@id\":\"https:\\\/\\\/www.jootjeshaakcadeautjes.nl\\\/fr\\\/#\\\/schema\\\/logo\\\/image\\\/\",\"url\":\"https:\\\/\\\/jootjes-haakcadeautjes-media.s3.amazonaws.com\\\/wp-content\\\/uploads\\\/2023\\\/05\\\/Logo-rond.png\",\"contentUrl\":\"https:\\\/\\\/jootjes-haakcadeautjes-media.s3.amazonaws.com\\\/wp-content\\\/uploads\\\/2023\\\/05\\\/Logo-rond.png\",\"width\":1222,\"height\":1222,\"caption\":\"Jootjes Haakcadeautjes\"},\"image\":{\"@id\":\"https:\\\/\\\/www.jootjeshaakcadeautjes.nl\\\/fr\\\/#\\\/schema\\\/logo\\\/image\\\/\"}}]}<\/script>\n<meta property=\"product:price:amount\" content=\"0.68\" \/>\n<meta property=\"product:price:currency\" content=\"EUR\" \/>\n<meta property=\"og:availability\" content=\"instock\" \/>\n<meta property=\"product:availability\" content=\"instock\" \/>\n<meta property=\"product:retailer_item_id\" content=\"SKR-P25-GRN-1\" \/>\n<meta property=\"product:condition\" content=\"new\" \/>\n<!-- \/ Yoast SEO Premium plugin. -->","yoast_head_json":{"title":"Perles en silicone en forme de citrouille, Green Nugget | Jootjes","description":"Perles en silicone en forme de citrouille, 10 mm x 25 mm - Green Nugget. Ces perles constituent un merveilleux changement pour le cordon de la t\u00e9tine. | Jootjes","robots":{"index":"index","follow":"follow","max-snippet":"max-snippet:-1","max-image-preview":"max-image-preview:large","max-video-preview":"max-video-preview:-1"},"canonical":"https:\/\/www.jootjeshaakcadeautjes.nl\/fr\/produit\/perle-de-silicone-citrouille-10-mm-x-25-mm-pepite-verte-kopie\/","og_locale":"fr_FR","og_type":"article","og_title":"Perle de silicone - citrouille - 10 mm x 25 mm - p\u00e9pite verte (kopie)","og_description":"Perles en silicone en forme de citrouille, 10 mm x 25 mm - Green Nugget. Ces perles constituent un merveilleux changement pour le cordon de la t\u00e9tine. | Jootjes","og_url":"https:\/\/www.jootjeshaakcadeautjes.nl\/fr\/produit\/perle-de-silicone-citrouille-10-mm-x-25-mm-pepite-verte-kopie\/","og_site_name":"Jootjes Haakcadeautjes","article_modified_time":"2026-05-08T13:17:31+00:00","og_image":[{"width":2048,"height":2048,"url":"https:\/\/www.jootjeshaakcadeautjes.nl\/wp-content\/uploads\/2025\/06\/Naamloos-1498.webp","type":"image\/webp"}],"twitter_card":"summary_large_image","twitter_misc":{"Prix":"&euro;0.68 TTC","Disponibilit\u00e9":"En stock"},"schema":{"@context":"https:\/\/schema.org","@graph":[{"@type":"WebPage","@id":"https:\/\/www.jootjeshaakcadeautjes.nl\/fr\/produit\/perle-de-silicone-citrouille-10-mm-x-25-mm-pepite-verte-kopie\/","url":"https:\/\/www.jootjeshaakcadeautjes.nl\/fr\/produit\/perle-de-silicone-citrouille-10-mm-x-25-mm-pepite-verte-kopie\/","name":"Perles en silicone en forme de citrouille, Green Nugget | Jootjes","isPartOf":{"@id":"https:\/\/www.jootjeshaakcadeautjes.nl\/fr\/#website"},"primaryImageOfPage":{"@id":"https:\/\/www.jootjeshaakcadeautjes.nl\/fr\/produit\/perle-de-silicone-citrouille-10-mm-x-25-mm-pepite-verte-kopie\/#primaryimage"},"image":{"@id":"https:\/\/www.jootjeshaakcadeautjes.nl\/fr\/produit\/perle-de-silicone-citrouille-10-mm-x-25-mm-pepite-verte-kopie\/#primaryimage"},"thumbnailUrl":"https:\/\/d1dyryakdmle7o.cloudfront.net\/wp-content\/uploads\/2025\/06\/Naamloos-1498.webp","datePublished":"2026-05-08T13:17:30+00:00","dateModified":"2026-05-08T13:17:31+00:00","description":"Perles en silicone en forme de citrouille, 10 mm x 25 mm - Green Nugget. Ces perles constituent un merveilleux changement pour le cordon de la t\u00e9tine. | Jootjes","breadcrumb":{"@id":"https:\/\/www.jootjeshaakcadeautjes.nl\/fr\/produit\/perle-de-silicone-citrouille-10-mm-x-25-mm-pepite-verte-kopie\/#breadcrumb"},"inLanguage":"fr-FR","potentialAction":[{"@type":"ReadAction","target":["https:\/\/www.jootjeshaakcadeautjes.nl\/fr\/produit\/perle-de-silicone-citrouille-10-mm-x-25-mm-pepite-verte-kopie\/"]}]},{"@type":"ImageObject","inLanguage":"fr-FR","@id":"https:\/\/www.jootjeshaakcadeautjes.nl\/fr\/produit\/perle-de-silicone-citrouille-10-mm-x-25-mm-pepite-verte-kopie\/#primaryimage","url":"https:\/\/d1dyryakdmle7o.cloudfront.net\/wp-content\/uploads\/2025\/06\/Naamloos-1498.webp","contentUrl":"https:\/\/d1dyryakdmle7o.cloudfront.net\/wp-content\/uploads\/2025\/06\/Naamloos-1498.webp","width":2048,"height":2048,"caption":"P\u00e9pite verte imprim\u00e9e"},{"@type":"BreadcrumbList","@id":"https:\/\/www.jootjeshaakcadeautjes.nl\/fr\/produit\/perle-de-silicone-citrouille-10-mm-x-25-mm-pepite-verte-kopie\/#breadcrumb","itemListElement":[{"@type":"ListItem","position":1,"name":"Accueil","item":"https:\/\/www.jootjeshaakcadeautjes.nl\/fr\/"},{"@type":"ListItem","position":2,"name":"Commerce de gros de perles en silicone &#8211; Entreprises et consommateurs","item":"https:\/\/www.jootjeshaakcadeautjes.nl\/fr\/boutique\/"},{"@type":"ListItem","position":3,"name":"Perle de silicone &#8211; citrouille &#8211; 10 mm x 25 mm &#8211; p\u00e9pite verte (kopie)"}]},{"@type":"WebSite","@id":"https:\/\/www.jootjeshaakcadeautjes.nl\/fr\/#website","url":"https:\/\/www.jootjeshaakcadeautjes.nl\/fr\/","name":"Jootjes Haakcadeautjes","description":"Grossiste en perles de silicone","publisher":{"@id":"https:\/\/www.jootjeshaakcadeautjes.nl\/fr\/#organization"},"potentialAction":[{"@type":"SearchAction","target":{"@type":"EntryPoint","urlTemplate":"https:\/\/www.jootjeshaakcadeautjes.nl\/fr\/?s={search_term_string}"},"query-input":{"@type":"PropertyValueSpecification","valueRequired":true,"valueName":"search_term_string"}}],"inLanguage":"fr-FR"},{"@type":"Organization","@id":"https:\/\/www.jootjeshaakcadeautjes.nl\/fr\/#organization","name":"Jootjes Haakcadeautjes","url":"https:\/\/www.jootjeshaakcadeautjes.nl\/fr\/","logo":{"@type":"ImageObject","inLanguage":"fr-FR","@id":"https:\/\/www.jootjeshaakcadeautjes.nl\/fr\/#\/schema\/logo\/image\/","url":"https:\/\/jootjes-haakcadeautjes-media.s3.amazonaws.com\/wp-content\/uploads\/2023\/05\/Logo-rond.png","contentUrl":"https:\/\/jootjes-haakcadeautjes-media.s3.amazonaws.com\/wp-content\/uploads\/2023\/05\/Logo-rond.png","width":1222,"height":1222,"caption":"Jootjes Haakcadeautjes"},"image":{"@id":"https:\/\/www.jootjeshaakcadeautjes.nl\/fr\/#\/schema\/logo\/image\/"}}]},"product_price_amount":"0.68","product_price_currency":"EUR","og_availability":"instock","product_availability":"instock","product_retailer_item_id":"SKR-P25-GRN-1","product_condition":"new"},"_links":{"self":[{"href":"https:\/\/www.jootjeshaakcadeautjes.nl\/fr\/wp-json\/wp\/v2\/product\/251236","targetHints":{"allow":["GET"]}}],"collection":[{"href":"https:\/\/www.jootjeshaakcadeautjes.nl\/fr\/wp-json\/wp\/v2\/product"}],"about":[{"href":"https:\/\/www.jootjeshaakcadeautjes.nl\/fr\/wp-json\/wp\/v2\/types\/product"}],"version-history":[{"count":0,"href":"https:\/\/www.jootjeshaakcadeautjes.nl\/fr\/wp-json\/wp\/v2\/product\/251236\/revisions"}],"wp:featuredmedia":[{"embeddable":true,"href":"https:\/\/www.jootjeshaakcadeautjes.nl\/fr\/wp-json\/wp\/v2\/media\/234128"}],"wp:attachment":[{"href":"https:\/\/www.jootjeshaakcadeautjes.nl\/fr\/wp-json\/wp\/v2\/media?parent=251236"}],"wp:term":[{"taxonomy":"product_brand","embeddable":true,"href":"https:\/\/www.jootjeshaakcadeautjes.nl\/fr\/wp-json\/wp\/v2\/product_brand?post=251236"},{"taxonomy":"product_cat","embeddable":true,"href":"https:\/\/www.jootjeshaakcadeautjes.nl\/fr\/wp-json\/wp\/v2\/product_cat?post=251236"},{"taxonomy":"product_tag","embeddable":true,"href":"https:\/\/www.jootjeshaakcadeautjes.nl\/fr\/wp-json\/wp\/v2\/product_tag?post=251236"}],"curies":[{"name":"wp","href":"https:\/\/api.w.org\/{rel}","templated":true}]}}