{"id":251626,"date":"2025-10-05T14:16:54","date_gmt":"2025-10-05T12:16:54","guid":{"rendered":"https:\/\/www.jootjeshaakcadeautjes.nl\/?post_type=product&#038;p=251626"},"modified":"2026-05-08T15:35:35","modified_gmt":"2026-05-08T13:35:35","slug":"perles-de-silicone-pepite-dor-rose-acheter-par-couleur-kopie-kopie-kopie-kopie-kopie-kopie-kopie-kopie-kopie-kopie-kopie-kopie-kopie-kopie-kopie-kopie-kopie-kop-6","status":"publish","type":"product","link":"https:\/\/www.jootjeshaakcadeautjes.nl\/fr\/produit\/perles-de-silicone-pepite-dor-rose-acheter-par-couleur-kopie-kopie-kopie-kopie-kopie-kopie-kopie-kopie-kopie-kopie-kopie-kopie-kopie-kopie-kopie-kopie-kopie-kop-6\/","title":{"rendered":"Perles en silicone &#8211; Th\u00e9 vert &#8211; Acheter par couleur"},"content":{"rendered":"<h2>Achats par couleur &#8211; Th\u00e9 vert<\/h2>\n<p>Dans ce pr\u00e9sentoir, nous avons regroup\u00e9 toutes nos perles en th\u00e9 vert et les accessoires correspondants en un seul produit. Cela vous permet de commander facilement et rapidement toutes les perles de base et les perles de luxe monochromes disponibles en th\u00e9 vert.  Il est ainsi beaucoup plus facile d&#8217;acheter tous vos produits pr\u00e9f\u00e9r\u00e9s en silicone dans une seule couleur.<\/p>\n","protected":false},"excerpt":{"rendered":"<p>Couleur : Th\u00e9 vert<br \/>\nForme : Choisissez la forme et la taille souhait\u00e9es.<br \/>\nMat\u00e9riau : 100% silicone sans danger pour les b\u00e9b\u00e9s, sans bpa, test\u00e9 en toute s\u00e9curit\u00e9 selon les directives EN-71 et donc adapt\u00e9 aux produits finis certifi\u00e9s CE.<\/p>\n","protected":false},"featured_media":77436,"template":"","meta":[],"product_brand":[],"product_cat":[10112,6992],"product_tag":[10120,7476,7384,10143,7401,10126,7424,7455,7463,18081,7489,10132,7440,10140,10115,7619,7408,10269],"class_list":{"0":"post-251626","1":"product","2":"type-product","3":"status-publish","4":"has-post-thumbnail","6":"product_cat-perles-de-silicone-boutique-par-couleur","7":"product_cat-perles-en-silicone-sans-bpa-grossiste","8":"product_tag-achats","9":"product_tag-acheter","10":"product_tag-anneau-de-dentition","11":"product_tag-anneau-de-dentition-3d","12":"product_tag-bebe","13":"product_tag-bouchon-de-vin","14":"product_tag-bpa-fr","15":"product_tag-chaine-de-landau","16":"product_tag-commerce-de-gros","17":"product_tag-cordons-de-bouclage","18":"product_tag-crochet-pour-sac","19":"product_tag-decapsuleur","20":"product_tag-gratuit","21":"product_tag-jaszipper-fr","22":"product_tag-perles-de-silicone","23":"product_tag-porte-cles","24":"product_tag-sur","25":"product_tag-the-vert","27":"first","28":"instock","29":"taxable","30":"shipping-taxable","31":"product-type-grouped"},"bundled_by":[],"bundle_stock_status":"instock","bundle_stock_quantity":null,"bundle_virtual":false,"bundle_layout":"","bundle_add_to_cart_form_location":"","bundle_editable_in_cart":false,"bundle_sold_individually_context":"","bundle_item_grouping":"","bundle_min_size":"","bundle_max_size":"","bundle_price":[],"bundled_items":[],"bundle_sell_ids":[],"yoast_head":"<!-- This site is optimized with the Yoast SEO Premium plugin v27.6 (Yoast SEO v27.6) - https:\/\/yoast.com\/product\/yoast-seo-premium-wordpress\/ -->\n<title>Perles en silicone - Th\u00e9 vert | Jootjes<\/title>\n<meta name=\"description\" content=\"Achetez nos perles de silicone en couleur th\u00e9 vert pour une utilisation en cordon de t\u00e9tine, anneau de dentition, cordon de landau, porte-cl\u00e9s et plus encore.\" \/>\n<meta name=\"robots\" content=\"index, follow, max-snippet:-1, max-image-preview:large, max-video-preview:-1\" \/>\n<link rel=\"canonical\" href=\"https:\/\/www.jootjeshaakcadeautjes.nl\/fr\/produit\/perles-de-silicone-pepite-dor-rose-acheter-par-couleur-kopie-kopie-kopie-kopie-kopie-kopie-kopie-kopie-kopie-kopie-kopie-kopie-kopie-kopie-kopie-kopie-kopie-kop-6\/\" \/>\n<meta property=\"og:locale\" content=\"fr_FR\" \/>\n<meta property=\"og:type\" content=\"article\" \/>\n<meta property=\"og:title\" content=\"Perles en silicone - Th\u00e9 vert - Acheter par couleur\" \/>\n<meta property=\"og:description\" content=\"Achetez nos perles de silicone en couleur th\u00e9 vert pour une utilisation en cordon de t\u00e9tine, anneau de dentition, cordon de landau, porte-cl\u00e9s et plus encore.\" \/>\n<meta property=\"og:url\" content=\"https:\/\/www.jootjeshaakcadeautjes.nl\/fr\/produit\/perles-de-silicone-pepite-dor-rose-acheter-par-couleur-kopie-kopie-kopie-kopie-kopie-kopie-kopie-kopie-kopie-kopie-kopie-kopie-kopie-kopie-kopie-kopie-kopie-kop-6\/\" \/>\n<meta property=\"og:site_name\" content=\"Jootjes Haakcadeautjes\" \/>\n<meta property=\"article:modified_time\" content=\"2026-05-08T13:35:35+00:00\" \/>\n<meta property=\"og:image\" content=\"https:\/\/d1dyryakdmle7o.cloudfront.net\/wp-content\/uploads\/2021\/09\/20210904_212344.jpg\" \/>\n\t<meta property=\"og:image:width\" content=\"1491\" \/>\n\t<meta property=\"og:image:height\" content=\"1491\" \/>\n\t<meta property=\"og:image:type\" content=\"image\/jpeg\" \/>\n<meta name=\"twitter:card\" content=\"summary_large_image\" \/>\n<meta name=\"twitter:label1\" content=\"Disponibilit\u00e9\" \/>\n\t<meta name=\"twitter:data1\" content=\"En stock\" \/>\n<script type=\"application\/ld+json\" class=\"yoast-schema-graph\">{\"@context\":\"https:\\\/\\\/schema.org\",\"@graph\":[{\"@type\":\"WebPage\",\"@id\":\"https:\\\/\\\/www.jootjeshaakcadeautjes.nl\\\/fr\\\/produit\\\/perles-de-silicone-pepite-dor-rose-acheter-par-couleur-kopie-kopie-kopie-kopie-kopie-kopie-kopie-kopie-kopie-kopie-kopie-kopie-kopie-kopie-kopie-kopie-kopie-kop-6\\\/\",\"url\":\"https:\\\/\\\/www.jootjeshaakcadeautjes.nl\\\/fr\\\/produit\\\/perles-de-silicone-pepite-dor-rose-acheter-par-couleur-kopie-kopie-kopie-kopie-kopie-kopie-kopie-kopie-kopie-kopie-kopie-kopie-kopie-kopie-kopie-kopie-kopie-kop-6\\\/\",\"name\":\"Perles en silicone - Th\u00e9 vert | Jootjes\",\"isPartOf\":{\"@id\":\"https:\\\/\\\/www.jootjeshaakcadeautjes.nl\\\/fr\\\/#website\"},\"primaryImageOfPage\":{\"@id\":\"https:\\\/\\\/www.jootjeshaakcadeautjes.nl\\\/fr\\\/produit\\\/perles-de-silicone-pepite-dor-rose-acheter-par-couleur-kopie-kopie-kopie-kopie-kopie-kopie-kopie-kopie-kopie-kopie-kopie-kopie-kopie-kopie-kopie-kopie-kopie-kop-6\\\/#primaryimage\"},\"image\":{\"@id\":\"https:\\\/\\\/www.jootjeshaakcadeautjes.nl\\\/fr\\\/produit\\\/perles-de-silicone-pepite-dor-rose-acheter-par-couleur-kopie-kopie-kopie-kopie-kopie-kopie-kopie-kopie-kopie-kopie-kopie-kopie-kopie-kopie-kopie-kopie-kopie-kop-6\\\/#primaryimage\"},\"thumbnailUrl\":\"https:\\\/\\\/d1dyryakdmle7o.cloudfront.net\\\/wp-content\\\/uploads\\\/2021\\\/09\\\/20210904_212344.jpg\",\"datePublished\":\"2025-10-05T12:16:54+00:00\",\"dateModified\":\"2026-05-08T13:35:35+00:00\",\"description\":\"Achetez nos perles de silicone en couleur th\u00e9 vert pour une utilisation en cordon de t\u00e9tine, anneau de dentition, cordon de landau, porte-cl\u00e9s et plus encore.\",\"breadcrumb\":{\"@id\":\"https:\\\/\\\/www.jootjeshaakcadeautjes.nl\\\/fr\\\/produit\\\/perles-de-silicone-pepite-dor-rose-acheter-par-couleur-kopie-kopie-kopie-kopie-kopie-kopie-kopie-kopie-kopie-kopie-kopie-kopie-kopie-kopie-kopie-kopie-kopie-kop-6\\\/#breadcrumb\"},\"inLanguage\":\"fr-FR\",\"potentialAction\":[{\"@type\":\"ReadAction\",\"target\":[\"https:\\\/\\\/www.jootjeshaakcadeautjes.nl\\\/fr\\\/produit\\\/perles-de-silicone-pepite-dor-rose-acheter-par-couleur-kopie-kopie-kopie-kopie-kopie-kopie-kopie-kopie-kopie-kopie-kopie-kopie-kopie-kopie-kopie-kopie-kopie-kop-6\\\/\"]}]},{\"@type\":\"ImageObject\",\"inLanguage\":\"fr-FR\",\"@id\":\"https:\\\/\\\/www.jootjeshaakcadeautjes.nl\\\/fr\\\/produit\\\/perles-de-silicone-pepite-dor-rose-acheter-par-couleur-kopie-kopie-kopie-kopie-kopie-kopie-kopie-kopie-kopie-kopie-kopie-kopie-kopie-kopie-kopie-kopie-kopie-kop-6\\\/#primaryimage\",\"url\":\"https:\\\/\\\/d1dyryakdmle7o.cloudfront.net\\\/wp-content\\\/uploads\\\/2021\\\/09\\\/20210904_212344.jpg\",\"contentUrl\":\"https:\\\/\\\/d1dyryakdmle7o.cloudfront.net\\\/wp-content\\\/uploads\\\/2021\\\/09\\\/20210904_212344.jpg\",\"width\":1491,\"height\":1491,\"caption\":\"Perles en silicone grossiste bpa free dummy cord green tea\"},{\"@type\":\"BreadcrumbList\",\"@id\":\"https:\\\/\\\/www.jootjeshaakcadeautjes.nl\\\/fr\\\/produit\\\/perles-de-silicone-pepite-dor-rose-acheter-par-couleur-kopie-kopie-kopie-kopie-kopie-kopie-kopie-kopie-kopie-kopie-kopie-kopie-kopie-kopie-kopie-kopie-kopie-kop-6\\\/#breadcrumb\",\"itemListElement\":[{\"@type\":\"ListItem\",\"position\":1,\"name\":\"Accueil\",\"item\":\"https:\\\/\\\/www.jootjeshaakcadeautjes.nl\\\/fr\\\/\"},{\"@type\":\"ListItem\",\"position\":2,\"name\":\"Commerce de gros de perles en silicone &#8211; Entreprises et consommateurs\",\"item\":\"https:\\\/\\\/www.jootjeshaakcadeautjes.nl\\\/fr\\\/boutique\\\/\"},{\"@type\":\"ListItem\",\"position\":3,\"name\":\"Perles en silicone &#8211; Th\u00e9 vert &#8211; Acheter par couleur\"}]},{\"@type\":\"WebSite\",\"@id\":\"https:\\\/\\\/www.jootjeshaakcadeautjes.nl\\\/fr\\\/#website\",\"url\":\"https:\\\/\\\/www.jootjeshaakcadeautjes.nl\\\/fr\\\/\",\"name\":\"Jootjes Haakcadeautjes\",\"description\":\"Grossiste en perles de silicone\",\"publisher\":{\"@id\":\"https:\\\/\\\/www.jootjeshaakcadeautjes.nl\\\/fr\\\/#organization\"},\"potentialAction\":[{\"@type\":\"SearchAction\",\"target\":{\"@type\":\"EntryPoint\",\"urlTemplate\":\"https:\\\/\\\/www.jootjeshaakcadeautjes.nl\\\/fr\\\/?s={search_term_string}\"},\"query-input\":{\"@type\":\"PropertyValueSpecification\",\"valueRequired\":true,\"valueName\":\"search_term_string\"}}],\"inLanguage\":\"fr-FR\"},{\"@type\":\"Organization\",\"@id\":\"https:\\\/\\\/www.jootjeshaakcadeautjes.nl\\\/fr\\\/#organization\",\"name\":\"Jootjes Haakcadeautjes\",\"url\":\"https:\\\/\\\/www.jootjeshaakcadeautjes.nl\\\/fr\\\/\",\"logo\":{\"@type\":\"ImageObject\",\"inLanguage\":\"fr-FR\",\"@id\":\"https:\\\/\\\/www.jootjeshaakcadeautjes.nl\\\/fr\\\/#\\\/schema\\\/logo\\\/image\\\/\",\"url\":\"https:\\\/\\\/d1dyryakdmle7o.cloudfront.net\\\/wp-content\\\/uploads\\\/2023\\\/05\\\/Logo-rond.png\",\"contentUrl\":\"https:\\\/\\\/d1dyryakdmle7o.cloudfront.net\\\/wp-content\\\/uploads\\\/2023\\\/05\\\/Logo-rond.png\",\"width\":1222,\"height\":1222,\"caption\":\"Jootjes Haakcadeautjes\"},\"image\":{\"@id\":\"https:\\\/\\\/www.jootjeshaakcadeautjes.nl\\\/fr\\\/#\\\/schema\\\/logo\\\/image\\\/\"}}]}<\/script>\n<meta property=\"og:availability\" content=\"instock\" \/>\n<meta property=\"product:availability\" content=\"instock\" \/>\n<meta property=\"product:retailer_item_id\" content=\"SLK-KRA-GRTSH\" \/>\n<meta property=\"product:condition\" content=\"new\" \/>\n<!-- \/ Yoast SEO Premium plugin. -->","yoast_head_json":{"title":"Perles en silicone - Th\u00e9 vert | Jootjes","description":"Achetez nos perles de silicone en couleur th\u00e9 vert pour une utilisation en cordon de t\u00e9tine, anneau de dentition, cordon de landau, porte-cl\u00e9s et plus encore.","robots":{"index":"index","follow":"follow","max-snippet":"max-snippet:-1","max-image-preview":"max-image-preview:large","max-video-preview":"max-video-preview:-1"},"canonical":"https:\/\/www.jootjeshaakcadeautjes.nl\/fr\/produit\/perles-de-silicone-pepite-dor-rose-acheter-par-couleur-kopie-kopie-kopie-kopie-kopie-kopie-kopie-kopie-kopie-kopie-kopie-kopie-kopie-kopie-kopie-kopie-kopie-kop-6\/","og_locale":"fr_FR","og_type":"article","og_title":"Perles en silicone - Th\u00e9 vert - Acheter par couleur","og_description":"Achetez nos perles de silicone en couleur th\u00e9 vert pour une utilisation en cordon de t\u00e9tine, anneau de dentition, cordon de landau, porte-cl\u00e9s et plus encore.","og_url":"https:\/\/www.jootjeshaakcadeautjes.nl\/fr\/produit\/perles-de-silicone-pepite-dor-rose-acheter-par-couleur-kopie-kopie-kopie-kopie-kopie-kopie-kopie-kopie-kopie-kopie-kopie-kopie-kopie-kopie-kopie-kopie-kopie-kop-6\/","og_site_name":"Jootjes Haakcadeautjes","article_modified_time":"2026-05-08T13:35:35+00:00","og_image":[{"width":1491,"height":1491,"url":"https:\/\/d1dyryakdmle7o.cloudfront.net\/wp-content\/uploads\/2021\/09\/20210904_212344.jpg","type":"image\/jpeg"}],"twitter_card":"summary_large_image","twitter_misc":{"Disponibilit\u00e9":"En stock"},"schema":{"@context":"https:\/\/schema.org","@graph":[{"@type":"WebPage","@id":"https:\/\/www.jootjeshaakcadeautjes.nl\/fr\/produit\/perles-de-silicone-pepite-dor-rose-acheter-par-couleur-kopie-kopie-kopie-kopie-kopie-kopie-kopie-kopie-kopie-kopie-kopie-kopie-kopie-kopie-kopie-kopie-kopie-kop-6\/","url":"https:\/\/www.jootjeshaakcadeautjes.nl\/fr\/produit\/perles-de-silicone-pepite-dor-rose-acheter-par-couleur-kopie-kopie-kopie-kopie-kopie-kopie-kopie-kopie-kopie-kopie-kopie-kopie-kopie-kopie-kopie-kopie-kopie-kop-6\/","name":"Perles en silicone - Th\u00e9 vert | Jootjes","isPartOf":{"@id":"https:\/\/www.jootjeshaakcadeautjes.nl\/fr\/#website"},"primaryImageOfPage":{"@id":"https:\/\/www.jootjeshaakcadeautjes.nl\/fr\/produit\/perles-de-silicone-pepite-dor-rose-acheter-par-couleur-kopie-kopie-kopie-kopie-kopie-kopie-kopie-kopie-kopie-kopie-kopie-kopie-kopie-kopie-kopie-kopie-kopie-kop-6\/#primaryimage"},"image":{"@id":"https:\/\/www.jootjeshaakcadeautjes.nl\/fr\/produit\/perles-de-silicone-pepite-dor-rose-acheter-par-couleur-kopie-kopie-kopie-kopie-kopie-kopie-kopie-kopie-kopie-kopie-kopie-kopie-kopie-kopie-kopie-kopie-kopie-kop-6\/#primaryimage"},"thumbnailUrl":"https:\/\/d1dyryakdmle7o.cloudfront.net\/wp-content\/uploads\/2021\/09\/20210904_212344.jpg","datePublished":"2025-10-05T12:16:54+00:00","dateModified":"2026-05-08T13:35:35+00:00","description":"Achetez nos perles de silicone en couleur th\u00e9 vert pour une utilisation en cordon de t\u00e9tine, anneau de dentition, cordon de landau, porte-cl\u00e9s et plus encore.","breadcrumb":{"@id":"https:\/\/www.jootjeshaakcadeautjes.nl\/fr\/produit\/perles-de-silicone-pepite-dor-rose-acheter-par-couleur-kopie-kopie-kopie-kopie-kopie-kopie-kopie-kopie-kopie-kopie-kopie-kopie-kopie-kopie-kopie-kopie-kopie-kop-6\/#breadcrumb"},"inLanguage":"fr-FR","potentialAction":[{"@type":"ReadAction","target":["https:\/\/www.jootjeshaakcadeautjes.nl\/fr\/produit\/perles-de-silicone-pepite-dor-rose-acheter-par-couleur-kopie-kopie-kopie-kopie-kopie-kopie-kopie-kopie-kopie-kopie-kopie-kopie-kopie-kopie-kopie-kopie-kopie-kop-6\/"]}]},{"@type":"ImageObject","inLanguage":"fr-FR","@id":"https:\/\/www.jootjeshaakcadeautjes.nl\/fr\/produit\/perles-de-silicone-pepite-dor-rose-acheter-par-couleur-kopie-kopie-kopie-kopie-kopie-kopie-kopie-kopie-kopie-kopie-kopie-kopie-kopie-kopie-kopie-kopie-kopie-kop-6\/#primaryimage","url":"https:\/\/d1dyryakdmle7o.cloudfront.net\/wp-content\/uploads\/2021\/09\/20210904_212344.jpg","contentUrl":"https:\/\/d1dyryakdmle7o.cloudfront.net\/wp-content\/uploads\/2021\/09\/20210904_212344.jpg","width":1491,"height":1491,"caption":"Perles en silicone grossiste bpa free dummy cord green tea"},{"@type":"BreadcrumbList","@id":"https:\/\/www.jootjeshaakcadeautjes.nl\/fr\/produit\/perles-de-silicone-pepite-dor-rose-acheter-par-couleur-kopie-kopie-kopie-kopie-kopie-kopie-kopie-kopie-kopie-kopie-kopie-kopie-kopie-kopie-kopie-kopie-kopie-kop-6\/#breadcrumb","itemListElement":[{"@type":"ListItem","position":1,"name":"Accueil","item":"https:\/\/www.jootjeshaakcadeautjes.nl\/fr\/"},{"@type":"ListItem","position":2,"name":"Commerce de gros de perles en silicone &#8211; Entreprises et consommateurs","item":"https:\/\/www.jootjeshaakcadeautjes.nl\/fr\/boutique\/"},{"@type":"ListItem","position":3,"name":"Perles en silicone &#8211; Th\u00e9 vert &#8211; Acheter par couleur"}]},{"@type":"WebSite","@id":"https:\/\/www.jootjeshaakcadeautjes.nl\/fr\/#website","url":"https:\/\/www.jootjeshaakcadeautjes.nl\/fr\/","name":"Jootjes Haakcadeautjes","description":"Grossiste en perles de silicone","publisher":{"@id":"https:\/\/www.jootjeshaakcadeautjes.nl\/fr\/#organization"},"potentialAction":[{"@type":"SearchAction","target":{"@type":"EntryPoint","urlTemplate":"https:\/\/www.jootjeshaakcadeautjes.nl\/fr\/?s={search_term_string}"},"query-input":{"@type":"PropertyValueSpecification","valueRequired":true,"valueName":"search_term_string"}}],"inLanguage":"fr-FR"},{"@type":"Organization","@id":"https:\/\/www.jootjeshaakcadeautjes.nl\/fr\/#organization","name":"Jootjes Haakcadeautjes","url":"https:\/\/www.jootjeshaakcadeautjes.nl\/fr\/","logo":{"@type":"ImageObject","inLanguage":"fr-FR","@id":"https:\/\/www.jootjeshaakcadeautjes.nl\/fr\/#\/schema\/logo\/image\/","url":"https:\/\/d1dyryakdmle7o.cloudfront.net\/wp-content\/uploads\/2023\/05\/Logo-rond.png","contentUrl":"https:\/\/d1dyryakdmle7o.cloudfront.net\/wp-content\/uploads\/2023\/05\/Logo-rond.png","width":1222,"height":1222,"caption":"Jootjes Haakcadeautjes"},"image":{"@id":"https:\/\/www.jootjeshaakcadeautjes.nl\/fr\/#\/schema\/logo\/image\/"}}]},"og_availability":"instock","product_availability":"instock","product_retailer_item_id":"SLK-KRA-GRTSH","product_condition":"new"},"_links":{"self":[{"href":"https:\/\/www.jootjeshaakcadeautjes.nl\/fr\/wp-json\/wp\/v2\/product\/251626","targetHints":{"allow":["GET"]}}],"collection":[{"href":"https:\/\/www.jootjeshaakcadeautjes.nl\/fr\/wp-json\/wp\/v2\/product"}],"about":[{"href":"https:\/\/www.jootjeshaakcadeautjes.nl\/fr\/wp-json\/wp\/v2\/types\/product"}],"version-history":[{"count":1,"href":"https:\/\/www.jootjeshaakcadeautjes.nl\/fr\/wp-json\/wp\/v2\/product\/251626\/revisions"}],"predecessor-version":[{"id":287333,"href":"https:\/\/www.jootjeshaakcadeautjes.nl\/fr\/wp-json\/wp\/v2\/product\/251626\/revisions\/287333"}],"wp:featuredmedia":[{"embeddable":true,"href":"https:\/\/www.jootjeshaakcadeautjes.nl\/fr\/wp-json\/wp\/v2\/media\/77436"}],"wp:attachment":[{"href":"https:\/\/www.jootjeshaakcadeautjes.nl\/fr\/wp-json\/wp\/v2\/media?parent=251626"}],"wp:term":[{"taxonomy":"product_brand","embeddable":true,"href":"https:\/\/www.jootjeshaakcadeautjes.nl\/fr\/wp-json\/wp\/v2\/product_brand?post=251626"},{"taxonomy":"product_cat","embeddable":true,"href":"https:\/\/www.jootjeshaakcadeautjes.nl\/fr\/wp-json\/wp\/v2\/product_cat?post=251626"},{"taxonomy":"product_tag","embeddable":true,"href":"https:\/\/www.jootjeshaakcadeautjes.nl\/fr\/wp-json\/wp\/v2\/product_tag?post=251626"}],"curies":[{"name":"wp","href":"https:\/\/api.w.org\/{rel}","templated":true}]}}