{"id":251639,"date":"2025-10-05T15:12:42","date_gmt":"2025-10-05T13:12:42","guid":{"rendered":"https:\/\/www.jootjeshaakcadeautjes.nl\/?post_type=product&#038;p=251639"},"modified":"2026-05-08T15:35:37","modified_gmt":"2026-05-08T13:35:37","slug":"perles-en-silicone-16-mm-rondes-the-vert-kopie","status":"publish","type":"product","link":"https:\/\/www.jootjeshaakcadeautjes.nl\/fr\/produit\/perles-en-silicone-16-mm-rondes-the-vert-kopie\/","title":{"rendered":"Perles en silicone &#8211; 16 mm &#8211; Rondes &#8211; Imprim\u00e9 perle de th\u00e9 vert"},"content":{"rendered":"<h2>Perles en silicone &#8211; 16 mm &#8211; Rondes &#8211; Imprim\u00e9 perle de th\u00e9 vert<\/h2>\n<ul>\n<li>Coloris : Th\u00e9 vert imprim\u00e9 nacr\u00e9<\/li>\n<li>Taille : 16 mm<\/li>\n<li>Forme : Perles rondes<\/li>\n<li>Diam\u00e8tre du trou de fixation : 2,5 mm<\/li>\n<li>Mat\u00e9riau : silicone sans danger pour les b\u00e9b\u00e9s en silicone 100 % sans BPA, test\u00e9 en toute s\u00e9curit\u00e9 conform\u00e9ment aux directives EN-71 et donc adapt\u00e9 \u00e0 un produit final certifi\u00e9 CE.<\/li>\n<li>Vendu \u00e0 l&#8217;unit\u00e9, nulle part moins cher<\/li>\n<\/ul>\n<h3>\u00c0 quoi sert une perle de silicone ronde de 16 mm de diam\u00e8tre ?<\/h3>\n<p>Ces perles en silicone sont les plus couramment utilis\u00e9es pour la fabrication d&#8217;un cordon factice. Elles sont utilis\u00e9es en combinaison avec des perles de 12 mm. Pour les anneaux de dentition, on utilise g\u00e9n\u00e9ralement des perles de 20 mm. Vous les trouverez ici : <a href=\"https:\/\/www.jootjeshaakcadeautjes.nl\/fr\/product-categorie\/perles-en-silicone-sans-bpa-grossiste\/rond\/perles-en-silicone-20-mm-rondes\/\">Perles de silicone rondes de 20 mm.<\/a> Les perles rondes de 16 mm peuvent \u00e9galement \u00eatre utilis\u00e9es dans un anneau de dentition. Cela permet d&#8217;obtenir un anneau de dentition plus l\u00e9ger ou, par exemple, un anneau de dentition en 3D. En outre, ces perles peuvent \u00eatre utilis\u00e9es dans un baby gym, un mobile de parc ou un collier d&#8217;allaitement.      <\/p>\n<p>Un anneau de dentition 3D est un anneau de dentition en forme de boule, compos\u00e9 de quatre arcs perl\u00e9s et de deux perles \u00e0 4 trous. \u00c9tant donn\u00e9 que l&#8217;on utilise plus de perles pour cet anneau, il est pr\u00e9f\u00e9rable d&#8217;utiliser une perle de 16 mm pour que le poids de l&#8217;anneau reste raisonnable. <\/p>\n<p>Les perles sont enfil\u00e9es \u00e0 l&#8217;aide d&#8217;un cordon de satin. Vous trouverez le cordon de satin ici : <a href=\"https:\/\/www.jootjeshaakcadeautjes.nl\/fr\/product-categorie\/fabrication-de-jouets-de-dentition-pour-bebe-cordon-de-sucette-et-anneaux-de-dentition\/cordon-de-satin-cordon-de-cire-et-aiguille-a-badigeonner\/\">Cordon de satin<\/a>. <\/p>\n<p>Peut \u00eatre r\u00e9frig\u00e9r\u00e9 ou congel\u00e9, lavable avec un d\u00e9tergent doux, et peut \u00e9galement \u00eatre nettoy\u00e9 au lave-vaisselle si n\u00e9cessaire. Assurez-vous que les autres mat\u00e9riaux de votre projet final peuvent \u00e9galement r\u00e9sister. <\/p>\n<p>Le reste de notre gamme de perles en silicone se trouve ici : <a href=\"\/?product_cat=siliconen-kralen-bpa-vrij-groothandel\">perles en silicone<\/a>.<br \/>\nLes perles en bois se trouvent ici : <a href=\"https:\/\/www.jootjeshaakcadeautjes.nl\/fr\/product-categorie\/perles-en-bois-fil-de-sucette-et-anneau-de-dentition-toutes-les-perles-en-bois\/\">perles en bois.<\/a><\/p>\n","protected":false},"excerpt":{"rendered":"<p>Coloris : Th\u00e9 vert imprim\u00e9 nacr\u00e9<\/p>\n<ul>\n<li>Taille : 16 mm<\/li>\n<li>Forme : Perles rondes<\/li>\n<li>Diam\u00e8tre du trou de fixation : 2,5 mm<\/li>\n<li>Vendu \u00e0 l&#8217;unit\u00e9<\/li>\n<li>Test\u00e9 en toute s\u00e9curit\u00e9 conform\u00e9ment aux directives EN-71<\/li>\n<li>Convient aux produits finis certifi\u00e9s CE<\/li>\n<li>Exempt de BPA, de phtalates, de plomb, de PVC et de toxines<\/li>\n<\/ul>\n","protected":false},"featured_media":99562,"template":"","meta":[],"product_brand":[],"product_cat":[7378,10482,6992,10236],"product_tag":[7665,13449,7384,7401,7424,10295,7428,7489,12391,12654,7418,12379,7440,18120,12401,7392,7200,7482,13450,10290,13451,13272,7212,12805,12806],"class_list":{"0":"post-251639","1":"product","2":"type-product","3":"status-publish","4":"has-post-thumbnail","6":"product_cat-fabrication-de-jouets-de-dentition-pour-bebe-cordon-de-sucette-et-anneaux-de-dentition","7":"product_cat-perles-en-silicone-perles","8":"product_cat-perles-en-silicone-sans-bpa-grossiste","9":"product_cat-perles-en-silicone-avec-impression-toutes-les-impressions-leopard-panthere-girafe-zebre-roses-feuilles-et-autres","10":"product_tag-16-fr","11":"product_tag-adapte-aux-enfants","12":"product_tag-anneau-de-dentition","13":"product_tag-bebe","14":"product_tag-bpa-fr","15":"product_tag-certifie-fr","16":"product_tag-collier-dallaitement","17":"product_tag-crochet-pour-sac","18":"product_tag-dents","19":"product_tag-enfant-en-bas-age","20":"product_tag-faux-cordon","21":"product_tag-fda-fr","22":"product_tag-gratuit","23":"product_tag-imprime-perle-au-the-vert","24":"product_tag-lavable","25":"product_tag-mm-fr","26":"product_tag-perles","27":"product_tag-phtalates","28":"product_tag-plomb","29":"product_tag-protection-des-enfants","30":"product_tag-qualite-medicale","31":"product_tag-refroidissable","32":"product_tag-silicone-fr","33":"product_tag-the-fr","34":"product_tag-vert-fr","36":"first","37":"instock","38":"taxable","39":"shipping-taxable","40":"purchasable","41":"product-type-simple"},"bundled_by":[],"bundle_stock_status":"instock","bundle_stock_quantity":483,"bundle_virtual":false,"bundle_layout":"","bundle_add_to_cart_form_location":"","bundle_editable_in_cart":false,"bundle_sold_individually_context":"","bundle_item_grouping":"","bundle_min_size":"","bundle_max_size":"","bundle_price":[],"bundled_items":[],"bundle_sell_ids":[],"yoast_head":"<!-- This site is optimized with the Yoast SEO Premium plugin v27.6 (Yoast SEO v27.6) - https:\/\/yoast.com\/product\/yoast-seo-premium-wordpress\/ -->\n<title>Perles en silicone - 16 mm - Rondes - Imprim\u00e9 perle de th\u00e9 vert - JH.co.uk | Sans BPA<\/title>\n<meta name=\"description\" content=\"Les perles de silicone rondes de couleur Thyme, d&#039;un diam\u00e8tre de 16 mm, sont 100 % exemptes de BPA, de plomb, de poison, de phtalate et de PVC et portent le marquage CE.\" \/>\n<meta name=\"robots\" content=\"index, follow, max-snippet:-1, max-image-preview:large, max-video-preview:-1\" \/>\n<link rel=\"canonical\" href=\"https:\/\/www.jootjeshaakcadeautjes.nl\/fr\/produit\/perles-en-silicone-16-mm-rondes-the-vert-kopie\/\" \/>\n<meta property=\"og:locale\" content=\"fr_FR\" \/>\n<meta property=\"og:type\" content=\"article\" \/>\n<meta property=\"og:title\" content=\"Perles en silicone - 16 mm - Rondes - Imprim\u00e9 perle de th\u00e9 vert\" \/>\n<meta property=\"og:description\" content=\"Les perles de silicone rondes de couleur Thyme, d&#039;un diam\u00e8tre de 16 mm, sont 100 % exemptes de BPA, de plomb, de poison, de phtalate et de PVC et portent le marquage CE.\" \/>\n<meta property=\"og:url\" content=\"https:\/\/www.jootjeshaakcadeautjes.nl\/fr\/produit\/perles-en-silicone-16-mm-rondes-the-vert-kopie\/\" \/>\n<meta property=\"og:site_name\" content=\"Jootjes Haakcadeautjes\" \/>\n<meta property=\"article:modified_time\" content=\"2026-05-08T13:35:37+00:00\" \/>\n<meta property=\"og:image\" content=\"https:\/\/d1dyryakdmle7o.cloudfront.net\/wp-content\/uploads\/2023\/08\/Foto-volgt-1.jpg\" \/>\n\t<meta property=\"og:image:width\" content=\"1080\" \/>\n\t<meta property=\"og:image:height\" content=\"1080\" \/>\n\t<meta property=\"og:image:type\" content=\"image\/jpeg\" \/>\n<meta name=\"twitter:card\" content=\"summary_large_image\" \/>\n<meta name=\"twitter:label1\" content=\"Prix\" \/>\n\t<meta name=\"twitter:data1\" content=\"&euro;0.30 TTC\" \/>\n\t<meta name=\"twitter:label2\" content=\"Disponibilit\u00e9\" \/>\n\t<meta name=\"twitter:data2\" content=\"En stock\" \/>\n<script type=\"application\/ld+json\" class=\"yoast-schema-graph\">{\"@context\":\"https:\\\/\\\/schema.org\",\"@graph\":[{\"@type\":\"WebPage\",\"@id\":\"https:\\\/\\\/www.jootjeshaakcadeautjes.nl\\\/fr\\\/produit\\\/perles-en-silicone-16-mm-rondes-the-vert-kopie\\\/\",\"url\":\"https:\\\/\\\/www.jootjeshaakcadeautjes.nl\\\/fr\\\/produit\\\/perles-en-silicone-16-mm-rondes-the-vert-kopie\\\/\",\"name\":\"Perles en silicone - 16 mm - Rondes - Imprim\u00e9 perle de th\u00e9 vert - JH.co.uk | Sans BPA\",\"isPartOf\":{\"@id\":\"https:\\\/\\\/www.jootjeshaakcadeautjes.nl\\\/fr\\\/#website\"},\"primaryImageOfPage\":{\"@id\":\"https:\\\/\\\/www.jootjeshaakcadeautjes.nl\\\/fr\\\/produit\\\/perles-en-silicone-16-mm-rondes-the-vert-kopie\\\/#primaryimage\"},\"image\":{\"@id\":\"https:\\\/\\\/www.jootjeshaakcadeautjes.nl\\\/fr\\\/produit\\\/perles-en-silicone-16-mm-rondes-the-vert-kopie\\\/#primaryimage\"},\"thumbnailUrl\":\"https:\\\/\\\/d1dyryakdmle7o.cloudfront.net\\\/wp-content\\\/uploads\\\/2023\\\/08\\\/Foto-volgt-1.jpg\",\"datePublished\":\"2025-10-05T13:12:42+00:00\",\"dateModified\":\"2026-05-08T13:35:37+00:00\",\"description\":\"Les perles de silicone rondes de couleur Thyme, d'un diam\u00e8tre de 16 mm, sont 100 % exemptes de BPA, de plomb, de poison, de phtalate et de PVC et portent le marquage CE.\",\"breadcrumb\":{\"@id\":\"https:\\\/\\\/www.jootjeshaakcadeautjes.nl\\\/fr\\\/produit\\\/perles-en-silicone-16-mm-rondes-the-vert-kopie\\\/#breadcrumb\"},\"inLanguage\":\"fr-FR\",\"potentialAction\":[{\"@type\":\"ReadAction\",\"target\":[\"https:\\\/\\\/www.jootjeshaakcadeautjes.nl\\\/fr\\\/produit\\\/perles-en-silicone-16-mm-rondes-the-vert-kopie\\\/\"]}]},{\"@type\":\"ImageObject\",\"inLanguage\":\"fr-FR\",\"@id\":\"https:\\\/\\\/www.jootjeshaakcadeautjes.nl\\\/fr\\\/produit\\\/perles-en-silicone-16-mm-rondes-the-vert-kopie\\\/#primaryimage\",\"url\":\"https:\\\/\\\/d1dyryakdmle7o.cloudfront.net\\\/wp-content\\\/uploads\\\/2023\\\/08\\\/Foto-volgt-1.jpg\",\"contentUrl\":\"https:\\\/\\\/d1dyryakdmle7o.cloudfront.net\\\/wp-content\\\/uploads\\\/2023\\\/08\\\/Foto-volgt-1.jpg\",\"width\":1080,\"height\":1080,\"caption\":\"suit\"},{\"@type\":\"BreadcrumbList\",\"@id\":\"https:\\\/\\\/www.jootjeshaakcadeautjes.nl\\\/fr\\\/produit\\\/perles-en-silicone-16-mm-rondes-the-vert-kopie\\\/#breadcrumb\",\"itemListElement\":[{\"@type\":\"ListItem\",\"position\":1,\"name\":\"Accueil\",\"item\":\"https:\\\/\\\/www.jootjeshaakcadeautjes.nl\\\/fr\\\/\"},{\"@type\":\"ListItem\",\"position\":2,\"name\":\"Commerce de gros de perles en silicone &#8211; Entreprises et consommateurs\",\"item\":\"https:\\\/\\\/www.jootjeshaakcadeautjes.nl\\\/fr\\\/boutique\\\/\"},{\"@type\":\"ListItem\",\"position\":3,\"name\":\"Perles en silicone &#8211; 16 mm &#8211; Rondes &#8211; Imprim\u00e9 perle de th\u00e9 vert\"}]},{\"@type\":\"WebSite\",\"@id\":\"https:\\\/\\\/www.jootjeshaakcadeautjes.nl\\\/fr\\\/#website\",\"url\":\"https:\\\/\\\/www.jootjeshaakcadeautjes.nl\\\/fr\\\/\",\"name\":\"Jootjes Haakcadeautjes\",\"description\":\"Grossiste en perles de silicone\",\"publisher\":{\"@id\":\"https:\\\/\\\/www.jootjeshaakcadeautjes.nl\\\/fr\\\/#organization\"},\"potentialAction\":[{\"@type\":\"SearchAction\",\"target\":{\"@type\":\"EntryPoint\",\"urlTemplate\":\"https:\\\/\\\/www.jootjeshaakcadeautjes.nl\\\/fr\\\/?s={search_term_string}\"},\"query-input\":{\"@type\":\"PropertyValueSpecification\",\"valueRequired\":true,\"valueName\":\"search_term_string\"}}],\"inLanguage\":\"fr-FR\"},{\"@type\":\"Organization\",\"@id\":\"https:\\\/\\\/www.jootjeshaakcadeautjes.nl\\\/fr\\\/#organization\",\"name\":\"Jootjes Haakcadeautjes\",\"url\":\"https:\\\/\\\/www.jootjeshaakcadeautjes.nl\\\/fr\\\/\",\"logo\":{\"@type\":\"ImageObject\",\"inLanguage\":\"fr-FR\",\"@id\":\"https:\\\/\\\/www.jootjeshaakcadeautjes.nl\\\/fr\\\/#\\\/schema\\\/logo\\\/image\\\/\",\"url\":\"https:\\\/\\\/d1dyryakdmle7o.cloudfront.net\\\/wp-content\\\/uploads\\\/2023\\\/05\\\/Logo-rond.png\",\"contentUrl\":\"https:\\\/\\\/d1dyryakdmle7o.cloudfront.net\\\/wp-content\\\/uploads\\\/2023\\\/05\\\/Logo-rond.png\",\"width\":1222,\"height\":1222,\"caption\":\"Jootjes Haakcadeautjes\"},\"image\":{\"@id\":\"https:\\\/\\\/www.jootjeshaakcadeautjes.nl\\\/fr\\\/#\\\/schema\\\/logo\\\/image\\\/\"}}]}<\/script>\n<meta property=\"product:price:amount\" content=\"0.30\" \/>\n<meta property=\"product:price:currency\" content=\"EUR\" \/>\n<meta property=\"og:availability\" content=\"instock\" \/>\n<meta property=\"product:availability\" content=\"instock\" \/>\n<meta property=\"product:retailer_item_id\" content=\"SKR-016-GTP\" \/>\n<meta property=\"product:condition\" content=\"new\" \/>\n<!-- \/ Yoast SEO Premium plugin. -->","yoast_head_json":{"title":"Perles en silicone - 16 mm - Rondes - Imprim\u00e9 perle de th\u00e9 vert - JH.co.uk | Sans BPA","description":"Les perles de silicone rondes de couleur Thyme, d'un diam\u00e8tre de 16 mm, sont 100 % exemptes de BPA, de plomb, de poison, de phtalate et de PVC et portent le marquage CE.","robots":{"index":"index","follow":"follow","max-snippet":"max-snippet:-1","max-image-preview":"max-image-preview:large","max-video-preview":"max-video-preview:-1"},"canonical":"https:\/\/www.jootjeshaakcadeautjes.nl\/fr\/produit\/perles-en-silicone-16-mm-rondes-the-vert-kopie\/","og_locale":"fr_FR","og_type":"article","og_title":"Perles en silicone - 16 mm - Rondes - Imprim\u00e9 perle de th\u00e9 vert","og_description":"Les perles de silicone rondes de couleur Thyme, d'un diam\u00e8tre de 16 mm, sont 100 % exemptes de BPA, de plomb, de poison, de phtalate et de PVC et portent le marquage CE.","og_url":"https:\/\/www.jootjeshaakcadeautjes.nl\/fr\/produit\/perles-en-silicone-16-mm-rondes-the-vert-kopie\/","og_site_name":"Jootjes Haakcadeautjes","article_modified_time":"2026-05-08T13:35:37+00:00","og_image":[{"width":1080,"height":1080,"url":"https:\/\/d1dyryakdmle7o.cloudfront.net\/wp-content\/uploads\/2023\/08\/Foto-volgt-1.jpg","type":"image\/jpeg"}],"twitter_card":"summary_large_image","twitter_misc":{"Prix":"&euro;0.30 TTC","Disponibilit\u00e9":"En stock"},"schema":{"@context":"https:\/\/schema.org","@graph":[{"@type":"WebPage","@id":"https:\/\/www.jootjeshaakcadeautjes.nl\/fr\/produit\/perles-en-silicone-16-mm-rondes-the-vert-kopie\/","url":"https:\/\/www.jootjeshaakcadeautjes.nl\/fr\/produit\/perles-en-silicone-16-mm-rondes-the-vert-kopie\/","name":"Perles en silicone - 16 mm - Rondes - Imprim\u00e9 perle de th\u00e9 vert - JH.co.uk | Sans BPA","isPartOf":{"@id":"https:\/\/www.jootjeshaakcadeautjes.nl\/fr\/#website"},"primaryImageOfPage":{"@id":"https:\/\/www.jootjeshaakcadeautjes.nl\/fr\/produit\/perles-en-silicone-16-mm-rondes-the-vert-kopie\/#primaryimage"},"image":{"@id":"https:\/\/www.jootjeshaakcadeautjes.nl\/fr\/produit\/perles-en-silicone-16-mm-rondes-the-vert-kopie\/#primaryimage"},"thumbnailUrl":"https:\/\/d1dyryakdmle7o.cloudfront.net\/wp-content\/uploads\/2023\/08\/Foto-volgt-1.jpg","datePublished":"2025-10-05T13:12:42+00:00","dateModified":"2026-05-08T13:35:37+00:00","description":"Les perles de silicone rondes de couleur Thyme, d'un diam\u00e8tre de 16 mm, sont 100 % exemptes de BPA, de plomb, de poison, de phtalate et de PVC et portent le marquage CE.","breadcrumb":{"@id":"https:\/\/www.jootjeshaakcadeautjes.nl\/fr\/produit\/perles-en-silicone-16-mm-rondes-the-vert-kopie\/#breadcrumb"},"inLanguage":"fr-FR","potentialAction":[{"@type":"ReadAction","target":["https:\/\/www.jootjeshaakcadeautjes.nl\/fr\/produit\/perles-en-silicone-16-mm-rondes-the-vert-kopie\/"]}]},{"@type":"ImageObject","inLanguage":"fr-FR","@id":"https:\/\/www.jootjeshaakcadeautjes.nl\/fr\/produit\/perles-en-silicone-16-mm-rondes-the-vert-kopie\/#primaryimage","url":"https:\/\/d1dyryakdmle7o.cloudfront.net\/wp-content\/uploads\/2023\/08\/Foto-volgt-1.jpg","contentUrl":"https:\/\/d1dyryakdmle7o.cloudfront.net\/wp-content\/uploads\/2023\/08\/Foto-volgt-1.jpg","width":1080,"height":1080,"caption":"suit"},{"@type":"BreadcrumbList","@id":"https:\/\/www.jootjeshaakcadeautjes.nl\/fr\/produit\/perles-en-silicone-16-mm-rondes-the-vert-kopie\/#breadcrumb","itemListElement":[{"@type":"ListItem","position":1,"name":"Accueil","item":"https:\/\/www.jootjeshaakcadeautjes.nl\/fr\/"},{"@type":"ListItem","position":2,"name":"Commerce de gros de perles en silicone &#8211; Entreprises et consommateurs","item":"https:\/\/www.jootjeshaakcadeautjes.nl\/fr\/boutique\/"},{"@type":"ListItem","position":3,"name":"Perles en silicone &#8211; 16 mm &#8211; Rondes &#8211; Imprim\u00e9 perle de th\u00e9 vert"}]},{"@type":"WebSite","@id":"https:\/\/www.jootjeshaakcadeautjes.nl\/fr\/#website","url":"https:\/\/www.jootjeshaakcadeautjes.nl\/fr\/","name":"Jootjes Haakcadeautjes","description":"Grossiste en perles de silicone","publisher":{"@id":"https:\/\/www.jootjeshaakcadeautjes.nl\/fr\/#organization"},"potentialAction":[{"@type":"SearchAction","target":{"@type":"EntryPoint","urlTemplate":"https:\/\/www.jootjeshaakcadeautjes.nl\/fr\/?s={search_term_string}"},"query-input":{"@type":"PropertyValueSpecification","valueRequired":true,"valueName":"search_term_string"}}],"inLanguage":"fr-FR"},{"@type":"Organization","@id":"https:\/\/www.jootjeshaakcadeautjes.nl\/fr\/#organization","name":"Jootjes Haakcadeautjes","url":"https:\/\/www.jootjeshaakcadeautjes.nl\/fr\/","logo":{"@type":"ImageObject","inLanguage":"fr-FR","@id":"https:\/\/www.jootjeshaakcadeautjes.nl\/fr\/#\/schema\/logo\/image\/","url":"https:\/\/d1dyryakdmle7o.cloudfront.net\/wp-content\/uploads\/2023\/05\/Logo-rond.png","contentUrl":"https:\/\/d1dyryakdmle7o.cloudfront.net\/wp-content\/uploads\/2023\/05\/Logo-rond.png","width":1222,"height":1222,"caption":"Jootjes Haakcadeautjes"},"image":{"@id":"https:\/\/www.jootjeshaakcadeautjes.nl\/fr\/#\/schema\/logo\/image\/"}}]},"product_price_amount":"0.30","product_price_currency":"EUR","og_availability":"instock","product_availability":"instock","product_retailer_item_id":"SKR-016-GTP","product_condition":"new"},"_links":{"self":[{"href":"https:\/\/www.jootjeshaakcadeautjes.nl\/fr\/wp-json\/wp\/v2\/product\/251639","targetHints":{"allow":["GET"]}}],"collection":[{"href":"https:\/\/www.jootjeshaakcadeautjes.nl\/fr\/wp-json\/wp\/v2\/product"}],"about":[{"href":"https:\/\/www.jootjeshaakcadeautjes.nl\/fr\/wp-json\/wp\/v2\/types\/product"}],"version-history":[{"count":1,"href":"https:\/\/www.jootjeshaakcadeautjes.nl\/fr\/wp-json\/wp\/v2\/product\/251639\/revisions"}],"predecessor-version":[{"id":287335,"href":"https:\/\/www.jootjeshaakcadeautjes.nl\/fr\/wp-json\/wp\/v2\/product\/251639\/revisions\/287335"}],"wp:featuredmedia":[{"embeddable":true,"href":"https:\/\/www.jootjeshaakcadeautjes.nl\/fr\/wp-json\/wp\/v2\/media\/99562"}],"wp:attachment":[{"href":"https:\/\/www.jootjeshaakcadeautjes.nl\/fr\/wp-json\/wp\/v2\/media?parent=251639"}],"wp:term":[{"taxonomy":"product_brand","embeddable":true,"href":"https:\/\/www.jootjeshaakcadeautjes.nl\/fr\/wp-json\/wp\/v2\/product_brand?post=251639"},{"taxonomy":"product_cat","embeddable":true,"href":"https:\/\/www.jootjeshaakcadeautjes.nl\/fr\/wp-json\/wp\/v2\/product_cat?post=251639"},{"taxonomy":"product_tag","embeddable":true,"href":"https:\/\/www.jootjeshaakcadeautjes.nl\/fr\/wp-json\/wp\/v2\/product_tag?post=251639"}],"curies":[{"name":"wp","href":"https:\/\/api.w.org\/{rel}","templated":true}]}}