{"id":255219,"date":"2025-12-15T20:00:26","date_gmt":"2025-12-15T18:00:26","guid":{"rendered":"https:\/\/www.jootjeshaakcadeautjes.nl\/product\/perles-en-silicone-points-de-fleurs-14-x-5-mm-rose-peche-clair\/"},"modified":"2026-04-20T10:48:34","modified_gmt":"2026-04-20T08:48:34","slug":"perles-en-silicone-points-de-fleurs-14-x-5-mm-rose-peche-clair","status":"publish","type":"product","link":"https:\/\/www.jootjeshaakcadeautjes.nl\/fr\/produit\/perles-en-silicone-points-de-fleurs-14-x-5-mm-rose-peche-clair\/","title":{"rendered":"Perles en silicone &#8211; Points de fleurs &#8211; 14 x 5 mm &#8211; Light Peach"},"content":{"rendered":"<h2>Perles en silicone &#8211; Points de fleurs &#8211; 14 x 5 mm &#8211; Light Peach<\/h2>\n<p>Couleur : Light Peach<br \/>\nType : Flower Dot<br \/>\nTaille : 14 x 5 mm<br \/>\nMat\u00e9riau : conforme \u00e0 la norme EN-71 silicone test\u00e9 chimiquement s\u00fbr. Cela signifie qu&#8217;ils sont exempts de BPA, de phtalates et d&#8217;autres substances potentiellement nocives. Ces perles conviennent donc, en termes d&#8217;ingr\u00e9dients, aux produits qui doivent \u00eatre conformes \u00e0 ces r\u00e9glementations europ\u00e9ennes, tels qu&#8217;un cordon de t\u00e9tine ou un anneau de dentition.<\/p>\n<p data-start=\"299\" data-end=\"688\">Nos perles en silicone en forme de fleur pr\u00e9sentent un magnifique motif de bulles qui ressemble \u00e0 de minuscules fleurs. Ces perles en silicone avec bulles sont id\u00e9ales pour r\u00e9aliser des combinaisons cr\u00e9atives.  Utilisez-en plusieurs \u00e0 la suite dans des couleurs diff\u00e9rentes pour un effet ludique et joyeux. Les points s&#8217;imbriquent bien les uns dans les autres, ce qui donne un aspect unique et professionnel. <\/p>\n<p data-start=\"690\" data-end=\"963\">Les points fleurs s&#8217;accordent parfaitement avec nos autres perles, telles que les mini-points et les points framboise. En combinant diff\u00e9rentes formes et textures, vous cr\u00e9ez un ensemble ludique qui n&#8217;est pas seulement joli, mais aussi agr\u00e9able pour les petits. <\/p>\n<p data-start=\"965\" data-end=\"1176\">Les bosses douces stimulent le sens du toucher et sont id\u00e9ales pour mordre. Id\u00e9ales pendant les pouss\u00e9es dentaires &#8211; elles aident \u00e0 masser les gencives et soulagent les pouss\u00e9es dentaires. <\/p>\n","protected":false},"excerpt":{"rendered":"<p>Couleur : Light Peach<br \/>\nType : Flower Dot<br \/>\nTaille : 14 x 5 mm<br \/>\nMat\u00e9riau : conforme \u00e0 la norme EN-71 silicone test\u00e9 chimiquement s\u00fbr. Cela signifie qu&#8217;ils sont exempts de BPA, de phtalates et d&#8217;autres substances potentiellement nocives. Ces perles conviennent donc, en termes d&#8217;ingr\u00e9dients, aux produits qui doivent \u00eatre conformes \u00e0 ces r\u00e9glementations europ\u00e9ennes, tels qu&#8217;un cordon de t\u00e9tine ou un anneau de dentition.<\/p>\n<p>Vendu \u00e0 l&#8217;unit\u00e9.<\/p>\n<p>Pour plus d&#8217;informations, lisez la suite au bas de la page.<\/p>\n","protected":false},"featured_media":264445,"template":"","meta":[],"product_brand":[],"product_cat":[7378,18032,6992],"product_tag":[7384,18053,17212,18241,7418,10282,9997,12287,10115,18238,18240,7619,7498],"class_list":{"0":"post-255219","1":"product","2":"type-product","3":"status-publish","4":"has-post-thumbnail","6":"product_cat-fabrication-de-jouets-de-dentition-pour-bebe-cordon-de-sucette-et-anneaux-de-dentition","7":"product_cat-perles-en-silicone-flower-dots-12-mm","8":"product_cat-perles-en-silicone-sans-bpa-grossiste","9":"product_tag-anneau-de-dentition","10":"product_tag-bourrelet","11":"product_tag-dots-fr","12":"product_tag-entretoise","13":"product_tag-faux-cordon","14":"product_tag-fleur-fr-2","15":"product_tag-fr-71","16":"product_tag-peche-claire","17":"product_tag-perles-de-silicone","18":"product_tag-point-de-fleur","19":"product_tag-points-de-fleurs-2","20":"product_tag-porte-cles","21":"product_tag-septum","23":"first","24":"instock","25":"taxable","26":"shipping-taxable","27":"purchasable","28":"product-type-simple"},"bundled_by":[],"bundle_stock_status":"instock","bundle_stock_quantity":898,"bundle_virtual":false,"bundle_layout":"","bundle_add_to_cart_form_location":"","bundle_editable_in_cart":false,"bundle_sold_individually_context":"","bundle_item_grouping":"","bundle_min_size":"","bundle_max_size":"","bundle_price":[],"bundled_items":[],"bundle_sell_ids":[],"yoast_head":"<!-- This site is optimized with the Yoast SEO Premium plugin v27.6 (Yoast SEO v27.6) - https:\/\/yoast.com\/product\/yoast-seo-premium-wordpress\/ -->\n<title>Perles en silicone - Points de fleurs - Light Peach | Jootjes<\/title>\n<meta name=\"description\" content=\"Entretoise en silicone avec des perles en forme de fleur, dans la couleur Light Peach. Sans danger chimique selon EN-71, convient pour le cordon de la t\u00e9tine, l&#039;anneau de dentition.\" \/>\n<meta name=\"robots\" content=\"index, follow, max-snippet:-1, max-image-preview:large, max-video-preview:-1\" \/>\n<link rel=\"canonical\" href=\"https:\/\/www.jootjeshaakcadeautjes.nl\/fr\/produit\/perles-en-silicone-points-de-fleurs-14-x-5-mm-rose-peche-clair\/\" \/>\n<meta property=\"og:locale\" content=\"fr_FR\" \/>\n<meta property=\"og:type\" content=\"article\" \/>\n<meta property=\"og:title\" content=\"Perles en silicone - Points de fleurs - 14 x 5 mm - Light Peach\" \/>\n<meta property=\"og:description\" content=\"Entretoise en silicone avec des perles en forme de fleur, dans la couleur Light Peach. Sans danger chimique selon EN-71, convient pour le cordon de la t\u00e9tine, l&#039;anneau de dentition.\" \/>\n<meta property=\"og:url\" content=\"https:\/\/www.jootjeshaakcadeautjes.nl\/fr\/produit\/perles-en-silicone-points-de-fleurs-14-x-5-mm-rose-peche-clair\/\" \/>\n<meta property=\"og:site_name\" content=\"Jootjes Haakcadeautjes\" \/>\n<meta property=\"article:modified_time\" content=\"2026-04-20T08:48:34+00:00\" \/>\n<meta property=\"og:image\" content=\"https:\/\/d1dyryakdmle7o.cloudfront.net\/wp-content\/uploads\/2025\/12\/Naamloos-1741.webp\" \/>\n\t<meta property=\"og:image:width\" content=\"1600\" \/>\n\t<meta property=\"og:image:height\" content=\"1600\" \/>\n\t<meta property=\"og:image:type\" content=\"image\/webp\" \/>\n<meta name=\"twitter:card\" content=\"summary_large_image\" \/>\n<meta name=\"twitter:label1\" content=\"Prix\" \/>\n\t<meta name=\"twitter:data1\" content=\"&euro;0.32 TTC\" \/>\n\t<meta name=\"twitter:label2\" content=\"Disponibilit\u00e9\" \/>\n\t<meta name=\"twitter:data2\" content=\"En stock\" \/>\n<script type=\"application\/ld+json\" class=\"yoast-schema-graph\">{\"@context\":\"https:\\\/\\\/schema.org\",\"@graph\":[{\"@type\":\"WebPage\",\"@id\":\"https:\\\/\\\/www.jootjeshaakcadeautjes.nl\\\/fr\\\/produit\\\/perles-en-silicone-points-de-fleurs-14-x-5-mm-rose-peche-clair\\\/\",\"url\":\"https:\\\/\\\/www.jootjeshaakcadeautjes.nl\\\/fr\\\/produit\\\/perles-en-silicone-points-de-fleurs-14-x-5-mm-rose-peche-clair\\\/\",\"name\":\"Perles en silicone - Points de fleurs - Light Peach | Jootjes\",\"isPartOf\":{\"@id\":\"https:\\\/\\\/www.jootjeshaakcadeautjes.nl\\\/fr\\\/#website\"},\"primaryImageOfPage\":{\"@id\":\"https:\\\/\\\/www.jootjeshaakcadeautjes.nl\\\/fr\\\/produit\\\/perles-en-silicone-points-de-fleurs-14-x-5-mm-rose-peche-clair\\\/#primaryimage\"},\"image\":{\"@id\":\"https:\\\/\\\/www.jootjeshaakcadeautjes.nl\\\/fr\\\/produit\\\/perles-en-silicone-points-de-fleurs-14-x-5-mm-rose-peche-clair\\\/#primaryimage\"},\"thumbnailUrl\":\"https:\\\/\\\/d1dyryakdmle7o.cloudfront.net\\\/wp-content\\\/uploads\\\/2025\\\/12\\\/Naamloos-1741.webp\",\"datePublished\":\"2025-12-15T18:00:26+00:00\",\"dateModified\":\"2026-04-20T08:48:34+00:00\",\"description\":\"Entretoise en silicone avec des perles en forme de fleur, dans la couleur Light Peach. Sans danger chimique selon EN-71, convient pour le cordon de la t\u00e9tine, l'anneau de dentition.\",\"breadcrumb\":{\"@id\":\"https:\\\/\\\/www.jootjeshaakcadeautjes.nl\\\/fr\\\/produit\\\/perles-en-silicone-points-de-fleurs-14-x-5-mm-rose-peche-clair\\\/#breadcrumb\"},\"inLanguage\":\"fr-FR\",\"potentialAction\":[{\"@type\":\"ReadAction\",\"target\":[\"https:\\\/\\\/www.jootjeshaakcadeautjes.nl\\\/fr\\\/produit\\\/perles-en-silicone-points-de-fleurs-14-x-5-mm-rose-peche-clair\\\/\"]}]},{\"@type\":\"ImageObject\",\"inLanguage\":\"fr-FR\",\"@id\":\"https:\\\/\\\/www.jootjeshaakcadeautjes.nl\\\/fr\\\/produit\\\/perles-en-silicone-points-de-fleurs-14-x-5-mm-rose-peche-clair\\\/#primaryimage\",\"url\":\"https:\\\/\\\/d1dyryakdmle7o.cloudfront.net\\\/wp-content\\\/uploads\\\/2025\\\/12\\\/Naamloos-1741.webp\",\"contentUrl\":\"https:\\\/\\\/d1dyryakdmle7o.cloudfront.net\\\/wp-content\\\/uploads\\\/2025\\\/12\\\/Naamloos-1741.webp\",\"width\":1600,\"height\":1600},{\"@type\":\"BreadcrumbList\",\"@id\":\"https:\\\/\\\/www.jootjeshaakcadeautjes.nl\\\/fr\\\/produit\\\/perles-en-silicone-points-de-fleurs-14-x-5-mm-rose-peche-clair\\\/#breadcrumb\",\"itemListElement\":[{\"@type\":\"ListItem\",\"position\":1,\"name\":\"Accueil\",\"item\":\"https:\\\/\\\/www.jootjeshaakcadeautjes.nl\\\/fr\\\/\"},{\"@type\":\"ListItem\",\"position\":2,\"name\":\"Commerce de gros de perles en silicone &#8211; Entreprises et consommateurs\",\"item\":\"https:\\\/\\\/www.jootjeshaakcadeautjes.nl\\\/fr\\\/boutique\\\/\"},{\"@type\":\"ListItem\",\"position\":3,\"name\":\"Perles en silicone &#8211; Points de fleurs &#8211; 14 x 5 mm &#8211; Light Peach\"}]},{\"@type\":\"WebSite\",\"@id\":\"https:\\\/\\\/www.jootjeshaakcadeautjes.nl\\\/fr\\\/#website\",\"url\":\"https:\\\/\\\/www.jootjeshaakcadeautjes.nl\\\/fr\\\/\",\"name\":\"Jootjes Haakcadeautjes\",\"description\":\"Grossiste en perles de silicone\",\"publisher\":{\"@id\":\"https:\\\/\\\/www.jootjeshaakcadeautjes.nl\\\/fr\\\/#organization\"},\"potentialAction\":[{\"@type\":\"SearchAction\",\"target\":{\"@type\":\"EntryPoint\",\"urlTemplate\":\"https:\\\/\\\/www.jootjeshaakcadeautjes.nl\\\/fr\\\/?s={search_term_string}\"},\"query-input\":{\"@type\":\"PropertyValueSpecification\",\"valueRequired\":true,\"valueName\":\"search_term_string\"}}],\"inLanguage\":\"fr-FR\"},{\"@type\":\"Organization\",\"@id\":\"https:\\\/\\\/www.jootjeshaakcadeautjes.nl\\\/fr\\\/#organization\",\"name\":\"Jootjes Haakcadeautjes\",\"url\":\"https:\\\/\\\/www.jootjeshaakcadeautjes.nl\\\/fr\\\/\",\"logo\":{\"@type\":\"ImageObject\",\"inLanguage\":\"fr-FR\",\"@id\":\"https:\\\/\\\/www.jootjeshaakcadeautjes.nl\\\/fr\\\/#\\\/schema\\\/logo\\\/image\\\/\",\"url\":\"https:\\\/\\\/d1dyryakdmle7o.cloudfront.net\\\/wp-content\\\/uploads\\\/2023\\\/05\\\/Logo-rond.png\",\"contentUrl\":\"https:\\\/\\\/d1dyryakdmle7o.cloudfront.net\\\/wp-content\\\/uploads\\\/2023\\\/05\\\/Logo-rond.png\",\"width\":1222,\"height\":1222,\"caption\":\"Jootjes Haakcadeautjes\"},\"image\":{\"@id\":\"https:\\\/\\\/www.jootjeshaakcadeautjes.nl\\\/fr\\\/#\\\/schema\\\/logo\\\/image\\\/\"}}]}<\/script>\n<meta property=\"product:price:amount\" content=\"0.32\" \/>\n<meta property=\"product:price:currency\" content=\"EUR\" \/>\n<meta property=\"og:availability\" content=\"instock\" \/>\n<meta property=\"product:availability\" content=\"instock\" \/>\n<meta property=\"product:retailer_item_id\" content=\"SKR-FLD-LPR\" \/>\n<meta property=\"product:condition\" content=\"new\" \/>\n<!-- \/ Yoast SEO Premium plugin. -->","yoast_head_json":{"title":"Perles en silicone - Points de fleurs - Light Peach | Jootjes","description":"Entretoise en silicone avec des perles en forme de fleur, dans la couleur Light Peach. Sans danger chimique selon EN-71, convient pour le cordon de la t\u00e9tine, l'anneau de dentition.","robots":{"index":"index","follow":"follow","max-snippet":"max-snippet:-1","max-image-preview":"max-image-preview:large","max-video-preview":"max-video-preview:-1"},"canonical":"https:\/\/www.jootjeshaakcadeautjes.nl\/fr\/produit\/perles-en-silicone-points-de-fleurs-14-x-5-mm-rose-peche-clair\/","og_locale":"fr_FR","og_type":"article","og_title":"Perles en silicone - Points de fleurs - 14 x 5 mm - Light Peach","og_description":"Entretoise en silicone avec des perles en forme de fleur, dans la couleur Light Peach. Sans danger chimique selon EN-71, convient pour le cordon de la t\u00e9tine, l'anneau de dentition.","og_url":"https:\/\/www.jootjeshaakcadeautjes.nl\/fr\/produit\/perles-en-silicone-points-de-fleurs-14-x-5-mm-rose-peche-clair\/","og_site_name":"Jootjes Haakcadeautjes","article_modified_time":"2026-04-20T08:48:34+00:00","og_image":[{"width":1600,"height":1600,"url":"https:\/\/d1dyryakdmle7o.cloudfront.net\/wp-content\/uploads\/2025\/12\/Naamloos-1741.webp","type":"image\/webp"}],"twitter_card":"summary_large_image","twitter_misc":{"Prix":"&euro;0.32 TTC","Disponibilit\u00e9":"En stock"},"schema":{"@context":"https:\/\/schema.org","@graph":[{"@type":"WebPage","@id":"https:\/\/www.jootjeshaakcadeautjes.nl\/fr\/produit\/perles-en-silicone-points-de-fleurs-14-x-5-mm-rose-peche-clair\/","url":"https:\/\/www.jootjeshaakcadeautjes.nl\/fr\/produit\/perles-en-silicone-points-de-fleurs-14-x-5-mm-rose-peche-clair\/","name":"Perles en silicone - Points de fleurs - Light Peach | Jootjes","isPartOf":{"@id":"https:\/\/www.jootjeshaakcadeautjes.nl\/fr\/#website"},"primaryImageOfPage":{"@id":"https:\/\/www.jootjeshaakcadeautjes.nl\/fr\/produit\/perles-en-silicone-points-de-fleurs-14-x-5-mm-rose-peche-clair\/#primaryimage"},"image":{"@id":"https:\/\/www.jootjeshaakcadeautjes.nl\/fr\/produit\/perles-en-silicone-points-de-fleurs-14-x-5-mm-rose-peche-clair\/#primaryimage"},"thumbnailUrl":"https:\/\/d1dyryakdmle7o.cloudfront.net\/wp-content\/uploads\/2025\/12\/Naamloos-1741.webp","datePublished":"2025-12-15T18:00:26+00:00","dateModified":"2026-04-20T08:48:34+00:00","description":"Entretoise en silicone avec des perles en forme de fleur, dans la couleur Light Peach. Sans danger chimique selon EN-71, convient pour le cordon de la t\u00e9tine, l'anneau de dentition.","breadcrumb":{"@id":"https:\/\/www.jootjeshaakcadeautjes.nl\/fr\/produit\/perles-en-silicone-points-de-fleurs-14-x-5-mm-rose-peche-clair\/#breadcrumb"},"inLanguage":"fr-FR","potentialAction":[{"@type":"ReadAction","target":["https:\/\/www.jootjeshaakcadeautjes.nl\/fr\/produit\/perles-en-silicone-points-de-fleurs-14-x-5-mm-rose-peche-clair\/"]}]},{"@type":"ImageObject","inLanguage":"fr-FR","@id":"https:\/\/www.jootjeshaakcadeautjes.nl\/fr\/produit\/perles-en-silicone-points-de-fleurs-14-x-5-mm-rose-peche-clair\/#primaryimage","url":"https:\/\/d1dyryakdmle7o.cloudfront.net\/wp-content\/uploads\/2025\/12\/Naamloos-1741.webp","contentUrl":"https:\/\/d1dyryakdmle7o.cloudfront.net\/wp-content\/uploads\/2025\/12\/Naamloos-1741.webp","width":1600,"height":1600},{"@type":"BreadcrumbList","@id":"https:\/\/www.jootjeshaakcadeautjes.nl\/fr\/produit\/perles-en-silicone-points-de-fleurs-14-x-5-mm-rose-peche-clair\/#breadcrumb","itemListElement":[{"@type":"ListItem","position":1,"name":"Accueil","item":"https:\/\/www.jootjeshaakcadeautjes.nl\/fr\/"},{"@type":"ListItem","position":2,"name":"Commerce de gros de perles en silicone &#8211; Entreprises et consommateurs","item":"https:\/\/www.jootjeshaakcadeautjes.nl\/fr\/boutique\/"},{"@type":"ListItem","position":3,"name":"Perles en silicone &#8211; Points de fleurs &#8211; 14 x 5 mm &#8211; Light Peach"}]},{"@type":"WebSite","@id":"https:\/\/www.jootjeshaakcadeautjes.nl\/fr\/#website","url":"https:\/\/www.jootjeshaakcadeautjes.nl\/fr\/","name":"Jootjes Haakcadeautjes","description":"Grossiste en perles de silicone","publisher":{"@id":"https:\/\/www.jootjeshaakcadeautjes.nl\/fr\/#organization"},"potentialAction":[{"@type":"SearchAction","target":{"@type":"EntryPoint","urlTemplate":"https:\/\/www.jootjeshaakcadeautjes.nl\/fr\/?s={search_term_string}"},"query-input":{"@type":"PropertyValueSpecification","valueRequired":true,"valueName":"search_term_string"}}],"inLanguage":"fr-FR"},{"@type":"Organization","@id":"https:\/\/www.jootjeshaakcadeautjes.nl\/fr\/#organization","name":"Jootjes Haakcadeautjes","url":"https:\/\/www.jootjeshaakcadeautjes.nl\/fr\/","logo":{"@type":"ImageObject","inLanguage":"fr-FR","@id":"https:\/\/www.jootjeshaakcadeautjes.nl\/fr\/#\/schema\/logo\/image\/","url":"https:\/\/d1dyryakdmle7o.cloudfront.net\/wp-content\/uploads\/2023\/05\/Logo-rond.png","contentUrl":"https:\/\/d1dyryakdmle7o.cloudfront.net\/wp-content\/uploads\/2023\/05\/Logo-rond.png","width":1222,"height":1222,"caption":"Jootjes Haakcadeautjes"},"image":{"@id":"https:\/\/www.jootjeshaakcadeautjes.nl\/fr\/#\/schema\/logo\/image\/"}}]},"product_price_amount":"0.32","product_price_currency":"EUR","og_availability":"instock","product_availability":"instock","product_retailer_item_id":"SKR-FLD-LPR","product_condition":"new"},"_links":{"self":[{"href":"https:\/\/www.jootjeshaakcadeautjes.nl\/fr\/wp-json\/wp\/v2\/product\/255219","targetHints":{"allow":["GET"]}}],"collection":[{"href":"https:\/\/www.jootjeshaakcadeautjes.nl\/fr\/wp-json\/wp\/v2\/product"}],"about":[{"href":"https:\/\/www.jootjeshaakcadeautjes.nl\/fr\/wp-json\/wp\/v2\/types\/product"}],"version-history":[{"count":2,"href":"https:\/\/www.jootjeshaakcadeautjes.nl\/fr\/wp-json\/wp\/v2\/product\/255219\/revisions"}],"predecessor-version":[{"id":279038,"href":"https:\/\/www.jootjeshaakcadeautjes.nl\/fr\/wp-json\/wp\/v2\/product\/255219\/revisions\/279038"}],"wp:featuredmedia":[{"embeddable":true,"href":"https:\/\/www.jootjeshaakcadeautjes.nl\/fr\/wp-json\/wp\/v2\/media\/264445"}],"wp:attachment":[{"href":"https:\/\/www.jootjeshaakcadeautjes.nl\/fr\/wp-json\/wp\/v2\/media?parent=255219"}],"wp:term":[{"taxonomy":"product_brand","embeddable":true,"href":"https:\/\/www.jootjeshaakcadeautjes.nl\/fr\/wp-json\/wp\/v2\/product_brand?post=255219"},{"taxonomy":"product_cat","embeddable":true,"href":"https:\/\/www.jootjeshaakcadeautjes.nl\/fr\/wp-json\/wp\/v2\/product_cat?post=255219"},{"taxonomy":"product_tag","embeddable":true,"href":"https:\/\/www.jootjeshaakcadeautjes.nl\/fr\/wp-json\/wp\/v2\/product_tag?post=255219"}],"curies":[{"name":"wp","href":"https:\/\/api.w.org\/{rel}","templated":true}]}}