{"id":263590,"date":"2025-12-14T16:59:19","date_gmt":"2025-12-14T14:59:19","guid":{"rendered":"https:\/\/www.jootjeshaakcadeautjes.nl\/?post_type=product&#038;p=263590"},"modified":"2026-01-27T16:35:27","modified_gmt":"2026-01-27T15:35:27","slug":"perle-en-bois-30-mm-hexagone-bois-de-hetre-kopie","status":"publish","type":"product","link":"https:\/\/www.jootjeshaakcadeautjes.nl\/fr\/produit\/perle-en-bois-30-mm-hexagone-bois-de-hetre-kopie\/","title":{"rendered":"Perle en bois &#8211; Hexagone 30 mm &#8211; Bois de h\u00eatre &#8211; Per\u00e7age pour clip enfilable"},"content":{"rendered":"<h2><span style=\"color: #38002d;\"><u>Hexagone de h\u00eatre 30 mm &#8211; perc\u00e9 pour la pince \u00e0 b\u00e2tonnets<\/u><\/span><\/h2>\n<p>Cet hexagone de h\u00eatre de 30 mm est sp\u00e9cialement perc\u00e9 pour \u00eatre utilis\u00e9 avec notre clip perlable. Vous pouvez ainsi r\u00e9aliser en un rien de temps un magnifique porte-photo ou un badge nominatif. Par exemple, pour la table du d\u00eener.  <\/p>\n<p>Comment travailler avec cet hexagone et les clips perlables ? Vous enfilez vos perles sur le clip basteable, vous mettez de la colle liquide dans la perle en bois, de pr\u00e9f\u00e9rence \u00e0 l&#8217;aide d&#8217;un pistolet \u00e0 colle chaude, et vous placez le clip beadable dans le trou. Le bloc sert de base \u00e0 ce magnifique clip.  <\/p>\n<p>&nbsp;<\/p>\n","protected":false},"excerpt":{"rendered":"<p>Bois de h\u00eatre poli non trait\u00e9.<br \/>\nForme g\u00e9om\u00e9trique hexagonale.<br \/>\nTaille 30 mm.<\/p>\n<p>Remarque ! Cet hexagone est perc\u00e9 pour \u00eatre utilis\u00e9 avec notre clip perlable.<\/p>\n","protected":false},"featured_media":70061,"template":"","meta":[],"product_brand":[],"product_cat":[7378,13490,10405,13493],"product_tag":[10325,12669,13449,7384,12653,12316,7455,7197,13495,7418,7586,10414,13502,7596,7392,13500,13498,7200,10290,7408],"class_list":{"0":"post-263590","1":"product","2":"type-product","3":"status-publish","4":"has-post-thumbnail","6":"product_cat-fabrication-de-jouets-de-dentition-pour-bebe-cordon-de-sucette-et-anneaux-de-dentition","7":"product_cat-perles-en-bois-bois-de-hetre-attache-sucette-et-anneau-de-dentition","8":"product_cat-perles-en-bois-fil-de-sucette-et-anneau-de-dentition-toutes-les-perles-en-bois","9":"product_cat-perles-en-bois-pour-le-macrame-et-le-crochet","10":"product_tag-30-fr","11":"product_tag-30-mm-fr","12":"product_tag-adapte-aux-enfants","13":"product_tag-anneau-de-dentition","14":"product_tag-bois-de-hetre-fr","15":"product_tag-brut","16":"product_tag-chaine-de-landau","17":"product_tag-en-bois","18":"product_tag-facette-fr","19":"product_tag-faux-cordon","20":"product_tag-geometrique","21":"product_tag-hetre","22":"product_tag-hetre-fr","23":"product_tag-hexagone","24":"product_tag-mm-fr","25":"product_tag-non-toxique","26":"product_tag-non-traite","27":"product_tag-perles","28":"product_tag-protection-des-enfants","29":"product_tag-sur","30":"product_shipping_class-envoi-de-colis-necessaire","32":"first","33":"instock","34":"taxable","35":"shipping-taxable","36":"purchasable","37":"product-type-simple"},"bundled_by":["263746"],"bundle_stock_status":"instock","bundle_stock_quantity":200,"bundle_virtual":false,"bundle_layout":"","bundle_add_to_cart_form_location":"","bundle_editable_in_cart":false,"bundle_sold_individually_context":"","bundle_item_grouping":"","bundle_min_size":"","bundle_max_size":"","bundle_price":[],"bundled_items":[],"bundle_sell_ids":[],"yoast_head":"<!-- This site is optimized with the Yoast SEO Premium plugin v27.6 (Yoast SEO v27.6) - https:\/\/yoast.com\/product\/yoast-seo-premium-wordpress\/ -->\n<title>Perle en bois de h\u00eatre Hexagone 20 mm - JootjesHaakcadeaux - Commerce de gros<\/title>\n<meta name=\"description\" content=\"Perles en bois de h\u00eatre hexagonales g\u00e9om\u00e9triques 20 mm pour le cordon de landau, l&#039;anneau de dentition ou le cordon de t\u00e9tine. Les perles hexagonales sont id\u00e9ales pour les jouets de dentition.\" \/>\n<meta name=\"robots\" content=\"index, follow, max-snippet:-1, max-image-preview:large, max-video-preview:-1\" \/>\n<link rel=\"canonical\" href=\"https:\/\/www.jootjeshaakcadeautjes.nl\/fr\/produit\/perle-en-bois-30-mm-hexagone-bois-de-hetre-kopie\/\" \/>\n<meta property=\"og:locale\" content=\"fr_FR\" \/>\n<meta property=\"og:type\" content=\"article\" \/>\n<meta property=\"og:title\" content=\"Perle en bois - Hexagone 30 mm - Bois de h\u00eatre - Per\u00e7age pour clip enfilable\" \/>\n<meta property=\"og:description\" content=\"Perles en bois de h\u00eatre hexagonales g\u00e9om\u00e9triques 20 mm pour le cordon de landau, l&#039;anneau de dentition ou le cordon de t\u00e9tine. Les perles hexagonales sont id\u00e9ales pour les jouets de dentition.\" \/>\n<meta property=\"og:url\" content=\"https:\/\/www.jootjeshaakcadeautjes.nl\/fr\/produit\/perle-en-bois-30-mm-hexagone-bois-de-hetre-kopie\/\" \/>\n<meta property=\"og:site_name\" content=\"Jootjes Haakcadeautjes\" \/>\n<meta property=\"article:modified_time\" content=\"2026-01-27T15:35:27+00:00\" \/>\n<meta property=\"og:image\" content=\"https:\/\/d1dyryakdmle7o.cloudfront.net\/wp-content\/uploads\/2020\/06\/20200608_210105.jpg\" \/>\n\t<meta property=\"og:image:width\" content=\"726\" \/>\n\t<meta property=\"og:image:height\" content=\"725\" \/>\n\t<meta property=\"og:image:type\" content=\"image\/jpeg\" \/>\n<meta name=\"twitter:card\" content=\"summary_large_image\" \/>\n<meta name=\"twitter:label1\" content=\"Prix\" \/>\n\t<meta name=\"twitter:data1\" content=\"&euro;0.85 TTC\" \/>\n\t<meta name=\"twitter:label2\" content=\"Disponibilit\u00e9\" \/>\n\t<meta name=\"twitter:data2\" content=\"En stock\" \/>\n<script type=\"application\/ld+json\" class=\"yoast-schema-graph\">{\"@context\":\"https:\\\/\\\/schema.org\",\"@graph\":[{\"@type\":\"WebPage\",\"@id\":\"https:\\\/\\\/www.jootjeshaakcadeautjes.nl\\\/fr\\\/produit\\\/perle-en-bois-30-mm-hexagone-bois-de-hetre-kopie\\\/\",\"url\":\"https:\\\/\\\/www.jootjeshaakcadeautjes.nl\\\/fr\\\/produit\\\/perle-en-bois-30-mm-hexagone-bois-de-hetre-kopie\\\/\",\"name\":\"Perle en bois de h\u00eatre Hexagone 20 mm - JootjesHaakcadeaux - Commerce de gros\",\"isPartOf\":{\"@id\":\"https:\\\/\\\/www.jootjeshaakcadeautjes.nl\\\/fr\\\/#website\"},\"primaryImageOfPage\":{\"@id\":\"https:\\\/\\\/www.jootjeshaakcadeautjes.nl\\\/fr\\\/produit\\\/perle-en-bois-30-mm-hexagone-bois-de-hetre-kopie\\\/#primaryimage\"},\"image\":{\"@id\":\"https:\\\/\\\/www.jootjeshaakcadeautjes.nl\\\/fr\\\/produit\\\/perle-en-bois-30-mm-hexagone-bois-de-hetre-kopie\\\/#primaryimage\"},\"thumbnailUrl\":\"https:\\\/\\\/d1dyryakdmle7o.cloudfront.net\\\/wp-content\\\/uploads\\\/2020\\\/06\\\/20200608_210105.jpg\",\"datePublished\":\"2025-12-14T14:59:19+00:00\",\"dateModified\":\"2026-01-27T15:35:27+00:00\",\"description\":\"Perles en bois de h\u00eatre hexagonales g\u00e9om\u00e9triques 20 mm pour le cordon de landau, l'anneau de dentition ou le cordon de t\u00e9tine. Les perles hexagonales sont id\u00e9ales pour les jouets de dentition.\",\"breadcrumb\":{\"@id\":\"https:\\\/\\\/www.jootjeshaakcadeautjes.nl\\\/fr\\\/produit\\\/perle-en-bois-30-mm-hexagone-bois-de-hetre-kopie\\\/#breadcrumb\"},\"inLanguage\":\"fr-FR\",\"potentialAction\":[{\"@type\":\"ReadAction\",\"target\":[\"https:\\\/\\\/www.jootjeshaakcadeautjes.nl\\\/fr\\\/produit\\\/perle-en-bois-30-mm-hexagone-bois-de-hetre-kopie\\\/\"]}]},{\"@type\":\"ImageObject\",\"inLanguage\":\"fr-FR\",\"@id\":\"https:\\\/\\\/www.jootjeshaakcadeautjes.nl\\\/fr\\\/produit\\\/perle-en-bois-30-mm-hexagone-bois-de-hetre-kopie\\\/#primaryimage\",\"url\":\"https:\\\/\\\/d1dyryakdmle7o.cloudfront.net\\\/wp-content\\\/uploads\\\/2020\\\/06\\\/20200608_210105.jpg\",\"contentUrl\":\"https:\\\/\\\/d1dyryakdmle7o.cloudfront.net\\\/wp-content\\\/uploads\\\/2020\\\/06\\\/20200608_210105.jpg\",\"width\":726,\"height\":725,\"caption\":\"Anneau de dentition en bois de h\u00eatre hexagonal 20 mm NEN CE s\u00fbr anneau de dentition pour b\u00e9b\u00e9 poign\u00e9e de landau t\u00e9tine lanyard\"},{\"@type\":\"BreadcrumbList\",\"@id\":\"https:\\\/\\\/www.jootjeshaakcadeautjes.nl\\\/fr\\\/produit\\\/perle-en-bois-30-mm-hexagone-bois-de-hetre-kopie\\\/#breadcrumb\",\"itemListElement\":[{\"@type\":\"ListItem\",\"position\":1,\"name\":\"Accueil\",\"item\":\"https:\\\/\\\/www.jootjeshaakcadeautjes.nl\\\/fr\\\/\"},{\"@type\":\"ListItem\",\"position\":2,\"name\":\"Commerce de gros de perles en silicone &#8211; Entreprises et consommateurs\",\"item\":\"https:\\\/\\\/www.jootjeshaakcadeautjes.nl\\\/fr\\\/boutique\\\/\"},{\"@type\":\"ListItem\",\"position\":3,\"name\":\"Perle en bois &#8211; Hexagone 30 mm &#8211; Bois de h\u00eatre &#8211; Per\u00e7age pour clip enfilable\"}]},{\"@type\":\"WebSite\",\"@id\":\"https:\\\/\\\/www.jootjeshaakcadeautjes.nl\\\/fr\\\/#website\",\"url\":\"https:\\\/\\\/www.jootjeshaakcadeautjes.nl\\\/fr\\\/\",\"name\":\"Jootjes Haakcadeautjes\",\"description\":\"Grossiste en perles de silicone\",\"publisher\":{\"@id\":\"https:\\\/\\\/www.jootjeshaakcadeautjes.nl\\\/fr\\\/#organization\"},\"potentialAction\":[{\"@type\":\"SearchAction\",\"target\":{\"@type\":\"EntryPoint\",\"urlTemplate\":\"https:\\\/\\\/www.jootjeshaakcadeautjes.nl\\\/fr\\\/?s={search_term_string}\"},\"query-input\":{\"@type\":\"PropertyValueSpecification\",\"valueRequired\":true,\"valueName\":\"search_term_string\"}}],\"inLanguage\":\"fr-FR\"},{\"@type\":\"Organization\",\"@id\":\"https:\\\/\\\/www.jootjeshaakcadeautjes.nl\\\/fr\\\/#organization\",\"name\":\"Jootjes Haakcadeautjes\",\"url\":\"https:\\\/\\\/www.jootjeshaakcadeautjes.nl\\\/fr\\\/\",\"logo\":{\"@type\":\"ImageObject\",\"inLanguage\":\"fr-FR\",\"@id\":\"https:\\\/\\\/www.jootjeshaakcadeautjes.nl\\\/fr\\\/#\\\/schema\\\/logo\\\/image\\\/\",\"url\":\"https:\\\/\\\/d1dyryakdmle7o.cloudfront.net\\\/wp-content\\\/uploads\\\/2023\\\/05\\\/Logo-rond.png\",\"contentUrl\":\"https:\\\/\\\/d1dyryakdmle7o.cloudfront.net\\\/wp-content\\\/uploads\\\/2023\\\/05\\\/Logo-rond.png\",\"width\":1222,\"height\":1222,\"caption\":\"Jootjes Haakcadeautjes\"},\"image\":{\"@id\":\"https:\\\/\\\/www.jootjeshaakcadeautjes.nl\\\/fr\\\/#\\\/schema\\\/logo\\\/image\\\/\"}}]}<\/script>\n<meta property=\"product:price:amount\" content=\"0.85\" \/>\n<meta property=\"product:price:currency\" content=\"EUR\" \/>\n<meta property=\"og:availability\" content=\"instock\" \/>\n<meta property=\"product:availability\" content=\"instock\" \/>\n<meta property=\"product:retailer_item_id\" content=\"BHO-HEX-030-BCL\" \/>\n<meta property=\"product:condition\" content=\"new\" \/>\n<!-- \/ Yoast SEO Premium plugin. -->","yoast_head_json":{"title":"Perle en bois de h\u00eatre Hexagone 20 mm - JootjesHaakcadeaux - Commerce de gros","description":"Perles en bois de h\u00eatre hexagonales g\u00e9om\u00e9triques 20 mm pour le cordon de landau, l'anneau de dentition ou le cordon de t\u00e9tine. Les perles hexagonales sont id\u00e9ales pour les jouets de dentition.","robots":{"index":"index","follow":"follow","max-snippet":"max-snippet:-1","max-image-preview":"max-image-preview:large","max-video-preview":"max-video-preview:-1"},"canonical":"https:\/\/www.jootjeshaakcadeautjes.nl\/fr\/produit\/perle-en-bois-30-mm-hexagone-bois-de-hetre-kopie\/","og_locale":"fr_FR","og_type":"article","og_title":"Perle en bois - Hexagone 30 mm - Bois de h\u00eatre - Per\u00e7age pour clip enfilable","og_description":"Perles en bois de h\u00eatre hexagonales g\u00e9om\u00e9triques 20 mm pour le cordon de landau, l'anneau de dentition ou le cordon de t\u00e9tine. Les perles hexagonales sont id\u00e9ales pour les jouets de dentition.","og_url":"https:\/\/www.jootjeshaakcadeautjes.nl\/fr\/produit\/perle-en-bois-30-mm-hexagone-bois-de-hetre-kopie\/","og_site_name":"Jootjes Haakcadeautjes","article_modified_time":"2026-01-27T15:35:27+00:00","og_image":[{"width":726,"height":725,"url":"https:\/\/d1dyryakdmle7o.cloudfront.net\/wp-content\/uploads\/2020\/06\/20200608_210105.jpg","type":"image\/jpeg"}],"twitter_card":"summary_large_image","twitter_misc":{"Prix":"&euro;0.85 TTC","Disponibilit\u00e9":"En stock"},"schema":{"@context":"https:\/\/schema.org","@graph":[{"@type":"WebPage","@id":"https:\/\/www.jootjeshaakcadeautjes.nl\/fr\/produit\/perle-en-bois-30-mm-hexagone-bois-de-hetre-kopie\/","url":"https:\/\/www.jootjeshaakcadeautjes.nl\/fr\/produit\/perle-en-bois-30-mm-hexagone-bois-de-hetre-kopie\/","name":"Perle en bois de h\u00eatre Hexagone 20 mm - JootjesHaakcadeaux - Commerce de gros","isPartOf":{"@id":"https:\/\/www.jootjeshaakcadeautjes.nl\/fr\/#website"},"primaryImageOfPage":{"@id":"https:\/\/www.jootjeshaakcadeautjes.nl\/fr\/produit\/perle-en-bois-30-mm-hexagone-bois-de-hetre-kopie\/#primaryimage"},"image":{"@id":"https:\/\/www.jootjeshaakcadeautjes.nl\/fr\/produit\/perle-en-bois-30-mm-hexagone-bois-de-hetre-kopie\/#primaryimage"},"thumbnailUrl":"https:\/\/d1dyryakdmle7o.cloudfront.net\/wp-content\/uploads\/2020\/06\/20200608_210105.jpg","datePublished":"2025-12-14T14:59:19+00:00","dateModified":"2026-01-27T15:35:27+00:00","description":"Perles en bois de h\u00eatre hexagonales g\u00e9om\u00e9triques 20 mm pour le cordon de landau, l'anneau de dentition ou le cordon de t\u00e9tine. Les perles hexagonales sont id\u00e9ales pour les jouets de dentition.","breadcrumb":{"@id":"https:\/\/www.jootjeshaakcadeautjes.nl\/fr\/produit\/perle-en-bois-30-mm-hexagone-bois-de-hetre-kopie\/#breadcrumb"},"inLanguage":"fr-FR","potentialAction":[{"@type":"ReadAction","target":["https:\/\/www.jootjeshaakcadeautjes.nl\/fr\/produit\/perle-en-bois-30-mm-hexagone-bois-de-hetre-kopie\/"]}]},{"@type":"ImageObject","inLanguage":"fr-FR","@id":"https:\/\/www.jootjeshaakcadeautjes.nl\/fr\/produit\/perle-en-bois-30-mm-hexagone-bois-de-hetre-kopie\/#primaryimage","url":"https:\/\/d1dyryakdmle7o.cloudfront.net\/wp-content\/uploads\/2020\/06\/20200608_210105.jpg","contentUrl":"https:\/\/d1dyryakdmle7o.cloudfront.net\/wp-content\/uploads\/2020\/06\/20200608_210105.jpg","width":726,"height":725,"caption":"Anneau de dentition en bois de h\u00eatre hexagonal 20 mm NEN CE s\u00fbr anneau de dentition pour b\u00e9b\u00e9 poign\u00e9e de landau t\u00e9tine lanyard"},{"@type":"BreadcrumbList","@id":"https:\/\/www.jootjeshaakcadeautjes.nl\/fr\/produit\/perle-en-bois-30-mm-hexagone-bois-de-hetre-kopie\/#breadcrumb","itemListElement":[{"@type":"ListItem","position":1,"name":"Accueil","item":"https:\/\/www.jootjeshaakcadeautjes.nl\/fr\/"},{"@type":"ListItem","position":2,"name":"Commerce de gros de perles en silicone &#8211; Entreprises et consommateurs","item":"https:\/\/www.jootjeshaakcadeautjes.nl\/fr\/boutique\/"},{"@type":"ListItem","position":3,"name":"Perle en bois &#8211; Hexagone 30 mm &#8211; Bois de h\u00eatre &#8211; Per\u00e7age pour clip enfilable"}]},{"@type":"WebSite","@id":"https:\/\/www.jootjeshaakcadeautjes.nl\/fr\/#website","url":"https:\/\/www.jootjeshaakcadeautjes.nl\/fr\/","name":"Jootjes Haakcadeautjes","description":"Grossiste en perles de silicone","publisher":{"@id":"https:\/\/www.jootjeshaakcadeautjes.nl\/fr\/#organization"},"potentialAction":[{"@type":"SearchAction","target":{"@type":"EntryPoint","urlTemplate":"https:\/\/www.jootjeshaakcadeautjes.nl\/fr\/?s={search_term_string}"},"query-input":{"@type":"PropertyValueSpecification","valueRequired":true,"valueName":"search_term_string"}}],"inLanguage":"fr-FR"},{"@type":"Organization","@id":"https:\/\/www.jootjeshaakcadeautjes.nl\/fr\/#organization","name":"Jootjes Haakcadeautjes","url":"https:\/\/www.jootjeshaakcadeautjes.nl\/fr\/","logo":{"@type":"ImageObject","inLanguage":"fr-FR","@id":"https:\/\/www.jootjeshaakcadeautjes.nl\/fr\/#\/schema\/logo\/image\/","url":"https:\/\/d1dyryakdmle7o.cloudfront.net\/wp-content\/uploads\/2023\/05\/Logo-rond.png","contentUrl":"https:\/\/d1dyryakdmle7o.cloudfront.net\/wp-content\/uploads\/2023\/05\/Logo-rond.png","width":1222,"height":1222,"caption":"Jootjes Haakcadeautjes"},"image":{"@id":"https:\/\/www.jootjeshaakcadeautjes.nl\/fr\/#\/schema\/logo\/image\/"}}]},"product_price_amount":"0.85","product_price_currency":"EUR","og_availability":"instock","product_availability":"instock","product_retailer_item_id":"BHO-HEX-030-BCL","product_condition":"new"},"_links":{"self":[{"href":"https:\/\/www.jootjeshaakcadeautjes.nl\/fr\/wp-json\/wp\/v2\/product\/263590","targetHints":{"allow":["GET"]}}],"collection":[{"href":"https:\/\/www.jootjeshaakcadeautjes.nl\/fr\/wp-json\/wp\/v2\/product"}],"about":[{"href":"https:\/\/www.jootjeshaakcadeautjes.nl\/fr\/wp-json\/wp\/v2\/types\/product"}],"version-history":[{"count":1,"href":"https:\/\/www.jootjeshaakcadeautjes.nl\/fr\/wp-json\/wp\/v2\/product\/263590\/revisions"}],"predecessor-version":[{"id":264711,"href":"https:\/\/www.jootjeshaakcadeautjes.nl\/fr\/wp-json\/wp\/v2\/product\/263590\/revisions\/264711"}],"wp:featuredmedia":[{"embeddable":true,"href":"https:\/\/www.jootjeshaakcadeautjes.nl\/fr\/wp-json\/wp\/v2\/media\/70061"}],"wp:attachment":[{"href":"https:\/\/www.jootjeshaakcadeautjes.nl\/fr\/wp-json\/wp\/v2\/media?parent=263590"}],"wp:term":[{"taxonomy":"product_brand","embeddable":true,"href":"https:\/\/www.jootjeshaakcadeautjes.nl\/fr\/wp-json\/wp\/v2\/product_brand?post=263590"},{"taxonomy":"product_cat","embeddable":true,"href":"https:\/\/www.jootjeshaakcadeautjes.nl\/fr\/wp-json\/wp\/v2\/product_cat?post=263590"},{"taxonomy":"product_tag","embeddable":true,"href":"https:\/\/www.jootjeshaakcadeautjes.nl\/fr\/wp-json\/wp\/v2\/product_tag?post=263590"}],"curies":[{"name":"wp","href":"https:\/\/api.w.org\/{rel}","templated":true}]}}