{"id":264659,"date":"2025-12-15T20:00:26","date_gmt":"2025-12-15T18:00:26","guid":{"rendered":"https:\/\/www.jootjeshaakcadeautjes.nl\/product\/perles-en-silicone-points-de-fleur-14-x-5-mm-terracotta\/"},"modified":"2026-03-27T14:47:37","modified_gmt":"2026-03-27T13:47:37","slug":"perles-en-silicone-points-de-fleur-14-x-5-mm-terracotta","status":"publish","type":"product","link":"https:\/\/www.jootjeshaakcadeautjes.nl\/fr\/produit\/perles-en-silicone-points-de-fleur-14-x-5-mm-terracotta\/","title":{"rendered":"Perles en silicone &#8211; Points de fleur &#8211; 14 x 5 mm &#8211; Terracotta"},"content":{"rendered":"<h2>Perles en silicone &#8211; Points de fleur &#8211; 14 x 5 mm &#8211; Terracotta<\/h2>\n<p>Couleur : Terracotta<br \/>\nType : Flower Dot<br \/>\nTaille : 14 x 5 mm<br \/>\nMat\u00e9riau : Selon EN-71 Silicone test\u00e9e chimiquement s\u00fbre. Cela signifie qu&#8217;il est exempt de BPA, de phtalates et d&#8217;autres substances potentiellement nocives. Ces perles conviennent donc, en termes d&#8217;ingr\u00e9dients, aux produits qui doivent \u00eatre conformes \u00e0 ces r\u00e9glementations europ\u00e9ennes, tels qu&#8217;un cordon de t\u00e9tine ou un anneau de dentition.  <\/p>\n<p data-start=\"299\" data-end=\"688\">Nos perles en silicone en forme de fleur pr\u00e9sentent un magnifique motif de bulles qui ressemble \u00e0 de minuscules fleurs. Ces perles en silicone avec bulles sont id\u00e9ales pour r\u00e9aliser des combinaisons cr\u00e9atives. Utilisez-en plusieurs \u00e0 la suite dans des couleurs diff\u00e9rentes pour un effet ludique et joyeux. Les points s&#8217;imbriquent joliment les uns dans les autres, ce qui vous donne un aspect unique et professionnel.   <\/p>\n<p data-start=\"690\" data-end=\"963\">Les points fleurs s&#8217;accordent parfaitement avec nos autres perles, telles que les mini-points et les points framboise. En combinant diff\u00e9rentes formes et textures, vous cr\u00e9ez un ensemble ludique qui n&#8217;est pas seulement joli, mais aussi agr\u00e9able pour les petits. <\/p>\n<p data-start=\"965\" data-end=\"1176\">Les bosses douces stimulent le sens du toucher et sont id\u00e9ales pour mordre. Id\u00e9ales pendant les pouss\u00e9es dentaires &#8211; elles aident \u00e0 masser les gencives et soulagent les pouss\u00e9es dentaires. <\/p>\n","protected":false},"excerpt":{"rendered":"<p>Couleur : Terracotta<br \/>\nType : Flower Dot<br \/>\nTaille : 14 x 5 mm<br \/>\nMat\u00e9riau : Selon EN-71 Silicone test\u00e9e chimiquement s\u00fbre. Cela signifie qu&#8217;il est exempt de BPA, de phtalates et d&#8217;autres substances potentiellement nocives. Ces perles conviennent donc, en termes d&#8217;ingr\u00e9dients, aux produits qui doivent \u00eatre conformes \u00e0 ces r\u00e9glementations europ\u00e9ennes, tels qu&#8217;un cordon de t\u00e9tine ou un anneau de dentition.  <\/p>\n<p>Vendu \u00e0 l&#8217;unit\u00e9.<\/p>\n<p>Pour plus d&#8217;informations, lisez la suite au bas de la page.<\/p>\n","protected":false},"featured_media":264429,"template":"","meta":[],"product_brand":[],"product_cat":[7378,18032,6992],"product_tag":[7384,18053,17212,18241,7418,10282,9997,10115,18238,18240,7619,7498,10253],"class_list":{"0":"post-264659","1":"product","2":"type-product","3":"status-publish","4":"has-post-thumbnail","6":"product_cat-fabrication-de-jouets-de-dentition-pour-bebe-cordon-de-sucette-et-anneaux-de-dentition","7":"product_cat-perles-en-silicone-flower-dots-12-mm","8":"product_cat-perles-en-silicone-sans-bpa-grossiste","9":"product_tag-anneau-de-dentition","10":"product_tag-bourrelet","11":"product_tag-dots-fr","12":"product_tag-entretoise","13":"product_tag-faux-cordon","14":"product_tag-fleur-fr-2","15":"product_tag-fr-71","16":"product_tag-perles-de-silicone","17":"product_tag-point-de-fleur","18":"product_tag-points-de-fleurs-2","19":"product_tag-porte-cles","20":"product_tag-septum","21":"product_tag-terre-cuite","23":"first","24":"instock","25":"taxable","26":"shipping-taxable","27":"purchasable","28":"product-type-simple"},"bundled_by":["273851"],"bundle_stock_status":"instock","bundle_stock_quantity":854,"bundle_virtual":false,"bundle_layout":"","bundle_add_to_cart_form_location":"","bundle_editable_in_cart":false,"bundle_sold_individually_context":"","bundle_item_grouping":"","bundle_min_size":"","bundle_max_size":"","bundle_price":[],"bundled_items":[],"bundle_sell_ids":[],"yoast_head":"<!-- This site is optimized with the Yoast SEO Premium plugin v27.6 (Yoast SEO v27.6) - https:\/\/yoast.com\/product\/yoast-seo-premium-wordpress\/ -->\n<title>Perles en silicone - Points de fleurs - Terracotta | Jootjes<\/title>\n<meta name=\"description\" content=\"Entretoise en silicone avec des perles en forme de fleur, dans la couleur Terracotta. S\u00fbr selon la norme EN-71, convient pour le cordon de la t\u00e9tine, l&#039;anneau de dentition.\" \/>\n<meta name=\"robots\" content=\"index, follow, max-snippet:-1, max-image-preview:large, max-video-preview:-1\" \/>\n<link rel=\"canonical\" href=\"https:\/\/www.jootjeshaakcadeautjes.nl\/fr\/produit\/perles-en-silicone-points-de-fleur-14-x-5-mm-terracotta\/\" \/>\n<meta property=\"og:locale\" content=\"fr_FR\" \/>\n<meta property=\"og:type\" content=\"article\" \/>\n<meta property=\"og:title\" content=\"Perles en silicone - Points de fleur - 14 x 5 mm - Terracotta\" \/>\n<meta property=\"og:description\" content=\"Entretoise en silicone avec des perles en forme de fleur, dans la couleur Terracotta. S\u00fbr selon la norme EN-71, convient pour le cordon de la t\u00e9tine, l&#039;anneau de dentition.\" \/>\n<meta property=\"og:url\" content=\"https:\/\/www.jootjeshaakcadeautjes.nl\/fr\/produit\/perles-en-silicone-points-de-fleur-14-x-5-mm-terracotta\/\" \/>\n<meta property=\"og:site_name\" content=\"Jootjes Haakcadeautjes\" \/>\n<meta property=\"article:modified_time\" content=\"2026-03-27T13:47:37+00:00\" \/>\n<meta property=\"og:image\" content=\"https:\/\/d1dyryakdmle7o.cloudfront.net\/wp-content\/uploads\/2025\/12\/Naamloos-1736.webp\" \/>\n\t<meta property=\"og:image:width\" content=\"1600\" \/>\n\t<meta property=\"og:image:height\" content=\"1600\" \/>\n\t<meta property=\"og:image:type\" content=\"image\/webp\" \/>\n<meta name=\"twitter:card\" content=\"summary_large_image\" \/>\n<meta name=\"twitter:label1\" content=\"Prix\" \/>\n\t<meta name=\"twitter:data1\" content=\"&euro;0.32 TTC\" \/>\n\t<meta name=\"twitter:label2\" content=\"Disponibilit\u00e9\" \/>\n\t<meta name=\"twitter:data2\" content=\"En stock\" \/>\n<script type=\"application\/ld+json\" class=\"yoast-schema-graph\">{\"@context\":\"https:\\\/\\\/schema.org\",\"@graph\":[{\"@type\":\"WebPage\",\"@id\":\"https:\\\/\\\/www.jootjeshaakcadeautjes.nl\\\/fr\\\/produit\\\/perles-en-silicone-points-de-fleur-14-x-5-mm-terracotta\\\/\",\"url\":\"https:\\\/\\\/www.jootjeshaakcadeautjes.nl\\\/fr\\\/produit\\\/perles-en-silicone-points-de-fleur-14-x-5-mm-terracotta\\\/\",\"name\":\"Perles en silicone - Points de fleurs - Terracotta | Jootjes\",\"isPartOf\":{\"@id\":\"https:\\\/\\\/www.jootjeshaakcadeautjes.nl\\\/fr\\\/#website\"},\"primaryImageOfPage\":{\"@id\":\"https:\\\/\\\/www.jootjeshaakcadeautjes.nl\\\/fr\\\/produit\\\/perles-en-silicone-points-de-fleur-14-x-5-mm-terracotta\\\/#primaryimage\"},\"image\":{\"@id\":\"https:\\\/\\\/www.jootjeshaakcadeautjes.nl\\\/fr\\\/produit\\\/perles-en-silicone-points-de-fleur-14-x-5-mm-terracotta\\\/#primaryimage\"},\"thumbnailUrl\":\"https:\\\/\\\/d1dyryakdmle7o.cloudfront.net\\\/wp-content\\\/uploads\\\/2025\\\/12\\\/Naamloos-1736.webp\",\"datePublished\":\"2025-12-15T18:00:26+00:00\",\"dateModified\":\"2026-03-27T13:47:37+00:00\",\"description\":\"Entretoise en silicone avec des perles en forme de fleur, dans la couleur Terracotta. S\u00fbr selon la norme EN-71, convient pour le cordon de la t\u00e9tine, l'anneau de dentition.\",\"breadcrumb\":{\"@id\":\"https:\\\/\\\/www.jootjeshaakcadeautjes.nl\\\/fr\\\/produit\\\/perles-en-silicone-points-de-fleur-14-x-5-mm-terracotta\\\/#breadcrumb\"},\"inLanguage\":\"fr-FR\",\"potentialAction\":[{\"@type\":\"ReadAction\",\"target\":[\"https:\\\/\\\/www.jootjeshaakcadeautjes.nl\\\/fr\\\/produit\\\/perles-en-silicone-points-de-fleur-14-x-5-mm-terracotta\\\/\"]}]},{\"@type\":\"ImageObject\",\"inLanguage\":\"fr-FR\",\"@id\":\"https:\\\/\\\/www.jootjeshaakcadeautjes.nl\\\/fr\\\/produit\\\/perles-en-silicone-points-de-fleur-14-x-5-mm-terracotta\\\/#primaryimage\",\"url\":\"https:\\\/\\\/d1dyryakdmle7o.cloudfront.net\\\/wp-content\\\/uploads\\\/2025\\\/12\\\/Naamloos-1736.webp\",\"contentUrl\":\"https:\\\/\\\/d1dyryakdmle7o.cloudfront.net\\\/wp-content\\\/uploads\\\/2025\\\/12\\\/Naamloos-1736.webp\",\"width\":1600,\"height\":1600},{\"@type\":\"BreadcrumbList\",\"@id\":\"https:\\\/\\\/www.jootjeshaakcadeautjes.nl\\\/fr\\\/produit\\\/perles-en-silicone-points-de-fleur-14-x-5-mm-terracotta\\\/#breadcrumb\",\"itemListElement\":[{\"@type\":\"ListItem\",\"position\":1,\"name\":\"Accueil\",\"item\":\"https:\\\/\\\/www.jootjeshaakcadeautjes.nl\\\/fr\\\/\"},{\"@type\":\"ListItem\",\"position\":2,\"name\":\"Commerce de gros de perles en silicone &#8211; Entreprises et consommateurs\",\"item\":\"https:\\\/\\\/www.jootjeshaakcadeautjes.nl\\\/fr\\\/boutique\\\/\"},{\"@type\":\"ListItem\",\"position\":3,\"name\":\"Perles en silicone &#8211; Points de fleur &#8211; 14 x 5 mm &#8211; Terracotta\"}]},{\"@type\":\"WebSite\",\"@id\":\"https:\\\/\\\/www.jootjeshaakcadeautjes.nl\\\/fr\\\/#website\",\"url\":\"https:\\\/\\\/www.jootjeshaakcadeautjes.nl\\\/fr\\\/\",\"name\":\"Jootjes Haakcadeautjes\",\"description\":\"Grossiste en perles de silicone\",\"publisher\":{\"@id\":\"https:\\\/\\\/www.jootjeshaakcadeautjes.nl\\\/fr\\\/#organization\"},\"potentialAction\":[{\"@type\":\"SearchAction\",\"target\":{\"@type\":\"EntryPoint\",\"urlTemplate\":\"https:\\\/\\\/www.jootjeshaakcadeautjes.nl\\\/fr\\\/?s={search_term_string}\"},\"query-input\":{\"@type\":\"PropertyValueSpecification\",\"valueRequired\":true,\"valueName\":\"search_term_string\"}}],\"inLanguage\":\"fr-FR\"},{\"@type\":\"Organization\",\"@id\":\"https:\\\/\\\/www.jootjeshaakcadeautjes.nl\\\/fr\\\/#organization\",\"name\":\"Jootjes Haakcadeautjes\",\"url\":\"https:\\\/\\\/www.jootjeshaakcadeautjes.nl\\\/fr\\\/\",\"logo\":{\"@type\":\"ImageObject\",\"inLanguage\":\"fr-FR\",\"@id\":\"https:\\\/\\\/www.jootjeshaakcadeautjes.nl\\\/fr\\\/#\\\/schema\\\/logo\\\/image\\\/\",\"url\":\"https:\\\/\\\/d1dyryakdmle7o.cloudfront.net\\\/wp-content\\\/uploads\\\/2023\\\/05\\\/Logo-rond.png\",\"contentUrl\":\"https:\\\/\\\/d1dyryakdmle7o.cloudfront.net\\\/wp-content\\\/uploads\\\/2023\\\/05\\\/Logo-rond.png\",\"width\":1222,\"height\":1222,\"caption\":\"Jootjes Haakcadeautjes\"},\"image\":{\"@id\":\"https:\\\/\\\/www.jootjeshaakcadeautjes.nl\\\/fr\\\/#\\\/schema\\\/logo\\\/image\\\/\"}}]}<\/script>\n<meta property=\"product:price:amount\" content=\"0.32\" \/>\n<meta property=\"product:price:currency\" content=\"EUR\" \/>\n<meta property=\"og:availability\" content=\"instock\" \/>\n<meta property=\"product:availability\" content=\"instock\" \/>\n<meta property=\"product:retailer_item_id\" content=\"SKR-FLD-TCA\" \/>\n<meta property=\"product:condition\" content=\"new\" \/>\n<!-- \/ Yoast SEO Premium plugin. -->","yoast_head_json":{"title":"Perles en silicone - Points de fleurs - Terracotta | Jootjes","description":"Entretoise en silicone avec des perles en forme de fleur, dans la couleur Terracotta. S\u00fbr selon la norme EN-71, convient pour le cordon de la t\u00e9tine, l'anneau de dentition.","robots":{"index":"index","follow":"follow","max-snippet":"max-snippet:-1","max-image-preview":"max-image-preview:large","max-video-preview":"max-video-preview:-1"},"canonical":"https:\/\/www.jootjeshaakcadeautjes.nl\/fr\/produit\/perles-en-silicone-points-de-fleur-14-x-5-mm-terracotta\/","og_locale":"fr_FR","og_type":"article","og_title":"Perles en silicone - Points de fleur - 14 x 5 mm - Terracotta","og_description":"Entretoise en silicone avec des perles en forme de fleur, dans la couleur Terracotta. S\u00fbr selon la norme EN-71, convient pour le cordon de la t\u00e9tine, l'anneau de dentition.","og_url":"https:\/\/www.jootjeshaakcadeautjes.nl\/fr\/produit\/perles-en-silicone-points-de-fleur-14-x-5-mm-terracotta\/","og_site_name":"Jootjes Haakcadeautjes","article_modified_time":"2026-03-27T13:47:37+00:00","og_image":[{"width":1600,"height":1600,"url":"https:\/\/d1dyryakdmle7o.cloudfront.net\/wp-content\/uploads\/2025\/12\/Naamloos-1736.webp","type":"image\/webp"}],"twitter_card":"summary_large_image","twitter_misc":{"Prix":"&euro;0.32 TTC","Disponibilit\u00e9":"En stock"},"schema":{"@context":"https:\/\/schema.org","@graph":[{"@type":"WebPage","@id":"https:\/\/www.jootjeshaakcadeautjes.nl\/fr\/produit\/perles-en-silicone-points-de-fleur-14-x-5-mm-terracotta\/","url":"https:\/\/www.jootjeshaakcadeautjes.nl\/fr\/produit\/perles-en-silicone-points-de-fleur-14-x-5-mm-terracotta\/","name":"Perles en silicone - Points de fleurs - Terracotta | Jootjes","isPartOf":{"@id":"https:\/\/www.jootjeshaakcadeautjes.nl\/fr\/#website"},"primaryImageOfPage":{"@id":"https:\/\/www.jootjeshaakcadeautjes.nl\/fr\/produit\/perles-en-silicone-points-de-fleur-14-x-5-mm-terracotta\/#primaryimage"},"image":{"@id":"https:\/\/www.jootjeshaakcadeautjes.nl\/fr\/produit\/perles-en-silicone-points-de-fleur-14-x-5-mm-terracotta\/#primaryimage"},"thumbnailUrl":"https:\/\/d1dyryakdmle7o.cloudfront.net\/wp-content\/uploads\/2025\/12\/Naamloos-1736.webp","datePublished":"2025-12-15T18:00:26+00:00","dateModified":"2026-03-27T13:47:37+00:00","description":"Entretoise en silicone avec des perles en forme de fleur, dans la couleur Terracotta. S\u00fbr selon la norme EN-71, convient pour le cordon de la t\u00e9tine, l'anneau de dentition.","breadcrumb":{"@id":"https:\/\/www.jootjeshaakcadeautjes.nl\/fr\/produit\/perles-en-silicone-points-de-fleur-14-x-5-mm-terracotta\/#breadcrumb"},"inLanguage":"fr-FR","potentialAction":[{"@type":"ReadAction","target":["https:\/\/www.jootjeshaakcadeautjes.nl\/fr\/produit\/perles-en-silicone-points-de-fleur-14-x-5-mm-terracotta\/"]}]},{"@type":"ImageObject","inLanguage":"fr-FR","@id":"https:\/\/www.jootjeshaakcadeautjes.nl\/fr\/produit\/perles-en-silicone-points-de-fleur-14-x-5-mm-terracotta\/#primaryimage","url":"https:\/\/d1dyryakdmle7o.cloudfront.net\/wp-content\/uploads\/2025\/12\/Naamloos-1736.webp","contentUrl":"https:\/\/d1dyryakdmle7o.cloudfront.net\/wp-content\/uploads\/2025\/12\/Naamloos-1736.webp","width":1600,"height":1600},{"@type":"BreadcrumbList","@id":"https:\/\/www.jootjeshaakcadeautjes.nl\/fr\/produit\/perles-en-silicone-points-de-fleur-14-x-5-mm-terracotta\/#breadcrumb","itemListElement":[{"@type":"ListItem","position":1,"name":"Accueil","item":"https:\/\/www.jootjeshaakcadeautjes.nl\/fr\/"},{"@type":"ListItem","position":2,"name":"Commerce de gros de perles en silicone &#8211; Entreprises et consommateurs","item":"https:\/\/www.jootjeshaakcadeautjes.nl\/fr\/boutique\/"},{"@type":"ListItem","position":3,"name":"Perles en silicone &#8211; Points de fleur &#8211; 14 x 5 mm &#8211; Terracotta"}]},{"@type":"WebSite","@id":"https:\/\/www.jootjeshaakcadeautjes.nl\/fr\/#website","url":"https:\/\/www.jootjeshaakcadeautjes.nl\/fr\/","name":"Jootjes Haakcadeautjes","description":"Grossiste en perles de silicone","publisher":{"@id":"https:\/\/www.jootjeshaakcadeautjes.nl\/fr\/#organization"},"potentialAction":[{"@type":"SearchAction","target":{"@type":"EntryPoint","urlTemplate":"https:\/\/www.jootjeshaakcadeautjes.nl\/fr\/?s={search_term_string}"},"query-input":{"@type":"PropertyValueSpecification","valueRequired":true,"valueName":"search_term_string"}}],"inLanguage":"fr-FR"},{"@type":"Organization","@id":"https:\/\/www.jootjeshaakcadeautjes.nl\/fr\/#organization","name":"Jootjes Haakcadeautjes","url":"https:\/\/www.jootjeshaakcadeautjes.nl\/fr\/","logo":{"@type":"ImageObject","inLanguage":"fr-FR","@id":"https:\/\/www.jootjeshaakcadeautjes.nl\/fr\/#\/schema\/logo\/image\/","url":"https:\/\/d1dyryakdmle7o.cloudfront.net\/wp-content\/uploads\/2023\/05\/Logo-rond.png","contentUrl":"https:\/\/d1dyryakdmle7o.cloudfront.net\/wp-content\/uploads\/2023\/05\/Logo-rond.png","width":1222,"height":1222,"caption":"Jootjes Haakcadeautjes"},"image":{"@id":"https:\/\/www.jootjeshaakcadeautjes.nl\/fr\/#\/schema\/logo\/image\/"}}]},"product_price_amount":"0.32","product_price_currency":"EUR","og_availability":"instock","product_availability":"instock","product_retailer_item_id":"SKR-FLD-TCA","product_condition":"new"},"_links":{"self":[{"href":"https:\/\/www.jootjeshaakcadeautjes.nl\/fr\/wp-json\/wp\/v2\/product\/264659","targetHints":{"allow":["GET"]}}],"collection":[{"href":"https:\/\/www.jootjeshaakcadeautjes.nl\/fr\/wp-json\/wp\/v2\/product"}],"about":[{"href":"https:\/\/www.jootjeshaakcadeautjes.nl\/fr\/wp-json\/wp\/v2\/types\/product"}],"version-history":[{"count":1,"href":"https:\/\/www.jootjeshaakcadeautjes.nl\/fr\/wp-json\/wp\/v2\/product\/264659\/revisions"}],"predecessor-version":[{"id":264926,"href":"https:\/\/www.jootjeshaakcadeautjes.nl\/fr\/wp-json\/wp\/v2\/product\/264659\/revisions\/264926"}],"wp:featuredmedia":[{"embeddable":true,"href":"https:\/\/www.jootjeshaakcadeautjes.nl\/fr\/wp-json\/wp\/v2\/media\/264429"}],"wp:attachment":[{"href":"https:\/\/www.jootjeshaakcadeautjes.nl\/fr\/wp-json\/wp\/v2\/media?parent=264659"}],"wp:term":[{"taxonomy":"product_brand","embeddable":true,"href":"https:\/\/www.jootjeshaakcadeautjes.nl\/fr\/wp-json\/wp\/v2\/product_brand?post=264659"},{"taxonomy":"product_cat","embeddable":true,"href":"https:\/\/www.jootjeshaakcadeautjes.nl\/fr\/wp-json\/wp\/v2\/product_cat?post=264659"},{"taxonomy":"product_tag","embeddable":true,"href":"https:\/\/www.jootjeshaakcadeautjes.nl\/fr\/wp-json\/wp\/v2\/product_tag?post=264659"}],"curies":[{"name":"wp","href":"https:\/\/api.w.org\/{rel}","templated":true}]}}