{"id":265249,"date":"2025-12-19T18:36:54","date_gmt":"2025-12-19T16:36:54","guid":{"rendered":"https:\/\/www.jootjeshaakcadeautjes.nl\/?post_type=product&#038;p=265249"},"modified":"2026-05-08T15:11:56","modified_gmt":"2026-05-08T13:11:56","slug":"echophoto-grave-plexiglas-led-kopie","status":"publish","type":"product","link":"https:\/\/www.jootjeshaakcadeautjes.nl\/fr\/produit\/echophoto-grave-plexiglas-led-kopie\/","title":{"rendered":"Votre logo &#8211; Grav\u00e9 sur plexiglas &#8211; LED"},"content":{"rendered":"<h2>Votre logo &#8211; Grav\u00e9 sur plexiglas &#8211; LED<\/h2>\n<p>Mat\u00e9riau : plexiglas avec support LED, r\u00e9glable en blanc brillant et blanc chaud.<br \/>\nFourni avec un c\u00e2ble USB, sans adaptateur USB.<\/p>\n<p data-start=\"0\" data-end=\"282\">Cr\u00e9ez une v\u00e9ritable attraction avec votre logo. Faites-le graver sur une magnifique plaque acrylique transparente, magnifiquement \u00e9clair\u00e9e par un <strong data-start=\"123\" data-end=\"140\">support LED.<\/strong> C&#8217;est un v\u00e9ritable accroche-regard pour tous ceux qui vendent leur mat\u00e9riel sur les m\u00e9dias sociaux. Utilisez-le dans vos photos, vid\u00e9os et sur les lives pour promouvoir votre marque et vos produits ! Cela donne un effet de lumi\u00e8re NEON tr\u00e8s chic.    <\/p>\n<h3 data-start=\"284\" data-end=\"328\">Gravure personnelle, enti\u00e8rement personnalis\u00e9e<\/h3>\n<p data-start=\"329\" data-end=\"398\">Nous gravons votre dessin sp\u00e9cialement pour vous. Envoyez-nous votre logo par e-mail. <\/p>\n<h3 data-start=\"659\" data-end=\"692\">Qu&#8217;attendons-nous de vous ?<\/h3>\n<p>Nous gravons volontiers des textes et des logos, en respectant quelques r\u00e8gles pour que le processus soit clair et sans accroc.<\/p>\n<p>\u2705 <strong>Gravure de texte<\/strong>: Nous pouvons graver des textes dans des polices standard disponibles sur n&#8217;importe quel ordinateur. Vous souhaitez une police sp\u00e9cifique qui n&#8217;est pas standard ? Dans ce cas, nous vous demandons de nous fournir cette police sous forme de fichier.  <\/p>\n<p>\u2705 <strong>Logos et images<\/strong>: Pour graver un logo ou une image, nous avons besoin d&#8217;un fichier en noir et blanc (sans nuances de gris ni ombres). Cela permet d&#8217;obtenir les meilleurs r\u00e9sultats. <\/p>\n<p>\ud83d\udd04 <strong>Combinaison d&#8217;un texte et d&#8217;une<\/strong> image : Vous disposez d&#8217;un texte et d&#8217;un logo ou d&#8217;une image libre (par exemple un ours) ? Nous pouvons alors les mettre en forme et les graver ensemble. Dans ce cas, nous ferons un maximum de 2 ajustements et le texte et l&#8217;image doivent \u00eatre connus (police connue \/ images fournies).  <\/p>\n<p data-start=\"851\" data-end=\"993\">&gt;&gt;  Toutefois, s&#8217;il n&#8217;existe pas encore de logo et que nous devons le concevoir sur la base d&#8217;une description, cela n&#8217;entre pas dans le cadre de la gravure. La conception d&#8217;un logo est un service graphique qui co\u00fbte normalement entre 50 et 100 euros par dessin et qui est g\u00e9n\u00e9ralement confi\u00e9 \u00e0 une agence graphique. En fonction de vos besoins, et moyennant un suppl\u00e9ment de prix, nous pouvons g\u00e9n\u00e9ralement nous charger de ce travail. Contactez-nous \u00e0 l&#8217;avance par courrier \u00e9lectronique<a href=\"mailto:info@jootjeshaakcadeautjes.nl\">(info@jootjeshaakcadeautjes.nl)<\/a> pour obtenir un devis sans engagement.   <\/p>\n<h3 data-start=\"995\" data-end=\"1028\">R\u00e9glages de l&#8217;\u00e9clairage et livraison<\/h3>\n<ul data-start=\"1029\" data-end=\"1173\">\n<li data-start=\"1029\" data-end=\"1062\">\n<p data-start=\"1031\" data-end=\"1062\"><strong data-start=\"1031\" data-end=\"1062\">Plexiglas avec support LED<\/strong><\/p>\n<\/li>\n<li data-start=\"1063\" data-end=\"1119\">\n<p data-start=\"1065\" data-end=\"1119\">La LED peut \u00eatre r\u00e9gl\u00e9e sur <strong data-start=\"1089\" data-end=\"1103\">blanc brillant<\/strong> et <strong data-start=\"1107\" data-end=\"1119\">blanc chaud<\/strong><\/p>\n<\/li>\n<li data-start=\"1120\" data-end=\"1148\">\n<p data-start=\"1122\" data-end=\"1148\">Fourni avec un <strong data-start=\"1135\" data-end=\"1148\">c\u00e2ble USB<\/strong><\/p>\n<\/li>\n<li data-start=\"1149\" data-end=\"1173\">\n<p data-start=\"1151\" data-end=\"1173\"><strong data-start=\"1151\" data-end=\"1173\">Sans adaptateur USB<\/strong><\/p>\n<\/li>\n<\/ul>\n<h3 data-start=\"1175\" data-end=\"1215\">Fournir des donn\u00e9es apr\u00e8s votre commande<\/h3>\n<p data-start=\"1216\" data-end=\"1334\">Vous pouvez soumettre les donn\u00e9es sous forme num\u00e9rique apr\u00e8s la commande. Envoyez votre e-mail \u00e0 : <strong data-start=\"1301\" data-end=\"1334\"><a class=\"decorated-link cursor-pointer\" rel=\"noopener\" data-start=\"1303\" data-end=\"1332\">info@jootjeshaakcadeautjes.nl. <\/a><\/strong>  <\/p>\n","protected":false},"excerpt":{"rendered":"<p>Mat\u00e9riau : Plexiglas avec support LED, r\u00e9glable en blanc brillant et blanc chaud.<br \/>\nFourni avec un c\u00e2ble USB, sans adaptateur USB.<\/p>\n<p>Pour plus d&#8217;informations, lisez la suite en bas de page.<\/p>\n","protected":false},"featured_media":265258,"template":"","meta":[],"product_brand":[],"product_cat":[12398],"product_tag":[12720,7396,19575,7402,12403,18865,18864,19573,13261,12861,19618,13149,19571,18868,10242,10449,18867,19574,19570],"class_list":{"0":"post-265249","1":"product","2":"type-product","3":"status-publish","4":"has-post-thumbnail","6":"product_cat-gravure-au-laser-pour-wish-texte-image-ou-marque-de-votre-choix","7":"product_tag-acrylique","8":"product_tag-cadeau-fr","9":"product_tag-dirige","10":"product_tag-grave","11":"product_tag-gravure","12":"product_tag-lumiere-2","13":"product_tag-lumiere-led","14":"product_tag-medias","15":"product_tag-neon-fr","16":"product_tag-par-nom","17":"product_tag-personalisierte","18":"product_tag-personnel","19":"product_tag-sociale","20":"product_tag-support-led","21":"product_tag-sur-mesure","22":"product_tag-sur-mesure-fr","23":"product_tag-usb","24":"product_tag-vies","25":"product_tag-votre-logo","26":"product_shipping_class-envoi-de-colis-necessaire","28":"first","29":"instock","30":"taxable","31":"shipping-taxable","32":"purchasable","33":"product-type-simple"},"bundled_by":[],"bundle_stock_status":"instock","bundle_stock_quantity":7,"bundle_virtual":false,"bundle_layout":"","bundle_add_to_cart_form_location":"","bundle_editable_in_cart":false,"bundle_sold_individually_context":"","bundle_item_grouping":"","bundle_min_size":"","bundle_max_size":"","bundle_price":[],"bundled_items":[],"bundle_sell_ids":[],"yoast_head":"<!-- This site is optimized with the Yoast SEO Premium plugin v27.4 (Yoast SEO v27.5) - https:\/\/yoast.com\/product\/yoast-seo-premium-wordpress\/ -->\n<title>Votre logo - Grav\u00e9 sur plexiglas - LED - Jootjes Haakcadeautjes<\/title>\n<meta name=\"description\" content=\"Votre logo grav\u00e9 sur une plaque de plexiglas lumineuse ! L&#039;article de marketing ultime pour vos photos, vid\u00e9os et vies sur les m\u00e9dias sociaux ! Avec base LED en bois.\" \/>\n<meta name=\"robots\" content=\"index, follow, max-snippet:-1, max-image-preview:large, max-video-preview:-1\" \/>\n<link rel=\"canonical\" href=\"https:\/\/www.jootjeshaakcadeautjes.nl\/fr\/produit\/echophoto-grave-plexiglas-led-kopie\/\" \/>\n<meta property=\"og:locale\" content=\"fr_FR\" \/>\n<meta property=\"og:type\" content=\"article\" \/>\n<meta property=\"og:title\" content=\"Votre logo - Grav\u00e9 sur plexiglas - LED\" \/>\n<meta property=\"og:description\" content=\"Votre logo grav\u00e9 sur une plaque de plexiglas lumineuse ! L&#039;article de marketing ultime pour vos photos, vid\u00e9os et vies sur les m\u00e9dias sociaux ! Avec base LED en bois.\" \/>\n<meta property=\"og:url\" content=\"https:\/\/www.jootjeshaakcadeautjes.nl\/fr\/produit\/echophoto-grave-plexiglas-led-kopie\/\" \/>\n<meta property=\"og:site_name\" content=\"Jootjes Haakcadeautjes\" \/>\n<meta property=\"article:modified_time\" content=\"2026-05-08T13:11:56+00:00\" \/>\n<meta property=\"og:image\" content=\"https:\/\/d1dyryakdmle7o.cloudfront.net\/wp-content\/uploads\/2025\/12\/Jouw-logo-gegraveerd-ACRYL-LED.webp\" \/>\n\t<meta property=\"og:image:width\" content=\"2234\" \/>\n\t<meta property=\"og:image:height\" content=\"2234\" \/>\n\t<meta property=\"og:image:type\" content=\"image\/webp\" \/>\n<meta name=\"twitter:card\" content=\"summary_large_image\" \/>\n<meta name=\"twitter:label1\" content=\"Prix\" \/>\n\t<meta name=\"twitter:data1\" content=\"&euro;29.95 TTC\" \/>\n\t<meta name=\"twitter:label2\" content=\"Disponibilit\u00e9\" \/>\n\t<meta name=\"twitter:data2\" content=\"En stock\" \/>\n<script type=\"application\/ld+json\" class=\"yoast-schema-graph\">{\"@context\":\"https:\\\/\\\/schema.org\",\"@graph\":[{\"@type\":\"WebPage\",\"@id\":\"https:\\\/\\\/www.jootjeshaakcadeautjes.nl\\\/fr\\\/produit\\\/echophoto-grave-plexiglas-led-kopie\\\/\",\"url\":\"https:\\\/\\\/www.jootjeshaakcadeautjes.nl\\\/fr\\\/produit\\\/echophoto-grave-plexiglas-led-kopie\\\/\",\"name\":\"Votre logo - Grav\u00e9 sur plexiglas - LED - Jootjes Haakcadeautjes\",\"isPartOf\":{\"@id\":\"https:\\\/\\\/www.jootjeshaakcadeautjes.nl\\\/fr\\\/#website\"},\"primaryImageOfPage\":{\"@id\":\"https:\\\/\\\/www.jootjeshaakcadeautjes.nl\\\/fr\\\/produit\\\/echophoto-grave-plexiglas-led-kopie\\\/#primaryimage\"},\"image\":{\"@id\":\"https:\\\/\\\/www.jootjeshaakcadeautjes.nl\\\/fr\\\/produit\\\/echophoto-grave-plexiglas-led-kopie\\\/#primaryimage\"},\"thumbnailUrl\":\"https:\\\/\\\/d1dyryakdmle7o.cloudfront.net\\\/wp-content\\\/uploads\\\/2025\\\/12\\\/Jouw-logo-gegraveerd-ACRYL-LED.webp\",\"datePublished\":\"2025-12-19T16:36:54+00:00\",\"dateModified\":\"2026-05-08T13:11:56+00:00\",\"description\":\"Votre logo grav\u00e9 sur une plaque de plexiglas lumineuse ! L'article de marketing ultime pour vos photos, vid\u00e9os et vies sur les m\u00e9dias sociaux ! Avec base LED en bois.\",\"breadcrumb\":{\"@id\":\"https:\\\/\\\/www.jootjeshaakcadeautjes.nl\\\/fr\\\/produit\\\/echophoto-grave-plexiglas-led-kopie\\\/#breadcrumb\"},\"inLanguage\":\"fr-FR\",\"potentialAction\":[{\"@type\":\"ReadAction\",\"target\":[\"https:\\\/\\\/www.jootjeshaakcadeautjes.nl\\\/fr\\\/produit\\\/echophoto-grave-plexiglas-led-kopie\\\/\"]}]},{\"@type\":\"ImageObject\",\"inLanguage\":\"fr-FR\",\"@id\":\"https:\\\/\\\/www.jootjeshaakcadeautjes.nl\\\/fr\\\/produit\\\/echophoto-grave-plexiglas-led-kopie\\\/#primaryimage\",\"url\":\"https:\\\/\\\/d1dyryakdmle7o.cloudfront.net\\\/wp-content\\\/uploads\\\/2025\\\/12\\\/Jouw-logo-gegraveerd-ACRYL-LED.webp\",\"contentUrl\":\"https:\\\/\\\/d1dyryakdmle7o.cloudfront.net\\\/wp-content\\\/uploads\\\/2025\\\/12\\\/Jouw-logo-gegraveerd-ACRYL-LED.webp\",\"width\":2234,\"height\":2234},{\"@type\":\"BreadcrumbList\",\"@id\":\"https:\\\/\\\/www.jootjeshaakcadeautjes.nl\\\/fr\\\/produit\\\/echophoto-grave-plexiglas-led-kopie\\\/#breadcrumb\",\"itemListElement\":[{\"@type\":\"ListItem\",\"position\":1,\"name\":\"Accueil\",\"item\":\"https:\\\/\\\/www.jootjeshaakcadeautjes.nl\\\/fr\\\/\"},{\"@type\":\"ListItem\",\"position\":2,\"name\":\"Commerce de gros de perles en silicone &#8211; Entreprises et consommateurs\",\"item\":\"https:\\\/\\\/www.jootjeshaakcadeautjes.nl\\\/fr\\\/boutique\\\/\"},{\"@type\":\"ListItem\",\"position\":3,\"name\":\"Votre logo &#8211; Grav\u00e9 sur plexiglas &#8211; LED\"}]},{\"@type\":\"WebSite\",\"@id\":\"https:\\\/\\\/www.jootjeshaakcadeautjes.nl\\\/fr\\\/#website\",\"url\":\"https:\\\/\\\/www.jootjeshaakcadeautjes.nl\\\/fr\\\/\",\"name\":\"Jootjes Haakcadeautjes\",\"description\":\"Grossiste en perles de silicone\",\"publisher\":{\"@id\":\"https:\\\/\\\/www.jootjeshaakcadeautjes.nl\\\/fr\\\/#organization\"},\"potentialAction\":[{\"@type\":\"SearchAction\",\"target\":{\"@type\":\"EntryPoint\",\"urlTemplate\":\"https:\\\/\\\/www.jootjeshaakcadeautjes.nl\\\/fr\\\/?s={search_term_string}\"},\"query-input\":{\"@type\":\"PropertyValueSpecification\",\"valueRequired\":true,\"valueName\":\"search_term_string\"}}],\"inLanguage\":\"fr-FR\"},{\"@type\":\"Organization\",\"@id\":\"https:\\\/\\\/www.jootjeshaakcadeautjes.nl\\\/fr\\\/#organization\",\"name\":\"Jootjes Haakcadeautjes\",\"url\":\"https:\\\/\\\/www.jootjeshaakcadeautjes.nl\\\/fr\\\/\",\"logo\":{\"@type\":\"ImageObject\",\"inLanguage\":\"fr-FR\",\"@id\":\"https:\\\/\\\/www.jootjeshaakcadeautjes.nl\\\/fr\\\/#\\\/schema\\\/logo\\\/image\\\/\",\"url\":\"https:\\\/\\\/jootjes-haakcadeautjes-media.s3.amazonaws.com\\\/wp-content\\\/uploads\\\/2023\\\/05\\\/Logo-rond.png\",\"contentUrl\":\"https:\\\/\\\/jootjes-haakcadeautjes-media.s3.amazonaws.com\\\/wp-content\\\/uploads\\\/2023\\\/05\\\/Logo-rond.png\",\"width\":1222,\"height\":1222,\"caption\":\"Jootjes Haakcadeautjes\"},\"image\":{\"@id\":\"https:\\\/\\\/www.jootjeshaakcadeautjes.nl\\\/fr\\\/#\\\/schema\\\/logo\\\/image\\\/\"}}]}<\/script>\n<meta property=\"product:price:amount\" content=\"29.95\" \/>\n<meta property=\"product:price:currency\" content=\"EUR\" \/>\n<meta property=\"og:availability\" content=\"instock\" \/>\n<meta property=\"product:availability\" content=\"instock\" \/>\n<meta property=\"product:retailer_item_id\" content=\"ECH-GEG-CUS-1\" \/>\n<meta property=\"product:condition\" content=\"new\" \/>\n<!-- \/ Yoast SEO Premium plugin. -->","yoast_head_json":{"title":"Votre logo - Grav\u00e9 sur plexiglas - LED - Jootjes Haakcadeautjes","description":"Votre logo grav\u00e9 sur une plaque de plexiglas lumineuse ! L'article de marketing ultime pour vos photos, vid\u00e9os et vies sur les m\u00e9dias sociaux ! Avec base LED en bois.","robots":{"index":"index","follow":"follow","max-snippet":"max-snippet:-1","max-image-preview":"max-image-preview:large","max-video-preview":"max-video-preview:-1"},"canonical":"https:\/\/www.jootjeshaakcadeautjes.nl\/fr\/produit\/echophoto-grave-plexiglas-led-kopie\/","og_locale":"fr_FR","og_type":"article","og_title":"Votre logo - Grav\u00e9 sur plexiglas - LED","og_description":"Votre logo grav\u00e9 sur une plaque de plexiglas lumineuse ! L'article de marketing ultime pour vos photos, vid\u00e9os et vies sur les m\u00e9dias sociaux ! Avec base LED en bois.","og_url":"https:\/\/www.jootjeshaakcadeautjes.nl\/fr\/produit\/echophoto-grave-plexiglas-led-kopie\/","og_site_name":"Jootjes Haakcadeautjes","article_modified_time":"2026-05-08T13:11:56+00:00","og_image":[{"width":2234,"height":2234,"url":"https:\/\/d1dyryakdmle7o.cloudfront.net\/wp-content\/uploads\/2025\/12\/Jouw-logo-gegraveerd-ACRYL-LED.webp","type":"image\/webp"}],"twitter_card":"summary_large_image","twitter_misc":{"Prix":"&euro;29.95 TTC","Disponibilit\u00e9":"En stock"},"schema":{"@context":"https:\/\/schema.org","@graph":[{"@type":"WebPage","@id":"https:\/\/www.jootjeshaakcadeautjes.nl\/fr\/produit\/echophoto-grave-plexiglas-led-kopie\/","url":"https:\/\/www.jootjeshaakcadeautjes.nl\/fr\/produit\/echophoto-grave-plexiglas-led-kopie\/","name":"Votre logo - Grav\u00e9 sur plexiglas - LED - Jootjes Haakcadeautjes","isPartOf":{"@id":"https:\/\/www.jootjeshaakcadeautjes.nl\/fr\/#website"},"primaryImageOfPage":{"@id":"https:\/\/www.jootjeshaakcadeautjes.nl\/fr\/produit\/echophoto-grave-plexiglas-led-kopie\/#primaryimage"},"image":{"@id":"https:\/\/www.jootjeshaakcadeautjes.nl\/fr\/produit\/echophoto-grave-plexiglas-led-kopie\/#primaryimage"},"thumbnailUrl":"https:\/\/d1dyryakdmle7o.cloudfront.net\/wp-content\/uploads\/2025\/12\/Jouw-logo-gegraveerd-ACRYL-LED.webp","datePublished":"2025-12-19T16:36:54+00:00","dateModified":"2026-05-08T13:11:56+00:00","description":"Votre logo grav\u00e9 sur une plaque de plexiglas lumineuse ! L'article de marketing ultime pour vos photos, vid\u00e9os et vies sur les m\u00e9dias sociaux ! Avec base LED en bois.","breadcrumb":{"@id":"https:\/\/www.jootjeshaakcadeautjes.nl\/fr\/produit\/echophoto-grave-plexiglas-led-kopie\/#breadcrumb"},"inLanguage":"fr-FR","potentialAction":[{"@type":"ReadAction","target":["https:\/\/www.jootjeshaakcadeautjes.nl\/fr\/produit\/echophoto-grave-plexiglas-led-kopie\/"]}]},{"@type":"ImageObject","inLanguage":"fr-FR","@id":"https:\/\/www.jootjeshaakcadeautjes.nl\/fr\/produit\/echophoto-grave-plexiglas-led-kopie\/#primaryimage","url":"https:\/\/d1dyryakdmle7o.cloudfront.net\/wp-content\/uploads\/2025\/12\/Jouw-logo-gegraveerd-ACRYL-LED.webp","contentUrl":"https:\/\/d1dyryakdmle7o.cloudfront.net\/wp-content\/uploads\/2025\/12\/Jouw-logo-gegraveerd-ACRYL-LED.webp","width":2234,"height":2234},{"@type":"BreadcrumbList","@id":"https:\/\/www.jootjeshaakcadeautjes.nl\/fr\/produit\/echophoto-grave-plexiglas-led-kopie\/#breadcrumb","itemListElement":[{"@type":"ListItem","position":1,"name":"Accueil","item":"https:\/\/www.jootjeshaakcadeautjes.nl\/fr\/"},{"@type":"ListItem","position":2,"name":"Commerce de gros de perles en silicone &#8211; Entreprises et consommateurs","item":"https:\/\/www.jootjeshaakcadeautjes.nl\/fr\/boutique\/"},{"@type":"ListItem","position":3,"name":"Votre logo &#8211; Grav\u00e9 sur plexiglas &#8211; LED"}]},{"@type":"WebSite","@id":"https:\/\/www.jootjeshaakcadeautjes.nl\/fr\/#website","url":"https:\/\/www.jootjeshaakcadeautjes.nl\/fr\/","name":"Jootjes Haakcadeautjes","description":"Grossiste en perles de silicone","publisher":{"@id":"https:\/\/www.jootjeshaakcadeautjes.nl\/fr\/#organization"},"potentialAction":[{"@type":"SearchAction","target":{"@type":"EntryPoint","urlTemplate":"https:\/\/www.jootjeshaakcadeautjes.nl\/fr\/?s={search_term_string}"},"query-input":{"@type":"PropertyValueSpecification","valueRequired":true,"valueName":"search_term_string"}}],"inLanguage":"fr-FR"},{"@type":"Organization","@id":"https:\/\/www.jootjeshaakcadeautjes.nl\/fr\/#organization","name":"Jootjes Haakcadeautjes","url":"https:\/\/www.jootjeshaakcadeautjes.nl\/fr\/","logo":{"@type":"ImageObject","inLanguage":"fr-FR","@id":"https:\/\/www.jootjeshaakcadeautjes.nl\/fr\/#\/schema\/logo\/image\/","url":"https:\/\/jootjes-haakcadeautjes-media.s3.amazonaws.com\/wp-content\/uploads\/2023\/05\/Logo-rond.png","contentUrl":"https:\/\/jootjes-haakcadeautjes-media.s3.amazonaws.com\/wp-content\/uploads\/2023\/05\/Logo-rond.png","width":1222,"height":1222,"caption":"Jootjes Haakcadeautjes"},"image":{"@id":"https:\/\/www.jootjeshaakcadeautjes.nl\/fr\/#\/schema\/logo\/image\/"}}]},"product_price_amount":"29.95","product_price_currency":"EUR","og_availability":"instock","product_availability":"instock","product_retailer_item_id":"ECH-GEG-CUS-1","product_condition":"new"},"_links":{"self":[{"href":"https:\/\/www.jootjeshaakcadeautjes.nl\/fr\/wp-json\/wp\/v2\/product\/265249","targetHints":{"allow":["GET"]}}],"collection":[{"href":"https:\/\/www.jootjeshaakcadeautjes.nl\/fr\/wp-json\/wp\/v2\/product"}],"about":[{"href":"https:\/\/www.jootjeshaakcadeautjes.nl\/fr\/wp-json\/wp\/v2\/types\/product"}],"version-history":[{"count":1,"href":"https:\/\/www.jootjeshaakcadeautjes.nl\/fr\/wp-json\/wp\/v2\/product\/265249\/revisions"}],"predecessor-version":[{"id":279134,"href":"https:\/\/www.jootjeshaakcadeautjes.nl\/fr\/wp-json\/wp\/v2\/product\/265249\/revisions\/279134"}],"wp:featuredmedia":[{"embeddable":true,"href":"https:\/\/www.jootjeshaakcadeautjes.nl\/fr\/wp-json\/wp\/v2\/media\/265258"}],"wp:attachment":[{"href":"https:\/\/www.jootjeshaakcadeautjes.nl\/fr\/wp-json\/wp\/v2\/media?parent=265249"}],"wp:term":[{"taxonomy":"product_brand","embeddable":true,"href":"https:\/\/www.jootjeshaakcadeautjes.nl\/fr\/wp-json\/wp\/v2\/product_brand?post=265249"},{"taxonomy":"product_cat","embeddable":true,"href":"https:\/\/www.jootjeshaakcadeautjes.nl\/fr\/wp-json\/wp\/v2\/product_cat?post=265249"},{"taxonomy":"product_tag","embeddable":true,"href":"https:\/\/www.jootjeshaakcadeautjes.nl\/fr\/wp-json\/wp\/v2\/product_tag?post=265249"}],"curies":[{"name":"wp","href":"https:\/\/api.w.org\/{rel}","templated":true}]}}