{"id":268108,"date":"2026-04-27T16:12:35","date_gmt":"2026-04-27T14:12:35","guid":{"rendered":"https:\/\/www.jootjeshaakcadeautjes.nl\/?post_type=product&#038;p=268108"},"modified":"2026-04-20T02:50:15","modified_gmt":"2026-04-20T00:50:15","slug":"perles-de-lettres-en-silicone-blanc-avec-or-12-mm-carre-alphabet-complet-lot-de-26-pieces-a-z-kopie","status":"publish","type":"product","link":"https:\/\/www.jootjeshaakcadeautjes.nl\/fr\/produit\/perles-de-lettres-en-silicone-blanc-avec-or-12-mm-carre-alphabet-complet-lot-de-26-pieces-a-z-kopie\/","title":{"rendered":"Perles de lettres en silicone &#8211; blanc avec or &#8211; 10 mm &#8211; carr\u00e9 &#8211; Alphabet complet &#8211; Lot de 26 pi\u00e8ces A-Z"},"content":{"rendered":"<h2>Perles de lettres en silicone blanc et or &#8211; carr\u00e9es &#8211; 10 mm &#8211; L&#8217;alphabet complet<\/h2>\n<p><em>Sp\u00e9cifications du produit :<\/em><\/p>\n<ul>\n<li><strong>Couleur :<\/strong> blanc avec lettres dor\u00e9es<\/li>\n<li><strong>Taille :<\/strong> 10 mm x 10 mm<\/li>\n<li><strong>Type :<\/strong> Perles de lettres carr\u00e9es en silicone avec lettres en silicone en relief. Il s&#8217;agit d&#8217;une lettre int\u00e9gr\u00e9e dans la perle, et non d&#8217;une impression.<\/li>\n<li><strong>S\u00e9curit\u00e9 :<\/strong> sans BPA, phtalate, PVC, plomb et toxines<\/li>\n<li><strong>Certification :<\/strong> convient aux produits finis certifi\u00e9s CE<\/li>\n<li><strong>Disponibilit\u00e9 :<\/strong> Les perles de lettres sont disponibles dans toutes les lettres de l&#8217;alphabet. Ce code d&#8217;article se r\u00e9f\u00e8re \u00e0 un set pour l&#8217;alphabet complet. Contient toutes les lettres de A \u00e0 Z 1 x. Ensemble de 26 pi\u00e8ces au total.<\/li>\n<\/ul>\n<p>Ces magnifiques perles carr\u00e9es en silicone offrent de nombreuses possibilit\u00e9s pour personnaliser vos cr\u00e9ations faites main. Parfaites pour ajouter un nom \u00e0 un cordon de t\u00e9tine, un anneau de dentition, un poussoir de landau ou un appareil de gymnastique pour b\u00e9b\u00e9, ces perles permettent de cr\u00e9er facilement un cadeau de maternit\u00e9 unique et personnalis\u00e9 ou de fabriquer des jouets pour votre propre enfant. Combinez-les sans effort avec nos magnifiques perles en bois ou d&#8217;autres perles en silicone pour des possibilit\u00e9s de cr\u00e9ation infinies.<\/p>\n<p>Les perles de lettres en silicone se nettoient facilement au lave-vaisselle et se conservent au r\u00e9frig\u00e9rateur en cas de pouss\u00e9es dentaires.<\/p>\n<h3>La qualit\u00e9 et la s\u00e9curit\u00e9 sont notre priorit\u00e9 :<\/h3>\n<p>Nous prenons au s\u00e9rieux la s\u00e9curit\u00e9 de nos produits. Tous les mat\u00e9riaux en silicone de notre gamme sont exempts de BPA et de phtalates. Nous n&#8217;utilisons aucune substance nocive dans la production de ces perles de lettres en silicone. Ils conviennent aussi bien aux b\u00e9b\u00e9s qu&#8217;aux enfants plus \u00e2g\u00e9s qui ressentent le besoin de mordre quelque chose.<\/p>\n<p>Nos perles de lettres en silicone sont toutes :<\/p>\n<ul>\n<li><strong>Sans BPA ni phtalates :<\/strong> nos mat\u00e9riaux sont garantis sans substances nocives, vous pouvez donc les utiliser en toute confiance, m\u00eame pour les b\u00e9b\u00e9s.<\/li>\n<li><strong>Certification CE :<\/strong> ces perles conviennent aux produits finis certifi\u00e9s CE, ce qui garantit que vous travaillez avec des mat\u00e9riaux de haute qualit\u00e9.<\/li>\n<li><strong>Durabilit\u00e9 :<\/strong> les perles sont robustes et ne s&#8217;usent pratiquement pas, ce qui permet \u00e0 vos cr\u00e9ations de durer longtemps.<\/li>\n<li><strong>Facile \u00e0 nettoyer :<\/strong> ces perles de lettres en silicone peuvent \u00eatre lav\u00e9es au lave-vaisselle et peuvent \u00eatre refroidies pendant les pouss\u00e9es dentaires.<\/li>\n<\/ul>\n<h3>Avertissement :<\/h3>\n<p>Bien que nos perles soient de haute qualit\u00e9, il est important de toujours enfiler et nouer les perles de mani\u00e8re s\u00fbre. V\u00e9rifiez r\u00e9guli\u00e8rement l&#8217;\u00e9tat d&#8217;usure de vos produits artisanaux. Jootjes Haakcadeautjes ne v\u00e9rifie pas les produits finis et ne peut \u00eatre tenu responsable des dommages caus\u00e9s aux produits finis ou du desserrage des pi\u00e8ces d\u00fb \u00e0 l&#8217;usure. Nous recommandons que les jouets de dentition faits \u00e0 la main ne soient utilis\u00e9s que sous la surveillance d&#8217;un adulte afin d&#8217;\u00e9viter toute situation dangereuse.<\/p>\n","protected":false},"excerpt":{"rendered":"<ul>\n<li>Variante : Perles de lettres en silicone<\/li>\n<li>Couleur : perles de silicone blanches avec lettres dor\u00e9es.<\/li>\n<li>Vendu en set de l&#8217;alphabet complet. Contient toutes les lettres de A \u00e0 Z 1 x. Ensemble de 26 pi\u00e8ces au total.<\/li>\n<li>Sans BPA, phtalate, PVC, plomb ni toxines.<\/li>\n<li>Convient aux produits finis certifi\u00e9s CE.<\/li>\n<li>Forme et dimensions : carr\u00e9 de 10 mm x 10 mm, avec des lettres sur les quatre c\u00f4t\u00e9s.<\/li>\n<li>Les lettres sont horizontales (les trous vont de gauche \u00e0 droite).<\/li>\n<li>Nettoyer avec de l&#8217;eau savonneuse douce ou une lingette pour le visage. La perle elle-m\u00eame peut \u00eatre nettoy\u00e9e au lave-vaisselle.<\/li>\n<li>Frais pour les pouss\u00e9es dentaires.<\/li>\n<\/ul>\n","protected":false},"featured_media":84924,"template":"","meta":[],"product_brand":[],"product_cat":[7378,7185,12602,12870,18289,18013],"product_tag":[12297,12872,12835,12834,7384,7533,12608,7455,7428,10286,7418,12324,12812,12822,7200,12823,7415,7212],"class_list":{"0":"post-268108","1":"product","2":"type-product","3":"status-publish","4":"has-post-thumbnail","6":"product_cat-fabrication-de-jouets-de-dentition-pour-bebe-cordon-de-sucette-et-anneaux-de-dentition","7":"product_cat-nouveaux-produits","8":"product_cat-perles-de-lettres-cordon-de-sucette-et-anneau-de-dentition","9":"product_cat-perles-de-lettres-en-silicone-10-mm","10":"product_cat-thema-sinterklaas","11":"product_cat-siliconen-kralen-kerst-fr","12":"product_tag-10-fr","13":"product_tag-10mm-fr","14":"product_tag-alphabet-fr","15":"product_tag-alphabet-complet","16":"product_tag-anneau-de-dentition","17":"product_tag-blanc","18":"product_tag-carre","19":"product_tag-chaine-de-landau","20":"product_tag-collier-dallaitement","21":"product_tag-faux-cordon-fr","22":"product_tag-faux-cordon","23":"product_tag-lor","24":"product_tag-lor-fr-2","25":"product_tag-perle-lettre","26":"product_tag-perles","27":"product_tag-perles-avec-lettres","28":"product_tag-sans-bpa","29":"product_tag-silicone-fr","31":"first","32":"instock","33":"taxable","34":"shipping-taxable","35":"purchasable","36":"product-type-simple"},"bundled_by":[],"bundle_stock_status":"instock","bundle_stock_quantity":50,"bundle_virtual":false,"bundle_layout":"","bundle_add_to_cart_form_location":"","bundle_editable_in_cart":false,"bundle_sold_individually_context":"","bundle_item_grouping":"","bundle_min_size":"","bundle_max_size":"","bundle_price":[],"bundled_items":[],"bundle_sell_ids":[],"yoast_head":"<!-- This site is optimized with the Yoast SEO Premium plugin v27.4 (Yoast SEO v27.4) - https:\/\/yoast.com\/product\/yoast-seo-premium-wordpress\/ -->\n<title>Perles de lettres en silicone - blanc avec or - 10 mm - Alphabet<\/title>\n<meta name=\"description\" content=\"Perles de lettres en silicone blanc avec lettres en silicone noir. Merveilleux pour un cordon de t\u00e9tine, un cordon de landau ou un anneau de dentition.\" \/>\n<meta name=\"robots\" content=\"index, follow, max-snippet:-1, max-image-preview:large, max-video-preview:-1\" \/>\n<link rel=\"canonical\" href=\"https:\/\/www.jootjeshaakcadeautjes.nl\/fr\/produit\/perles-de-lettres-en-silicone-blanc-avec-or-12-mm-carre-alphabet-complet-lot-de-26-pieces-a-z-kopie\/\" \/>\n<meta property=\"og:locale\" content=\"fr_FR\" \/>\n<meta property=\"og:type\" content=\"article\" \/>\n<meta property=\"og:title\" content=\"Perles de lettres en silicone - blanc avec or - 10 mm - carr\u00e9 - Alphabet complet - Lot de 26 pi\u00e8ces A-Z\" \/>\n<meta property=\"og:description\" content=\"Perles de lettres en silicone blanc avec lettres en silicone noir. Merveilleux pour un cordon de t\u00e9tine, un cordon de landau ou un anneau de dentition.\" \/>\n<meta property=\"og:url\" content=\"https:\/\/www.jootjeshaakcadeautjes.nl\/fr\/produit\/perles-de-lettres-en-silicone-blanc-avec-or-12-mm-carre-alphabet-complet-lot-de-26-pieces-a-z-kopie\/\" \/>\n<meta property=\"og:site_name\" content=\"Jootjes Haakcadeautjes\" \/>\n<meta property=\"og:image\" content=\"https:\/\/d1dyryakdmle7o.cloudfront.net\/wp-content\/uploads\/2022\/11\/20221107_125016.jpg\" \/>\n\t<meta property=\"og:image:width\" content=\"2048\" \/>\n\t<meta property=\"og:image:height\" content=\"2048\" \/>\n\t<meta property=\"og:image:type\" content=\"image\/jpeg\" \/>\n<meta name=\"twitter:card\" content=\"summary_large_image\" \/>\n<meta name=\"twitter:label1\" content=\"Prix\" \/>\n\t<meta name=\"twitter:data1\" content=\"&euro;7.80 TTC\" \/>\n\t<meta name=\"twitter:label2\" content=\"Disponibilit\u00e9\" \/>\n\t<meta name=\"twitter:data2\" content=\"En stock\" \/>\n<script type=\"application\/ld+json\" class=\"yoast-schema-graph\">{\"@context\":\"https:\\\/\\\/schema.org\",\"@graph\":[{\"@type\":\"WebPage\",\"@id\":\"https:\\\/\\\/www.jootjeshaakcadeautjes.nl\\\/fr\\\/produit\\\/perles-de-lettres-en-silicone-blanc-avec-or-12-mm-carre-alphabet-complet-lot-de-26-pieces-a-z-kopie\\\/\",\"url\":\"https:\\\/\\\/www.jootjeshaakcadeautjes.nl\\\/fr\\\/produit\\\/perles-de-lettres-en-silicone-blanc-avec-or-12-mm-carre-alphabet-complet-lot-de-26-pieces-a-z-kopie\\\/\",\"name\":\"Perles de lettres en silicone - blanc avec or - 10 mm - Alphabet\",\"isPartOf\":{\"@id\":\"https:\\\/\\\/www.jootjeshaakcadeautjes.nl\\\/fr\\\/#website\"},\"primaryImageOfPage\":{\"@id\":\"https:\\\/\\\/www.jootjeshaakcadeautjes.nl\\\/fr\\\/produit\\\/perles-de-lettres-en-silicone-blanc-avec-or-12-mm-carre-alphabet-complet-lot-de-26-pieces-a-z-kopie\\\/#primaryimage\"},\"image\":{\"@id\":\"https:\\\/\\\/www.jootjeshaakcadeautjes.nl\\\/fr\\\/produit\\\/perles-de-lettres-en-silicone-blanc-avec-or-12-mm-carre-alphabet-complet-lot-de-26-pieces-a-z-kopie\\\/#primaryimage\"},\"thumbnailUrl\":\"https:\\\/\\\/d1dyryakdmle7o.cloudfront.net\\\/wp-content\\\/uploads\\\/2022\\\/11\\\/20221107_125016.jpg\",\"datePublished\":\"2026-04-27T14:12:35+00:00\",\"description\":\"Perles de lettres en silicone blanc avec lettres en silicone noir. Merveilleux pour un cordon de t\u00e9tine, un cordon de landau ou un anneau de dentition.\",\"breadcrumb\":{\"@id\":\"https:\\\/\\\/www.jootjeshaakcadeautjes.nl\\\/fr\\\/produit\\\/perles-de-lettres-en-silicone-blanc-avec-or-12-mm-carre-alphabet-complet-lot-de-26-pieces-a-z-kopie\\\/#breadcrumb\"},\"inLanguage\":\"fr-FR\",\"potentialAction\":[{\"@type\":\"ReadAction\",\"target\":[\"https:\\\/\\\/www.jootjeshaakcadeautjes.nl\\\/fr\\\/produit\\\/perles-de-lettres-en-silicone-blanc-avec-or-12-mm-carre-alphabet-complet-lot-de-26-pieces-a-z-kopie\\\/\"]}]},{\"@type\":\"ImageObject\",\"inLanguage\":\"fr-FR\",\"@id\":\"https:\\\/\\\/www.jootjeshaakcadeautjes.nl\\\/fr\\\/produit\\\/perles-de-lettres-en-silicone-blanc-avec-or-12-mm-carre-alphabet-complet-lot-de-26-pieces-a-z-kopie\\\/#primaryimage\",\"url\":\"https:\\\/\\\/d1dyryakdmle7o.cloudfront.net\\\/wp-content\\\/uploads\\\/2022\\\/11\\\/20221107_125016.jpg\",\"contentUrl\":\"https:\\\/\\\/d1dyryakdmle7o.cloudfront.net\\\/wp-content\\\/uploads\\\/2022\\\/11\\\/20221107_125016.jpg\",\"width\":2048,\"height\":2048,\"caption\":\"Anneau de dentition pour t\u00e9tine en silicone avec perles d'alphabet en or blanc sans bpa\"},{\"@type\":\"BreadcrumbList\",\"@id\":\"https:\\\/\\\/www.jootjeshaakcadeautjes.nl\\\/fr\\\/produit\\\/perles-de-lettres-en-silicone-blanc-avec-or-12-mm-carre-alphabet-complet-lot-de-26-pieces-a-z-kopie\\\/#breadcrumb\",\"itemListElement\":[{\"@type\":\"ListItem\",\"position\":1,\"name\":\"Accueil\",\"item\":\"https:\\\/\\\/www.jootjeshaakcadeautjes.nl\\\/fr\\\/\"},{\"@type\":\"ListItem\",\"position\":2,\"name\":\"Commerce de gros de perles en silicone &#8211; Entreprises et consommateurs\",\"item\":\"https:\\\/\\\/www.jootjeshaakcadeautjes.nl\\\/fr\\\/boutique\\\/\"},{\"@type\":\"ListItem\",\"position\":3,\"name\":\"Priv\u00e9: Perles de lettres en silicone &#8211; blanc avec or &#8211; 10 mm &#8211; carr\u00e9 &#8211; Alphabet complet &#8211; Lot de 26 pi\u00e8ces A-Z\"}]},{\"@type\":\"WebSite\",\"@id\":\"https:\\\/\\\/www.jootjeshaakcadeautjes.nl\\\/fr\\\/#website\",\"url\":\"https:\\\/\\\/www.jootjeshaakcadeautjes.nl\\\/fr\\\/\",\"name\":\"Jootjes Haakcadeautjes\",\"description\":\"Grossiste en perles de silicone\",\"publisher\":{\"@id\":\"https:\\\/\\\/www.jootjeshaakcadeautjes.nl\\\/fr\\\/#organization\"},\"potentialAction\":[{\"@type\":\"SearchAction\",\"target\":{\"@type\":\"EntryPoint\",\"urlTemplate\":\"https:\\\/\\\/www.jootjeshaakcadeautjes.nl\\\/fr\\\/?s={search_term_string}\"},\"query-input\":{\"@type\":\"PropertyValueSpecification\",\"valueRequired\":true,\"valueName\":\"search_term_string\"}}],\"inLanguage\":\"fr-FR\"},{\"@type\":\"Organization\",\"@id\":\"https:\\\/\\\/www.jootjeshaakcadeautjes.nl\\\/fr\\\/#organization\",\"name\":\"Jootjes Haakcadeautjes\",\"url\":\"https:\\\/\\\/www.jootjeshaakcadeautjes.nl\\\/fr\\\/\",\"logo\":{\"@type\":\"ImageObject\",\"inLanguage\":\"fr-FR\",\"@id\":\"https:\\\/\\\/www.jootjeshaakcadeautjes.nl\\\/fr\\\/#\\\/schema\\\/logo\\\/image\\\/\",\"url\":\"https:\\\/\\\/jootjes-haakcadeautjes-media.s3.amazonaws.com\\\/wp-content\\\/uploads\\\/2023\\\/05\\\/Logo-rond.png\",\"contentUrl\":\"https:\\\/\\\/jootjes-haakcadeautjes-media.s3.amazonaws.com\\\/wp-content\\\/uploads\\\/2023\\\/05\\\/Logo-rond.png\",\"width\":1222,\"height\":1222,\"caption\":\"Jootjes Haakcadeautjes\"},\"image\":{\"@id\":\"https:\\\/\\\/www.jootjeshaakcadeautjes.nl\\\/fr\\\/#\\\/schema\\\/logo\\\/image\\\/\"}}]}<\/script>\n<meta property=\"product:price:amount\" content=\"7.80\" \/>\n<meta property=\"product:price:currency\" content=\"EUR\" \/>\n<meta property=\"og:availability\" content=\"instock\" \/>\n<meta property=\"product:availability\" content=\"instock\" \/>\n<meta property=\"product:retailer_item_id\" content=\"SLK-G10-HAL\" \/>\n<meta property=\"product:condition\" content=\"new\" \/>\n<!-- \/ Yoast SEO Premium plugin. -->","yoast_head_json":{"title":"Perles de lettres en silicone - blanc avec or - 10 mm - Alphabet","description":"Perles de lettres en silicone blanc avec lettres en silicone noir. Merveilleux pour un cordon de t\u00e9tine, un cordon de landau ou un anneau de dentition.","robots":{"index":"index","follow":"follow","max-snippet":"max-snippet:-1","max-image-preview":"max-image-preview:large","max-video-preview":"max-video-preview:-1"},"canonical":"https:\/\/www.jootjeshaakcadeautjes.nl\/fr\/produit\/perles-de-lettres-en-silicone-blanc-avec-or-12-mm-carre-alphabet-complet-lot-de-26-pieces-a-z-kopie\/","og_locale":"fr_FR","og_type":"article","og_title":"Perles de lettres en silicone - blanc avec or - 10 mm - carr\u00e9 - Alphabet complet - Lot de 26 pi\u00e8ces A-Z","og_description":"Perles de lettres en silicone blanc avec lettres en silicone noir. Merveilleux pour un cordon de t\u00e9tine, un cordon de landau ou un anneau de dentition.","og_url":"https:\/\/www.jootjeshaakcadeautjes.nl\/fr\/produit\/perles-de-lettres-en-silicone-blanc-avec-or-12-mm-carre-alphabet-complet-lot-de-26-pieces-a-z-kopie\/","og_site_name":"Jootjes Haakcadeautjes","og_image":[{"width":2048,"height":2048,"url":"https:\/\/d1dyryakdmle7o.cloudfront.net\/wp-content\/uploads\/2022\/11\/20221107_125016.jpg","type":"image\/jpeg"}],"twitter_card":"summary_large_image","twitter_misc":{"Prix":"&euro;7.80 TTC","Disponibilit\u00e9":"En stock"},"schema":{"@context":"https:\/\/schema.org","@graph":[{"@type":"WebPage","@id":"https:\/\/www.jootjeshaakcadeautjes.nl\/fr\/produit\/perles-de-lettres-en-silicone-blanc-avec-or-12-mm-carre-alphabet-complet-lot-de-26-pieces-a-z-kopie\/","url":"https:\/\/www.jootjeshaakcadeautjes.nl\/fr\/produit\/perles-de-lettres-en-silicone-blanc-avec-or-12-mm-carre-alphabet-complet-lot-de-26-pieces-a-z-kopie\/","name":"Perles de lettres en silicone - blanc avec or - 10 mm - Alphabet","isPartOf":{"@id":"https:\/\/www.jootjeshaakcadeautjes.nl\/fr\/#website"},"primaryImageOfPage":{"@id":"https:\/\/www.jootjeshaakcadeautjes.nl\/fr\/produit\/perles-de-lettres-en-silicone-blanc-avec-or-12-mm-carre-alphabet-complet-lot-de-26-pieces-a-z-kopie\/#primaryimage"},"image":{"@id":"https:\/\/www.jootjeshaakcadeautjes.nl\/fr\/produit\/perles-de-lettres-en-silicone-blanc-avec-or-12-mm-carre-alphabet-complet-lot-de-26-pieces-a-z-kopie\/#primaryimage"},"thumbnailUrl":"https:\/\/d1dyryakdmle7o.cloudfront.net\/wp-content\/uploads\/2022\/11\/20221107_125016.jpg","datePublished":"2026-04-27T14:12:35+00:00","description":"Perles de lettres en silicone blanc avec lettres en silicone noir. Merveilleux pour un cordon de t\u00e9tine, un cordon de landau ou un anneau de dentition.","breadcrumb":{"@id":"https:\/\/www.jootjeshaakcadeautjes.nl\/fr\/produit\/perles-de-lettres-en-silicone-blanc-avec-or-12-mm-carre-alphabet-complet-lot-de-26-pieces-a-z-kopie\/#breadcrumb"},"inLanguage":"fr-FR","potentialAction":[{"@type":"ReadAction","target":["https:\/\/www.jootjeshaakcadeautjes.nl\/fr\/produit\/perles-de-lettres-en-silicone-blanc-avec-or-12-mm-carre-alphabet-complet-lot-de-26-pieces-a-z-kopie\/"]}]},{"@type":"ImageObject","inLanguage":"fr-FR","@id":"https:\/\/www.jootjeshaakcadeautjes.nl\/fr\/produit\/perles-de-lettres-en-silicone-blanc-avec-or-12-mm-carre-alphabet-complet-lot-de-26-pieces-a-z-kopie\/#primaryimage","url":"https:\/\/d1dyryakdmle7o.cloudfront.net\/wp-content\/uploads\/2022\/11\/20221107_125016.jpg","contentUrl":"https:\/\/d1dyryakdmle7o.cloudfront.net\/wp-content\/uploads\/2022\/11\/20221107_125016.jpg","width":2048,"height":2048,"caption":"Anneau de dentition pour t\u00e9tine en silicone avec perles d'alphabet en or blanc sans bpa"},{"@type":"BreadcrumbList","@id":"https:\/\/www.jootjeshaakcadeautjes.nl\/fr\/produit\/perles-de-lettres-en-silicone-blanc-avec-or-12-mm-carre-alphabet-complet-lot-de-26-pieces-a-z-kopie\/#breadcrumb","itemListElement":[{"@type":"ListItem","position":1,"name":"Accueil","item":"https:\/\/www.jootjeshaakcadeautjes.nl\/fr\/"},{"@type":"ListItem","position":2,"name":"Commerce de gros de perles en silicone &#8211; Entreprises et consommateurs","item":"https:\/\/www.jootjeshaakcadeautjes.nl\/fr\/boutique\/"},{"@type":"ListItem","position":3,"name":"Priv\u00e9: Perles de lettres en silicone &#8211; blanc avec or &#8211; 10 mm &#8211; carr\u00e9 &#8211; Alphabet complet &#8211; Lot de 26 pi\u00e8ces A-Z"}]},{"@type":"WebSite","@id":"https:\/\/www.jootjeshaakcadeautjes.nl\/fr\/#website","url":"https:\/\/www.jootjeshaakcadeautjes.nl\/fr\/","name":"Jootjes Haakcadeautjes","description":"Grossiste en perles de silicone","publisher":{"@id":"https:\/\/www.jootjeshaakcadeautjes.nl\/fr\/#organization"},"potentialAction":[{"@type":"SearchAction","target":{"@type":"EntryPoint","urlTemplate":"https:\/\/www.jootjeshaakcadeautjes.nl\/fr\/?s={search_term_string}"},"query-input":{"@type":"PropertyValueSpecification","valueRequired":true,"valueName":"search_term_string"}}],"inLanguage":"fr-FR"},{"@type":"Organization","@id":"https:\/\/www.jootjeshaakcadeautjes.nl\/fr\/#organization","name":"Jootjes Haakcadeautjes","url":"https:\/\/www.jootjeshaakcadeautjes.nl\/fr\/","logo":{"@type":"ImageObject","inLanguage":"fr-FR","@id":"https:\/\/www.jootjeshaakcadeautjes.nl\/fr\/#\/schema\/logo\/image\/","url":"https:\/\/jootjes-haakcadeautjes-media.s3.amazonaws.com\/wp-content\/uploads\/2023\/05\/Logo-rond.png","contentUrl":"https:\/\/jootjes-haakcadeautjes-media.s3.amazonaws.com\/wp-content\/uploads\/2023\/05\/Logo-rond.png","width":1222,"height":1222,"caption":"Jootjes Haakcadeautjes"},"image":{"@id":"https:\/\/www.jootjeshaakcadeautjes.nl\/fr\/#\/schema\/logo\/image\/"}}]},"product_price_amount":"7.80","product_price_currency":"EUR","og_availability":"instock","product_availability":"instock","product_retailer_item_id":"SLK-G10-HAL","product_condition":"new"},"_links":{"self":[{"href":"https:\/\/www.jootjeshaakcadeautjes.nl\/fr\/wp-json\/wp\/v2\/product\/268108","targetHints":{"allow":["GET"]}}],"collection":[{"href":"https:\/\/www.jootjeshaakcadeautjes.nl\/fr\/wp-json\/wp\/v2\/product"}],"about":[{"href":"https:\/\/www.jootjeshaakcadeautjes.nl\/fr\/wp-json\/wp\/v2\/types\/product"}],"version-history":[{"count":1,"href":"https:\/\/www.jootjeshaakcadeautjes.nl\/fr\/wp-json\/wp\/v2\/product\/268108\/revisions"}],"predecessor-version":[{"id":278628,"href":"https:\/\/www.jootjeshaakcadeautjes.nl\/fr\/wp-json\/wp\/v2\/product\/268108\/revisions\/278628"}],"wp:featuredmedia":[{"embeddable":true,"href":"https:\/\/www.jootjeshaakcadeautjes.nl\/fr\/wp-json\/wp\/v2\/media\/84924"}],"wp:attachment":[{"href":"https:\/\/www.jootjeshaakcadeautjes.nl\/fr\/wp-json\/wp\/v2\/media?parent=268108"}],"wp:term":[{"taxonomy":"product_brand","embeddable":true,"href":"https:\/\/www.jootjeshaakcadeautjes.nl\/fr\/wp-json\/wp\/v2\/product_brand?post=268108"},{"taxonomy":"product_cat","embeddable":true,"href":"https:\/\/www.jootjeshaakcadeautjes.nl\/fr\/wp-json\/wp\/v2\/product_cat?post=268108"},{"taxonomy":"product_tag","embeddable":true,"href":"https:\/\/www.jootjeshaakcadeautjes.nl\/fr\/wp-json\/wp\/v2\/product_tag?post=268108"}],"curies":[{"name":"wp","href":"https:\/\/api.w.org\/{rel}","templated":true}]}}