{"id":268222,"date":"2026-01-13T19:31:48","date_gmt":"2026-01-13T17:31:48","guid":{"rendered":"https:\/\/www.jootjeshaakcadeautjes.nl\/?post_type=product&#038;p=268222"},"modified":"2026-05-08T15:14:46","modified_gmt":"2026-05-08T13:14:46","slug":"perles-en-silicone-nid-dabeilles-nervures-16-mm-chocolat-au-lait-kopie","status":"publish","type":"product","link":"https:\/\/www.jootjeshaakcadeautjes.nl\/fr\/produit\/perles-en-silicone-nid-dabeilles-nervures-16-mm-chocolat-au-lait-kopie\/","title":{"rendered":"Perles en silicone &#8211; Nid d&#8217;abeilles \/ Nervures &#8211; 16 mm &#8211; Brownie"},"content":{"rendered":"<h1>Perles en silicone &#8211; Nid d&#8217;abeilles \/ Nervures &#8211; 16 mm &#8211; Brownie<\/h1>\n<h3>Sp\u00e9cifications :<\/h3>\n<ul>\n<li>\u00c9galement connues sous le nom de : Perles de silicone nervur\u00e9es<\/li>\n<li>Taille : 16 mm<\/li>\n<\/ul>\n<p>Toutes nos billes de silicone sont 100 % exemptes de BPA, de plomb, de toxines, de phtalates et de PVC. Nos billes de silicone sont donc de qualit\u00e9 m\u00e9dicale et conviennent aux jouets de dentition pour enfants.  Les perles rondes de 16 mm sont parfaites pour fabriquer des anneaux de dentition, des cordons de t\u00e9tine, des colliers d&#8217;allaitement, des pendentifs de sac ou des gymnases pour b\u00e9b\u00e9s, entre autres.<\/p>\n<p>Le reste de notre gamme de perles en silicone se trouve ici : <a href=\"https:\/\/www.jootjeshaakcadeautjes.nl\/fr\/product-categorie\/perles-en-silicone-sans-bpa-grossiste\/\">perles en silicone<\/a>.<br \/>\nLes perles en bois se trouvent ici : <a href=\"\/?product_cat=houten-kralen-kralen\">perles en bois.<\/a><\/p>\n<h3>Qualit\u00e9 et s\u00e9curit\u00e9 de nos perles de silicone<\/h3>\n<p>Toutes nos perles en silicone sont :<\/p>\n<ul>\n<li>Sans BPA<\/li>\n<li>Sans phtalates ni toxines<\/li>\n<li>Sans PVC<\/li>\n<li>Sans plomb<\/li>\n<li>Convient aux produits finis certifi\u00e9s CE<\/li>\n<li>Perles de silicone de qualit\u00e9 m\u00e9dicale<\/li>\n<\/ul>\n<h4>Fixation :<\/h4>\n<p>Les perles de silicone sont faciles \u00e0 enfiler sur un cordon de cire ou de satin. Nouer l&#8217;anneau de dentition en perles de silicone \u00e9norm\u00e9ment et plusieurs fois. <\/p>\n<h4>Nettoyage :<\/h4>\n<p>Ces perles en silicone alv\u00e9ol\u00e9es conviennent donc aux b\u00e9b\u00e9s et aux enfants plus \u00e2g\u00e9s qui aiment mordre dans quelque chose. Les perles sont adapt\u00e9es aux produits finis certifi\u00e9s CE et sont robustes. Par cons\u00e9quent, ils ne s&#8217;usent pratiquement pas. En outre, les perles sont faciles \u00e0 nettoyer. Ces perles en silicone peuvent facilement passer au lave-vaisselle ou \u00e0 l&#8217;eau savonneuse. Laissez-les ensuite s\u00e9cher compl\u00e8tement avant de les donner \u00e0 nouveau \u00e0 un enfant. Les perles en silicone peuvent \u00e9galement \u00eatre conserv\u00e9es au r\u00e9frig\u00e9rateur.   Ils sont donc tr\u00e8s utiles pour soulager la douleur lors des pouss\u00e9es dentaires.<\/p>\n<p><em>Fixez toujours correctement les perles de silicone et contr\u00f4lez r\u00e9guli\u00e8rement vos cr\u00e9ations, par exemple pour v\u00e9rifier qu&#8217;elles ne s&#8217;usent pas. Vous en \u00eates vous-m\u00eame responsable.  Jootjes Haakcadeautjes n&#8217;inspecte pas votre produit termin\u00e9 et ne peut donc pas assumer les dommages ou le rel\u00e2chement dus \u00e0 l&#8217;usure. Nous conseillons de n&#8217;utiliser les jouets de dentition faits \u00e0 la main que sous la surveillance d&#8217;un adulte afin d&#8217;\u00e9viter toute situation dangereuse. <\/em><\/p>\n","protected":false},"excerpt":{"rendered":"<p>Code couleur Brownie<\/p>\n<p>&#8211; Type : Perles de silicone en nid d&#8217;abeille<br \/>\n&#8211; Taille : 16 mm<br \/>\n&#8211; Vendu \u00e0 la pi\u00e8ce, nulle part moins cher<br \/>\n&#8211; Sans BPA, Phtalates, Plomb, PVC et Toxines<br \/>\n&#8211; Convient aux produits finis certifi\u00e9s CE<br \/>\n&#8211; Perles de silicone de qualit\u00e9 m\u00e9dicale<br \/>\n&#8211; Refroidissable au r\u00e9frig\u00e9rateur<br \/>\n&#8211; Lavable au lave-vaisselle<\/p>\n","protected":false},"featured_media":271380,"template":"","meta":[],"product_brand":[],"product_cat":[7378,7185,12815,6992],"product_tag":[9983,7384,7474,7424,10268,7455,7428,7489,7418,7440,7392,12817,12816,7395,7200,7482,7415,7212],"class_list":{"0":"post-268222","1":"product","2":"type-product","3":"status-publish","4":"has-post-thumbnail","6":"product_cat-fabrication-de-jouets-de-dentition-pour-bebe-cordon-de-sucette-et-anneaux-de-dentition","7":"product_cat-nouveaux-produits","8":"product_cat-perles-en-silicone-16-mm-nid-dabeilles-ribble","9":"product_cat-perles-en-silicone-sans-bpa-grossiste","10":"product_tag-16mm-fr","11":"product_tag-anneau-de-dentition","12":"product_tag-autour-de","13":"product_tag-bpa-fr","14":"product_tag-brownie-fr","15":"product_tag-chaine-de-landau","16":"product_tag-collier-dallaitement","17":"product_tag-crochet-pour-sac","18":"product_tag-faux-cordon","19":"product_tag-gratuit","20":"product_tag-mm-fr","21":"product_tag-nervure","22":"product_tag-nid-dabeille","23":"product_tag-perle","24":"product_tag-perles","25":"product_tag-phtalates","26":"product_tag-sans-bpa","27":"product_tag-silicone-fr","29":"first","30":"instock","31":"taxable","32":"shipping-taxable","33":"purchasable","34":"product-type-simple"},"bundled_by":[],"bundle_stock_status":"instock","bundle_stock_quantity":118,"bundle_virtual":false,"bundle_layout":"","bundle_add_to_cart_form_location":"","bundle_editable_in_cart":false,"bundle_sold_individually_context":"","bundle_item_grouping":"","bundle_min_size":"","bundle_max_size":"","bundle_price":[],"bundled_items":[],"bundle_sell_ids":[],"yoast_head":"<!-- This site is optimized with the Yoast SEO Premium plugin v27.4 (Yoast SEO v27.5) - https:\/\/yoast.com\/product\/yoast-seo-premium-wordpress\/ -->\n<title>Perles en silicone - Nid d&#039;abeilles \/ Nervures - 16 mm - Brownie -%.<\/title>\n<meta name=\"description\" content=\"Les perles de silicone en forme de nid d&#039;abeille ou de tableau de couleur Brownie de 16 mm de diam\u00e8tre sont exemptes de BPA, de plomb, de poison, de phtalate et de PVC, Yootjes\" \/>\n<meta name=\"robots\" content=\"index, follow, max-snippet:-1, max-image-preview:large, max-video-preview:-1\" \/>\n<link rel=\"canonical\" href=\"https:\/\/www.jootjeshaakcadeautjes.nl\/fr\/produit\/perles-en-silicone-nid-dabeilles-nervures-16-mm-chocolat-au-lait-kopie\/\" \/>\n<meta property=\"og:locale\" content=\"fr_FR\" \/>\n<meta property=\"og:type\" content=\"article\" \/>\n<meta property=\"og:title\" content=\"Perles en silicone - Nid d&#039;abeilles \/ Nervures - 16 mm - Brownie\" \/>\n<meta property=\"og:description\" content=\"Les perles de silicone en forme de nid d&#039;abeille ou de tableau de couleur Brownie de 16 mm de diam\u00e8tre sont exemptes de BPA, de plomb, de poison, de phtalate et de PVC, Yootjes\" \/>\n<meta property=\"og:url\" content=\"https:\/\/www.jootjeshaakcadeautjes.nl\/fr\/produit\/perles-en-silicone-nid-dabeilles-nervures-16-mm-chocolat-au-lait-kopie\/\" \/>\n<meta property=\"og:site_name\" content=\"Jootjes Haakcadeautjes\" \/>\n<meta property=\"article:modified_time\" content=\"2026-05-08T13:14:46+00:00\" \/>\n<meta property=\"og:image\" content=\"https:\/\/d1dyryakdmle7o.cloudfront.net\/wp-content\/uploads\/2026\/01\/20260131_175430.webp\" \/>\n\t<meta property=\"og:image:width\" content=\"2048\" \/>\n\t<meta property=\"og:image:height\" content=\"2048\" \/>\n\t<meta property=\"og:image:type\" content=\"image\/webp\" \/>\n<meta name=\"twitter:card\" content=\"summary_large_image\" \/>\n<meta name=\"twitter:label1\" content=\"Prix\" \/>\n\t<meta name=\"twitter:data1\" content=\"&euro;0.35 TTC\" \/>\n\t<meta name=\"twitter:label2\" content=\"Disponibilit\u00e9\" \/>\n\t<meta name=\"twitter:data2\" content=\"En stock\" \/>\n<script type=\"application\/ld+json\" class=\"yoast-schema-graph\">{\"@context\":\"https:\\\/\\\/schema.org\",\"@graph\":[{\"@type\":\"WebPage\",\"@id\":\"https:\\\/\\\/www.jootjeshaakcadeautjes.nl\\\/fr\\\/produit\\\/perles-en-silicone-nid-dabeilles-nervures-16-mm-chocolat-au-lait-kopie\\\/\",\"url\":\"https:\\\/\\\/www.jootjeshaakcadeautjes.nl\\\/fr\\\/produit\\\/perles-en-silicone-nid-dabeilles-nervures-16-mm-chocolat-au-lait-kopie\\\/\",\"name\":\"Perles en silicone - Nid d'abeilles \\\/ Nervures - 16 mm - Brownie -%.\",\"isPartOf\":{\"@id\":\"https:\\\/\\\/www.jootjeshaakcadeautjes.nl\\\/fr\\\/#website\"},\"primaryImageOfPage\":{\"@id\":\"https:\\\/\\\/www.jootjeshaakcadeautjes.nl\\\/fr\\\/produit\\\/perles-en-silicone-nid-dabeilles-nervures-16-mm-chocolat-au-lait-kopie\\\/#primaryimage\"},\"image\":{\"@id\":\"https:\\\/\\\/www.jootjeshaakcadeautjes.nl\\\/fr\\\/produit\\\/perles-en-silicone-nid-dabeilles-nervures-16-mm-chocolat-au-lait-kopie\\\/#primaryimage\"},\"thumbnailUrl\":\"https:\\\/\\\/d1dyryakdmle7o.cloudfront.net\\\/wp-content\\\/uploads\\\/2026\\\/01\\\/20260131_175430.webp\",\"datePublished\":\"2026-01-13T17:31:48+00:00\",\"dateModified\":\"2026-05-08T13:14:46+00:00\",\"description\":\"Les perles de silicone en forme de nid d'abeille ou de tableau de couleur Brownie de 16 mm de diam\u00e8tre sont exemptes de BPA, de plomb, de poison, de phtalate et de PVC, Yootjes\",\"breadcrumb\":{\"@id\":\"https:\\\/\\\/www.jootjeshaakcadeautjes.nl\\\/fr\\\/produit\\\/perles-en-silicone-nid-dabeilles-nervures-16-mm-chocolat-au-lait-kopie\\\/#breadcrumb\"},\"inLanguage\":\"fr-FR\",\"potentialAction\":[{\"@type\":\"ReadAction\",\"target\":[\"https:\\\/\\\/www.jootjeshaakcadeautjes.nl\\\/fr\\\/produit\\\/perles-en-silicone-nid-dabeilles-nervures-16-mm-chocolat-au-lait-kopie\\\/\"]}]},{\"@type\":\"ImageObject\",\"inLanguage\":\"fr-FR\",\"@id\":\"https:\\\/\\\/www.jootjeshaakcadeautjes.nl\\\/fr\\\/produit\\\/perles-en-silicone-nid-dabeilles-nervures-16-mm-chocolat-au-lait-kopie\\\/#primaryimage\",\"url\":\"https:\\\/\\\/d1dyryakdmle7o.cloudfront.net\\\/wp-content\\\/uploads\\\/2026\\\/01\\\/20260131_175430.webp\",\"contentUrl\":\"https:\\\/\\\/d1dyryakdmle7o.cloudfront.net\\\/wp-content\\\/uploads\\\/2026\\\/01\\\/20260131_175430.webp\",\"width\":2048,\"height\":2048},{\"@type\":\"BreadcrumbList\",\"@id\":\"https:\\\/\\\/www.jootjeshaakcadeautjes.nl\\\/fr\\\/produit\\\/perles-en-silicone-nid-dabeilles-nervures-16-mm-chocolat-au-lait-kopie\\\/#breadcrumb\",\"itemListElement\":[{\"@type\":\"ListItem\",\"position\":1,\"name\":\"Accueil\",\"item\":\"https:\\\/\\\/www.jootjeshaakcadeautjes.nl\\\/fr\\\/\"},{\"@type\":\"ListItem\",\"position\":2,\"name\":\"Commerce de gros de perles en silicone &#8211; Entreprises et consommateurs\",\"item\":\"https:\\\/\\\/www.jootjeshaakcadeautjes.nl\\\/fr\\\/boutique\\\/\"},{\"@type\":\"ListItem\",\"position\":3,\"name\":\"Perles en silicone &#8211; Nid d&#8217;abeilles \\\/ Nervures &#8211; 16 mm &#8211; Brownie\"}]},{\"@type\":\"WebSite\",\"@id\":\"https:\\\/\\\/www.jootjeshaakcadeautjes.nl\\\/fr\\\/#website\",\"url\":\"https:\\\/\\\/www.jootjeshaakcadeautjes.nl\\\/fr\\\/\",\"name\":\"Jootjes Haakcadeautjes\",\"description\":\"Grossiste en perles de silicone\",\"publisher\":{\"@id\":\"https:\\\/\\\/www.jootjeshaakcadeautjes.nl\\\/fr\\\/#organization\"},\"potentialAction\":[{\"@type\":\"SearchAction\",\"target\":{\"@type\":\"EntryPoint\",\"urlTemplate\":\"https:\\\/\\\/www.jootjeshaakcadeautjes.nl\\\/fr\\\/?s={search_term_string}\"},\"query-input\":{\"@type\":\"PropertyValueSpecification\",\"valueRequired\":true,\"valueName\":\"search_term_string\"}}],\"inLanguage\":\"fr-FR\"},{\"@type\":\"Organization\",\"@id\":\"https:\\\/\\\/www.jootjeshaakcadeautjes.nl\\\/fr\\\/#organization\",\"name\":\"Jootjes Haakcadeautjes\",\"url\":\"https:\\\/\\\/www.jootjeshaakcadeautjes.nl\\\/fr\\\/\",\"logo\":{\"@type\":\"ImageObject\",\"inLanguage\":\"fr-FR\",\"@id\":\"https:\\\/\\\/www.jootjeshaakcadeautjes.nl\\\/fr\\\/#\\\/schema\\\/logo\\\/image\\\/\",\"url\":\"https:\\\/\\\/jootjes-haakcadeautjes-media.s3.amazonaws.com\\\/wp-content\\\/uploads\\\/2023\\\/05\\\/Logo-rond.png\",\"contentUrl\":\"https:\\\/\\\/jootjes-haakcadeautjes-media.s3.amazonaws.com\\\/wp-content\\\/uploads\\\/2023\\\/05\\\/Logo-rond.png\",\"width\":1222,\"height\":1222,\"caption\":\"Jootjes Haakcadeautjes\"},\"image\":{\"@id\":\"https:\\\/\\\/www.jootjeshaakcadeautjes.nl\\\/fr\\\/#\\\/schema\\\/logo\\\/image\\\/\"}}]}<\/script>\n<meta property=\"product:price:amount\" content=\"0.35\" \/>\n<meta property=\"product:price:currency\" content=\"EUR\" \/>\n<meta property=\"og:availability\" content=\"instock\" \/>\n<meta property=\"product:availability\" content=\"instock\" \/>\n<meta property=\"product:retailer_item_id\" content=\"SKR-HNG-BRW\" \/>\n<meta property=\"product:condition\" content=\"new\" \/>\n<!-- \/ Yoast SEO Premium plugin. -->","yoast_head_json":{"title":"Perles en silicone - Nid d'abeilles \/ Nervures - 16 mm - Brownie -%.","description":"Les perles de silicone en forme de nid d'abeille ou de tableau de couleur Brownie de 16 mm de diam\u00e8tre sont exemptes de BPA, de plomb, de poison, de phtalate et de PVC, Yootjes","robots":{"index":"index","follow":"follow","max-snippet":"max-snippet:-1","max-image-preview":"max-image-preview:large","max-video-preview":"max-video-preview:-1"},"canonical":"https:\/\/www.jootjeshaakcadeautjes.nl\/fr\/produit\/perles-en-silicone-nid-dabeilles-nervures-16-mm-chocolat-au-lait-kopie\/","og_locale":"fr_FR","og_type":"article","og_title":"Perles en silicone - Nid d'abeilles \/ Nervures - 16 mm - Brownie","og_description":"Les perles de silicone en forme de nid d'abeille ou de tableau de couleur Brownie de 16 mm de diam\u00e8tre sont exemptes de BPA, de plomb, de poison, de phtalate et de PVC, Yootjes","og_url":"https:\/\/www.jootjeshaakcadeautjes.nl\/fr\/produit\/perles-en-silicone-nid-dabeilles-nervures-16-mm-chocolat-au-lait-kopie\/","og_site_name":"Jootjes Haakcadeautjes","article_modified_time":"2026-05-08T13:14:46+00:00","og_image":[{"width":2048,"height":2048,"url":"https:\/\/d1dyryakdmle7o.cloudfront.net\/wp-content\/uploads\/2026\/01\/20260131_175430.webp","type":"image\/webp"}],"twitter_card":"summary_large_image","twitter_misc":{"Prix":"&euro;0.35 TTC","Disponibilit\u00e9":"En stock"},"schema":{"@context":"https:\/\/schema.org","@graph":[{"@type":"WebPage","@id":"https:\/\/www.jootjeshaakcadeautjes.nl\/fr\/produit\/perles-en-silicone-nid-dabeilles-nervures-16-mm-chocolat-au-lait-kopie\/","url":"https:\/\/www.jootjeshaakcadeautjes.nl\/fr\/produit\/perles-en-silicone-nid-dabeilles-nervures-16-mm-chocolat-au-lait-kopie\/","name":"Perles en silicone - Nid d'abeilles \/ Nervures - 16 mm - Brownie -%.","isPartOf":{"@id":"https:\/\/www.jootjeshaakcadeautjes.nl\/fr\/#website"},"primaryImageOfPage":{"@id":"https:\/\/www.jootjeshaakcadeautjes.nl\/fr\/produit\/perles-en-silicone-nid-dabeilles-nervures-16-mm-chocolat-au-lait-kopie\/#primaryimage"},"image":{"@id":"https:\/\/www.jootjeshaakcadeautjes.nl\/fr\/produit\/perles-en-silicone-nid-dabeilles-nervures-16-mm-chocolat-au-lait-kopie\/#primaryimage"},"thumbnailUrl":"https:\/\/d1dyryakdmle7o.cloudfront.net\/wp-content\/uploads\/2026\/01\/20260131_175430.webp","datePublished":"2026-01-13T17:31:48+00:00","dateModified":"2026-05-08T13:14:46+00:00","description":"Les perles de silicone en forme de nid d'abeille ou de tableau de couleur Brownie de 16 mm de diam\u00e8tre sont exemptes de BPA, de plomb, de poison, de phtalate et de PVC, Yootjes","breadcrumb":{"@id":"https:\/\/www.jootjeshaakcadeautjes.nl\/fr\/produit\/perles-en-silicone-nid-dabeilles-nervures-16-mm-chocolat-au-lait-kopie\/#breadcrumb"},"inLanguage":"fr-FR","potentialAction":[{"@type":"ReadAction","target":["https:\/\/www.jootjeshaakcadeautjes.nl\/fr\/produit\/perles-en-silicone-nid-dabeilles-nervures-16-mm-chocolat-au-lait-kopie\/"]}]},{"@type":"ImageObject","inLanguage":"fr-FR","@id":"https:\/\/www.jootjeshaakcadeautjes.nl\/fr\/produit\/perles-en-silicone-nid-dabeilles-nervures-16-mm-chocolat-au-lait-kopie\/#primaryimage","url":"https:\/\/d1dyryakdmle7o.cloudfront.net\/wp-content\/uploads\/2026\/01\/20260131_175430.webp","contentUrl":"https:\/\/d1dyryakdmle7o.cloudfront.net\/wp-content\/uploads\/2026\/01\/20260131_175430.webp","width":2048,"height":2048},{"@type":"BreadcrumbList","@id":"https:\/\/www.jootjeshaakcadeautjes.nl\/fr\/produit\/perles-en-silicone-nid-dabeilles-nervures-16-mm-chocolat-au-lait-kopie\/#breadcrumb","itemListElement":[{"@type":"ListItem","position":1,"name":"Accueil","item":"https:\/\/www.jootjeshaakcadeautjes.nl\/fr\/"},{"@type":"ListItem","position":2,"name":"Commerce de gros de perles en silicone &#8211; Entreprises et consommateurs","item":"https:\/\/www.jootjeshaakcadeautjes.nl\/fr\/boutique\/"},{"@type":"ListItem","position":3,"name":"Perles en silicone &#8211; Nid d&#8217;abeilles \/ Nervures &#8211; 16 mm &#8211; Brownie"}]},{"@type":"WebSite","@id":"https:\/\/www.jootjeshaakcadeautjes.nl\/fr\/#website","url":"https:\/\/www.jootjeshaakcadeautjes.nl\/fr\/","name":"Jootjes Haakcadeautjes","description":"Grossiste en perles de silicone","publisher":{"@id":"https:\/\/www.jootjeshaakcadeautjes.nl\/fr\/#organization"},"potentialAction":[{"@type":"SearchAction","target":{"@type":"EntryPoint","urlTemplate":"https:\/\/www.jootjeshaakcadeautjes.nl\/fr\/?s={search_term_string}"},"query-input":{"@type":"PropertyValueSpecification","valueRequired":true,"valueName":"search_term_string"}}],"inLanguage":"fr-FR"},{"@type":"Organization","@id":"https:\/\/www.jootjeshaakcadeautjes.nl\/fr\/#organization","name":"Jootjes Haakcadeautjes","url":"https:\/\/www.jootjeshaakcadeautjes.nl\/fr\/","logo":{"@type":"ImageObject","inLanguage":"fr-FR","@id":"https:\/\/www.jootjeshaakcadeautjes.nl\/fr\/#\/schema\/logo\/image\/","url":"https:\/\/jootjes-haakcadeautjes-media.s3.amazonaws.com\/wp-content\/uploads\/2023\/05\/Logo-rond.png","contentUrl":"https:\/\/jootjes-haakcadeautjes-media.s3.amazonaws.com\/wp-content\/uploads\/2023\/05\/Logo-rond.png","width":1222,"height":1222,"caption":"Jootjes Haakcadeautjes"},"image":{"@id":"https:\/\/www.jootjeshaakcadeautjes.nl\/fr\/#\/schema\/logo\/image\/"}}]},"product_price_amount":"0.35","product_price_currency":"EUR","og_availability":"instock","product_availability":"instock","product_retailer_item_id":"SKR-HNG-BRW","product_condition":"new"},"_links":{"self":[{"href":"https:\/\/www.jootjeshaakcadeautjes.nl\/fr\/wp-json\/wp\/v2\/product\/268222","targetHints":{"allow":["GET"]}}],"collection":[{"href":"https:\/\/www.jootjeshaakcadeautjes.nl\/fr\/wp-json\/wp\/v2\/product"}],"about":[{"href":"https:\/\/www.jootjeshaakcadeautjes.nl\/fr\/wp-json\/wp\/v2\/types\/product"}],"version-history":[{"count":2,"href":"https:\/\/www.jootjeshaakcadeautjes.nl\/fr\/wp-json\/wp\/v2\/product\/268222\/revisions"}],"predecessor-version":[{"id":287242,"href":"https:\/\/www.jootjeshaakcadeautjes.nl\/fr\/wp-json\/wp\/v2\/product\/268222\/revisions\/287242"}],"wp:featuredmedia":[{"embeddable":true,"href":"https:\/\/www.jootjeshaakcadeautjes.nl\/fr\/wp-json\/wp\/v2\/media\/271380"}],"wp:attachment":[{"href":"https:\/\/www.jootjeshaakcadeautjes.nl\/fr\/wp-json\/wp\/v2\/media?parent=268222"}],"wp:term":[{"taxonomy":"product_brand","embeddable":true,"href":"https:\/\/www.jootjeshaakcadeautjes.nl\/fr\/wp-json\/wp\/v2\/product_brand?post=268222"},{"taxonomy":"product_cat","embeddable":true,"href":"https:\/\/www.jootjeshaakcadeautjes.nl\/fr\/wp-json\/wp\/v2\/product_cat?post=268222"},{"taxonomy":"product_tag","embeddable":true,"href":"https:\/\/www.jootjeshaakcadeautjes.nl\/fr\/wp-json\/wp\/v2\/product_tag?post=268222"}],"curies":[{"name":"wp","href":"https:\/\/api.w.org\/{rel}","templated":true}]}}