{"id":269093,"date":"2026-01-11T13:22:51","date_gmt":"2026-01-11T11:22:51","guid":{"rendered":"https:\/\/www.jootjeshaakcadeautjes.nl\/?post_type=product&#038;p=269093"},"modified":"2026-05-08T15:11:12","modified_gmt":"2026-05-08T13:11:12","slug":"perles-en-silicone-framboise-12-mm-bois-de-rose-kopie-kopie-kopie-kopie-kopie-kopie-kopie-kopie-kopie-kopie-kopie-2","status":"publish","type":"product","link":"https:\/\/www.jootjeshaakcadeautjes.nl\/fr\/produit\/perles-en-silicone-framboise-12-mm-bois-de-rose-kopie-kopie-kopie-kopie-kopie-kopie-kopie-kopie-kopie-kopie-kopie-2\/","title":{"rendered":"Perles en silicone &#8211; Lanterne &#8211; 16 mm &#8211; Rose p\u00e2le"},"content":{"rendered":"<h2>Perles en silicone &#8211; Lanterne &#8211; 16 mm &#8211; Rose p\u00e2le<\/h2>\n<p>Couleur : rose p\u00e2le<\/p>\n<p>Type : Lampion &#8211; 16 mm &#8211; Rose p\u00e2le<\/p>\n<p>Mat\u00e9riau : conforme \u00e0 la norme EN-71, silicone test\u00e9 chimiquement s\u00fbr. Cela signifie qu&#8217;ils sont exempts de BPA, de phtalates et d&#8217;autres substances potentiellement nocives. Ces perles conviennent donc, en termes d&#8217;ingr\u00e9dients, aux produits qui doivent \u00eatre conformes \u00e0 ces r\u00e9glementations europ\u00e9ennes, tels qu&#8217;un cordon de t\u00e9tine ou un anneau de dentition.<\/p>\n<p>Ces Lampions &#8211; 16 mm &#8211; Rose p\u00e2le contiennent un magnifique motif de bobines que les petits peuvent explorer et qui stimule les sens tactiles et donc le d\u00e9veloppement. Tr\u00e8s agr\u00e9able pour mordre et masser les gencives. Pour un anneau de dentition, nous recommandons une taille sup\u00e9rieure \u00e0 celle de 16 mm. Par ailleurs, les framboises de 12 mm sont super sympas \u00e0 combiner avec le cordon de la t\u00e9tine pour former un ensemble assorti avec l&#8217;anneau de dentition.<\/p>\n","protected":false},"excerpt":{"rendered":"<p>Couleur : Rose p\u00e2le<br \/>\nType : Lampion &#8211; 16 mm &#8211; Rose p\u00e2le<br \/>\nTaille : 16 mm rond<br \/>\nMat\u00e9riau : conforme \u00e0 la norme EN-71, silicone test\u00e9 chimiquement s\u00fbr.<\/p>\n<p>Pour plus d&#8217;informations, voir ci-dessous.<\/p>\n","protected":false},"featured_media":271359,"template":"","meta":[],"product_brand":[],"product_cat":[7378,7185,19518,6992],"product_tag":[7647,7384,18053,7424,18049,7418,9997,18055,7440,19555,12817,7200,10511,7212,13864,18051],"class_list":{"0":"post-269093","1":"product","2":"type-product","3":"status-publish","4":"has-post-thumbnail","6":"product_cat-fabrication-de-jouets-de-dentition-pour-bebe-cordon-de-sucette-et-anneaux-de-dentition","7":"product_cat-nouveaux-produits","8":"product_cat-perles-en-silicone-lanterne-16-mm","9":"product_cat-perles-en-silicone-sans-bpa-grossiste","10":"product_tag-16-mm-fr","11":"product_tag-anneau-de-dentition","12":"product_tag-bourrelet","13":"product_tag-bpa-fr","14":"product_tag-chimique","15":"product_tag-faux-cordon","16":"product_tag-fr-71","17":"product_tag-gommes","18":"product_tag-gratuit","19":"product_tag-lampions","20":"product_tag-nervure","21":"product_tag-perles","22":"product_tag-rose-pale","23":"product_tag-silicone-fr","24":"product_tag-stimuler","25":"product_tag-teste","27":"first","28":"instock","29":"taxable","30":"shipping-taxable","31":"purchasable","32":"product-type-simple"},"bundled_by":[],"bundle_stock_status":"instock","bundle_stock_quantity":969,"bundle_virtual":false,"bundle_layout":"","bundle_add_to_cart_form_location":"","bundle_editable_in_cart":false,"bundle_sold_individually_context":"","bundle_item_grouping":"","bundle_min_size":"","bundle_max_size":"","bundle_price":[],"bundled_items":[],"bundle_sell_ids":[],"yoast_head":"<!-- This site is optimized with the Yoast SEO Premium plugin v27.4 (Yoast SEO v27.5) - https:\/\/yoast.com\/product\/yoast-seo-premium-wordpress\/ -->\n<title>Perles en silicone Lampion - 16 mm - Rose p\u00e2le | Jootjes<\/title>\n<meta name=\"description\" content=\"Perles en silicone avec stries, sans danger pour les b\u00e9b\u00e9s. Peut-\u00eatre pour un cordon factice. Stimule le d\u00e9veloppement de votre enfant. En couleur Lampion - 16 mm - Rose p\u00e2le.\" \/>\n<meta name=\"robots\" content=\"index, follow, max-snippet:-1, max-image-preview:large, max-video-preview:-1\" \/>\n<link rel=\"canonical\" href=\"https:\/\/www.jootjeshaakcadeautjes.nl\/fr\/produit\/perles-en-silicone-framboise-12-mm-bois-de-rose-kopie-kopie-kopie-kopie-kopie-kopie-kopie-kopie-kopie-kopie-kopie-2\/\" \/>\n<meta property=\"og:locale\" content=\"fr_FR\" \/>\n<meta property=\"og:type\" content=\"article\" \/>\n<meta property=\"og:title\" content=\"Perles en silicone - Lanterne - 16 mm - Rose p\u00e2le\" \/>\n<meta property=\"og:description\" content=\"Perles en silicone avec stries, sans danger pour les b\u00e9b\u00e9s. Peut-\u00eatre pour un cordon factice. Stimule le d\u00e9veloppement de votre enfant. En couleur Lampion - 16 mm - Rose p\u00e2le.\" \/>\n<meta property=\"og:url\" content=\"https:\/\/www.jootjeshaakcadeautjes.nl\/fr\/produit\/perles-en-silicone-framboise-12-mm-bois-de-rose-kopie-kopie-kopie-kopie-kopie-kopie-kopie-kopie-kopie-kopie-kopie-2\/\" \/>\n<meta property=\"og:site_name\" content=\"Jootjes Haakcadeautjes\" \/>\n<meta property=\"article:modified_time\" content=\"2026-05-08T13:11:12+00:00\" \/>\n<meta property=\"og:image\" content=\"https:\/\/d1dyryakdmle7o.cloudfront.net\/wp-content\/uploads\/2026\/01\/20260210_130526.webp\" \/>\n\t<meta property=\"og:image:width\" content=\"2048\" \/>\n\t<meta property=\"og:image:height\" content=\"2048\" \/>\n\t<meta property=\"og:image:type\" content=\"image\/webp\" \/>\n<meta name=\"twitter:card\" content=\"summary_large_image\" \/>\n<meta name=\"twitter:label1\" content=\"Prix\" \/>\n\t<meta name=\"twitter:data1\" content=\"&euro;0.35 TTC\" \/>\n\t<meta name=\"twitter:label2\" content=\"Disponibilit\u00e9\" \/>\n\t<meta name=\"twitter:data2\" content=\"En stock\" \/>\n<script type=\"application\/ld+json\" class=\"yoast-schema-graph\">{\"@context\":\"https:\\\/\\\/schema.org\",\"@graph\":[{\"@type\":\"WebPage\",\"@id\":\"https:\\\/\\\/www.jootjeshaakcadeautjes.nl\\\/fr\\\/produit\\\/perles-en-silicone-framboise-12-mm-bois-de-rose-kopie-kopie-kopie-kopie-kopie-kopie-kopie-kopie-kopie-kopie-kopie-2\\\/\",\"url\":\"https:\\\/\\\/www.jootjeshaakcadeautjes.nl\\\/fr\\\/produit\\\/perles-en-silicone-framboise-12-mm-bois-de-rose-kopie-kopie-kopie-kopie-kopie-kopie-kopie-kopie-kopie-kopie-kopie-2\\\/\",\"name\":\"Perles en silicone Lampion - 16 mm - Rose p\u00e2le | Jootjes\",\"isPartOf\":{\"@id\":\"https:\\\/\\\/www.jootjeshaakcadeautjes.nl\\\/fr\\\/#website\"},\"primaryImageOfPage\":{\"@id\":\"https:\\\/\\\/www.jootjeshaakcadeautjes.nl\\\/fr\\\/produit\\\/perles-en-silicone-framboise-12-mm-bois-de-rose-kopie-kopie-kopie-kopie-kopie-kopie-kopie-kopie-kopie-kopie-kopie-2\\\/#primaryimage\"},\"image\":{\"@id\":\"https:\\\/\\\/www.jootjeshaakcadeautjes.nl\\\/fr\\\/produit\\\/perles-en-silicone-framboise-12-mm-bois-de-rose-kopie-kopie-kopie-kopie-kopie-kopie-kopie-kopie-kopie-kopie-kopie-2\\\/#primaryimage\"},\"thumbnailUrl\":\"https:\\\/\\\/d1dyryakdmle7o.cloudfront.net\\\/wp-content\\\/uploads\\\/2026\\\/01\\\/20260210_130526.webp\",\"datePublished\":\"2026-01-11T11:22:51+00:00\",\"dateModified\":\"2026-05-08T13:11:12+00:00\",\"description\":\"Perles en silicone avec stries, sans danger pour les b\u00e9b\u00e9s. Peut-\u00eatre pour un cordon factice. Stimule le d\u00e9veloppement de votre enfant. En couleur Lampion - 16 mm - Rose p\u00e2le.\",\"breadcrumb\":{\"@id\":\"https:\\\/\\\/www.jootjeshaakcadeautjes.nl\\\/fr\\\/produit\\\/perles-en-silicone-framboise-12-mm-bois-de-rose-kopie-kopie-kopie-kopie-kopie-kopie-kopie-kopie-kopie-kopie-kopie-2\\\/#breadcrumb\"},\"inLanguage\":\"fr-FR\",\"potentialAction\":[{\"@type\":\"ReadAction\",\"target\":[\"https:\\\/\\\/www.jootjeshaakcadeautjes.nl\\\/fr\\\/produit\\\/perles-en-silicone-framboise-12-mm-bois-de-rose-kopie-kopie-kopie-kopie-kopie-kopie-kopie-kopie-kopie-kopie-kopie-2\\\/\"]}]},{\"@type\":\"ImageObject\",\"inLanguage\":\"fr-FR\",\"@id\":\"https:\\\/\\\/www.jootjeshaakcadeautjes.nl\\\/fr\\\/produit\\\/perles-en-silicone-framboise-12-mm-bois-de-rose-kopie-kopie-kopie-kopie-kopie-kopie-kopie-kopie-kopie-kopie-kopie-2\\\/#primaryimage\",\"url\":\"https:\\\/\\\/d1dyryakdmle7o.cloudfront.net\\\/wp-content\\\/uploads\\\/2026\\\/01\\\/20260210_130526.webp\",\"contentUrl\":\"https:\\\/\\\/d1dyryakdmle7o.cloudfront.net\\\/wp-content\\\/uploads\\\/2026\\\/01\\\/20260210_130526.webp\",\"width\":2048,\"height\":2048},{\"@type\":\"BreadcrumbList\",\"@id\":\"https:\\\/\\\/www.jootjeshaakcadeautjes.nl\\\/fr\\\/produit\\\/perles-en-silicone-framboise-12-mm-bois-de-rose-kopie-kopie-kopie-kopie-kopie-kopie-kopie-kopie-kopie-kopie-kopie-2\\\/#breadcrumb\",\"itemListElement\":[{\"@type\":\"ListItem\",\"position\":1,\"name\":\"Accueil\",\"item\":\"https:\\\/\\\/www.jootjeshaakcadeautjes.nl\\\/fr\\\/\"},{\"@type\":\"ListItem\",\"position\":2,\"name\":\"Commerce de gros de perles en silicone &#8211; Entreprises et consommateurs\",\"item\":\"https:\\\/\\\/www.jootjeshaakcadeautjes.nl\\\/fr\\\/boutique\\\/\"},{\"@type\":\"ListItem\",\"position\":3,\"name\":\"Perles en silicone &#8211; Lanterne &#8211; 16 mm &#8211; Rose p\u00e2le\"}]},{\"@type\":\"WebSite\",\"@id\":\"https:\\\/\\\/www.jootjeshaakcadeautjes.nl\\\/fr\\\/#website\",\"url\":\"https:\\\/\\\/www.jootjeshaakcadeautjes.nl\\\/fr\\\/\",\"name\":\"Jootjes Haakcadeautjes\",\"description\":\"Grossiste en perles de silicone\",\"publisher\":{\"@id\":\"https:\\\/\\\/www.jootjeshaakcadeautjes.nl\\\/fr\\\/#organization\"},\"potentialAction\":[{\"@type\":\"SearchAction\",\"target\":{\"@type\":\"EntryPoint\",\"urlTemplate\":\"https:\\\/\\\/www.jootjeshaakcadeautjes.nl\\\/fr\\\/?s={search_term_string}\"},\"query-input\":{\"@type\":\"PropertyValueSpecification\",\"valueRequired\":true,\"valueName\":\"search_term_string\"}}],\"inLanguage\":\"fr-FR\"},{\"@type\":\"Organization\",\"@id\":\"https:\\\/\\\/www.jootjeshaakcadeautjes.nl\\\/fr\\\/#organization\",\"name\":\"Jootjes Haakcadeautjes\",\"url\":\"https:\\\/\\\/www.jootjeshaakcadeautjes.nl\\\/fr\\\/\",\"logo\":{\"@type\":\"ImageObject\",\"inLanguage\":\"fr-FR\",\"@id\":\"https:\\\/\\\/www.jootjeshaakcadeautjes.nl\\\/fr\\\/#\\\/schema\\\/logo\\\/image\\\/\",\"url\":\"https:\\\/\\\/jootjes-haakcadeautjes-media.s3.amazonaws.com\\\/wp-content\\\/uploads\\\/2023\\\/05\\\/Logo-rond.png\",\"contentUrl\":\"https:\\\/\\\/jootjes-haakcadeautjes-media.s3.amazonaws.com\\\/wp-content\\\/uploads\\\/2023\\\/05\\\/Logo-rond.png\",\"width\":1222,\"height\":1222,\"caption\":\"Jootjes Haakcadeautjes\"},\"image\":{\"@id\":\"https:\\\/\\\/www.jootjeshaakcadeautjes.nl\\\/fr\\\/#\\\/schema\\\/logo\\\/image\\\/\"}}]}<\/script>\n<meta property=\"product:price:amount\" content=\"0.35\" \/>\n<meta property=\"product:price:currency\" content=\"EUR\" \/>\n<meta property=\"og:availability\" content=\"instock\" \/>\n<meta property=\"product:availability\" content=\"instock\" \/>\n<meta property=\"product:retailer_item_id\" content=\"SKR-LMP-016-PRO\" \/>\n<meta property=\"product:condition\" content=\"new\" \/>\n<!-- \/ Yoast SEO Premium plugin. -->","yoast_head_json":{"title":"Perles en silicone Lampion - 16 mm - Rose p\u00e2le | Jootjes","description":"Perles en silicone avec stries, sans danger pour les b\u00e9b\u00e9s. Peut-\u00eatre pour un cordon factice. Stimule le d\u00e9veloppement de votre enfant. En couleur Lampion - 16 mm - Rose p\u00e2le.","robots":{"index":"index","follow":"follow","max-snippet":"max-snippet:-1","max-image-preview":"max-image-preview:large","max-video-preview":"max-video-preview:-1"},"canonical":"https:\/\/www.jootjeshaakcadeautjes.nl\/fr\/produit\/perles-en-silicone-framboise-12-mm-bois-de-rose-kopie-kopie-kopie-kopie-kopie-kopie-kopie-kopie-kopie-kopie-kopie-2\/","og_locale":"fr_FR","og_type":"article","og_title":"Perles en silicone - Lanterne - 16 mm - Rose p\u00e2le","og_description":"Perles en silicone avec stries, sans danger pour les b\u00e9b\u00e9s. Peut-\u00eatre pour un cordon factice. Stimule le d\u00e9veloppement de votre enfant. En couleur Lampion - 16 mm - Rose p\u00e2le.","og_url":"https:\/\/www.jootjeshaakcadeautjes.nl\/fr\/produit\/perles-en-silicone-framboise-12-mm-bois-de-rose-kopie-kopie-kopie-kopie-kopie-kopie-kopie-kopie-kopie-kopie-kopie-2\/","og_site_name":"Jootjes Haakcadeautjes","article_modified_time":"2026-05-08T13:11:12+00:00","og_image":[{"width":2048,"height":2048,"url":"https:\/\/d1dyryakdmle7o.cloudfront.net\/wp-content\/uploads\/2026\/01\/20260210_130526.webp","type":"image\/webp"}],"twitter_card":"summary_large_image","twitter_misc":{"Prix":"&euro;0.35 TTC","Disponibilit\u00e9":"En stock"},"schema":{"@context":"https:\/\/schema.org","@graph":[{"@type":"WebPage","@id":"https:\/\/www.jootjeshaakcadeautjes.nl\/fr\/produit\/perles-en-silicone-framboise-12-mm-bois-de-rose-kopie-kopie-kopie-kopie-kopie-kopie-kopie-kopie-kopie-kopie-kopie-2\/","url":"https:\/\/www.jootjeshaakcadeautjes.nl\/fr\/produit\/perles-en-silicone-framboise-12-mm-bois-de-rose-kopie-kopie-kopie-kopie-kopie-kopie-kopie-kopie-kopie-kopie-kopie-2\/","name":"Perles en silicone Lampion - 16 mm - Rose p\u00e2le | Jootjes","isPartOf":{"@id":"https:\/\/www.jootjeshaakcadeautjes.nl\/fr\/#website"},"primaryImageOfPage":{"@id":"https:\/\/www.jootjeshaakcadeautjes.nl\/fr\/produit\/perles-en-silicone-framboise-12-mm-bois-de-rose-kopie-kopie-kopie-kopie-kopie-kopie-kopie-kopie-kopie-kopie-kopie-2\/#primaryimage"},"image":{"@id":"https:\/\/www.jootjeshaakcadeautjes.nl\/fr\/produit\/perles-en-silicone-framboise-12-mm-bois-de-rose-kopie-kopie-kopie-kopie-kopie-kopie-kopie-kopie-kopie-kopie-kopie-2\/#primaryimage"},"thumbnailUrl":"https:\/\/d1dyryakdmle7o.cloudfront.net\/wp-content\/uploads\/2026\/01\/20260210_130526.webp","datePublished":"2026-01-11T11:22:51+00:00","dateModified":"2026-05-08T13:11:12+00:00","description":"Perles en silicone avec stries, sans danger pour les b\u00e9b\u00e9s. Peut-\u00eatre pour un cordon factice. Stimule le d\u00e9veloppement de votre enfant. En couleur Lampion - 16 mm - Rose p\u00e2le.","breadcrumb":{"@id":"https:\/\/www.jootjeshaakcadeautjes.nl\/fr\/produit\/perles-en-silicone-framboise-12-mm-bois-de-rose-kopie-kopie-kopie-kopie-kopie-kopie-kopie-kopie-kopie-kopie-kopie-2\/#breadcrumb"},"inLanguage":"fr-FR","potentialAction":[{"@type":"ReadAction","target":["https:\/\/www.jootjeshaakcadeautjes.nl\/fr\/produit\/perles-en-silicone-framboise-12-mm-bois-de-rose-kopie-kopie-kopie-kopie-kopie-kopie-kopie-kopie-kopie-kopie-kopie-2\/"]}]},{"@type":"ImageObject","inLanguage":"fr-FR","@id":"https:\/\/www.jootjeshaakcadeautjes.nl\/fr\/produit\/perles-en-silicone-framboise-12-mm-bois-de-rose-kopie-kopie-kopie-kopie-kopie-kopie-kopie-kopie-kopie-kopie-kopie-2\/#primaryimage","url":"https:\/\/d1dyryakdmle7o.cloudfront.net\/wp-content\/uploads\/2026\/01\/20260210_130526.webp","contentUrl":"https:\/\/d1dyryakdmle7o.cloudfront.net\/wp-content\/uploads\/2026\/01\/20260210_130526.webp","width":2048,"height":2048},{"@type":"BreadcrumbList","@id":"https:\/\/www.jootjeshaakcadeautjes.nl\/fr\/produit\/perles-en-silicone-framboise-12-mm-bois-de-rose-kopie-kopie-kopie-kopie-kopie-kopie-kopie-kopie-kopie-kopie-kopie-2\/#breadcrumb","itemListElement":[{"@type":"ListItem","position":1,"name":"Accueil","item":"https:\/\/www.jootjeshaakcadeautjes.nl\/fr\/"},{"@type":"ListItem","position":2,"name":"Commerce de gros de perles en silicone &#8211; Entreprises et consommateurs","item":"https:\/\/www.jootjeshaakcadeautjes.nl\/fr\/boutique\/"},{"@type":"ListItem","position":3,"name":"Perles en silicone &#8211; Lanterne &#8211; 16 mm &#8211; Rose p\u00e2le"}]},{"@type":"WebSite","@id":"https:\/\/www.jootjeshaakcadeautjes.nl\/fr\/#website","url":"https:\/\/www.jootjeshaakcadeautjes.nl\/fr\/","name":"Jootjes Haakcadeautjes","description":"Grossiste en perles de silicone","publisher":{"@id":"https:\/\/www.jootjeshaakcadeautjes.nl\/fr\/#organization"},"potentialAction":[{"@type":"SearchAction","target":{"@type":"EntryPoint","urlTemplate":"https:\/\/www.jootjeshaakcadeautjes.nl\/fr\/?s={search_term_string}"},"query-input":{"@type":"PropertyValueSpecification","valueRequired":true,"valueName":"search_term_string"}}],"inLanguage":"fr-FR"},{"@type":"Organization","@id":"https:\/\/www.jootjeshaakcadeautjes.nl\/fr\/#organization","name":"Jootjes Haakcadeautjes","url":"https:\/\/www.jootjeshaakcadeautjes.nl\/fr\/","logo":{"@type":"ImageObject","inLanguage":"fr-FR","@id":"https:\/\/www.jootjeshaakcadeautjes.nl\/fr\/#\/schema\/logo\/image\/","url":"https:\/\/jootjes-haakcadeautjes-media.s3.amazonaws.com\/wp-content\/uploads\/2023\/05\/Logo-rond.png","contentUrl":"https:\/\/jootjes-haakcadeautjes-media.s3.amazonaws.com\/wp-content\/uploads\/2023\/05\/Logo-rond.png","width":1222,"height":1222,"caption":"Jootjes Haakcadeautjes"},"image":{"@id":"https:\/\/www.jootjeshaakcadeautjes.nl\/fr\/#\/schema\/logo\/image\/"}}]},"product_price_amount":"0.35","product_price_currency":"EUR","og_availability":"instock","product_availability":"instock","product_retailer_item_id":"SKR-LMP-016-PRO","product_condition":"new"},"_links":{"self":[{"href":"https:\/\/www.jootjeshaakcadeautjes.nl\/fr\/wp-json\/wp\/v2\/product\/269093","targetHints":{"allow":["GET"]}}],"collection":[{"href":"https:\/\/www.jootjeshaakcadeautjes.nl\/fr\/wp-json\/wp\/v2\/product"}],"about":[{"href":"https:\/\/www.jootjeshaakcadeautjes.nl\/fr\/wp-json\/wp\/v2\/types\/product"}],"version-history":[{"count":1,"href":"https:\/\/www.jootjeshaakcadeautjes.nl\/fr\/wp-json\/wp\/v2\/product\/269093\/revisions"}],"predecessor-version":[{"id":279124,"href":"https:\/\/www.jootjeshaakcadeautjes.nl\/fr\/wp-json\/wp\/v2\/product\/269093\/revisions\/279124"}],"wp:featuredmedia":[{"embeddable":true,"href":"https:\/\/www.jootjeshaakcadeautjes.nl\/fr\/wp-json\/wp\/v2\/media\/271359"}],"wp:attachment":[{"href":"https:\/\/www.jootjeshaakcadeautjes.nl\/fr\/wp-json\/wp\/v2\/media?parent=269093"}],"wp:term":[{"taxonomy":"product_brand","embeddable":true,"href":"https:\/\/www.jootjeshaakcadeautjes.nl\/fr\/wp-json\/wp\/v2\/product_brand?post=269093"},{"taxonomy":"product_cat","embeddable":true,"href":"https:\/\/www.jootjeshaakcadeautjes.nl\/fr\/wp-json\/wp\/v2\/product_cat?post=269093"},{"taxonomy":"product_tag","embeddable":true,"href":"https:\/\/www.jootjeshaakcadeautjes.nl\/fr\/wp-json\/wp\/v2\/product_tag?post=269093"}],"curies":[{"name":"wp","href":"https:\/\/api.w.org\/{rel}","templated":true}]}}