{"id":269535,"date":"2026-02-03T17:12:57","date_gmt":"2026-02-03T16:12:57","guid":{"rendered":"https:\/\/www.jootjeshaakcadeautjes.nl\/?post_type=product&#038;p=269535"},"modified":"2026-05-12T00:06:16","modified_gmt":"2026-05-11T22:06:16","slug":"cordon-satine-2-mm-blanc-par-10-metres-kopie-kopie-kopie-kopie","status":"publish","type":"product","link":"https:\/\/www.jootjeshaakcadeautjes.nl\/fr\/produit\/cordon-satine-2-mm-blanc-par-10-metres-kopie-kopie-kopie-kopie\/","title":{"rendered":"Cordon en satin 2 mm &#8211; Rose p\u00eache &#8211; PAR 10 M\u00c8TRES"},"content":{"rendered":"<h1>Cordon de satin 2 mm &#8211; 2 mm &#8211; Rose p\u00eache &#8211; par 10 m\u00e8tres<\/h1>\n<p>Cordon satin\u00e9 par bobine, \u00e9paisseur de 2 mm. Disponible au m\u00e8tre. Nulle part ailleurs moins cher pour seulement 0,30 euros par m\u00e8tre. Nous ne fournissons d\u00e9lib\u00e9r\u00e9ment pas de cordon par demi-m\u00e8tre, car cela est tr\u00e8s serr\u00e9 pour la plupart des projets et peut \u00e9galement entra\u00eener des risques pour la s\u00e9curit\u00e9. Utilisez toujours une quantit\u00e9 suffisante de corde de satin (aller-retour) et attachez-la bien avec des n\u0153uds solides.<\/p>\n<p>Le cordon satin\u00e9 est un cordon tr\u00e8s robuste et lisse. La fa\u00e7on dont le fil est tiss\u00e9 le rend tr\u00e8s robuste et r\u00e9sistant. L&#8217;avantage de cette \u00e9paisseur est que l&#8217;on peut bien passer d&#8217;un c\u00f4t\u00e9 \u00e0 l&#8217;autre des perles, ce qui permet de nouer plusieurs fois et fermement.<\/p>\n<p>Le cordon de satin est utilis\u00e9 pour fabriquer des jouets de dentition tels que des anneaux de dentition, des gymnases pour b\u00e9b\u00e9s, des mobiles, des cordons pour t\u00e9tines ou des banni\u00e8res de landau.<\/p>\n","protected":false},"excerpt":{"rendered":"<ul>\n<li>  Cordon en satin.<\/li>\n<li> Couleur : rose p\u00eache<\/li>\n<li>  \u00c9paisseur : 2 mm<\/li>\n<li>  Disponible au m\u00e8tre et maintenant par 10 m\u00e8tres<\/li>\n<\/ul>\n<p>Pour en savoir plus sur l&#8217;application du cordon de satin, voir le bas de la page.<\/p>\n","protected":false},"featured_media":142400,"template":"","meta":[],"product_brand":[],"product_cat":[13544,7185],"product_tag":[9999,13693,7384,7401,13494,13548,13546,10299,7392,18354,10331,13549],"class_list":{"0":"post-269535","1":"product","2":"type-product","3":"status-publish","4":"has-post-thumbnail","6":"product_cat-cordon-de-satin-cordon-de-cire-et-aiguille-a-badigeonner","7":"product_cat-nouveaux-produits","8":"product_tag-2-fr","9":"product_tag-2-mm-fr","10":"product_tag-anneau-de-dentition","11":"product_tag-bebe","12":"product_tag-cordon-fr","13":"product_tag-cordon-de-cire","14":"product_tag-cordon-de-satin","15":"product_tag-filetage","16":"product_tag-mm-fr","17":"product_tag-par-10-metres","18":"product_tag-peche-rose","19":"product_tag-satin-fr","21":"first","22":"instock","23":"taxable","24":"shipping-taxable","25":"purchasable","26":"product-type-simple"},"bundled_by":[],"bundle_stock_status":"instock","bundle_stock_quantity":15,"bundle_virtual":false,"bundle_layout":"","bundle_add_to_cart_form_location":"","bundle_editable_in_cart":false,"bundle_sold_individually_context":"","bundle_item_grouping":"","bundle_min_size":"","bundle_max_size":"","bundle_price":[],"bundled_items":[],"bundle_sell_ids":[],"yoast_head":"<!-- This site is optimized with the Yoast SEO Premium plugin v27.6 (Yoast SEO v27.6) - https:\/\/yoast.com\/product\/yoast-seo-premium-wordpress\/ -->\n<title>Cordon en satin 2 mm - Rose p\u00eache - PAR 10 M\u00c8TRES %sep%% Jootjes.nl<\/title>\n<meta name=\"description\" content=\"Cordon en satin de 2 mm de diam\u00e8tre pour enfiler les anneaux de dentition et le cordon de t\u00e9tine dans le coloris Peach Pink. Disponible en stock. Seulement 0,30 euros\/m\u00e8tre de cordon en satin.\" \/>\n<meta name=\"robots\" content=\"index, follow, max-snippet:-1, max-image-preview:large, max-video-preview:-1\" \/>\n<link rel=\"canonical\" href=\"https:\/\/www.jootjeshaakcadeautjes.nl\/fr\/produit\/cordon-satine-2-mm-blanc-par-10-metres-kopie-kopie-kopie-kopie\/\" \/>\n<meta property=\"og:locale\" content=\"fr_FR\" \/>\n<meta property=\"og:type\" content=\"article\" \/>\n<meta property=\"og:title\" content=\"Cordon en satin 2 mm - Rose p\u00eache - PAR 10 M\u00c8TRES\" \/>\n<meta property=\"og:description\" content=\"Cordon en satin de 2 mm de diam\u00e8tre pour enfiler les anneaux de dentition et le cordon de t\u00e9tine dans le coloris Peach Pink. Disponible en stock. Seulement 0,30 euros\/m\u00e8tre de cordon en satin.\" \/>\n<meta property=\"og:url\" content=\"https:\/\/www.jootjeshaakcadeautjes.nl\/fr\/produit\/cordon-satine-2-mm-blanc-par-10-metres-kopie-kopie-kopie-kopie\/\" \/>\n<meta property=\"og:site_name\" content=\"Jootjes Haakcadeautjes\" \/>\n<meta property=\"article:modified_time\" content=\"2026-05-11T22:06:16+00:00\" \/>\n<meta property=\"og:image\" content=\"https:\/\/d1dyryakdmle7o.cloudfront.net\/wp-content\/uploads\/2024\/03\/Naamloos-25.jpg\" \/>\n\t<meta property=\"og:image:width\" content=\"2048\" \/>\n\t<meta property=\"og:image:height\" content=\"2048\" \/>\n\t<meta property=\"og:image:type\" content=\"image\/jpeg\" \/>\n<meta name=\"twitter:card\" content=\"summary_large_image\" \/>\n<meta name=\"twitter:label1\" content=\"Prix\" \/>\n\t<meta name=\"twitter:data1\" content=\"&euro;2.60 TTC\" \/>\n\t<meta name=\"twitter:label2\" content=\"Disponibilit\u00e9\" \/>\n\t<meta name=\"twitter:data2\" content=\"En stock\" \/>\n<script type=\"application\/ld+json\" class=\"yoast-schema-graph\">{\"@context\":\"https:\\\/\\\/schema.org\",\"@graph\":[{\"@type\":\"WebPage\",\"@id\":\"https:\\\/\\\/www.jootjeshaakcadeautjes.nl\\\/fr\\\/produit\\\/cordon-satine-2-mm-blanc-par-10-metres-kopie-kopie-kopie-kopie\\\/\",\"url\":\"https:\\\/\\\/www.jootjeshaakcadeautjes.nl\\\/fr\\\/produit\\\/cordon-satine-2-mm-blanc-par-10-metres-kopie-kopie-kopie-kopie\\\/\",\"name\":\"Cordon en satin 2 mm - Rose p\u00eache - PAR 10 M\u00c8TRES %sep%% Jootjes.nl\",\"isPartOf\":{\"@id\":\"https:\\\/\\\/www.jootjeshaakcadeautjes.nl\\\/fr\\\/#website\"},\"primaryImageOfPage\":{\"@id\":\"https:\\\/\\\/www.jootjeshaakcadeautjes.nl\\\/fr\\\/produit\\\/cordon-satine-2-mm-blanc-par-10-metres-kopie-kopie-kopie-kopie\\\/#primaryimage\"},\"image\":{\"@id\":\"https:\\\/\\\/www.jootjeshaakcadeautjes.nl\\\/fr\\\/produit\\\/cordon-satine-2-mm-blanc-par-10-metres-kopie-kopie-kopie-kopie\\\/#primaryimage\"},\"thumbnailUrl\":\"https:\\\/\\\/d1dyryakdmle7o.cloudfront.net\\\/wp-content\\\/uploads\\\/2024\\\/03\\\/Naamloos-25.jpg\",\"datePublished\":\"2026-02-03T16:12:57+00:00\",\"dateModified\":\"2026-05-11T22:06:16+00:00\",\"description\":\"Cordon en satin de 2 mm de diam\u00e8tre pour enfiler les anneaux de dentition et le cordon de t\u00e9tine dans le coloris Peach Pink. Disponible en stock. Seulement 0,30 euros\\\/m\u00e8tre de cordon en satin.\",\"breadcrumb\":{\"@id\":\"https:\\\/\\\/www.jootjeshaakcadeautjes.nl\\\/fr\\\/produit\\\/cordon-satine-2-mm-blanc-par-10-metres-kopie-kopie-kopie-kopie\\\/#breadcrumb\"},\"inLanguage\":\"fr-FR\",\"potentialAction\":[{\"@type\":\"ReadAction\",\"target\":[\"https:\\\/\\\/www.jootjeshaakcadeautjes.nl\\\/fr\\\/produit\\\/cordon-satine-2-mm-blanc-par-10-metres-kopie-kopie-kopie-kopie\\\/\"]}]},{\"@type\":\"ImageObject\",\"inLanguage\":\"fr-FR\",\"@id\":\"https:\\\/\\\/www.jootjeshaakcadeautjes.nl\\\/fr\\\/produit\\\/cordon-satine-2-mm-blanc-par-10-metres-kopie-kopie-kopie-kopie\\\/#primaryimage\",\"url\":\"https:\\\/\\\/d1dyryakdmle7o.cloudfront.net\\\/wp-content\\\/uploads\\\/2024\\\/03\\\/Naamloos-25.jpg\",\"contentUrl\":\"https:\\\/\\\/d1dyryakdmle7o.cloudfront.net\\\/wp-content\\\/uploads\\\/2024\\\/03\\\/Naamloos-25.jpg\",\"width\":2048,\"height\":2048,\"caption\":\"Rose p\u00eache\"},{\"@type\":\"BreadcrumbList\",\"@id\":\"https:\\\/\\\/www.jootjeshaakcadeautjes.nl\\\/fr\\\/produit\\\/cordon-satine-2-mm-blanc-par-10-metres-kopie-kopie-kopie-kopie\\\/#breadcrumb\",\"itemListElement\":[{\"@type\":\"ListItem\",\"position\":1,\"name\":\"Accueil\",\"item\":\"https:\\\/\\\/www.jootjeshaakcadeautjes.nl\\\/fr\\\/\"},{\"@type\":\"ListItem\",\"position\":2,\"name\":\"Commerce de gros de perles en silicone &#8211; Entreprises et consommateurs\",\"item\":\"https:\\\/\\\/www.jootjeshaakcadeautjes.nl\\\/fr\\\/boutique\\\/\"},{\"@type\":\"ListItem\",\"position\":3,\"name\":\"Cordon en satin 2 mm &#8211; Rose p\u00eache &#8211; PAR 10 M\u00c8TRES\"}]},{\"@type\":\"WebSite\",\"@id\":\"https:\\\/\\\/www.jootjeshaakcadeautjes.nl\\\/fr\\\/#website\",\"url\":\"https:\\\/\\\/www.jootjeshaakcadeautjes.nl\\\/fr\\\/\",\"name\":\"Jootjes Haakcadeautjes\",\"description\":\"Grossiste en perles de silicone\",\"publisher\":{\"@id\":\"https:\\\/\\\/www.jootjeshaakcadeautjes.nl\\\/fr\\\/#organization\"},\"potentialAction\":[{\"@type\":\"SearchAction\",\"target\":{\"@type\":\"EntryPoint\",\"urlTemplate\":\"https:\\\/\\\/www.jootjeshaakcadeautjes.nl\\\/fr\\\/?s={search_term_string}\"},\"query-input\":{\"@type\":\"PropertyValueSpecification\",\"valueRequired\":true,\"valueName\":\"search_term_string\"}}],\"inLanguage\":\"fr-FR\"},{\"@type\":\"Organization\",\"@id\":\"https:\\\/\\\/www.jootjeshaakcadeautjes.nl\\\/fr\\\/#organization\",\"name\":\"Jootjes Haakcadeautjes\",\"url\":\"https:\\\/\\\/www.jootjeshaakcadeautjes.nl\\\/fr\\\/\",\"logo\":{\"@type\":\"ImageObject\",\"inLanguage\":\"fr-FR\",\"@id\":\"https:\\\/\\\/www.jootjeshaakcadeautjes.nl\\\/fr\\\/#\\\/schema\\\/logo\\\/image\\\/\",\"url\":\"https:\\\/\\\/d1dyryakdmle7o.cloudfront.net\\\/wp-content\\\/uploads\\\/2023\\\/05\\\/Logo-rond.png\",\"contentUrl\":\"https:\\\/\\\/d1dyryakdmle7o.cloudfront.net\\\/wp-content\\\/uploads\\\/2023\\\/05\\\/Logo-rond.png\",\"width\":1222,\"height\":1222,\"caption\":\"Jootjes Haakcadeautjes\"},\"image\":{\"@id\":\"https:\\\/\\\/www.jootjeshaakcadeautjes.nl\\\/fr\\\/#\\\/schema\\\/logo\\\/image\\\/\"}}]}<\/script>\n<meta property=\"product:price:amount\" content=\"2.60\" \/>\n<meta property=\"product:price:currency\" content=\"EUR\" \/>\n<meta property=\"og:availability\" content=\"instock\" \/>\n<meta property=\"product:availability\" content=\"instock\" \/>\n<meta property=\"product:retailer_item_id\" content=\"SAT-KO2-PR10M-1\" \/>\n<meta property=\"product:condition\" content=\"new\" \/>\n<!-- \/ Yoast SEO Premium plugin. -->","yoast_head_json":{"title":"Cordon en satin 2 mm - Rose p\u00eache - PAR 10 M\u00c8TRES %sep%% Jootjes.nl","description":"Cordon en satin de 2 mm de diam\u00e8tre pour enfiler les anneaux de dentition et le cordon de t\u00e9tine dans le coloris Peach Pink. Disponible en stock. Seulement 0,30 euros\/m\u00e8tre de cordon en satin.","robots":{"index":"index","follow":"follow","max-snippet":"max-snippet:-1","max-image-preview":"max-image-preview:large","max-video-preview":"max-video-preview:-1"},"canonical":"https:\/\/www.jootjeshaakcadeautjes.nl\/fr\/produit\/cordon-satine-2-mm-blanc-par-10-metres-kopie-kopie-kopie-kopie\/","og_locale":"fr_FR","og_type":"article","og_title":"Cordon en satin 2 mm - Rose p\u00eache - PAR 10 M\u00c8TRES","og_description":"Cordon en satin de 2 mm de diam\u00e8tre pour enfiler les anneaux de dentition et le cordon de t\u00e9tine dans le coloris Peach Pink. Disponible en stock. Seulement 0,30 euros\/m\u00e8tre de cordon en satin.","og_url":"https:\/\/www.jootjeshaakcadeautjes.nl\/fr\/produit\/cordon-satine-2-mm-blanc-par-10-metres-kopie-kopie-kopie-kopie\/","og_site_name":"Jootjes Haakcadeautjes","article_modified_time":"2026-05-11T22:06:16+00:00","og_image":[{"width":2048,"height":2048,"url":"https:\/\/d1dyryakdmle7o.cloudfront.net\/wp-content\/uploads\/2024\/03\/Naamloos-25.jpg","type":"image\/jpeg"}],"twitter_card":"summary_large_image","twitter_misc":{"Prix":"&euro;2.60 TTC","Disponibilit\u00e9":"En stock"},"schema":{"@context":"https:\/\/schema.org","@graph":[{"@type":"WebPage","@id":"https:\/\/www.jootjeshaakcadeautjes.nl\/fr\/produit\/cordon-satine-2-mm-blanc-par-10-metres-kopie-kopie-kopie-kopie\/","url":"https:\/\/www.jootjeshaakcadeautjes.nl\/fr\/produit\/cordon-satine-2-mm-blanc-par-10-metres-kopie-kopie-kopie-kopie\/","name":"Cordon en satin 2 mm - Rose p\u00eache - PAR 10 M\u00c8TRES %sep%% Jootjes.nl","isPartOf":{"@id":"https:\/\/www.jootjeshaakcadeautjes.nl\/fr\/#website"},"primaryImageOfPage":{"@id":"https:\/\/www.jootjeshaakcadeautjes.nl\/fr\/produit\/cordon-satine-2-mm-blanc-par-10-metres-kopie-kopie-kopie-kopie\/#primaryimage"},"image":{"@id":"https:\/\/www.jootjeshaakcadeautjes.nl\/fr\/produit\/cordon-satine-2-mm-blanc-par-10-metres-kopie-kopie-kopie-kopie\/#primaryimage"},"thumbnailUrl":"https:\/\/d1dyryakdmle7o.cloudfront.net\/wp-content\/uploads\/2024\/03\/Naamloos-25.jpg","datePublished":"2026-02-03T16:12:57+00:00","dateModified":"2026-05-11T22:06:16+00:00","description":"Cordon en satin de 2 mm de diam\u00e8tre pour enfiler les anneaux de dentition et le cordon de t\u00e9tine dans le coloris Peach Pink. Disponible en stock. Seulement 0,30 euros\/m\u00e8tre de cordon en satin.","breadcrumb":{"@id":"https:\/\/www.jootjeshaakcadeautjes.nl\/fr\/produit\/cordon-satine-2-mm-blanc-par-10-metres-kopie-kopie-kopie-kopie\/#breadcrumb"},"inLanguage":"fr-FR","potentialAction":[{"@type":"ReadAction","target":["https:\/\/www.jootjeshaakcadeautjes.nl\/fr\/produit\/cordon-satine-2-mm-blanc-par-10-metres-kopie-kopie-kopie-kopie\/"]}]},{"@type":"ImageObject","inLanguage":"fr-FR","@id":"https:\/\/www.jootjeshaakcadeautjes.nl\/fr\/produit\/cordon-satine-2-mm-blanc-par-10-metres-kopie-kopie-kopie-kopie\/#primaryimage","url":"https:\/\/d1dyryakdmle7o.cloudfront.net\/wp-content\/uploads\/2024\/03\/Naamloos-25.jpg","contentUrl":"https:\/\/d1dyryakdmle7o.cloudfront.net\/wp-content\/uploads\/2024\/03\/Naamloos-25.jpg","width":2048,"height":2048,"caption":"Rose p\u00eache"},{"@type":"BreadcrumbList","@id":"https:\/\/www.jootjeshaakcadeautjes.nl\/fr\/produit\/cordon-satine-2-mm-blanc-par-10-metres-kopie-kopie-kopie-kopie\/#breadcrumb","itemListElement":[{"@type":"ListItem","position":1,"name":"Accueil","item":"https:\/\/www.jootjeshaakcadeautjes.nl\/fr\/"},{"@type":"ListItem","position":2,"name":"Commerce de gros de perles en silicone &#8211; Entreprises et consommateurs","item":"https:\/\/www.jootjeshaakcadeautjes.nl\/fr\/boutique\/"},{"@type":"ListItem","position":3,"name":"Cordon en satin 2 mm &#8211; Rose p\u00eache &#8211; PAR 10 M\u00c8TRES"}]},{"@type":"WebSite","@id":"https:\/\/www.jootjeshaakcadeautjes.nl\/fr\/#website","url":"https:\/\/www.jootjeshaakcadeautjes.nl\/fr\/","name":"Jootjes Haakcadeautjes","description":"Grossiste en perles de silicone","publisher":{"@id":"https:\/\/www.jootjeshaakcadeautjes.nl\/fr\/#organization"},"potentialAction":[{"@type":"SearchAction","target":{"@type":"EntryPoint","urlTemplate":"https:\/\/www.jootjeshaakcadeautjes.nl\/fr\/?s={search_term_string}"},"query-input":{"@type":"PropertyValueSpecification","valueRequired":true,"valueName":"search_term_string"}}],"inLanguage":"fr-FR"},{"@type":"Organization","@id":"https:\/\/www.jootjeshaakcadeautjes.nl\/fr\/#organization","name":"Jootjes Haakcadeautjes","url":"https:\/\/www.jootjeshaakcadeautjes.nl\/fr\/","logo":{"@type":"ImageObject","inLanguage":"fr-FR","@id":"https:\/\/www.jootjeshaakcadeautjes.nl\/fr\/#\/schema\/logo\/image\/","url":"https:\/\/d1dyryakdmle7o.cloudfront.net\/wp-content\/uploads\/2023\/05\/Logo-rond.png","contentUrl":"https:\/\/d1dyryakdmle7o.cloudfront.net\/wp-content\/uploads\/2023\/05\/Logo-rond.png","width":1222,"height":1222,"caption":"Jootjes Haakcadeautjes"},"image":{"@id":"https:\/\/www.jootjeshaakcadeautjes.nl\/fr\/#\/schema\/logo\/image\/"}}]},"product_price_amount":"2.60","product_price_currency":"EUR","og_availability":"instock","product_availability":"instock","product_retailer_item_id":"SAT-KO2-PR10M-1","product_condition":"new"},"_links":{"self":[{"href":"https:\/\/www.jootjeshaakcadeautjes.nl\/fr\/wp-json\/wp\/v2\/product\/269535","targetHints":{"allow":["GET"]}}],"collection":[{"href":"https:\/\/www.jootjeshaakcadeautjes.nl\/fr\/wp-json\/wp\/v2\/product"}],"about":[{"href":"https:\/\/www.jootjeshaakcadeautjes.nl\/fr\/wp-json\/wp\/v2\/types\/product"}],"version-history":[{"count":1,"href":"https:\/\/www.jootjeshaakcadeautjes.nl\/fr\/wp-json\/wp\/v2\/product\/269535\/revisions"}],"predecessor-version":[{"id":271759,"href":"https:\/\/www.jootjeshaakcadeautjes.nl\/fr\/wp-json\/wp\/v2\/product\/269535\/revisions\/271759"}],"wp:featuredmedia":[{"embeddable":true,"href":"https:\/\/www.jootjeshaakcadeautjes.nl\/fr\/wp-json\/wp\/v2\/media\/142400"}],"wp:attachment":[{"href":"https:\/\/www.jootjeshaakcadeautjes.nl\/fr\/wp-json\/wp\/v2\/media?parent=269535"}],"wp:term":[{"taxonomy":"product_brand","embeddable":true,"href":"https:\/\/www.jootjeshaakcadeautjes.nl\/fr\/wp-json\/wp\/v2\/product_brand?post=269535"},{"taxonomy":"product_cat","embeddable":true,"href":"https:\/\/www.jootjeshaakcadeautjes.nl\/fr\/wp-json\/wp\/v2\/product_cat?post=269535"},{"taxonomy":"product_tag","embeddable":true,"href":"https:\/\/www.jootjeshaakcadeautjes.nl\/fr\/wp-json\/wp\/v2\/product_tag?post=269535"}],"curies":[{"name":"wp","href":"https:\/\/api.w.org\/{rel}","templated":true}]}}