{"id":269654,"date":"2026-02-05T17:18:56","date_gmt":"2026-02-05T15:18:56","guid":{"rendered":"https:\/\/www.jootjeshaakcadeautjes.nl\/?post_type=product&#038;p=269654"},"modified":"2026-05-08T15:11:18","modified_gmt":"2026-05-08T13:11:18","slug":"perles-en-silicone-rose-20-mm-bleu-aqua-kopie","status":"publish","type":"product","link":"https:\/\/www.jootjeshaakcadeautjes.nl\/fr\/produit\/perles-en-silicone-rose-20-mm-bleu-aqua-kopie\/","title":{"rendered":"Perles en silicone &#8211; Rose &#8211; 20 mm &#8211; Rouge sang"},"content":{"rendered":"<h2>Perle de silicone &#8211; Rose &#8211; 20 mm &#8211; Rouge sang<\/h2>\n<p><strong>Mat\u00e9riau :<\/strong> Silicone, sans BPA, sans phtalates, sans PVC, sans plomb, sans cadmium, sans aluminium, sans plomb, etc. L&#8217;absence totale de poison a \u00e9t\u00e9 constat\u00e9e sur la base de la certification EN-71 pour les jouets pour b\u00e9b\u00e9s et enfants. <\/p>\n<p>C<strong>ertification :<\/strong> FDA, EN 71 (EN71-1, 2 et 3 ; propri\u00e9t\u00e9s m\u00e9caniques et physiques, inflammabilit\u00e9 et absence de migration d&#8217;\u00e9l\u00e9ments).<\/p>\n<p><strong>Taille : <\/strong>20 mm x 19 mm<\/p>\n<p><strong>Code couleur : Rouge sang<\/strong><\/p>\n<p><strong>Utilisation : <\/strong>Les perles roses en silicone peuvent facilement \u00eatre utilis\u00e9es pour les cordons de t\u00e9tine, les anneaux de dentition, les cha\u00eenes de landau, les cha\u00eenes de cl\u00e9s, les cha\u00eenes de landau, les pendentifs, les mobiles de parc, la gymnastique pour b\u00e9b\u00e9s et bien plus encore.<\/p>\n<p><em>Tous les produits de Jootjes Haakcadeautjes sont \u00e0 l&#8217;\u00e9preuve des enfants. Veuillez noter que les produits finis (anneaux de dentition, cordons de t\u00e9tine, sucettes de landau et autres) ont leurs propres crit\u00e8res de s\u00e9curit\u00e9 qu&#8217;ils doivent respecter. Jootjes Haakcadeautjes ne garantit que les mat\u00e9riaux et non le produit fini. Jootjes Haakcadeautjes n&#8217;est donc en aucun cas responsable des dommages r\u00e9sultant de l&#8217;utilisation du produit fini. Ne jamais utiliser de perles d\u00e9tach\u00e9es. V\u00e9rifier r\u00e9guli\u00e8rement la s\u00e9curit\u00e9 du produit fini. N&#8217;utilisez le produit que sous la surveillance d&#8217;un adulte. Ne laissez pas un enfant sans surveillance avec le produit et ne dormez pas avec.      <\/em><\/p>\n","protected":false},"excerpt":{"rendered":"<p><strong>Rose<\/strong> rouge sang<\/p>\n<p><strong>Mat\u00e9riau :<\/strong> Silicone, sans BPA, sans phtalates, sans PVC, sans plomb, sans cadmium, sans aluminium, sans plomb, etc. L&#8217;absence totale de poison a \u00e9t\u00e9 constat\u00e9e sur la base de la certification EN-71 pour les jouets pour b\u00e9b\u00e9s et enfants.<br \/>\n<strong>Certification :<\/strong> FDA, EN 71<br \/>\n<strong>Taille : <\/strong>20 x 20 x 10 mm<br \/>\n<strong>Code couleur : Rouge sang<\/strong><\/p>\n<p>Pour plus d&#8217;informations, lisez la suite au bas de la page.<\/p>\n","protected":false},"featured_media":271408,"template":"","meta":[],"product_brand":[],"product_cat":[7378,7185,13227,6992,7398],"product_tag":[7384,7401,7424,10294,7455,7463,12839,10223,12674,7489,7500,7418,12379,9997,7440,10140,12382,14985,7395,7200,7619,7426,13509,7212,7408],"class_list":{"0":"post-269654","1":"product","2":"type-product","3":"status-publish","4":"has-post-thumbnail","6":"product_cat-fabrication-de-jouets-de-dentition-pour-bebe-cordon-de-sucette-et-anneaux-de-dentition","7":"product_cat-nouveaux-produits","8":"product_cat-perles-en-silicone-roses","9":"product_cat-perles-en-silicone-sans-bpa-grossiste","10":"product_cat-perles-en-silicone-toutes-les-perles-de-luxe-multicolores","11":"product_tag-anneau-de-dentition","12":"product_tag-bebe","13":"product_tag-bpa-fr","14":"product_tag-certifie","15":"product_tag-chaine-de-landau","16":"product_tag-commerce-de-gros","17":"product_tag-couleur","18":"product_tag-crochet-de-wagon","19":"product_tag-crochet-pour-baton","20":"product_tag-crochet-pour-sac","21":"product_tag-enfant","22":"product_tag-faux-cordon","23":"product_tag-fda-fr","24":"product_tag-fr-71","25":"product_tag-gratuit","26":"product_tag-jaszipper-fr","27":"product_tag-parc-mobile","28":"product_tag-pendentif-telephonique","29":"product_tag-perle","30":"product_tag-perles","31":"product_tag-porte-cles","32":"product_tag-rose-fr","33":"product_tag-rouge-sang","34":"product_tag-silicone-fr","35":"product_tag-sur","37":"first","38":"instock","39":"taxable","40":"shipping-taxable","41":"purchasable","42":"product-type-simple"},"bundled_by":[],"bundle_stock_status":"instock","bundle_stock_quantity":45,"bundle_virtual":false,"bundle_layout":"","bundle_add_to_cart_form_location":"","bundle_editable_in_cart":false,"bundle_sold_individually_context":"","bundle_item_grouping":"","bundle_min_size":"","bundle_max_size":"","bundle_price":[],"bundled_items":[],"bundle_sell_ids":[],"yoast_head":"<!-- This site is optimized with the Yoast SEO Premium plugin v27.6 (Yoast SEO v27.6) - https:\/\/yoast.com\/product\/yoast-seo-premium-wordpress\/ -->\n<title>Perles en silicone - Rose - 20 mm - Rouge sang - S\u00e9curit\u00e9 des b\u00e9b\u00e9s<\/title>\n<meta name=\"description\" content=\"Perle de silicone Couleur rose rouge sang. Pour cha\u00eene de landau, mobile de parc ou suspension de landau. Sans BPA, certifi\u00e9 CE et FDA EN-71.\" \/>\n<meta name=\"robots\" content=\"index, follow, max-snippet:-1, max-image-preview:large, max-video-preview:-1\" \/>\n<link rel=\"canonical\" href=\"https:\/\/www.jootjeshaakcadeautjes.nl\/fr\/produit\/perles-en-silicone-rose-20-mm-bleu-aqua-kopie\/\" \/>\n<meta property=\"og:locale\" content=\"fr_FR\" \/>\n<meta property=\"og:type\" content=\"article\" \/>\n<meta property=\"og:title\" content=\"Perles en silicone - Rose - 20 mm - Rouge sang\" \/>\n<meta property=\"og:description\" content=\"Perle de silicone Couleur rose rouge sang. Pour cha\u00eene de landau, mobile de parc ou suspension de landau. Sans BPA, certifi\u00e9 CE et FDA EN-71.\" \/>\n<meta property=\"og:url\" content=\"https:\/\/www.jootjeshaakcadeautjes.nl\/fr\/produit\/perles-en-silicone-rose-20-mm-bleu-aqua-kopie\/\" \/>\n<meta property=\"og:site_name\" content=\"Jootjes Haakcadeautjes\" \/>\n<meta property=\"article:modified_time\" content=\"2026-05-08T13:11:18+00:00\" \/>\n<meta property=\"og:image\" content=\"https:\/\/d1dyryakdmle7o.cloudfront.net\/wp-content\/uploads\/2026\/02\/Naamloos-1937.webp\" \/>\n\t<meta property=\"og:image:width\" content=\"2000\" \/>\n\t<meta property=\"og:image:height\" content=\"2000\" \/>\n\t<meta property=\"og:image:type\" content=\"image\/webp\" \/>\n<meta name=\"twitter:card\" content=\"summary_large_image\" \/>\n<meta name=\"twitter:label1\" content=\"Prix\" \/>\n\t<meta name=\"twitter:data1\" content=\"&euro;0.40 TTC\" \/>\n\t<meta name=\"twitter:label2\" content=\"Disponibilit\u00e9\" \/>\n\t<meta name=\"twitter:data2\" content=\"En stock\" \/>\n<script type=\"application\/ld+json\" class=\"yoast-schema-graph\">{\"@context\":\"https:\\\/\\\/schema.org\",\"@graph\":[{\"@type\":\"WebPage\",\"@id\":\"https:\\\/\\\/www.jootjeshaakcadeautjes.nl\\\/fr\\\/produit\\\/perles-en-silicone-rose-20-mm-bleu-aqua-kopie\\\/\",\"url\":\"https:\\\/\\\/www.jootjeshaakcadeautjes.nl\\\/fr\\\/produit\\\/perles-en-silicone-rose-20-mm-bleu-aqua-kopie\\\/\",\"name\":\"Perles en silicone - Rose - 20 mm - Rouge sang - S\u00e9curit\u00e9 des b\u00e9b\u00e9s\",\"isPartOf\":{\"@id\":\"https:\\\/\\\/www.jootjeshaakcadeautjes.nl\\\/fr\\\/#website\"},\"primaryImageOfPage\":{\"@id\":\"https:\\\/\\\/www.jootjeshaakcadeautjes.nl\\\/fr\\\/produit\\\/perles-en-silicone-rose-20-mm-bleu-aqua-kopie\\\/#primaryimage\"},\"image\":{\"@id\":\"https:\\\/\\\/www.jootjeshaakcadeautjes.nl\\\/fr\\\/produit\\\/perles-en-silicone-rose-20-mm-bleu-aqua-kopie\\\/#primaryimage\"},\"thumbnailUrl\":\"https:\\\/\\\/d1dyryakdmle7o.cloudfront.net\\\/wp-content\\\/uploads\\\/2026\\\/02\\\/Naamloos-1937.webp\",\"datePublished\":\"2026-02-05T15:18:56+00:00\",\"dateModified\":\"2026-05-08T13:11:18+00:00\",\"description\":\"Perle de silicone Couleur rose rouge sang. Pour cha\u00eene de landau, mobile de parc ou suspension de landau. Sans BPA, certifi\u00e9 CE et FDA EN-71.\",\"breadcrumb\":{\"@id\":\"https:\\\/\\\/www.jootjeshaakcadeautjes.nl\\\/fr\\\/produit\\\/perles-en-silicone-rose-20-mm-bleu-aqua-kopie\\\/#breadcrumb\"},\"inLanguage\":\"fr-FR\",\"potentialAction\":[{\"@type\":\"ReadAction\",\"target\":[\"https:\\\/\\\/www.jootjeshaakcadeautjes.nl\\\/fr\\\/produit\\\/perles-en-silicone-rose-20-mm-bleu-aqua-kopie\\\/\"]}]},{\"@type\":\"ImageObject\",\"inLanguage\":\"fr-FR\",\"@id\":\"https:\\\/\\\/www.jootjeshaakcadeautjes.nl\\\/fr\\\/produit\\\/perles-en-silicone-rose-20-mm-bleu-aqua-kopie\\\/#primaryimage\",\"url\":\"https:\\\/\\\/d1dyryakdmle7o.cloudfront.net\\\/wp-content\\\/uploads\\\/2026\\\/02\\\/Naamloos-1937.webp\",\"contentUrl\":\"https:\\\/\\\/d1dyryakdmle7o.cloudfront.net\\\/wp-content\\\/uploads\\\/2026\\\/02\\\/Naamloos-1937.webp\",\"width\":2000,\"height\":2000},{\"@type\":\"BreadcrumbList\",\"@id\":\"https:\\\/\\\/www.jootjeshaakcadeautjes.nl\\\/fr\\\/produit\\\/perles-en-silicone-rose-20-mm-bleu-aqua-kopie\\\/#breadcrumb\",\"itemListElement\":[{\"@type\":\"ListItem\",\"position\":1,\"name\":\"Accueil\",\"item\":\"https:\\\/\\\/www.jootjeshaakcadeautjes.nl\\\/fr\\\/\"},{\"@type\":\"ListItem\",\"position\":2,\"name\":\"Commerce de gros de perles en silicone &#8211; Entreprises et consommateurs\",\"item\":\"https:\\\/\\\/www.jootjeshaakcadeautjes.nl\\\/fr\\\/boutique\\\/\"},{\"@type\":\"ListItem\",\"position\":3,\"name\":\"Perles en silicone &#8211; Rose &#8211; 20 mm &#8211; Rouge sang\"}]},{\"@type\":\"WebSite\",\"@id\":\"https:\\\/\\\/www.jootjeshaakcadeautjes.nl\\\/fr\\\/#website\",\"url\":\"https:\\\/\\\/www.jootjeshaakcadeautjes.nl\\\/fr\\\/\",\"name\":\"Jootjes Haakcadeautjes\",\"description\":\"Grossiste en perles de silicone\",\"publisher\":{\"@id\":\"https:\\\/\\\/www.jootjeshaakcadeautjes.nl\\\/fr\\\/#organization\"},\"potentialAction\":[{\"@type\":\"SearchAction\",\"target\":{\"@type\":\"EntryPoint\",\"urlTemplate\":\"https:\\\/\\\/www.jootjeshaakcadeautjes.nl\\\/fr\\\/?s={search_term_string}\"},\"query-input\":{\"@type\":\"PropertyValueSpecification\",\"valueRequired\":true,\"valueName\":\"search_term_string\"}}],\"inLanguage\":\"fr-FR\"},{\"@type\":\"Organization\",\"@id\":\"https:\\\/\\\/www.jootjeshaakcadeautjes.nl\\\/fr\\\/#organization\",\"name\":\"Jootjes Haakcadeautjes\",\"url\":\"https:\\\/\\\/www.jootjeshaakcadeautjes.nl\\\/fr\\\/\",\"logo\":{\"@type\":\"ImageObject\",\"inLanguage\":\"fr-FR\",\"@id\":\"https:\\\/\\\/www.jootjeshaakcadeautjes.nl\\\/fr\\\/#\\\/schema\\\/logo\\\/image\\\/\",\"url\":\"https:\\\/\\\/d1dyryakdmle7o.cloudfront.net\\\/wp-content\\\/uploads\\\/2023\\\/05\\\/Logo-rond.png\",\"contentUrl\":\"https:\\\/\\\/d1dyryakdmle7o.cloudfront.net\\\/wp-content\\\/uploads\\\/2023\\\/05\\\/Logo-rond.png\",\"width\":1222,\"height\":1222,\"caption\":\"Jootjes Haakcadeautjes\"},\"image\":{\"@id\":\"https:\\\/\\\/www.jootjeshaakcadeautjes.nl\\\/fr\\\/#\\\/schema\\\/logo\\\/image\\\/\"}}]}<\/script>\n<meta property=\"product:price:amount\" content=\"0.40\" \/>\n<meta property=\"product:price:currency\" content=\"EUR\" \/>\n<meta property=\"og:availability\" content=\"instock\" \/>\n<meta property=\"product:availability\" content=\"instock\" \/>\n<meta property=\"product:retailer_item_id\" content=\"SIL-R20-ROD\" \/>\n<meta property=\"product:condition\" content=\"new\" \/>\n<!-- \/ Yoast SEO Premium plugin. -->","yoast_head_json":{"title":"Perles en silicone - Rose - 20 mm - Rouge sang - S\u00e9curit\u00e9 des b\u00e9b\u00e9s","description":"Perle de silicone Couleur rose rouge sang. Pour cha\u00eene de landau, mobile de parc ou suspension de landau. Sans BPA, certifi\u00e9 CE et FDA EN-71.","robots":{"index":"index","follow":"follow","max-snippet":"max-snippet:-1","max-image-preview":"max-image-preview:large","max-video-preview":"max-video-preview:-1"},"canonical":"https:\/\/www.jootjeshaakcadeautjes.nl\/fr\/produit\/perles-en-silicone-rose-20-mm-bleu-aqua-kopie\/","og_locale":"fr_FR","og_type":"article","og_title":"Perles en silicone - Rose - 20 mm - Rouge sang","og_description":"Perle de silicone Couleur rose rouge sang. Pour cha\u00eene de landau, mobile de parc ou suspension de landau. Sans BPA, certifi\u00e9 CE et FDA EN-71.","og_url":"https:\/\/www.jootjeshaakcadeautjes.nl\/fr\/produit\/perles-en-silicone-rose-20-mm-bleu-aqua-kopie\/","og_site_name":"Jootjes Haakcadeautjes","article_modified_time":"2026-05-08T13:11:18+00:00","og_image":[{"width":2000,"height":2000,"url":"https:\/\/d1dyryakdmle7o.cloudfront.net\/wp-content\/uploads\/2026\/02\/Naamloos-1937.webp","type":"image\/webp"}],"twitter_card":"summary_large_image","twitter_misc":{"Prix":"&euro;0.40 TTC","Disponibilit\u00e9":"En stock"},"schema":{"@context":"https:\/\/schema.org","@graph":[{"@type":"WebPage","@id":"https:\/\/www.jootjeshaakcadeautjes.nl\/fr\/produit\/perles-en-silicone-rose-20-mm-bleu-aqua-kopie\/","url":"https:\/\/www.jootjeshaakcadeautjes.nl\/fr\/produit\/perles-en-silicone-rose-20-mm-bleu-aqua-kopie\/","name":"Perles en silicone - Rose - 20 mm - Rouge sang - S\u00e9curit\u00e9 des b\u00e9b\u00e9s","isPartOf":{"@id":"https:\/\/www.jootjeshaakcadeautjes.nl\/fr\/#website"},"primaryImageOfPage":{"@id":"https:\/\/www.jootjeshaakcadeautjes.nl\/fr\/produit\/perles-en-silicone-rose-20-mm-bleu-aqua-kopie\/#primaryimage"},"image":{"@id":"https:\/\/www.jootjeshaakcadeautjes.nl\/fr\/produit\/perles-en-silicone-rose-20-mm-bleu-aqua-kopie\/#primaryimage"},"thumbnailUrl":"https:\/\/d1dyryakdmle7o.cloudfront.net\/wp-content\/uploads\/2026\/02\/Naamloos-1937.webp","datePublished":"2026-02-05T15:18:56+00:00","dateModified":"2026-05-08T13:11:18+00:00","description":"Perle de silicone Couleur rose rouge sang. Pour cha\u00eene de landau, mobile de parc ou suspension de landau. Sans BPA, certifi\u00e9 CE et FDA EN-71.","breadcrumb":{"@id":"https:\/\/www.jootjeshaakcadeautjes.nl\/fr\/produit\/perles-en-silicone-rose-20-mm-bleu-aqua-kopie\/#breadcrumb"},"inLanguage":"fr-FR","potentialAction":[{"@type":"ReadAction","target":["https:\/\/www.jootjeshaakcadeautjes.nl\/fr\/produit\/perles-en-silicone-rose-20-mm-bleu-aqua-kopie\/"]}]},{"@type":"ImageObject","inLanguage":"fr-FR","@id":"https:\/\/www.jootjeshaakcadeautjes.nl\/fr\/produit\/perles-en-silicone-rose-20-mm-bleu-aqua-kopie\/#primaryimage","url":"https:\/\/d1dyryakdmle7o.cloudfront.net\/wp-content\/uploads\/2026\/02\/Naamloos-1937.webp","contentUrl":"https:\/\/d1dyryakdmle7o.cloudfront.net\/wp-content\/uploads\/2026\/02\/Naamloos-1937.webp","width":2000,"height":2000},{"@type":"BreadcrumbList","@id":"https:\/\/www.jootjeshaakcadeautjes.nl\/fr\/produit\/perles-en-silicone-rose-20-mm-bleu-aqua-kopie\/#breadcrumb","itemListElement":[{"@type":"ListItem","position":1,"name":"Accueil","item":"https:\/\/www.jootjeshaakcadeautjes.nl\/fr\/"},{"@type":"ListItem","position":2,"name":"Commerce de gros de perles en silicone &#8211; Entreprises et consommateurs","item":"https:\/\/www.jootjeshaakcadeautjes.nl\/fr\/boutique\/"},{"@type":"ListItem","position":3,"name":"Perles en silicone &#8211; Rose &#8211; 20 mm &#8211; Rouge sang"}]},{"@type":"WebSite","@id":"https:\/\/www.jootjeshaakcadeautjes.nl\/fr\/#website","url":"https:\/\/www.jootjeshaakcadeautjes.nl\/fr\/","name":"Jootjes Haakcadeautjes","description":"Grossiste en perles de silicone","publisher":{"@id":"https:\/\/www.jootjeshaakcadeautjes.nl\/fr\/#organization"},"potentialAction":[{"@type":"SearchAction","target":{"@type":"EntryPoint","urlTemplate":"https:\/\/www.jootjeshaakcadeautjes.nl\/fr\/?s={search_term_string}"},"query-input":{"@type":"PropertyValueSpecification","valueRequired":true,"valueName":"search_term_string"}}],"inLanguage":"fr-FR"},{"@type":"Organization","@id":"https:\/\/www.jootjeshaakcadeautjes.nl\/fr\/#organization","name":"Jootjes Haakcadeautjes","url":"https:\/\/www.jootjeshaakcadeautjes.nl\/fr\/","logo":{"@type":"ImageObject","inLanguage":"fr-FR","@id":"https:\/\/www.jootjeshaakcadeautjes.nl\/fr\/#\/schema\/logo\/image\/","url":"https:\/\/d1dyryakdmle7o.cloudfront.net\/wp-content\/uploads\/2023\/05\/Logo-rond.png","contentUrl":"https:\/\/d1dyryakdmle7o.cloudfront.net\/wp-content\/uploads\/2023\/05\/Logo-rond.png","width":1222,"height":1222,"caption":"Jootjes Haakcadeautjes"},"image":{"@id":"https:\/\/www.jootjeshaakcadeautjes.nl\/fr\/#\/schema\/logo\/image\/"}}]},"product_price_amount":"0.40","product_price_currency":"EUR","og_availability":"instock","product_availability":"instock","product_retailer_item_id":"SIL-R20-ROD","product_condition":"new"},"_links":{"self":[{"href":"https:\/\/www.jootjeshaakcadeautjes.nl\/fr\/wp-json\/wp\/v2\/product\/269654","targetHints":{"allow":["GET"]}}],"collection":[{"href":"https:\/\/www.jootjeshaakcadeautjes.nl\/fr\/wp-json\/wp\/v2\/product"}],"about":[{"href":"https:\/\/www.jootjeshaakcadeautjes.nl\/fr\/wp-json\/wp\/v2\/types\/product"}],"version-history":[{"count":1,"href":"https:\/\/www.jootjeshaakcadeautjes.nl\/fr\/wp-json\/wp\/v2\/product\/269654\/revisions"}],"predecessor-version":[{"id":271762,"href":"https:\/\/www.jootjeshaakcadeautjes.nl\/fr\/wp-json\/wp\/v2\/product\/269654\/revisions\/271762"}],"wp:featuredmedia":[{"embeddable":true,"href":"https:\/\/www.jootjeshaakcadeautjes.nl\/fr\/wp-json\/wp\/v2\/media\/271408"}],"wp:attachment":[{"href":"https:\/\/www.jootjeshaakcadeautjes.nl\/fr\/wp-json\/wp\/v2\/media?parent=269654"}],"wp:term":[{"taxonomy":"product_brand","embeddable":true,"href":"https:\/\/www.jootjeshaakcadeautjes.nl\/fr\/wp-json\/wp\/v2\/product_brand?post=269654"},{"taxonomy":"product_cat","embeddable":true,"href":"https:\/\/www.jootjeshaakcadeautjes.nl\/fr\/wp-json\/wp\/v2\/product_cat?post=269654"},{"taxonomy":"product_tag","embeddable":true,"href":"https:\/\/www.jootjeshaakcadeautjes.nl\/fr\/wp-json\/wp\/v2\/product_tag?post=269654"}],"curies":[{"name":"wp","href":"https:\/\/api.w.org\/{rel}","templated":true}]}}