{"id":269674,"date":"2026-02-11T09:53:47","date_gmt":"2026-02-11T08:53:47","guid":{"rendered":"https:\/\/www.jootjeshaakcadeautjes.nl\/?post_type=product&#038;p=269674"},"modified":"2026-04-20T10:45:53","modified_gmt":"2026-04-20T08:45:53","slug":"adhesif-rond-pour-pendentif-telephone-argent-kopie-kopie","status":"publish","type":"product","link":"https:\/\/www.jootjeshaakcadeautjes.nl\/fr\/produit\/adhesif-rond-pour-pendentif-telephone-argent-kopie-kopie\/","title":{"rendered":"Coeur adh\u00e9sif avec tige Enfilable pour t\u00e9l\u00e9phone &#8211; Rouge"},"content":{"rendered":"<h3>Coeur adh\u00e9sif avec tige Enfilable pour t\u00e9l\u00e9phone &#8211; Rouge<\/h3>\n<h3>Utilisation :<\/h3>\n<p>Ces c\u0153urs sont dot\u00e9s d&#8217;une couche adh\u00e9sive tr\u00e8s forte. Vous retirez la feuille et vous les collez simplement sur votre t\u00e9l\u00e9phone ou votre \u00e9tui de t\u00e9l\u00e9phone. Vous pouvez ensuite accrocher un pendentif \u00e0 ces ronds. Vous pouvez \u00e9galement choisir de coller 2 cercles, l&#8217;un au-dessus et l&#8217;autre en diagonale en dessous, pour faire une prise de t\u00e9l\u00e9phone \u00e0 l&#8217;arri\u00e8re. Comme vous pouvez \u00e9galement utiliser un rond et un pendentif, les ronds sont livr\u00e9s individuellement.    <\/p>\n<ul>\n<li>Taille : 13 mm<\/li>\n<li>L&#8217;\u0153il est de 1 cm<\/li>\n<li>Fourni \u00e0 l&#8217;unit\u00e9<\/li>\n<li>Autocollant<\/li>\n<\/ul>\n","protected":false},"excerpt":{"rendered":"<ul>\n<li>Taille : 13 mm<\/li>\n<li>L&#8217;\u0153il est de 1 cm<\/li>\n<li>Fourni \u00e0 l&#8217;unit\u00e9<\/li>\n<li>Autocollant<\/li>\n<\/ul>\n<p>Pour l&#8217;utilisation, voir plus bas.<\/p>\n","protected":false},"featured_media":270823,"template":"","meta":[],"product_brand":[],"product_cat":[19530,12308,7185],"product_tag":[18374,7474,18375,12343,13546,12522,10402,14985,7200,18429,10410,7212,12526,12530,18376],"class_list":{"0":"post-269674","1":"product","2":"type-product","3":"status-publish","4":"has-post-thumbnail","6":"product_cat-attaches-pour-breloques-de-telephone","7":"product_cat-materiel-de-bricolage-et-de-crochet","8":"product_cat-nouveaux-produits","9":"product_tag-autocollant","10":"product_tag-autour-de","11":"product_tag-bijou","12":"product_tag-coeur-fr","13":"product_tag-cordon-de-satin","14":"product_tag-mobile-fr","15":"product_tag-pendentif","16":"product_tag-pendentif-telephonique","17":"product_tag-perles","18":"product_tag-rondes","19":"product_tag-rouge-fr","20":"product_tag-silicone-fr","21":"product_tag-telephone","22":"product_tag-telephone-portable","23":"product_tag-voyage-par-telephone","25":"first","26":"instock","27":"taxable","28":"shipping-taxable","29":"purchasable","30":"product-type-simple"},"bundled_by":["269695","270520"],"bundle_stock_status":"instock","bundle_stock_quantity":83,"bundle_virtual":false,"bundle_layout":"","bundle_add_to_cart_form_location":"","bundle_editable_in_cart":false,"bundle_sold_individually_context":"","bundle_item_grouping":"","bundle_min_size":"","bundle_max_size":"","bundle_price":[],"bundled_items":[],"bundle_sell_ids":[],"yoast_head":"<!-- This site is optimized with the Yoast SEO Premium plugin v26.4 (Yoast SEO v27.3) - https:\/\/yoast.com\/product\/yoast-seo-premium-wordpress\/ -->\n<title>Coeur adh\u00e9sif avec tige Enfilable pour t\u00e9l\u00e9phone - Rouge<\/title>\n<meta name=\"description\" content=\"Porte-cl\u00e9s avec mousqueton mini pour fabriquer des porte-bonheur, des porte-cl\u00e9s crochet\u00e9s ou des porte-cl\u00e9s ou porte-bagages en bois ou en silicone.\" \/>\n<meta name=\"robots\" content=\"index, follow, max-snippet:-1, max-image-preview:large, max-video-preview:-1\" \/>\n<link rel=\"canonical\" href=\"https:\/\/www.jootjeshaakcadeautjes.nl\/fr\/produit\/adhesif-rond-pour-pendentif-telephone-argent-kopie-kopie\/\" \/>\n<meta property=\"og:locale\" content=\"fr_FR\" \/>\n<meta property=\"og:type\" content=\"article\" \/>\n<meta property=\"og:title\" content=\"Coeur adh\u00e9sif avec tige Enfilable pour t\u00e9l\u00e9phone - Rouge\" \/>\n<meta property=\"og:description\" content=\"Porte-cl\u00e9s avec mousqueton mini pour fabriquer des porte-bonheur, des porte-cl\u00e9s crochet\u00e9s ou des porte-cl\u00e9s ou porte-bagages en bois ou en silicone.\" \/>\n<meta property=\"og:url\" content=\"https:\/\/www.jootjeshaakcadeautjes.nl\/fr\/produit\/adhesif-rond-pour-pendentif-telephone-argent-kopie-kopie\/\" \/>\n<meta property=\"og:site_name\" content=\"Jootjes Haakcadeautjes\" \/>\n<meta property=\"article:modified_time\" content=\"2026-04-20T08:45:53+00:00\" \/>\n<meta property=\"og:image\" content=\"https:\/\/d1dyryakdmle7o.cloudfront.net\/wp-content\/uploads\/2026\/02\/Naamloos-1821.webp\" \/>\n\t<meta property=\"og:image:width\" content=\"2000\" \/>\n\t<meta property=\"og:image:height\" content=\"2000\" \/>\n\t<meta property=\"og:image:type\" content=\"image\/webp\" \/>\n<meta name=\"twitter:card\" content=\"summary_large_image\" \/>\n<meta name=\"twitter:label1\" content=\"Prix\" \/>\n\t<meta name=\"twitter:data1\" content=\"&euro;1.10 TTC\" \/>\n\t<meta name=\"twitter:label2\" content=\"Disponibilit\u00e9\" \/>\n\t<meta name=\"twitter:data2\" content=\"En stock\" \/>\n<script type=\"application\/ld+json\" class=\"yoast-schema-graph\">{\"@context\":\"https:\\\/\\\/schema.org\",\"@graph\":[{\"@type\":\"WebPage\",\"@id\":\"https:\\\/\\\/www.jootjeshaakcadeautjes.nl\\\/fr\\\/produit\\\/adhesif-rond-pour-pendentif-telephone-argent-kopie-kopie\\\/\",\"url\":\"https:\\\/\\\/www.jootjeshaakcadeautjes.nl\\\/fr\\\/produit\\\/adhesif-rond-pour-pendentif-telephone-argent-kopie-kopie\\\/\",\"name\":\"Coeur adh\u00e9sif avec tige Enfilable pour t\u00e9l\u00e9phone - Rouge\",\"isPartOf\":{\"@id\":\"https:\\\/\\\/www.jootjeshaakcadeautjes.nl\\\/fr\\\/#website\"},\"primaryImageOfPage\":{\"@id\":\"https:\\\/\\\/www.jootjeshaakcadeautjes.nl\\\/fr\\\/produit\\\/adhesif-rond-pour-pendentif-telephone-argent-kopie-kopie\\\/#primaryimage\"},\"image\":{\"@id\":\"https:\\\/\\\/www.jootjeshaakcadeautjes.nl\\\/fr\\\/produit\\\/adhesif-rond-pour-pendentif-telephone-argent-kopie-kopie\\\/#primaryimage\"},\"thumbnailUrl\":\"https:\\\/\\\/d1dyryakdmle7o.cloudfront.net\\\/wp-content\\\/uploads\\\/2026\\\/02\\\/Naamloos-1821.webp\",\"datePublished\":\"2026-02-11T08:53:47+00:00\",\"dateModified\":\"2026-04-20T08:45:53+00:00\",\"description\":\"Porte-cl\u00e9s avec mousqueton mini pour fabriquer des porte-bonheur, des porte-cl\u00e9s crochet\u00e9s ou des porte-cl\u00e9s ou porte-bagages en bois ou en silicone.\",\"breadcrumb\":{\"@id\":\"https:\\\/\\\/www.jootjeshaakcadeautjes.nl\\\/fr\\\/produit\\\/adhesif-rond-pour-pendentif-telephone-argent-kopie-kopie\\\/#breadcrumb\"},\"inLanguage\":\"fr-FR\",\"potentialAction\":[{\"@type\":\"ReadAction\",\"target\":[\"https:\\\/\\\/www.jootjeshaakcadeautjes.nl\\\/fr\\\/produit\\\/adhesif-rond-pour-pendentif-telephone-argent-kopie-kopie\\\/\"]}]},{\"@type\":\"ImageObject\",\"inLanguage\":\"fr-FR\",\"@id\":\"https:\\\/\\\/www.jootjeshaakcadeautjes.nl\\\/fr\\\/produit\\\/adhesif-rond-pour-pendentif-telephone-argent-kopie-kopie\\\/#primaryimage\",\"url\":\"https:\\\/\\\/d1dyryakdmle7o.cloudfront.net\\\/wp-content\\\/uploads\\\/2026\\\/02\\\/Naamloos-1821.webp\",\"contentUrl\":\"https:\\\/\\\/d1dyryakdmle7o.cloudfront.net\\\/wp-content\\\/uploads\\\/2026\\\/02\\\/Naamloos-1821.webp\",\"width\":2000,\"height\":2000},{\"@type\":\"BreadcrumbList\",\"@id\":\"https:\\\/\\\/www.jootjeshaakcadeautjes.nl\\\/fr\\\/produit\\\/adhesif-rond-pour-pendentif-telephone-argent-kopie-kopie\\\/#breadcrumb\",\"itemListElement\":[{\"@type\":\"ListItem\",\"position\":1,\"name\":\"Accueil\",\"item\":\"https:\\\/\\\/www.jootjeshaakcadeautjes.nl\\\/fr\\\/\"},{\"@type\":\"ListItem\",\"position\":2,\"name\":\"Commerce de gros de perles en silicone &#8211; Entreprises et consommateurs\",\"item\":\"https:\\\/\\\/www.jootjeshaakcadeautjes.nl\\\/fr\\\/boutique\\\/\"},{\"@type\":\"ListItem\",\"position\":3,\"name\":\"Coeur adh\u00e9sif avec tige Enfilable pour t\u00e9l\u00e9phone &#8211; Rouge\"}]},{\"@type\":\"WebSite\",\"@id\":\"https:\\\/\\\/www.jootjeshaakcadeautjes.nl\\\/fr\\\/#website\",\"url\":\"https:\\\/\\\/www.jootjeshaakcadeautjes.nl\\\/fr\\\/\",\"name\":\"Jootjes Haakcadeautjes\",\"description\":\"Grossiste en perles de silicone\",\"publisher\":{\"@id\":\"https:\\\/\\\/www.jootjeshaakcadeautjes.nl\\\/fr\\\/#organization\"},\"potentialAction\":[{\"@type\":\"SearchAction\",\"target\":{\"@type\":\"EntryPoint\",\"urlTemplate\":\"https:\\\/\\\/www.jootjeshaakcadeautjes.nl\\\/fr\\\/?s={search_term_string}\"},\"query-input\":{\"@type\":\"PropertyValueSpecification\",\"valueRequired\":true,\"valueName\":\"search_term_string\"}}],\"inLanguage\":\"fr-FR\"},{\"@type\":\"Organization\",\"@id\":\"https:\\\/\\\/www.jootjeshaakcadeautjes.nl\\\/fr\\\/#organization\",\"name\":\"Jootjes Haakcadeautjes\",\"url\":\"https:\\\/\\\/www.jootjeshaakcadeautjes.nl\\\/fr\\\/\",\"logo\":{\"@type\":\"ImageObject\",\"inLanguage\":\"fr-FR\",\"@id\":\"https:\\\/\\\/www.jootjeshaakcadeautjes.nl\\\/fr\\\/#\\\/schema\\\/logo\\\/image\\\/\",\"url\":\"https:\\\/\\\/jootjes-haakcadeautjes-media.s3.amazonaws.com\\\/wp-content\\\/uploads\\\/2023\\\/05\\\/Logo-rond.png\",\"contentUrl\":\"https:\\\/\\\/jootjes-haakcadeautjes-media.s3.amazonaws.com\\\/wp-content\\\/uploads\\\/2023\\\/05\\\/Logo-rond.png\",\"width\":1222,\"height\":1222,\"caption\":\"Jootjes Haakcadeautjes\"},\"image\":{\"@id\":\"https:\\\/\\\/www.jootjeshaakcadeautjes.nl\\\/fr\\\/#\\\/schema\\\/logo\\\/image\\\/\"}}]}<\/script>\n<meta property=\"product:price:amount\" content=\"1.10\" \/>\n<meta property=\"product:price:currency\" content=\"EUR\" \/>\n<meta property=\"og:availability\" content=\"instock\" \/>\n<meta property=\"product:availability\" content=\"instock\" \/>\n<meta property=\"product:retailer_item_id\" content=\"ZKT-HAS-ROD\" \/>\n<meta property=\"product:condition\" content=\"new\" \/>\n<!-- \/ Yoast SEO Premium plugin. -->","yoast_head_json":{"title":"Coeur adh\u00e9sif avec tige Enfilable pour t\u00e9l\u00e9phone - Rouge","description":"Porte-cl\u00e9s avec mousqueton mini pour fabriquer des porte-bonheur, des porte-cl\u00e9s crochet\u00e9s ou des porte-cl\u00e9s ou porte-bagages en bois ou en silicone.","robots":{"index":"index","follow":"follow","max-snippet":"max-snippet:-1","max-image-preview":"max-image-preview:large","max-video-preview":"max-video-preview:-1"},"canonical":"https:\/\/www.jootjeshaakcadeautjes.nl\/fr\/produit\/adhesif-rond-pour-pendentif-telephone-argent-kopie-kopie\/","og_locale":"fr_FR","og_type":"article","og_title":"Coeur adh\u00e9sif avec tige Enfilable pour t\u00e9l\u00e9phone - Rouge","og_description":"Porte-cl\u00e9s avec mousqueton mini pour fabriquer des porte-bonheur, des porte-cl\u00e9s crochet\u00e9s ou des porte-cl\u00e9s ou porte-bagages en bois ou en silicone.","og_url":"https:\/\/www.jootjeshaakcadeautjes.nl\/fr\/produit\/adhesif-rond-pour-pendentif-telephone-argent-kopie-kopie\/","og_site_name":"Jootjes Haakcadeautjes","article_modified_time":"2026-04-20T08:45:53+00:00","og_image":[{"width":2000,"height":2000,"url":"https:\/\/d1dyryakdmle7o.cloudfront.net\/wp-content\/uploads\/2026\/02\/Naamloos-1821.webp","type":"image\/webp"}],"twitter_card":"summary_large_image","twitter_misc":{"Prix":"&euro;1.10 TTC","Disponibilit\u00e9":"En stock"},"schema":{"@context":"https:\/\/schema.org","@graph":[{"@type":"WebPage","@id":"https:\/\/www.jootjeshaakcadeautjes.nl\/fr\/produit\/adhesif-rond-pour-pendentif-telephone-argent-kopie-kopie\/","url":"https:\/\/www.jootjeshaakcadeautjes.nl\/fr\/produit\/adhesif-rond-pour-pendentif-telephone-argent-kopie-kopie\/","name":"Coeur adh\u00e9sif avec tige Enfilable pour t\u00e9l\u00e9phone - Rouge","isPartOf":{"@id":"https:\/\/www.jootjeshaakcadeautjes.nl\/fr\/#website"},"primaryImageOfPage":{"@id":"https:\/\/www.jootjeshaakcadeautjes.nl\/fr\/produit\/adhesif-rond-pour-pendentif-telephone-argent-kopie-kopie\/#primaryimage"},"image":{"@id":"https:\/\/www.jootjeshaakcadeautjes.nl\/fr\/produit\/adhesif-rond-pour-pendentif-telephone-argent-kopie-kopie\/#primaryimage"},"thumbnailUrl":"https:\/\/d1dyryakdmle7o.cloudfront.net\/wp-content\/uploads\/2026\/02\/Naamloos-1821.webp","datePublished":"2026-02-11T08:53:47+00:00","dateModified":"2026-04-20T08:45:53+00:00","description":"Porte-cl\u00e9s avec mousqueton mini pour fabriquer des porte-bonheur, des porte-cl\u00e9s crochet\u00e9s ou des porte-cl\u00e9s ou porte-bagages en bois ou en silicone.","breadcrumb":{"@id":"https:\/\/www.jootjeshaakcadeautjes.nl\/fr\/produit\/adhesif-rond-pour-pendentif-telephone-argent-kopie-kopie\/#breadcrumb"},"inLanguage":"fr-FR","potentialAction":[{"@type":"ReadAction","target":["https:\/\/www.jootjeshaakcadeautjes.nl\/fr\/produit\/adhesif-rond-pour-pendentif-telephone-argent-kopie-kopie\/"]}]},{"@type":"ImageObject","inLanguage":"fr-FR","@id":"https:\/\/www.jootjeshaakcadeautjes.nl\/fr\/produit\/adhesif-rond-pour-pendentif-telephone-argent-kopie-kopie\/#primaryimage","url":"https:\/\/d1dyryakdmle7o.cloudfront.net\/wp-content\/uploads\/2026\/02\/Naamloos-1821.webp","contentUrl":"https:\/\/d1dyryakdmle7o.cloudfront.net\/wp-content\/uploads\/2026\/02\/Naamloos-1821.webp","width":2000,"height":2000},{"@type":"BreadcrumbList","@id":"https:\/\/www.jootjeshaakcadeautjes.nl\/fr\/produit\/adhesif-rond-pour-pendentif-telephone-argent-kopie-kopie\/#breadcrumb","itemListElement":[{"@type":"ListItem","position":1,"name":"Accueil","item":"https:\/\/www.jootjeshaakcadeautjes.nl\/fr\/"},{"@type":"ListItem","position":2,"name":"Commerce de gros de perles en silicone &#8211; Entreprises et consommateurs","item":"https:\/\/www.jootjeshaakcadeautjes.nl\/fr\/boutique\/"},{"@type":"ListItem","position":3,"name":"Coeur adh\u00e9sif avec tige Enfilable pour t\u00e9l\u00e9phone &#8211; Rouge"}]},{"@type":"WebSite","@id":"https:\/\/www.jootjeshaakcadeautjes.nl\/fr\/#website","url":"https:\/\/www.jootjeshaakcadeautjes.nl\/fr\/","name":"Jootjes Haakcadeautjes","description":"Grossiste en perles de silicone","publisher":{"@id":"https:\/\/www.jootjeshaakcadeautjes.nl\/fr\/#organization"},"potentialAction":[{"@type":"SearchAction","target":{"@type":"EntryPoint","urlTemplate":"https:\/\/www.jootjeshaakcadeautjes.nl\/fr\/?s={search_term_string}"},"query-input":{"@type":"PropertyValueSpecification","valueRequired":true,"valueName":"search_term_string"}}],"inLanguage":"fr-FR"},{"@type":"Organization","@id":"https:\/\/www.jootjeshaakcadeautjes.nl\/fr\/#organization","name":"Jootjes Haakcadeautjes","url":"https:\/\/www.jootjeshaakcadeautjes.nl\/fr\/","logo":{"@type":"ImageObject","inLanguage":"fr-FR","@id":"https:\/\/www.jootjeshaakcadeautjes.nl\/fr\/#\/schema\/logo\/image\/","url":"https:\/\/jootjes-haakcadeautjes-media.s3.amazonaws.com\/wp-content\/uploads\/2023\/05\/Logo-rond.png","contentUrl":"https:\/\/jootjes-haakcadeautjes-media.s3.amazonaws.com\/wp-content\/uploads\/2023\/05\/Logo-rond.png","width":1222,"height":1222,"caption":"Jootjes Haakcadeautjes"},"image":{"@id":"https:\/\/www.jootjeshaakcadeautjes.nl\/fr\/#\/schema\/logo\/image\/"}}]},"product_price_amount":"1.10","product_price_currency":"EUR","og_availability":"instock","product_availability":"instock","product_retailer_item_id":"ZKT-HAS-ROD","product_condition":"new"},"_links":{"self":[{"href":"https:\/\/www.jootjeshaakcadeautjes.nl\/fr\/wp-json\/wp\/v2\/product\/269674","targetHints":{"allow":["GET"]}}],"collection":[{"href":"https:\/\/www.jootjeshaakcadeautjes.nl\/fr\/wp-json\/wp\/v2\/product"}],"about":[{"href":"https:\/\/www.jootjeshaakcadeautjes.nl\/fr\/wp-json\/wp\/v2\/types\/product"}],"version-history":[{"count":1,"href":"https:\/\/www.jootjeshaakcadeautjes.nl\/fr\/wp-json\/wp\/v2\/product\/269674\/revisions"}],"predecessor-version":[{"id":271858,"href":"https:\/\/www.jootjeshaakcadeautjes.nl\/fr\/wp-json\/wp\/v2\/product\/269674\/revisions\/271858"}],"wp:featuredmedia":[{"embeddable":true,"href":"https:\/\/www.jootjeshaakcadeautjes.nl\/fr\/wp-json\/wp\/v2\/media\/270823"}],"wp:attachment":[{"href":"https:\/\/www.jootjeshaakcadeautjes.nl\/fr\/wp-json\/wp\/v2\/media?parent=269674"}],"wp:term":[{"taxonomy":"product_brand","embeddable":true,"href":"https:\/\/www.jootjeshaakcadeautjes.nl\/fr\/wp-json\/wp\/v2\/product_brand?post=269674"},{"taxonomy":"product_cat","embeddable":true,"href":"https:\/\/www.jootjeshaakcadeautjes.nl\/fr\/wp-json\/wp\/v2\/product_cat?post=269674"},{"taxonomy":"product_tag","embeddable":true,"href":"https:\/\/www.jootjeshaakcadeautjes.nl\/fr\/wp-json\/wp\/v2\/product_tag?post=269674"}],"curies":[{"name":"wp","href":"https:\/\/api.w.org\/{rel}","templated":true}]}}