{"id":269695,"date":"2026-02-11T18:25:05","date_gmt":"2026-02-11T17:25:05","guid":{"rendered":"https:\/\/www.jootjeshaakcadeautjes.nl\/?post_type=product&#038;p=269695"},"modified":"2026-05-16T12:38:41","modified_gmt":"2026-05-16T10:38:41","slug":"diy-zelf-klevende-telefoonhangers-love-zwart-rood","status":"publish","type":"product","link":"https:\/\/www.jootjeshaakcadeautjes.nl\/fr\/produit\/diy-zelf-klevende-telefoonhangers-love-zwart-rood\/","title":{"rendered":"DIY Zelf klevende Telefoonhangers &#8211; Love &#8211; Zwart \/ Rood"},"content":{"rendered":"<h1>DIY Zelf klevende Telefoonhangers &#8211; Love &#8211; Zwart \/ Rood<\/h1>\n<p>Materialen: Siliconen kralen en acryl \/metaal<br \/>\nMoeilijkheidsgraad: Simpel<\/p>\n<p>Dit setje bevat alle benodigdheden voor het kunnen maken van een zelfgemaakte Zelf klevende Telefoonhangers &#8211; Love &#8211; Zwart \/ Rood van siliconen kralen. Wij benoemen hierboven ook alle materialen uit dit setje. Mocht je er zelf een wil samenstellen kijk dan welke kralen we gebruiken en kies dan je eigen kleur creatie.<\/p>\n<p>De Zelf klevende Telefoonhangers &#8211; Love &#8211; Zwart \/ Rood is heel eenvoudig te maken. Hoe moet je deze maken? Je draait aan de bovenkant de metalen stopper er af. Dit zit gewoon vast met een draaiconstructie en je rijgt vervolgens alle kralen er op. Hierna draai je de stopper er weer op! Ingewikkelder is het niet ;-)!<\/p>\n<p>&nbsp;<\/p>\n<p>&nbsp;<\/p>\n","protected":false},"excerpt":{"rendered":"<p>Dit setje bevat alle benodigdheden voor het kunnen maken van een zelfgemaakte Zelf klevende Telefoonhangers &#8211; Love &#8211; Zwart \/ Rood met siliconen kralen.<\/p>\n","protected":false},"featured_media":270820,"template":"","meta":[],"product_brand":[],"product_cat":[19429,19398,7378,7185,10399,6992],"product_tag":[7233,7643,7206,10451,7463,10138,10424,7215,13572,7608,10454,10402,7200,19618,7619,7227,10410,7212,7217,19005],"class_list":{"0":"post-269695","1":"product","2":"type-product","3":"status-publish","4":"has-post-thumbnail","6":"product_cat-diy-sets-pendentifs","7":"product_cat-diy-sets-saint-valentin","8":"product_cat-fabrication-de-jouets-de-dentition-pour-bebe-cordon-de-sucette-et-anneaux-de-dentition","9":"product_cat-nouveaux-produits","10":"product_cat-perles-en-silicone-kits-de-projets-kits-de-demarrage","11":"product_cat-perles-en-silicone-sans-bpa-grossiste","12":"product_tag-acier-inoxydable","13":"product_tag-amour","14":"product_tag-bricolage","15":"product_tag-cadeau-fr-2","16":"product_tag-commerce-de-gros","17":"product_tag-crochet-pour-sac-fr","18":"product_tag-demarreur","19":"product_tag-faire","20":"product_tag-lavage-a-la-main","21":"product_tag-noir","22":"product_tag-pack-de-demarrage","23":"product_tag-pendentif","24":"product_tag-perles","25":"product_tag-personalisierte","26":"product_tag-porte-cles","27":"product_tag-rangee","28":"product_tag-rouge-fr","29":"product_tag-silicone-fr","30":"product_tag-toi-meme","31":"product_tag-zelf-klevende-telefoonhangers","33":"first","34":"outofstock","35":"virtual","36":"taxable","37":"purchasable","38":"product-type-bundle"},"bundled_by":[],"bundle_stock_status":"outofstock","bundle_stock_quantity":0,"bundle_virtual":false,"bundle_layout":"default","bundle_add_to_cart_form_location":"default","bundle_editable_in_cart":false,"bundle_sold_individually_context":"product","bundle_item_grouping":"parent","bundle_min_size":"","bundle_max_size":"","bundle_price":{"price":{"min":{"incl_tax":"4.85","excl_tax":"4.01"},"max":{"incl_tax":"4.85","excl_tax":"4.01"}},"regular_price":{"min":{"incl_tax":"4.85","excl_tax":"4.01"},"max":{"incl_tax":"4.85","excl_tax":"4.01"}}},"bundled_items":[{"bundled_item_id":26742,"product_id":133806,"menu_order":0,"quantity_min":2,"quantity_max":2,"quantity_default":2,"priced_individually":true,"shipped_individually":false,"override_title":false,"title":"Perles lettres en silicone &#8211; noir &#8211; 10 mm &#8211; PETIT &#8211; carr\u00e9 &#8211; par pi\u00e8ce","override_description":true,"description":"","optional":false,"hide_thumbnail":false,"discount":"","override_variations":true,"allowed_variations":[133834],"override_default_variation_attributes":true,"default_variation_attributes":[{"id":0,"name":"Letter","option":"L - 10 mm"}],"single_product_visibility":"visible","cart_visibility":"visible","order_visibility":"visible","single_product_price_visibility":"visible","cart_price_visibility":"visible","order_price_visibility":"visible","stock_status":"in_stock"},{"bundled_item_id":26743,"product_id":133806,"menu_order":0,"quantity_min":2,"quantity_max":2,"quantity_default":2,"priced_individually":true,"shipped_individually":false,"override_title":false,"title":"Perles lettres en silicone &#8211; noir &#8211; 10 mm &#8211; PETIT &#8211; carr\u00e9 &#8211; par pi\u00e8ce","override_description":true,"description":"","optional":false,"hide_thumbnail":false,"discount":"","override_variations":true,"allowed_variations":[133844],"override_default_variation_attributes":true,"default_variation_attributes":[{"id":0,"name":"Letter","option":"V - 10 mm"}],"single_product_visibility":"visible","cart_visibility":"visible","order_visibility":"visible","single_product_price_visibility":"visible","cart_price_visibility":"visible","order_price_visibility":"visible","stock_status":"in_stock"},{"bundled_item_id":26744,"product_id":133806,"menu_order":0,"quantity_min":2,"quantity_max":2,"quantity_default":2,"priced_individually":true,"shipped_individually":false,"override_title":false,"title":"Perles lettres en silicone &#8211; noir &#8211; 10 mm &#8211; PETIT &#8211; carr\u00e9 &#8211; par pi\u00e8ce","override_description":true,"description":"","optional":false,"hide_thumbnail":false,"discount":"","override_variations":true,"allowed_variations":[133827],"override_default_variation_attributes":true,"default_variation_attributes":[{"id":0,"name":"Letter","option":"E - 10 mm"}],"single_product_visibility":"visible","cart_visibility":"visible","order_visibility":"visible","single_product_price_visibility":"visible","cart_price_visibility":"visible","order_price_visibility":"visible","stock_status":"in_stock"},{"bundled_item_id":26745,"product_id":243043,"menu_order":3,"quantity_min":1,"quantity_max":1,"quantity_default":1,"priced_individually":true,"shipped_individually":false,"override_title":false,"title":"Coeurs adh\u00e9sifs pour pendentif de t\u00e9l\u00e9phone &#8211; Noir","override_description":true,"description":"","optional":false,"hide_thumbnail":false,"discount":"","override_variations":false,"allowed_variations":[""],"override_default_variation_attributes":false,"default_variation_attributes":[],"single_product_visibility":"visible","cart_visibility":"visible","order_visibility":"visible","single_product_price_visibility":"visible","cart_price_visibility":"visible","order_price_visibility":"visible","stock_status":"in_stock"},{"bundled_item_id":26746,"product_id":243165,"menu_order":4,"quantity_min":1,"quantity_max":1,"quantity_default":1,"priced_individually":true,"shipped_individually":false,"override_title":false,"title":"Tige Enfilable avec Mousqueton &#8211; Noir","override_description":true,"description":"","optional":false,"hide_thumbnail":false,"discount":"","override_variations":false,"allowed_variations":[""],"override_default_variation_attributes":false,"default_variation_attributes":[],"single_product_visibility":"visible","cart_visibility":"visible","order_visibility":"visible","single_product_price_visibility":"visible","cart_price_visibility":"visible","order_price_visibility":"visible","stock_status":"in_stock"},{"bundled_item_id":26747,"product_id":269674,"menu_order":5,"quantity_min":1,"quantity_max":1,"quantity_default":1,"priced_individually":true,"shipped_individually":false,"override_title":false,"title":"Coeur adh\u00e9sif avec tige Enfilable pour t\u00e9l\u00e9phone &#8211; Rouge","override_description":true,"description":"","optional":false,"hide_thumbnail":false,"discount":"","override_variations":false,"allowed_variations":[""],"override_default_variation_attributes":false,"default_variation_attributes":[],"single_product_visibility":"visible","cart_visibility":"visible","order_visibility":"visible","single_product_price_visibility":"visible","cart_price_visibility":"visible","order_price_visibility":"visible","stock_status":"in_stock"},{"bundled_item_id":26748,"product_id":269252,"menu_order":6,"quantity_min":2,"quantity_max":2,"quantity_default":2,"priced_individually":true,"shipped_individually":false,"override_title":false,"title":null,"override_description":false,"description":null,"optional":false,"hide_thumbnail":false,"discount":"","override_variations":false,"allowed_variations":[""],"override_default_variation_attributes":false,"default_variation_attributes":[],"single_product_visibility":"visible","cart_visibility":"visible","order_visibility":"visible","single_product_price_visibility":"visible","cart_price_visibility":"visible","order_price_visibility":"visible","stock_status":"in_stock"}],"bundle_sell_ids":[],"yoast_head":"<!-- This site is optimized with the Yoast SEO Premium plugin v27.6 (Yoast SEO v27.6) - https:\/\/yoast.com\/product\/yoast-seo-premium-wordpress\/ -->\n<title>DIY Zelf klevende Telefoonhangers - Love - Zwart \/ Rood | Jootjes<\/title>\n<meta name=\"description\" content=\"Dit setje bevat alle onderdelen voor het maken van een Zelf klevende Telefoonhangers - Love - Zwart \/ Rood. Ook naar wens samen te stellen.\" \/>\n<meta name=\"robots\" content=\"index, follow, max-snippet:-1, max-image-preview:large, max-video-preview:-1\" \/>\n<link rel=\"canonical\" href=\"https:\/\/www.jootjeshaakcadeautjes.nl\/fr\/produit\/diy-zelf-klevende-telefoonhangers-love-zwart-rood\/\" \/>\n<meta property=\"og:locale\" content=\"fr_FR\" \/>\n<meta property=\"og:type\" content=\"article\" \/>\n<meta property=\"og:title\" content=\"DIY Zelf klevende Telefoonhangers - Love - Zwart \/ Rood\" \/>\n<meta property=\"og:description\" content=\"Dit setje bevat alle onderdelen voor het maken van een Zelf klevende Telefoonhangers - Love - Zwart \/ Rood. Ook naar wens samen te stellen.\" \/>\n<meta property=\"og:url\" content=\"https:\/\/www.jootjeshaakcadeautjes.nl\/fr\/produit\/diy-zelf-klevende-telefoonhangers-love-zwart-rood\/\" \/>\n<meta property=\"og:site_name\" content=\"Jootjes Haakcadeautjes\" \/>\n<meta property=\"article:modified_time\" content=\"2026-05-16T10:38:41+00:00\" \/>\n<meta property=\"og:image\" content=\"https:\/\/d1dyryakdmle7o.cloudfront.net\/wp-content\/uploads\/2026\/02\/Naamloos-1780.webp\" \/>\n\t<meta property=\"og:image:width\" content=\"2153\" \/>\n\t<meta property=\"og:image:height\" content=\"2153\" \/>\n\t<meta property=\"og:image:type\" content=\"image\/webp\" \/>\n<meta name=\"twitter:card\" content=\"summary_large_image\" \/>\n<meta name=\"twitter:label1\" content=\"Prix\" \/>\n\t<meta name=\"twitter:data1\" content=\"&euro;0.00 TTC\" \/>\n\t<meta name=\"twitter:label2\" content=\"Disponibilit\u00e9\" \/>\n\t<meta name=\"twitter:data2\" content=\"Rupture de stock\" \/>\n<script type=\"application\/ld+json\" class=\"yoast-schema-graph\">{\"@context\":\"https:\\\/\\\/schema.org\",\"@graph\":[{\"@type\":\"WebPage\",\"@id\":\"https:\\\/\\\/www.jootjeshaakcadeautjes.nl\\\/fr\\\/produit\\\/diy-zelf-klevende-telefoonhangers-love-zwart-rood\\\/\",\"url\":\"https:\\\/\\\/www.jootjeshaakcadeautjes.nl\\\/fr\\\/produit\\\/diy-zelf-klevende-telefoonhangers-love-zwart-rood\\\/\",\"name\":\"DIY Zelf klevende Telefoonhangers - Love - Zwart \\\/ Rood | Jootjes\",\"isPartOf\":{\"@id\":\"https:\\\/\\\/www.jootjeshaakcadeautjes.nl\\\/fr\\\/#website\"},\"primaryImageOfPage\":{\"@id\":\"https:\\\/\\\/www.jootjeshaakcadeautjes.nl\\\/fr\\\/produit\\\/diy-zelf-klevende-telefoonhangers-love-zwart-rood\\\/#primaryimage\"},\"image\":{\"@id\":\"https:\\\/\\\/www.jootjeshaakcadeautjes.nl\\\/fr\\\/produit\\\/diy-zelf-klevende-telefoonhangers-love-zwart-rood\\\/#primaryimage\"},\"thumbnailUrl\":\"https:\\\/\\\/d1dyryakdmle7o.cloudfront.net\\\/wp-content\\\/uploads\\\/2026\\\/02\\\/Naamloos-1780.webp\",\"datePublished\":\"2026-02-11T17:25:05+00:00\",\"dateModified\":\"2026-05-16T10:38:41+00:00\",\"description\":\"Dit setje bevat alle onderdelen voor het maken van een Zelf klevende Telefoonhangers - Love - Zwart \\\/ Rood. Ook naar wens samen te stellen.\",\"breadcrumb\":{\"@id\":\"https:\\\/\\\/www.jootjeshaakcadeautjes.nl\\\/fr\\\/produit\\\/diy-zelf-klevende-telefoonhangers-love-zwart-rood\\\/#breadcrumb\"},\"inLanguage\":\"fr-FR\",\"potentialAction\":[{\"@type\":\"ReadAction\",\"target\":[\"https:\\\/\\\/www.jootjeshaakcadeautjes.nl\\\/fr\\\/produit\\\/diy-zelf-klevende-telefoonhangers-love-zwart-rood\\\/\"]}]},{\"@type\":\"ImageObject\",\"inLanguage\":\"fr-FR\",\"@id\":\"https:\\\/\\\/www.jootjeshaakcadeautjes.nl\\\/fr\\\/produit\\\/diy-zelf-klevende-telefoonhangers-love-zwart-rood\\\/#primaryimage\",\"url\":\"https:\\\/\\\/d1dyryakdmle7o.cloudfront.net\\\/wp-content\\\/uploads\\\/2026\\\/02\\\/Naamloos-1780.webp\",\"contentUrl\":\"https:\\\/\\\/d1dyryakdmle7o.cloudfront.net\\\/wp-content\\\/uploads\\\/2026\\\/02\\\/Naamloos-1780.webp\",\"width\":2153,\"height\":2153},{\"@type\":\"BreadcrumbList\",\"@id\":\"https:\\\/\\\/www.jootjeshaakcadeautjes.nl\\\/fr\\\/produit\\\/diy-zelf-klevende-telefoonhangers-love-zwart-rood\\\/#breadcrumb\",\"itemListElement\":[{\"@type\":\"ListItem\",\"position\":1,\"name\":\"Accueil\",\"item\":\"https:\\\/\\\/www.jootjeshaakcadeautjes.nl\\\/fr\\\/\"},{\"@type\":\"ListItem\",\"position\":2,\"name\":\"Commerce de gros de perles en silicone &#8211; Entreprises et consommateurs\",\"item\":\"https:\\\/\\\/www.jootjeshaakcadeautjes.nl\\\/fr\\\/boutique\\\/\"},{\"@type\":\"ListItem\",\"position\":3,\"name\":\"DIY Zelf klevende Telefoonhangers &#8211; Love &#8211; Zwart \\\/ Rood\"}]},{\"@type\":\"WebSite\",\"@id\":\"https:\\\/\\\/www.jootjeshaakcadeautjes.nl\\\/fr\\\/#website\",\"url\":\"https:\\\/\\\/www.jootjeshaakcadeautjes.nl\\\/fr\\\/\",\"name\":\"Jootjes Haakcadeautjes\",\"description\":\"Grossiste en perles de silicone\",\"publisher\":{\"@id\":\"https:\\\/\\\/www.jootjeshaakcadeautjes.nl\\\/fr\\\/#organization\"},\"potentialAction\":[{\"@type\":\"SearchAction\",\"target\":{\"@type\":\"EntryPoint\",\"urlTemplate\":\"https:\\\/\\\/www.jootjeshaakcadeautjes.nl\\\/fr\\\/?s={search_term_string}\"},\"query-input\":{\"@type\":\"PropertyValueSpecification\",\"valueRequired\":true,\"valueName\":\"search_term_string\"}}],\"inLanguage\":\"fr-FR\"},{\"@type\":\"Organization\",\"@id\":\"https:\\\/\\\/www.jootjeshaakcadeautjes.nl\\\/fr\\\/#organization\",\"name\":\"Jootjes Haakcadeautjes\",\"url\":\"https:\\\/\\\/www.jootjeshaakcadeautjes.nl\\\/fr\\\/\",\"logo\":{\"@type\":\"ImageObject\",\"inLanguage\":\"fr-FR\",\"@id\":\"https:\\\/\\\/www.jootjeshaakcadeautjes.nl\\\/fr\\\/#\\\/schema\\\/logo\\\/image\\\/\",\"url\":\"https:\\\/\\\/d1dyryakdmle7o.cloudfront.net\\\/wp-content\\\/uploads\\\/2023\\\/05\\\/Logo-rond.png\",\"contentUrl\":\"https:\\\/\\\/d1dyryakdmle7o.cloudfront.net\\\/wp-content\\\/uploads\\\/2023\\\/05\\\/Logo-rond.png\",\"width\":1222,\"height\":1222,\"caption\":\"Jootjes Haakcadeautjes\"},\"image\":{\"@id\":\"https:\\\/\\\/www.jootjeshaakcadeautjes.nl\\\/fr\\\/#\\\/schema\\\/logo\\\/image\\\/\"}}]}<\/script>\n<meta property=\"product:price:amount\" content=\"0.00\" \/>\n<meta property=\"product:price:currency\" content=\"EUR\" \/>\n<meta property=\"og:availability\" content=\"out of stock\" \/>\n<meta property=\"product:availability\" content=\"out of stock\" \/>\n<meta property=\"product:retailer_item_id\" content=\"DIY-ZKT-LZR\" \/>\n<meta property=\"product:condition\" content=\"new\" \/>\n<!-- \/ Yoast SEO Premium plugin. -->","yoast_head_json":{"title":"DIY Zelf klevende Telefoonhangers - Love - Zwart \/ Rood | Jootjes","description":"Dit setje bevat alle onderdelen voor het maken van een Zelf klevende Telefoonhangers - Love - Zwart \/ Rood. Ook naar wens samen te stellen.","robots":{"index":"index","follow":"follow","max-snippet":"max-snippet:-1","max-image-preview":"max-image-preview:large","max-video-preview":"max-video-preview:-1"},"canonical":"https:\/\/www.jootjeshaakcadeautjes.nl\/fr\/produit\/diy-zelf-klevende-telefoonhangers-love-zwart-rood\/","og_locale":"fr_FR","og_type":"article","og_title":"DIY Zelf klevende Telefoonhangers - Love - Zwart \/ Rood","og_description":"Dit setje bevat alle onderdelen voor het maken van een Zelf klevende Telefoonhangers - Love - Zwart \/ Rood. Ook naar wens samen te stellen.","og_url":"https:\/\/www.jootjeshaakcadeautjes.nl\/fr\/produit\/diy-zelf-klevende-telefoonhangers-love-zwart-rood\/","og_site_name":"Jootjes Haakcadeautjes","article_modified_time":"2026-05-16T10:38:41+00:00","og_image":[{"width":2153,"height":2153,"url":"https:\/\/d1dyryakdmle7o.cloudfront.net\/wp-content\/uploads\/2026\/02\/Naamloos-1780.webp","type":"image\/webp"}],"twitter_card":"summary_large_image","twitter_misc":{"Prix":"&euro;0.00 TTC","Disponibilit\u00e9":"Rupture de stock"},"schema":{"@context":"https:\/\/schema.org","@graph":[{"@type":"WebPage","@id":"https:\/\/www.jootjeshaakcadeautjes.nl\/fr\/produit\/diy-zelf-klevende-telefoonhangers-love-zwart-rood\/","url":"https:\/\/www.jootjeshaakcadeautjes.nl\/fr\/produit\/diy-zelf-klevende-telefoonhangers-love-zwart-rood\/","name":"DIY Zelf klevende Telefoonhangers - Love - Zwart \/ Rood | Jootjes","isPartOf":{"@id":"https:\/\/www.jootjeshaakcadeautjes.nl\/fr\/#website"},"primaryImageOfPage":{"@id":"https:\/\/www.jootjeshaakcadeautjes.nl\/fr\/produit\/diy-zelf-klevende-telefoonhangers-love-zwart-rood\/#primaryimage"},"image":{"@id":"https:\/\/www.jootjeshaakcadeautjes.nl\/fr\/produit\/diy-zelf-klevende-telefoonhangers-love-zwart-rood\/#primaryimage"},"thumbnailUrl":"https:\/\/d1dyryakdmle7o.cloudfront.net\/wp-content\/uploads\/2026\/02\/Naamloos-1780.webp","datePublished":"2026-02-11T17:25:05+00:00","dateModified":"2026-05-16T10:38:41+00:00","description":"Dit setje bevat alle onderdelen voor het maken van een Zelf klevende Telefoonhangers - Love - Zwart \/ Rood. Ook naar wens samen te stellen.","breadcrumb":{"@id":"https:\/\/www.jootjeshaakcadeautjes.nl\/fr\/produit\/diy-zelf-klevende-telefoonhangers-love-zwart-rood\/#breadcrumb"},"inLanguage":"fr-FR","potentialAction":[{"@type":"ReadAction","target":["https:\/\/www.jootjeshaakcadeautjes.nl\/fr\/produit\/diy-zelf-klevende-telefoonhangers-love-zwart-rood\/"]}]},{"@type":"ImageObject","inLanguage":"fr-FR","@id":"https:\/\/www.jootjeshaakcadeautjes.nl\/fr\/produit\/diy-zelf-klevende-telefoonhangers-love-zwart-rood\/#primaryimage","url":"https:\/\/d1dyryakdmle7o.cloudfront.net\/wp-content\/uploads\/2026\/02\/Naamloos-1780.webp","contentUrl":"https:\/\/d1dyryakdmle7o.cloudfront.net\/wp-content\/uploads\/2026\/02\/Naamloos-1780.webp","width":2153,"height":2153},{"@type":"BreadcrumbList","@id":"https:\/\/www.jootjeshaakcadeautjes.nl\/fr\/produit\/diy-zelf-klevende-telefoonhangers-love-zwart-rood\/#breadcrumb","itemListElement":[{"@type":"ListItem","position":1,"name":"Accueil","item":"https:\/\/www.jootjeshaakcadeautjes.nl\/fr\/"},{"@type":"ListItem","position":2,"name":"Commerce de gros de perles en silicone &#8211; Entreprises et consommateurs","item":"https:\/\/www.jootjeshaakcadeautjes.nl\/fr\/boutique\/"},{"@type":"ListItem","position":3,"name":"DIY Zelf klevende Telefoonhangers &#8211; Love &#8211; Zwart \/ Rood"}]},{"@type":"WebSite","@id":"https:\/\/www.jootjeshaakcadeautjes.nl\/fr\/#website","url":"https:\/\/www.jootjeshaakcadeautjes.nl\/fr\/","name":"Jootjes Haakcadeautjes","description":"Grossiste en perles de silicone","publisher":{"@id":"https:\/\/www.jootjeshaakcadeautjes.nl\/fr\/#organization"},"potentialAction":[{"@type":"SearchAction","target":{"@type":"EntryPoint","urlTemplate":"https:\/\/www.jootjeshaakcadeautjes.nl\/fr\/?s={search_term_string}"},"query-input":{"@type":"PropertyValueSpecification","valueRequired":true,"valueName":"search_term_string"}}],"inLanguage":"fr-FR"},{"@type":"Organization","@id":"https:\/\/www.jootjeshaakcadeautjes.nl\/fr\/#organization","name":"Jootjes Haakcadeautjes","url":"https:\/\/www.jootjeshaakcadeautjes.nl\/fr\/","logo":{"@type":"ImageObject","inLanguage":"fr-FR","@id":"https:\/\/www.jootjeshaakcadeautjes.nl\/fr\/#\/schema\/logo\/image\/","url":"https:\/\/d1dyryakdmle7o.cloudfront.net\/wp-content\/uploads\/2023\/05\/Logo-rond.png","contentUrl":"https:\/\/d1dyryakdmle7o.cloudfront.net\/wp-content\/uploads\/2023\/05\/Logo-rond.png","width":1222,"height":1222,"caption":"Jootjes Haakcadeautjes"},"image":{"@id":"https:\/\/www.jootjeshaakcadeautjes.nl\/fr\/#\/schema\/logo\/image\/"}}]},"product_price_amount":"0.00","product_price_currency":"EUR","og_availability":"out of stock","product_availability":"out of stock","product_retailer_item_id":"DIY-ZKT-LZR","product_condition":"new"},"_links":{"self":[{"href":"https:\/\/www.jootjeshaakcadeautjes.nl\/fr\/wp-json\/wp\/v2\/product\/269695","targetHints":{"allow":["GET"]}}],"collection":[{"href":"https:\/\/www.jootjeshaakcadeautjes.nl\/fr\/wp-json\/wp\/v2\/product"}],"about":[{"href":"https:\/\/www.jootjeshaakcadeautjes.nl\/fr\/wp-json\/wp\/v2\/types\/product"}],"version-history":[{"count":1,"href":"https:\/\/www.jootjeshaakcadeautjes.nl\/fr\/wp-json\/wp\/v2\/product\/269695\/revisions"}],"predecessor-version":[{"id":269698,"href":"https:\/\/www.jootjeshaakcadeautjes.nl\/fr\/wp-json\/wp\/v2\/product\/269695\/revisions\/269698"}],"wp:featuredmedia":[{"embeddable":true,"href":"https:\/\/www.jootjeshaakcadeautjes.nl\/fr\/wp-json\/wp\/v2\/media\/270820"}],"wp:attachment":[{"href":"https:\/\/www.jootjeshaakcadeautjes.nl\/fr\/wp-json\/wp\/v2\/media?parent=269695"}],"wp:term":[{"taxonomy":"product_brand","embeddable":true,"href":"https:\/\/www.jootjeshaakcadeautjes.nl\/fr\/wp-json\/wp\/v2\/product_brand?post=269695"},{"taxonomy":"product_cat","embeddable":true,"href":"https:\/\/www.jootjeshaakcadeautjes.nl\/fr\/wp-json\/wp\/v2\/product_cat?post=269695"},{"taxonomy":"product_tag","embeddable":true,"href":"https:\/\/www.jootjeshaakcadeautjes.nl\/fr\/wp-json\/wp\/v2\/product_tag?post=269695"}],"curies":[{"name":"wp","href":"https:\/\/api.w.org\/{rel}","templated":true}]}}