{"id":270045,"date":"2026-02-07T15:54:54","date_gmt":"2026-02-07T13:54:54","guid":{"rendered":"https:\/\/www.jootjeshaakcadeautjes.nl\/?post_type=product&#038;p=270045"},"modified":"2026-05-08T15:11:19","modified_gmt":"2026-05-08T13:11:19","slug":"perle-en-silicone-jeton-de-voeux-grave-enseignant-avec-impression-de-fleurs-kopie-2","status":"publish","type":"product","link":"https:\/\/www.jootjeshaakcadeautjes.nl\/fr\/produit\/perle-en-silicone-jeton-de-voeux-grave-enseignant-avec-impression-de-fleurs-kopie-2\/","title":{"rendered":"Perle en silicone &#8211; Jeton de v\u0153ux &#8211; Grav\u00e9 &#8211; Amour"},"content":{"rendered":"<h1>Perle en silicone &#8211; Pi\u00e8ce de v\u0153ux &#8211; Grav\u00e9e &#8211; Amour<\/h1>\n<ul>\n<li>Gravure : Amour avec des c\u0153urs<\/li>\n<li>Pi\u00e8ce de monnaie de 30 mm &#8211; Design unique ! &#8211; Mod\u00e8le d\u00e9pos\u00e9 <\/li>\n<li>Perles de silicone sp\u00e9ciales sur mesure<\/li>\n<li>Ces perles sont fabriqu\u00e9es \u00e0 l&#8217;aide d&#8217;une technique de fabrication unique et sp\u00e9ciale !<\/li>\n<li>Plusieurs couleurs de p\u00e9pites au choix.<\/li>\n<li>Trou de haut en bas<\/li>\n<li>Silicone de haute qualit\u00e9 sans danger pour les b\u00e9b\u00e9s<\/li>\n<li>S\u00fbr selon les tests chimiques EN-71 !<\/li>\n<\/ul>\n<p>Parfait pour les bouchons de vin, les porte-cl\u00e9s, les d\u00e9capsuleurs, les cintres, les carnets de notes et bien plus encore.<\/p>\n","protected":false},"excerpt":{"rendered":"<ul>\n<li>Gravure : Amour avec des c\u0153urs<\/li>\n<li>Pi\u00e8ce de v\u0153ux de 30 mm &#8211; Design unique ! &#8211; Mod\u00e8le d\u00e9pos\u00e9 <\/li>\n<li>Perles de silicone sp\u00e9ciales sur mesure<\/li>\n<li>Ces perles sont fabriqu\u00e9es \u00e0 l&#8217;aide d&#8217;une technique de fabrication unique et sp\u00e9ciale !<\/li>\n<li>Plusieurs couleurs de p\u00e9pites au choix.<\/li>\n<li>Trou de haut en bas<\/li>\n<li>Silicone de haute qualit\u00e9 sans danger pour les b\u00e9b\u00e9s<\/li>\n<li>S\u00fbr selon les tests chimiques EN-71 !<\/li>\n<\/ul>\n<p>Parfait pour les bouchons de vin, les porte-cl\u00e9s, les d\u00e9capsuleurs, les cintres, les carnets de notes et bien plus encore.<\/p>\n","protected":false},"featured_media":270110,"template":"","meta":[],"product_brand":[],"product_cat":[6994,7185,17736],"product_tag":[10059,7643,10436,10126,10422,12437,10455,7489,10132,16128,7402,10140,12859,16158,10124,7200,19618,7224,7619,10442,10453,7227,7212,13456,10452,7433,12705,10242,10028,10226,10468],"class_list":{"0":"post-270045","1":"product","2":"type-product","3":"status-publish","4":"has-post-thumbnail","6":"product_cat-gravure-au-laser-produits-cadeaux","7":"product_cat-nouveaux-produits","8":"product_cat-perles-en-silicone-jetons-de-voeux","9":"product_tag-a-fr","10":"product_tag-amour","11":"product_tag-au-laser","12":"product_tag-bouchon-de-vin","13":"product_tag-bouteille","14":"product_tag-carnet-de-notes","15":"product_tag-conception","16":"product_tag-crochet-pour-sac","17":"product_tag-decapsuleur","18":"product_tag-epingles-a-badigeonner","19":"product_tag-grave","20":"product_tag-jaszipper-fr","21":"product_tag-mademoiselle","22":"product_tag-ouvre-lettres","23":"product_tag-pepite","24":"product_tag-perles","25":"product_tag-personalisierte","26":"product_tag-personnalise","27":"product_tag-porte-cles","28":"product_tag-presente","29":"product_tag-propre","30":"product_tag-rangee","31":"product_tag-silicone-fr","32":"product_tag-sinterklaas-fr","33":"product_tag-souhait","34":"product_tag-stylo","35":"product_tag-stylos","36":"product_tag-sur-mesure","37":"product_tag-taille","38":"product_tag-tireuse-a-biere","39":"product_tag-vacances","41":"first","42":"instock","43":"taxable","44":"shipping-taxable","45":"purchasable","46":"product-type-variable"},"bundled_by":["270468","270520","270520"],"bundle_stock_status":"instock","bundle_stock_quantity":null,"bundle_virtual":false,"bundle_layout":"","bundle_add_to_cart_form_location":"","bundle_editable_in_cart":false,"bundle_sold_individually_context":"","bundle_item_grouping":"","bundle_min_size":"","bundle_max_size":"","bundle_price":[],"bundled_items":[],"bundle_sell_ids":[],"yoast_head":"<!-- This site is optimized with the Yoast SEO Premium plugin v27.6 (Yoast SEO v27.6) - https:\/\/yoast.com\/product\/yoast-seo-premium-wordpress\/ -->\n<title>Perle en silicone - Wish token - Love | Jootjes<\/title>\n<meta name=\"description\" content=\"Perles en silicone grav\u00e9es en forme de jeton de v\u0153ux avec texte Amour et C\u0153urs. Tr\u00e8s amusant pour cr\u00e9er vos propres porte-cl\u00e9s.\" \/>\n<meta name=\"robots\" content=\"index, follow, max-snippet:-1, max-image-preview:large, max-video-preview:-1\" \/>\n<link rel=\"canonical\" href=\"https:\/\/www.jootjeshaakcadeautjes.nl\/fr\/produit\/perle-en-silicone-jeton-de-voeux-grave-enseignant-avec-impression-de-fleurs-kopie-2\/\" \/>\n<meta property=\"og:locale\" content=\"fr_FR\" \/>\n<meta property=\"og:type\" content=\"article\" \/>\n<meta property=\"og:title\" content=\"Perle en silicone - Jeton de v\u0153ux - Grav\u00e9 - Amour\" \/>\n<meta property=\"og:description\" content=\"Perles en silicone grav\u00e9es en forme de jeton de v\u0153ux avec texte Amour et C\u0153urs. Tr\u00e8s amusant pour cr\u00e9er vos propres porte-cl\u00e9s.\" \/>\n<meta property=\"og:url\" content=\"https:\/\/www.jootjeshaakcadeautjes.nl\/fr\/produit\/perle-en-silicone-jeton-de-voeux-grave-enseignant-avec-impression-de-fleurs-kopie-2\/\" \/>\n<meta property=\"og:site_name\" content=\"Jootjes Haakcadeautjes\" \/>\n<meta property=\"article:modified_time\" content=\"2026-05-08T13:11:19+00:00\" \/>\n<meta property=\"og:image\" content=\"https:\/\/d1dyryakdmle7o.cloudfront.net\/wp-content\/uploads\/2026\/02\/instagram_grid_matched_love.webp\" \/>\n\t<meta property=\"og:image:width\" content=\"1080\" \/>\n\t<meta property=\"og:image:height\" content=\"1080\" \/>\n\t<meta property=\"og:image:type\" content=\"image\/webp\" \/>\n<meta name=\"twitter:card\" content=\"summary_large_image\" \/>\n<meta name=\"twitter:label1\" content=\"Disponibilit\u00e9\" \/>\n\t<meta name=\"twitter:data1\" content=\"En stock\" \/>\n<script type=\"application\/ld+json\" class=\"yoast-schema-graph\">{\"@context\":\"https:\\\/\\\/schema.org\",\"@graph\":[{\"@type\":\"WebPage\",\"@id\":\"https:\\\/\\\/www.jootjeshaakcadeautjes.nl\\\/fr\\\/produit\\\/perle-en-silicone-jeton-de-voeux-grave-enseignant-avec-impression-de-fleurs-kopie-2\\\/\",\"url\":\"https:\\\/\\\/www.jootjeshaakcadeautjes.nl\\\/fr\\\/produit\\\/perle-en-silicone-jeton-de-voeux-grave-enseignant-avec-impression-de-fleurs-kopie-2\\\/\",\"name\":\"Perle en silicone - Wish token - Love | Jootjes\",\"isPartOf\":{\"@id\":\"https:\\\/\\\/www.jootjeshaakcadeautjes.nl\\\/fr\\\/#website\"},\"primaryImageOfPage\":{\"@id\":\"https:\\\/\\\/www.jootjeshaakcadeautjes.nl\\\/fr\\\/produit\\\/perle-en-silicone-jeton-de-voeux-grave-enseignant-avec-impression-de-fleurs-kopie-2\\\/#primaryimage\"},\"image\":{\"@id\":\"https:\\\/\\\/www.jootjeshaakcadeautjes.nl\\\/fr\\\/produit\\\/perle-en-silicone-jeton-de-voeux-grave-enseignant-avec-impression-de-fleurs-kopie-2\\\/#primaryimage\"},\"thumbnailUrl\":\"https:\\\/\\\/d1dyryakdmle7o.cloudfront.net\\\/wp-content\\\/uploads\\\/2026\\\/02\\\/instagram_grid_matched_love.webp\",\"datePublished\":\"2026-02-07T13:54:54+00:00\",\"dateModified\":\"2026-05-08T13:11:19+00:00\",\"description\":\"Perles en silicone grav\u00e9es en forme de jeton de v\u0153ux avec texte Amour et C\u0153urs. Tr\u00e8s amusant pour cr\u00e9er vos propres porte-cl\u00e9s.\",\"breadcrumb\":{\"@id\":\"https:\\\/\\\/www.jootjeshaakcadeautjes.nl\\\/fr\\\/produit\\\/perle-en-silicone-jeton-de-voeux-grave-enseignant-avec-impression-de-fleurs-kopie-2\\\/#breadcrumb\"},\"inLanguage\":\"fr-FR\",\"potentialAction\":[{\"@type\":\"ReadAction\",\"target\":[\"https:\\\/\\\/www.jootjeshaakcadeautjes.nl\\\/fr\\\/produit\\\/perle-en-silicone-jeton-de-voeux-grave-enseignant-avec-impression-de-fleurs-kopie-2\\\/\"]}]},{\"@type\":\"ImageObject\",\"inLanguage\":\"fr-FR\",\"@id\":\"https:\\\/\\\/www.jootjeshaakcadeautjes.nl\\\/fr\\\/produit\\\/perle-en-silicone-jeton-de-voeux-grave-enseignant-avec-impression-de-fleurs-kopie-2\\\/#primaryimage\",\"url\":\"https:\\\/\\\/d1dyryakdmle7o.cloudfront.net\\\/wp-content\\\/uploads\\\/2026\\\/02\\\/instagram_grid_matched_love.webp\",\"contentUrl\":\"https:\\\/\\\/d1dyryakdmle7o.cloudfront.net\\\/wp-content\\\/uploads\\\/2026\\\/02\\\/instagram_grid_matched_love.webp\",\"width\":1080,\"height\":1080},{\"@type\":\"BreadcrumbList\",\"@id\":\"https:\\\/\\\/www.jootjeshaakcadeautjes.nl\\\/fr\\\/produit\\\/perle-en-silicone-jeton-de-voeux-grave-enseignant-avec-impression-de-fleurs-kopie-2\\\/#breadcrumb\",\"itemListElement\":[{\"@type\":\"ListItem\",\"position\":1,\"name\":\"Accueil\",\"item\":\"https:\\\/\\\/www.jootjeshaakcadeautjes.nl\\\/fr\\\/\"},{\"@type\":\"ListItem\",\"position\":2,\"name\":\"Commerce de gros de perles en silicone &#8211; Entreprises et consommateurs\",\"item\":\"https:\\\/\\\/www.jootjeshaakcadeautjes.nl\\\/fr\\\/boutique\\\/\"},{\"@type\":\"ListItem\",\"position\":3,\"name\":\"Perle en silicone &#8211; Jeton de v\u0153ux &#8211; Grav\u00e9 &#8211; Amour\"}]},{\"@type\":\"WebSite\",\"@id\":\"https:\\\/\\\/www.jootjeshaakcadeautjes.nl\\\/fr\\\/#website\",\"url\":\"https:\\\/\\\/www.jootjeshaakcadeautjes.nl\\\/fr\\\/\",\"name\":\"Jootjes Haakcadeautjes\",\"description\":\"Grossiste en perles de silicone\",\"publisher\":{\"@id\":\"https:\\\/\\\/www.jootjeshaakcadeautjes.nl\\\/fr\\\/#organization\"},\"potentialAction\":[{\"@type\":\"SearchAction\",\"target\":{\"@type\":\"EntryPoint\",\"urlTemplate\":\"https:\\\/\\\/www.jootjeshaakcadeautjes.nl\\\/fr\\\/?s={search_term_string}\"},\"query-input\":{\"@type\":\"PropertyValueSpecification\",\"valueRequired\":true,\"valueName\":\"search_term_string\"}}],\"inLanguage\":\"fr-FR\"},{\"@type\":\"Organization\",\"@id\":\"https:\\\/\\\/www.jootjeshaakcadeautjes.nl\\\/fr\\\/#organization\",\"name\":\"Jootjes Haakcadeautjes\",\"url\":\"https:\\\/\\\/www.jootjeshaakcadeautjes.nl\\\/fr\\\/\",\"logo\":{\"@type\":\"ImageObject\",\"inLanguage\":\"fr-FR\",\"@id\":\"https:\\\/\\\/www.jootjeshaakcadeautjes.nl\\\/fr\\\/#\\\/schema\\\/logo\\\/image\\\/\",\"url\":\"https:\\\/\\\/d1dyryakdmle7o.cloudfront.net\\\/wp-content\\\/uploads\\\/2023\\\/05\\\/Logo-rond.png\",\"contentUrl\":\"https:\\\/\\\/d1dyryakdmle7o.cloudfront.net\\\/wp-content\\\/uploads\\\/2023\\\/05\\\/Logo-rond.png\",\"width\":1222,\"height\":1222,\"caption\":\"Jootjes Haakcadeautjes\"},\"image\":{\"@id\":\"https:\\\/\\\/www.jootjeshaakcadeautjes.nl\\\/fr\\\/#\\\/schema\\\/logo\\\/image\\\/\"}}]}<\/script>\n<meta property=\"og:availability\" content=\"instock\" \/>\n<meta property=\"product:availability\" content=\"instock\" \/>\n<meta property=\"product:retailer_item_id\" content=\"GWENS-LOVE\" \/>\n<meta property=\"product:condition\" content=\"new\" \/>\n<!-- \/ Yoast SEO Premium plugin. -->","yoast_head_json":{"title":"Perle en silicone - Wish token - Love | Jootjes","description":"Perles en silicone grav\u00e9es en forme de jeton de v\u0153ux avec texte Amour et C\u0153urs. Tr\u00e8s amusant pour cr\u00e9er vos propres porte-cl\u00e9s.","robots":{"index":"index","follow":"follow","max-snippet":"max-snippet:-1","max-image-preview":"max-image-preview:large","max-video-preview":"max-video-preview:-1"},"canonical":"https:\/\/www.jootjeshaakcadeautjes.nl\/fr\/produit\/perle-en-silicone-jeton-de-voeux-grave-enseignant-avec-impression-de-fleurs-kopie-2\/","og_locale":"fr_FR","og_type":"article","og_title":"Perle en silicone - Jeton de v\u0153ux - Grav\u00e9 - Amour","og_description":"Perles en silicone grav\u00e9es en forme de jeton de v\u0153ux avec texte Amour et C\u0153urs. Tr\u00e8s amusant pour cr\u00e9er vos propres porte-cl\u00e9s.","og_url":"https:\/\/www.jootjeshaakcadeautjes.nl\/fr\/produit\/perle-en-silicone-jeton-de-voeux-grave-enseignant-avec-impression-de-fleurs-kopie-2\/","og_site_name":"Jootjes Haakcadeautjes","article_modified_time":"2026-05-08T13:11:19+00:00","og_image":[{"width":1080,"height":1080,"url":"https:\/\/d1dyryakdmle7o.cloudfront.net\/wp-content\/uploads\/2026\/02\/instagram_grid_matched_love.webp","type":"image\/webp"}],"twitter_card":"summary_large_image","twitter_misc":{"Disponibilit\u00e9":"En stock"},"schema":{"@context":"https:\/\/schema.org","@graph":[{"@type":"WebPage","@id":"https:\/\/www.jootjeshaakcadeautjes.nl\/fr\/produit\/perle-en-silicone-jeton-de-voeux-grave-enseignant-avec-impression-de-fleurs-kopie-2\/","url":"https:\/\/www.jootjeshaakcadeautjes.nl\/fr\/produit\/perle-en-silicone-jeton-de-voeux-grave-enseignant-avec-impression-de-fleurs-kopie-2\/","name":"Perle en silicone - Wish token - Love | Jootjes","isPartOf":{"@id":"https:\/\/www.jootjeshaakcadeautjes.nl\/fr\/#website"},"primaryImageOfPage":{"@id":"https:\/\/www.jootjeshaakcadeautjes.nl\/fr\/produit\/perle-en-silicone-jeton-de-voeux-grave-enseignant-avec-impression-de-fleurs-kopie-2\/#primaryimage"},"image":{"@id":"https:\/\/www.jootjeshaakcadeautjes.nl\/fr\/produit\/perle-en-silicone-jeton-de-voeux-grave-enseignant-avec-impression-de-fleurs-kopie-2\/#primaryimage"},"thumbnailUrl":"https:\/\/d1dyryakdmle7o.cloudfront.net\/wp-content\/uploads\/2026\/02\/instagram_grid_matched_love.webp","datePublished":"2026-02-07T13:54:54+00:00","dateModified":"2026-05-08T13:11:19+00:00","description":"Perles en silicone grav\u00e9es en forme de jeton de v\u0153ux avec texte Amour et C\u0153urs. Tr\u00e8s amusant pour cr\u00e9er vos propres porte-cl\u00e9s.","breadcrumb":{"@id":"https:\/\/www.jootjeshaakcadeautjes.nl\/fr\/produit\/perle-en-silicone-jeton-de-voeux-grave-enseignant-avec-impression-de-fleurs-kopie-2\/#breadcrumb"},"inLanguage":"fr-FR","potentialAction":[{"@type":"ReadAction","target":["https:\/\/www.jootjeshaakcadeautjes.nl\/fr\/produit\/perle-en-silicone-jeton-de-voeux-grave-enseignant-avec-impression-de-fleurs-kopie-2\/"]}]},{"@type":"ImageObject","inLanguage":"fr-FR","@id":"https:\/\/www.jootjeshaakcadeautjes.nl\/fr\/produit\/perle-en-silicone-jeton-de-voeux-grave-enseignant-avec-impression-de-fleurs-kopie-2\/#primaryimage","url":"https:\/\/d1dyryakdmle7o.cloudfront.net\/wp-content\/uploads\/2026\/02\/instagram_grid_matched_love.webp","contentUrl":"https:\/\/d1dyryakdmle7o.cloudfront.net\/wp-content\/uploads\/2026\/02\/instagram_grid_matched_love.webp","width":1080,"height":1080},{"@type":"BreadcrumbList","@id":"https:\/\/www.jootjeshaakcadeautjes.nl\/fr\/produit\/perle-en-silicone-jeton-de-voeux-grave-enseignant-avec-impression-de-fleurs-kopie-2\/#breadcrumb","itemListElement":[{"@type":"ListItem","position":1,"name":"Accueil","item":"https:\/\/www.jootjeshaakcadeautjes.nl\/fr\/"},{"@type":"ListItem","position":2,"name":"Commerce de gros de perles en silicone &#8211; Entreprises et consommateurs","item":"https:\/\/www.jootjeshaakcadeautjes.nl\/fr\/boutique\/"},{"@type":"ListItem","position":3,"name":"Perle en silicone &#8211; Jeton de v\u0153ux &#8211; Grav\u00e9 &#8211; Amour"}]},{"@type":"WebSite","@id":"https:\/\/www.jootjeshaakcadeautjes.nl\/fr\/#website","url":"https:\/\/www.jootjeshaakcadeautjes.nl\/fr\/","name":"Jootjes Haakcadeautjes","description":"Grossiste en perles de silicone","publisher":{"@id":"https:\/\/www.jootjeshaakcadeautjes.nl\/fr\/#organization"},"potentialAction":[{"@type":"SearchAction","target":{"@type":"EntryPoint","urlTemplate":"https:\/\/www.jootjeshaakcadeautjes.nl\/fr\/?s={search_term_string}"},"query-input":{"@type":"PropertyValueSpecification","valueRequired":true,"valueName":"search_term_string"}}],"inLanguage":"fr-FR"},{"@type":"Organization","@id":"https:\/\/www.jootjeshaakcadeautjes.nl\/fr\/#organization","name":"Jootjes Haakcadeautjes","url":"https:\/\/www.jootjeshaakcadeautjes.nl\/fr\/","logo":{"@type":"ImageObject","inLanguage":"fr-FR","@id":"https:\/\/www.jootjeshaakcadeautjes.nl\/fr\/#\/schema\/logo\/image\/","url":"https:\/\/d1dyryakdmle7o.cloudfront.net\/wp-content\/uploads\/2023\/05\/Logo-rond.png","contentUrl":"https:\/\/d1dyryakdmle7o.cloudfront.net\/wp-content\/uploads\/2023\/05\/Logo-rond.png","width":1222,"height":1222,"caption":"Jootjes Haakcadeautjes"},"image":{"@id":"https:\/\/www.jootjeshaakcadeautjes.nl\/fr\/#\/schema\/logo\/image\/"}}]},"og_availability":"instock","product_availability":"instock","product_retailer_item_id":"GWENS-LOVE","product_condition":"new"},"_links":{"self":[{"href":"https:\/\/www.jootjeshaakcadeautjes.nl\/fr\/wp-json\/wp\/v2\/product\/270045","targetHints":{"allow":["GET"]}}],"collection":[{"href":"https:\/\/www.jootjeshaakcadeautjes.nl\/fr\/wp-json\/wp\/v2\/product"}],"about":[{"href":"https:\/\/www.jootjeshaakcadeautjes.nl\/fr\/wp-json\/wp\/v2\/types\/product"}],"version-history":[{"count":1,"href":"https:\/\/www.jootjeshaakcadeautjes.nl\/fr\/wp-json\/wp\/v2\/product\/270045\/revisions"}],"predecessor-version":[{"id":271776,"href":"https:\/\/www.jootjeshaakcadeautjes.nl\/fr\/wp-json\/wp\/v2\/product\/270045\/revisions\/271776"}],"wp:featuredmedia":[{"embeddable":true,"href":"https:\/\/www.jootjeshaakcadeautjes.nl\/fr\/wp-json\/wp\/v2\/media\/270110"}],"wp:attachment":[{"href":"https:\/\/www.jootjeshaakcadeautjes.nl\/fr\/wp-json\/wp\/v2\/media?parent=270045"}],"wp:term":[{"taxonomy":"product_brand","embeddable":true,"href":"https:\/\/www.jootjeshaakcadeautjes.nl\/fr\/wp-json\/wp\/v2\/product_brand?post=270045"},{"taxonomy":"product_cat","embeddable":true,"href":"https:\/\/www.jootjeshaakcadeautjes.nl\/fr\/wp-json\/wp\/v2\/product_cat?post=270045"},{"taxonomy":"product_tag","embeddable":true,"href":"https:\/\/www.jootjeshaakcadeautjes.nl\/fr\/wp-json\/wp\/v2\/product_tag?post=270045"}],"curies":[{"name":"wp","href":"https:\/\/api.w.org\/{rel}","templated":true}]}}