{"id":270315,"date":"2026-02-07T16:20:59","date_gmt":"2026-02-07T14:20:59","guid":{"rendered":"https:\/\/www.jootjeshaakcadeautjes.nl\/?post_type=product&#038;p=270315"},"modified":"2026-05-08T15:11:22","modified_gmt":"2026-05-08T13:11:22","slug":"perle-en-silicone-jeton-de-voeux-grave-enseignant-avec-impression-de-fleurs-kopie-kopie-kopie-kopie","status":"publish","type":"product","link":"https:\/\/www.jootjeshaakcadeautjes.nl\/fr\/produit\/perle-en-silicone-jeton-de-voeux-grave-enseignant-avec-impression-de-fleurs-kopie-kopie-kopie-kopie\/","title":{"rendered":"Perle en silicone &#8211; Jeton de v\u0153ux &#8211; Grav\u00e9 &#8211; Besties"},"content":{"rendered":"<h1>Perle en silicone &#8211; Jeton de v\u0153ux &#8211; Grav\u00e9 &#8211; Besties<\/h1>\n<ul>\n<li>Gravure : Besties<\/li>\n<li>Pi\u00e8ce de monnaie de 30 mm &#8211; Design unique ! &#8211; Mod\u00e8le d\u00e9pos\u00e9 <\/li>\n<li>Perles de silicone sp\u00e9ciales sur mesure<\/li>\n<li>Ces perles sont fabriqu\u00e9es \u00e0 l&#8217;aide d&#8217;une technique de fabrication unique et sp\u00e9ciale !<\/li>\n<li>Plusieurs couleurs de p\u00e9pites au choix.<\/li>\n<li>Trou de haut en bas<\/li>\n<li>Silicone de haute qualit\u00e9 sans danger pour les b\u00e9b\u00e9s<\/li>\n<li>S\u00fbr selon les tests chimiques EN-71 !<\/li>\n<\/ul>\n<p>Parfait pour les bouchons de vin, les porte-cl\u00e9s, les d\u00e9capsuleurs, les cintres, les carnets de notes, etc.<\/p>\n","protected":false},"excerpt":{"rendered":"<ul>\n<li>Gravure : Besties<\/li>\n<li>Pi\u00e8ce de v\u0153ux de 30 mm &#8211; Design unique ! &#8211; Mod\u00e8le d\u00e9pos\u00e9 <\/li>\n<li>Perles de silicone sp\u00e9ciales sur mesure<\/li>\n<li>Ces perles sont fabriqu\u00e9es \u00e0 l&#8217;aide d&#8217;une technique de fabrication unique et sp\u00e9ciale !<\/li>\n<li>Plusieurs couleurs de p\u00e9pites au choix.<\/li>\n<li>Trou de haut en bas<\/li>\n<li>Silicone de haute qualit\u00e9 sans danger pour les b\u00e9b\u00e9s<\/li>\n<li>S\u00fbr selon les tests chimiques EN-71 !<\/li>\n<\/ul>\n<p>Parfait pour les bouchons de vin, les porte-cl\u00e9s, les d\u00e9capsuleurs, les cintres, les carnets de notes, etc.<\/p>\n","protected":false},"featured_media":270374,"template":"","meta":[],"product_brand":[],"product_cat":[6994,7185,17736],"product_tag":[10059,13328,7643,10436,19049,10126,10422,12437,10455,7489,10132,16128,12631,7402,10140,12859,14684,16158,10124,7200,7224,7619,10442,10453,7227,7212,10452,7433,12705,10242,10028,10226,10468],"class_list":{"0":"post-270315","1":"product","2":"type-product","3":"status-publish","4":"has-post-thumbnail","6":"product_cat-gravure-au-laser-produits-cadeaux","7":"product_cat-nouveaux-produits","8":"product_cat-perles-en-silicone-jetons-de-voeux","9":"product_tag-a-fr","10":"product_tag-amis","11":"product_tag-amour","12":"product_tag-au-laser","13":"product_tag-best-friends","14":"product_tag-bouchon-de-vin","15":"product_tag-bouteille","16":"product_tag-carnet-de-notes","17":"product_tag-conception","18":"product_tag-crochet-pour-sac","19":"product_tag-decapsuleur","20":"product_tag-epingles-a-badigeonner","21":"product_tag-etreinte","22":"product_tag-grave","23":"product_tag-jaszipper-fr","24":"product_tag-mademoiselle","25":"product_tag-meilleur","26":"product_tag-ouvre-lettres","27":"product_tag-pepite","28":"product_tag-perles","29":"product_tag-personnalise","30":"product_tag-porte-cles","31":"product_tag-presente","32":"product_tag-propre","33":"product_tag-rangee","34":"product_tag-silicone-fr","35":"product_tag-souhait","36":"product_tag-stylo","37":"product_tag-stylos","38":"product_tag-sur-mesure","39":"product_tag-taille","40":"product_tag-tireuse-a-biere","41":"product_tag-vacances","43":"first","44":"instock","45":"taxable","46":"shipping-taxable","47":"purchasable","48":"product-type-variable"},"bundled_by":["270520","270520"],"bundle_stock_status":"instock","bundle_stock_quantity":null,"bundle_virtual":false,"bundle_layout":"","bundle_add_to_cart_form_location":"","bundle_editable_in_cart":false,"bundle_sold_individually_context":"","bundle_item_grouping":"","bundle_min_size":"","bundle_max_size":"","bundle_price":[],"bundled_items":[],"bundle_sell_ids":[],"yoast_head":"<!-- This site is optimized with the Yoast SEO Premium plugin v27.6 (Yoast SEO v27.6) - https:\/\/yoast.com\/product\/yoast-seo-premium-wordpress\/ -->\n<title>Perle en silicone - Wish token - Besties | Jootjes<\/title>\n<meta name=\"description\" content=\"Perles de silicone grav\u00e9es en forme de jeton de v\u0153u avec le texte Besties. Tr\u00e8s amusant pour cr\u00e9er vos propres porte-cl\u00e9s.\" \/>\n<meta name=\"robots\" content=\"index, follow, max-snippet:-1, max-image-preview:large, max-video-preview:-1\" \/>\n<link rel=\"canonical\" href=\"https:\/\/www.jootjeshaakcadeautjes.nl\/fr\/produit\/perle-en-silicone-jeton-de-voeux-grave-enseignant-avec-impression-de-fleurs-kopie-kopie-kopie-kopie\/\" \/>\n<meta property=\"og:locale\" content=\"fr_FR\" \/>\n<meta property=\"og:type\" content=\"article\" \/>\n<meta property=\"og:title\" content=\"Perle en silicone - Jeton de v\u0153ux - Grav\u00e9 - Besties\" \/>\n<meta property=\"og:description\" content=\"Perles de silicone grav\u00e9es en forme de jeton de v\u0153u avec le texte Besties. Tr\u00e8s amusant pour cr\u00e9er vos propres porte-cl\u00e9s.\" \/>\n<meta property=\"og:url\" content=\"https:\/\/www.jootjeshaakcadeautjes.nl\/fr\/produit\/perle-en-silicone-jeton-de-voeux-grave-enseignant-avec-impression-de-fleurs-kopie-kopie-kopie-kopie\/\" \/>\n<meta property=\"og:site_name\" content=\"Jootjes Haakcadeautjes\" \/>\n<meta property=\"article:modified_time\" content=\"2026-05-08T13:11:22+00:00\" \/>\n<meta property=\"og:image\" content=\"https:\/\/d1dyryakdmle7o.cloudfront.net\/wp-content\/uploads\/2026\/02\/instagram_grid_matched_besties.webp\" \/>\n\t<meta property=\"og:image:width\" content=\"1080\" \/>\n\t<meta property=\"og:image:height\" content=\"1080\" \/>\n\t<meta property=\"og:image:type\" content=\"image\/webp\" \/>\n<meta name=\"twitter:card\" content=\"summary_large_image\" \/>\n<meta name=\"twitter:label1\" content=\"Disponibilit\u00e9\" \/>\n\t<meta name=\"twitter:data1\" content=\"En stock\" \/>\n<script type=\"application\/ld+json\" class=\"yoast-schema-graph\">{\"@context\":\"https:\\\/\\\/schema.org\",\"@graph\":[{\"@type\":\"WebPage\",\"@id\":\"https:\\\/\\\/www.jootjeshaakcadeautjes.nl\\\/fr\\\/produit\\\/perle-en-silicone-jeton-de-voeux-grave-enseignant-avec-impression-de-fleurs-kopie-kopie-kopie-kopie\\\/\",\"url\":\"https:\\\/\\\/www.jootjeshaakcadeautjes.nl\\\/fr\\\/produit\\\/perle-en-silicone-jeton-de-voeux-grave-enseignant-avec-impression-de-fleurs-kopie-kopie-kopie-kopie\\\/\",\"name\":\"Perle en silicone - Wish token - Besties | Jootjes\",\"isPartOf\":{\"@id\":\"https:\\\/\\\/www.jootjeshaakcadeautjes.nl\\\/fr\\\/#website\"},\"primaryImageOfPage\":{\"@id\":\"https:\\\/\\\/www.jootjeshaakcadeautjes.nl\\\/fr\\\/produit\\\/perle-en-silicone-jeton-de-voeux-grave-enseignant-avec-impression-de-fleurs-kopie-kopie-kopie-kopie\\\/#primaryimage\"},\"image\":{\"@id\":\"https:\\\/\\\/www.jootjeshaakcadeautjes.nl\\\/fr\\\/produit\\\/perle-en-silicone-jeton-de-voeux-grave-enseignant-avec-impression-de-fleurs-kopie-kopie-kopie-kopie\\\/#primaryimage\"},\"thumbnailUrl\":\"https:\\\/\\\/d1dyryakdmle7o.cloudfront.net\\\/wp-content\\\/uploads\\\/2026\\\/02\\\/instagram_grid_matched_besties.webp\",\"datePublished\":\"2026-02-07T14:20:59+00:00\",\"dateModified\":\"2026-05-08T13:11:22+00:00\",\"description\":\"Perles de silicone grav\u00e9es en forme de jeton de v\u0153u avec le texte Besties. Tr\u00e8s amusant pour cr\u00e9er vos propres porte-cl\u00e9s.\",\"breadcrumb\":{\"@id\":\"https:\\\/\\\/www.jootjeshaakcadeautjes.nl\\\/fr\\\/produit\\\/perle-en-silicone-jeton-de-voeux-grave-enseignant-avec-impression-de-fleurs-kopie-kopie-kopie-kopie\\\/#breadcrumb\"},\"inLanguage\":\"fr-FR\",\"potentialAction\":[{\"@type\":\"ReadAction\",\"target\":[\"https:\\\/\\\/www.jootjeshaakcadeautjes.nl\\\/fr\\\/produit\\\/perle-en-silicone-jeton-de-voeux-grave-enseignant-avec-impression-de-fleurs-kopie-kopie-kopie-kopie\\\/\"]}]},{\"@type\":\"ImageObject\",\"inLanguage\":\"fr-FR\",\"@id\":\"https:\\\/\\\/www.jootjeshaakcadeautjes.nl\\\/fr\\\/produit\\\/perle-en-silicone-jeton-de-voeux-grave-enseignant-avec-impression-de-fleurs-kopie-kopie-kopie-kopie\\\/#primaryimage\",\"url\":\"https:\\\/\\\/d1dyryakdmle7o.cloudfront.net\\\/wp-content\\\/uploads\\\/2026\\\/02\\\/instagram_grid_matched_besties.webp\",\"contentUrl\":\"https:\\\/\\\/d1dyryakdmle7o.cloudfront.net\\\/wp-content\\\/uploads\\\/2026\\\/02\\\/instagram_grid_matched_besties.webp\",\"width\":1080,\"height\":1080},{\"@type\":\"BreadcrumbList\",\"@id\":\"https:\\\/\\\/www.jootjeshaakcadeautjes.nl\\\/fr\\\/produit\\\/perle-en-silicone-jeton-de-voeux-grave-enseignant-avec-impression-de-fleurs-kopie-kopie-kopie-kopie\\\/#breadcrumb\",\"itemListElement\":[{\"@type\":\"ListItem\",\"position\":1,\"name\":\"Accueil\",\"item\":\"https:\\\/\\\/www.jootjeshaakcadeautjes.nl\\\/fr\\\/\"},{\"@type\":\"ListItem\",\"position\":2,\"name\":\"Commerce de gros de perles en silicone &#8211; Entreprises et consommateurs\",\"item\":\"https:\\\/\\\/www.jootjeshaakcadeautjes.nl\\\/fr\\\/boutique\\\/\"},{\"@type\":\"ListItem\",\"position\":3,\"name\":\"Perle en silicone &#8211; Jeton de v\u0153ux &#8211; Grav\u00e9 &#8211; Besties\"}]},{\"@type\":\"WebSite\",\"@id\":\"https:\\\/\\\/www.jootjeshaakcadeautjes.nl\\\/fr\\\/#website\",\"url\":\"https:\\\/\\\/www.jootjeshaakcadeautjes.nl\\\/fr\\\/\",\"name\":\"Jootjes Haakcadeautjes\",\"description\":\"Grossiste en perles de silicone\",\"publisher\":{\"@id\":\"https:\\\/\\\/www.jootjeshaakcadeautjes.nl\\\/fr\\\/#organization\"},\"potentialAction\":[{\"@type\":\"SearchAction\",\"target\":{\"@type\":\"EntryPoint\",\"urlTemplate\":\"https:\\\/\\\/www.jootjeshaakcadeautjes.nl\\\/fr\\\/?s={search_term_string}\"},\"query-input\":{\"@type\":\"PropertyValueSpecification\",\"valueRequired\":true,\"valueName\":\"search_term_string\"}}],\"inLanguage\":\"fr-FR\"},{\"@type\":\"Organization\",\"@id\":\"https:\\\/\\\/www.jootjeshaakcadeautjes.nl\\\/fr\\\/#organization\",\"name\":\"Jootjes Haakcadeautjes\",\"url\":\"https:\\\/\\\/www.jootjeshaakcadeautjes.nl\\\/fr\\\/\",\"logo\":{\"@type\":\"ImageObject\",\"inLanguage\":\"fr-FR\",\"@id\":\"https:\\\/\\\/www.jootjeshaakcadeautjes.nl\\\/fr\\\/#\\\/schema\\\/logo\\\/image\\\/\",\"url\":\"https:\\\/\\\/d1dyryakdmle7o.cloudfront.net\\\/wp-content\\\/uploads\\\/2023\\\/05\\\/Logo-rond.png\",\"contentUrl\":\"https:\\\/\\\/d1dyryakdmle7o.cloudfront.net\\\/wp-content\\\/uploads\\\/2023\\\/05\\\/Logo-rond.png\",\"width\":1222,\"height\":1222,\"caption\":\"Jootjes Haakcadeautjes\"},\"image\":{\"@id\":\"https:\\\/\\\/www.jootjeshaakcadeautjes.nl\\\/fr\\\/#\\\/schema\\\/logo\\\/image\\\/\"}}]}<\/script>\n<meta property=\"og:availability\" content=\"instock\" \/>\n<meta property=\"product:availability\" content=\"instock\" \/>\n<meta property=\"product:retailer_item_id\" content=\"GWENS-BESTI\" \/>\n<meta property=\"product:condition\" content=\"new\" \/>\n<!-- \/ Yoast SEO Premium plugin. -->","yoast_head_json":{"title":"Perle en silicone - Wish token - Besties | Jootjes","description":"Perles de silicone grav\u00e9es en forme de jeton de v\u0153u avec le texte Besties. Tr\u00e8s amusant pour cr\u00e9er vos propres porte-cl\u00e9s.","robots":{"index":"index","follow":"follow","max-snippet":"max-snippet:-1","max-image-preview":"max-image-preview:large","max-video-preview":"max-video-preview:-1"},"canonical":"https:\/\/www.jootjeshaakcadeautjes.nl\/fr\/produit\/perle-en-silicone-jeton-de-voeux-grave-enseignant-avec-impression-de-fleurs-kopie-kopie-kopie-kopie\/","og_locale":"fr_FR","og_type":"article","og_title":"Perle en silicone - Jeton de v\u0153ux - Grav\u00e9 - Besties","og_description":"Perles de silicone grav\u00e9es en forme de jeton de v\u0153u avec le texte Besties. Tr\u00e8s amusant pour cr\u00e9er vos propres porte-cl\u00e9s.","og_url":"https:\/\/www.jootjeshaakcadeautjes.nl\/fr\/produit\/perle-en-silicone-jeton-de-voeux-grave-enseignant-avec-impression-de-fleurs-kopie-kopie-kopie-kopie\/","og_site_name":"Jootjes Haakcadeautjes","article_modified_time":"2026-05-08T13:11:22+00:00","og_image":[{"width":1080,"height":1080,"url":"https:\/\/d1dyryakdmle7o.cloudfront.net\/wp-content\/uploads\/2026\/02\/instagram_grid_matched_besties.webp","type":"image\/webp"}],"twitter_card":"summary_large_image","twitter_misc":{"Disponibilit\u00e9":"En stock"},"schema":{"@context":"https:\/\/schema.org","@graph":[{"@type":"WebPage","@id":"https:\/\/www.jootjeshaakcadeautjes.nl\/fr\/produit\/perle-en-silicone-jeton-de-voeux-grave-enseignant-avec-impression-de-fleurs-kopie-kopie-kopie-kopie\/","url":"https:\/\/www.jootjeshaakcadeautjes.nl\/fr\/produit\/perle-en-silicone-jeton-de-voeux-grave-enseignant-avec-impression-de-fleurs-kopie-kopie-kopie-kopie\/","name":"Perle en silicone - Wish token - Besties | Jootjes","isPartOf":{"@id":"https:\/\/www.jootjeshaakcadeautjes.nl\/fr\/#website"},"primaryImageOfPage":{"@id":"https:\/\/www.jootjeshaakcadeautjes.nl\/fr\/produit\/perle-en-silicone-jeton-de-voeux-grave-enseignant-avec-impression-de-fleurs-kopie-kopie-kopie-kopie\/#primaryimage"},"image":{"@id":"https:\/\/www.jootjeshaakcadeautjes.nl\/fr\/produit\/perle-en-silicone-jeton-de-voeux-grave-enseignant-avec-impression-de-fleurs-kopie-kopie-kopie-kopie\/#primaryimage"},"thumbnailUrl":"https:\/\/d1dyryakdmle7o.cloudfront.net\/wp-content\/uploads\/2026\/02\/instagram_grid_matched_besties.webp","datePublished":"2026-02-07T14:20:59+00:00","dateModified":"2026-05-08T13:11:22+00:00","description":"Perles de silicone grav\u00e9es en forme de jeton de v\u0153u avec le texte Besties. Tr\u00e8s amusant pour cr\u00e9er vos propres porte-cl\u00e9s.","breadcrumb":{"@id":"https:\/\/www.jootjeshaakcadeautjes.nl\/fr\/produit\/perle-en-silicone-jeton-de-voeux-grave-enseignant-avec-impression-de-fleurs-kopie-kopie-kopie-kopie\/#breadcrumb"},"inLanguage":"fr-FR","potentialAction":[{"@type":"ReadAction","target":["https:\/\/www.jootjeshaakcadeautjes.nl\/fr\/produit\/perle-en-silicone-jeton-de-voeux-grave-enseignant-avec-impression-de-fleurs-kopie-kopie-kopie-kopie\/"]}]},{"@type":"ImageObject","inLanguage":"fr-FR","@id":"https:\/\/www.jootjeshaakcadeautjes.nl\/fr\/produit\/perle-en-silicone-jeton-de-voeux-grave-enseignant-avec-impression-de-fleurs-kopie-kopie-kopie-kopie\/#primaryimage","url":"https:\/\/d1dyryakdmle7o.cloudfront.net\/wp-content\/uploads\/2026\/02\/instagram_grid_matched_besties.webp","contentUrl":"https:\/\/d1dyryakdmle7o.cloudfront.net\/wp-content\/uploads\/2026\/02\/instagram_grid_matched_besties.webp","width":1080,"height":1080},{"@type":"BreadcrumbList","@id":"https:\/\/www.jootjeshaakcadeautjes.nl\/fr\/produit\/perle-en-silicone-jeton-de-voeux-grave-enseignant-avec-impression-de-fleurs-kopie-kopie-kopie-kopie\/#breadcrumb","itemListElement":[{"@type":"ListItem","position":1,"name":"Accueil","item":"https:\/\/www.jootjeshaakcadeautjes.nl\/fr\/"},{"@type":"ListItem","position":2,"name":"Commerce de gros de perles en silicone &#8211; Entreprises et consommateurs","item":"https:\/\/www.jootjeshaakcadeautjes.nl\/fr\/boutique\/"},{"@type":"ListItem","position":3,"name":"Perle en silicone &#8211; Jeton de v\u0153ux &#8211; Grav\u00e9 &#8211; Besties"}]},{"@type":"WebSite","@id":"https:\/\/www.jootjeshaakcadeautjes.nl\/fr\/#website","url":"https:\/\/www.jootjeshaakcadeautjes.nl\/fr\/","name":"Jootjes Haakcadeautjes","description":"Grossiste en perles de silicone","publisher":{"@id":"https:\/\/www.jootjeshaakcadeautjes.nl\/fr\/#organization"},"potentialAction":[{"@type":"SearchAction","target":{"@type":"EntryPoint","urlTemplate":"https:\/\/www.jootjeshaakcadeautjes.nl\/fr\/?s={search_term_string}"},"query-input":{"@type":"PropertyValueSpecification","valueRequired":true,"valueName":"search_term_string"}}],"inLanguage":"fr-FR"},{"@type":"Organization","@id":"https:\/\/www.jootjeshaakcadeautjes.nl\/fr\/#organization","name":"Jootjes Haakcadeautjes","url":"https:\/\/www.jootjeshaakcadeautjes.nl\/fr\/","logo":{"@type":"ImageObject","inLanguage":"fr-FR","@id":"https:\/\/www.jootjeshaakcadeautjes.nl\/fr\/#\/schema\/logo\/image\/","url":"https:\/\/d1dyryakdmle7o.cloudfront.net\/wp-content\/uploads\/2023\/05\/Logo-rond.png","contentUrl":"https:\/\/d1dyryakdmle7o.cloudfront.net\/wp-content\/uploads\/2023\/05\/Logo-rond.png","width":1222,"height":1222,"caption":"Jootjes Haakcadeautjes"},"image":{"@id":"https:\/\/www.jootjeshaakcadeautjes.nl\/fr\/#\/schema\/logo\/image\/"}}]},"og_availability":"instock","product_availability":"instock","product_retailer_item_id":"GWENS-BESTI","product_condition":"new"},"_links":{"self":[{"href":"https:\/\/www.jootjeshaakcadeautjes.nl\/fr\/wp-json\/wp\/v2\/product\/270315","targetHints":{"allow":["GET"]}}],"collection":[{"href":"https:\/\/www.jootjeshaakcadeautjes.nl\/fr\/wp-json\/wp\/v2\/product"}],"about":[{"href":"https:\/\/www.jootjeshaakcadeautjes.nl\/fr\/wp-json\/wp\/v2\/types\/product"}],"version-history":[{"count":1,"href":"https:\/\/www.jootjeshaakcadeautjes.nl\/fr\/wp-json\/wp\/v2\/product\/270315\/revisions"}],"predecessor-version":[{"id":271785,"href":"https:\/\/www.jootjeshaakcadeautjes.nl\/fr\/wp-json\/wp\/v2\/product\/270315\/revisions\/271785"}],"wp:featuredmedia":[{"embeddable":true,"href":"https:\/\/www.jootjeshaakcadeautjes.nl\/fr\/wp-json\/wp\/v2\/media\/270374"}],"wp:attachment":[{"href":"https:\/\/www.jootjeshaakcadeautjes.nl\/fr\/wp-json\/wp\/v2\/media?parent=270315"}],"wp:term":[{"taxonomy":"product_brand","embeddable":true,"href":"https:\/\/www.jootjeshaakcadeautjes.nl\/fr\/wp-json\/wp\/v2\/product_brand?post=270315"},{"taxonomy":"product_cat","embeddable":true,"href":"https:\/\/www.jootjeshaakcadeautjes.nl\/fr\/wp-json\/wp\/v2\/product_cat?post=270315"},{"taxonomy":"product_tag","embeddable":true,"href":"https:\/\/www.jootjeshaakcadeautjes.nl\/fr\/wp-json\/wp\/v2\/product_tag?post=270315"}],"curies":[{"name":"wp","href":"https:\/\/api.w.org\/{rel}","templated":true}]}}