{"id":272051,"date":"2026-02-12T14:38:04","date_gmt":"2026-02-12T13:38:04","guid":{"rendered":"https:\/\/www.jootjeshaakcadeautjes.nl\/?post_type=product&#038;p=272051"},"modified":"2026-05-08T15:11:31","modified_gmt":"2026-05-08T13:11:31","slug":"perles-en-silicone-16-mm-rondes-mauve-kopie-kopie","status":"publish","type":"product","link":"https:\/\/www.jootjeshaakcadeautjes.nl\/fr\/produit\/perles-en-silicone-16-mm-rondes-mauve-kopie-kopie\/","title":{"rendered":"Perles en silicone &#8211; 16 mm &#8211; rondes &#8211; sarcelle fonc\u00e9"},"content":{"rendered":"<h2>Perles en silicone &#8211; 16 mm &#8211; rondes &#8211; sarcelle fonc\u00e9<\/h2>\n<ul>\n<li>Couleur : Sarcelle fonc\u00e9e<\/li>\n<li>Taille : 16 mm<\/li>\n<li>Forme : Perles rondes<\/li>\n<li>Diam\u00e8tre du trou de fixation : 2,5 mm<\/li>\n<li>Mat\u00e9riau : silicone sans danger pour les b\u00e9b\u00e9s, compos\u00e9 \u00e0 100 % de silicone sans BPA, test\u00e9 en toute s\u00e9curit\u00e9 conform\u00e9ment aux directives EN-71 et donc adapt\u00e9 \u00e0 un produit fini certifi\u00e9 CE.<\/li>\n<li>Vendu \u00e0 l&#8217;unit\u00e9, nulle part moins cher<\/li>\n<\/ul>\n","protected":false},"excerpt":{"rendered":"<p>Couleur : Sarcelle fonc\u00e9e<\/p>\n<ul>\n<li>Taille : 16 mm<\/li>\n<li>Forme : Perles rondes<\/li>\n<li>Diam\u00e8tre du trou de fixation : 2,5 mm<\/li>\n<li>Vendu \u00e0 l&#8217;unit\u00e9<\/li>\n<li>S\u00e9curit\u00e9 chimique test\u00e9e selon les directives EN-71<\/li>\n<li>Convient aux produits finis certifi\u00e9s CE<\/li>\n<li>Exempt de BPA, de phtalates, de plomb, de PVC et de toxines<\/li>\n<\/ul>\n","protected":false},"featured_media":81880,"template":"","meta":[],"product_brand":[],"product_cat":[7378,7185,7642,6992],"product_tag":[7665,13449,7384,7401,7424,10295,7428,7489,12391,12654,7418,12379,10140,12401,7392,15185,7200,7482,10290,13451,13272,14257,7212],"class_list":{"0":"post-272051","1":"product","2":"type-product","3":"status-publish","4":"has-post-thumbnail","6":"product_cat-fabrication-de-jouets-de-dentition-pour-bebe-cordon-de-sucette-et-anneaux-de-dentition","7":"product_cat-nouveaux-produits","8":"product_cat-perles-en-silicone-16-mm-rondes","9":"product_cat-perles-en-silicone-sans-bpa-grossiste","10":"product_tag-16-fr","11":"product_tag-adapte-aux-enfants","12":"product_tag-anneau-de-dentition","13":"product_tag-bebe","14":"product_tag-bpa-fr","15":"product_tag-certifie-fr","16":"product_tag-collier-dallaitement","17":"product_tag-crochet-pour-sac","18":"product_tag-dents","19":"product_tag-enfant-en-bas-age","20":"product_tag-faux-cordon","21":"product_tag-fda-fr","22":"product_tag-jaszipper-fr","23":"product_tag-lavable","24":"product_tag-mm-fr","25":"product_tag-pendentif-telephone","26":"product_tag-perles","27":"product_tag-phtalates","28":"product_tag-protection-des-enfants","29":"product_tag-qualite-medicale","30":"product_tag-refroidissable","31":"product_tag-sarcelle-foncee","32":"product_tag-silicone-fr","34":"first","35":"instock","36":"taxable","37":"shipping-taxable","38":"purchasable","39":"product-type-simple"},"bundled_by":[],"bundle_stock_status":"instock","bundle_stock_quantity":192,"bundle_virtual":false,"bundle_layout":"","bundle_add_to_cart_form_location":"","bundle_editable_in_cart":false,"bundle_sold_individually_context":"","bundle_item_grouping":"","bundle_min_size":"","bundle_max_size":"","bundle_price":[],"bundled_items":[],"bundle_sell_ids":[],"yoast_head":"<!-- This site is optimized with the Yoast SEO Premium plugin v27.6 (Yoast SEO v27.6) - https:\/\/yoast.com\/product\/yoast-seo-premium-wordpress\/ -->\n<title>Perles en silicone - 16 mm - rondes - sarcelle fonc\u00e9 -%.<\/title>\n<meta name=\"description\" content=\"Perles de silicone rondes de 16 mm de couleur sarcelle fonc\u00e9e. Perle la plus couramment utilis\u00e9e dans les cordons de mannequins. Sans BPA et sans danger chimique, test\u00e9 selon les directives EN71.\" \/>\n<meta name=\"robots\" content=\"index, follow, max-snippet:-1, max-image-preview:large, max-video-preview:-1\" \/>\n<link rel=\"canonical\" href=\"https:\/\/www.jootjeshaakcadeautjes.nl\/fr\/produit\/perles-en-silicone-16-mm-rondes-mauve-kopie-kopie\/\" \/>\n<meta property=\"og:locale\" content=\"fr_FR\" \/>\n<meta property=\"og:type\" content=\"article\" \/>\n<meta property=\"og:title\" content=\"Perles en silicone - 16 mm - rondes - sarcelle fonc\u00e9\" \/>\n<meta property=\"og:description\" content=\"Perles de silicone rondes de 16 mm de couleur sarcelle fonc\u00e9e. Perle la plus couramment utilis\u00e9e dans les cordons de mannequins. Sans BPA et sans danger chimique, test\u00e9 selon les directives EN71.\" \/>\n<meta property=\"og:url\" content=\"https:\/\/www.jootjeshaakcadeautjes.nl\/fr\/produit\/perles-en-silicone-16-mm-rondes-mauve-kopie-kopie\/\" \/>\n<meta property=\"og:site_name\" content=\"Jootjes Haakcadeautjes\" \/>\n<meta property=\"article:modified_time\" content=\"2026-05-08T13:11:31+00:00\" \/>\n<meta property=\"og:image\" content=\"https:\/\/d1dyryakdmle7o.cloudfront.net\/wp-content\/uploads\/2022\/06\/20220712_200941.jpg\" \/>\n\t<meta property=\"og:image:width\" content=\"2048\" \/>\n\t<meta property=\"og:image:height\" content=\"2048\" \/>\n\t<meta property=\"og:image:type\" content=\"image\/jpeg\" \/>\n<meta name=\"twitter:card\" content=\"summary_large_image\" \/>\n<meta name=\"twitter:label1\" content=\"Prix\" \/>\n\t<meta name=\"twitter:data1\" content=\"&euro;0.30 TTC\" \/>\n\t<meta name=\"twitter:label2\" content=\"Disponibilit\u00e9\" \/>\n\t<meta name=\"twitter:data2\" content=\"En stock\" \/>\n<script type=\"application\/ld+json\" class=\"yoast-schema-graph\">{\"@context\":\"https:\\\/\\\/schema.org\",\"@graph\":[{\"@type\":\"WebPage\",\"@id\":\"https:\\\/\\\/www.jootjeshaakcadeautjes.nl\\\/fr\\\/produit\\\/perles-en-silicone-16-mm-rondes-mauve-kopie-kopie\\\/\",\"url\":\"https:\\\/\\\/www.jootjeshaakcadeautjes.nl\\\/fr\\\/produit\\\/perles-en-silicone-16-mm-rondes-mauve-kopie-kopie\\\/\",\"name\":\"Perles en silicone - 16 mm - rondes - sarcelle fonc\u00e9 -%.\",\"isPartOf\":{\"@id\":\"https:\\\/\\\/www.jootjeshaakcadeautjes.nl\\\/fr\\\/#website\"},\"primaryImageOfPage\":{\"@id\":\"https:\\\/\\\/www.jootjeshaakcadeautjes.nl\\\/fr\\\/produit\\\/perles-en-silicone-16-mm-rondes-mauve-kopie-kopie\\\/#primaryimage\"},\"image\":{\"@id\":\"https:\\\/\\\/www.jootjeshaakcadeautjes.nl\\\/fr\\\/produit\\\/perles-en-silicone-16-mm-rondes-mauve-kopie-kopie\\\/#primaryimage\"},\"thumbnailUrl\":\"https:\\\/\\\/d1dyryakdmle7o.cloudfront.net\\\/wp-content\\\/uploads\\\/2022\\\/06\\\/20220712_200941.jpg\",\"datePublished\":\"2026-02-12T13:38:04+00:00\",\"dateModified\":\"2026-05-08T13:11:31+00:00\",\"description\":\"Perles de silicone rondes de 16 mm de couleur sarcelle fonc\u00e9e. Perle la plus couramment utilis\u00e9e dans les cordons de mannequins. Sans BPA et sans danger chimique, test\u00e9 selon les directives EN71.\",\"breadcrumb\":{\"@id\":\"https:\\\/\\\/www.jootjeshaakcadeautjes.nl\\\/fr\\\/produit\\\/perles-en-silicone-16-mm-rondes-mauve-kopie-kopie\\\/#breadcrumb\"},\"inLanguage\":\"fr-FR\",\"potentialAction\":[{\"@type\":\"ReadAction\",\"target\":[\"https:\\\/\\\/www.jootjeshaakcadeautjes.nl\\\/fr\\\/produit\\\/perles-en-silicone-16-mm-rondes-mauve-kopie-kopie\\\/\"]}]},{\"@type\":\"ImageObject\",\"inLanguage\":\"fr-FR\",\"@id\":\"https:\\\/\\\/www.jootjeshaakcadeautjes.nl\\\/fr\\\/produit\\\/perles-en-silicone-16-mm-rondes-mauve-kopie-kopie\\\/#primaryimage\",\"url\":\"https:\\\/\\\/d1dyryakdmle7o.cloudfront.net\\\/wp-content\\\/uploads\\\/2022\\\/06\\\/20220712_200941.jpg\",\"contentUrl\":\"https:\\\/\\\/d1dyryakdmle7o.cloudfront.net\\\/wp-content\\\/uploads\\\/2022\\\/06\\\/20220712_200941.jpg\",\"width\":2048,\"height\":2048,\"caption\":\"Anneau de dentition en silicone cordon de t\u00e9tine grossiste sarcelle fonc\u00e9\"},{\"@type\":\"BreadcrumbList\",\"@id\":\"https:\\\/\\\/www.jootjeshaakcadeautjes.nl\\\/fr\\\/produit\\\/perles-en-silicone-16-mm-rondes-mauve-kopie-kopie\\\/#breadcrumb\",\"itemListElement\":[{\"@type\":\"ListItem\",\"position\":1,\"name\":\"Accueil\",\"item\":\"https:\\\/\\\/www.jootjeshaakcadeautjes.nl\\\/fr\\\/\"},{\"@type\":\"ListItem\",\"position\":2,\"name\":\"Commerce de gros de perles en silicone &#8211; Entreprises et consommateurs\",\"item\":\"https:\\\/\\\/www.jootjeshaakcadeautjes.nl\\\/fr\\\/boutique\\\/\"},{\"@type\":\"ListItem\",\"position\":3,\"name\":\"Perles en silicone &#8211; 16 mm &#8211; rondes &#8211; sarcelle fonc\u00e9\"}]},{\"@type\":\"WebSite\",\"@id\":\"https:\\\/\\\/www.jootjeshaakcadeautjes.nl\\\/fr\\\/#website\",\"url\":\"https:\\\/\\\/www.jootjeshaakcadeautjes.nl\\\/fr\\\/\",\"name\":\"Jootjes Haakcadeautjes\",\"description\":\"Grossiste en perles de silicone\",\"publisher\":{\"@id\":\"https:\\\/\\\/www.jootjeshaakcadeautjes.nl\\\/fr\\\/#organization\"},\"potentialAction\":[{\"@type\":\"SearchAction\",\"target\":{\"@type\":\"EntryPoint\",\"urlTemplate\":\"https:\\\/\\\/www.jootjeshaakcadeautjes.nl\\\/fr\\\/?s={search_term_string}\"},\"query-input\":{\"@type\":\"PropertyValueSpecification\",\"valueRequired\":true,\"valueName\":\"search_term_string\"}}],\"inLanguage\":\"fr-FR\"},{\"@type\":\"Organization\",\"@id\":\"https:\\\/\\\/www.jootjeshaakcadeautjes.nl\\\/fr\\\/#organization\",\"name\":\"Jootjes Haakcadeautjes\",\"url\":\"https:\\\/\\\/www.jootjeshaakcadeautjes.nl\\\/fr\\\/\",\"logo\":{\"@type\":\"ImageObject\",\"inLanguage\":\"fr-FR\",\"@id\":\"https:\\\/\\\/www.jootjeshaakcadeautjes.nl\\\/fr\\\/#\\\/schema\\\/logo\\\/image\\\/\",\"url\":\"https:\\\/\\\/d1dyryakdmle7o.cloudfront.net\\\/wp-content\\\/uploads\\\/2023\\\/05\\\/Logo-rond.png\",\"contentUrl\":\"https:\\\/\\\/d1dyryakdmle7o.cloudfront.net\\\/wp-content\\\/uploads\\\/2023\\\/05\\\/Logo-rond.png\",\"width\":1222,\"height\":1222,\"caption\":\"Jootjes Haakcadeautjes\"},\"image\":{\"@id\":\"https:\\\/\\\/www.jootjeshaakcadeautjes.nl\\\/fr\\\/#\\\/schema\\\/logo\\\/image\\\/\"}}]}<\/script>\n<meta property=\"product:price:amount\" content=\"0.30\" \/>\n<meta property=\"product:price:currency\" content=\"EUR\" \/>\n<meta property=\"og:availability\" content=\"instock\" \/>\n<meta property=\"product:availability\" content=\"instock\" \/>\n<meta property=\"product:retailer_item_id\" content=\"SKR-016-DAT\" \/>\n<meta property=\"product:condition\" content=\"new\" \/>\n<!-- \/ Yoast SEO Premium plugin. -->","yoast_head_json":{"title":"Perles en silicone - 16 mm - rondes - sarcelle fonc\u00e9 -%.","description":"Perles de silicone rondes de 16 mm de couleur sarcelle fonc\u00e9e. Perle la plus couramment utilis\u00e9e dans les cordons de mannequins. Sans BPA et sans danger chimique, test\u00e9 selon les directives EN71.","robots":{"index":"index","follow":"follow","max-snippet":"max-snippet:-1","max-image-preview":"max-image-preview:large","max-video-preview":"max-video-preview:-1"},"canonical":"https:\/\/www.jootjeshaakcadeautjes.nl\/fr\/produit\/perles-en-silicone-16-mm-rondes-mauve-kopie-kopie\/","og_locale":"fr_FR","og_type":"article","og_title":"Perles en silicone - 16 mm - rondes - sarcelle fonc\u00e9","og_description":"Perles de silicone rondes de 16 mm de couleur sarcelle fonc\u00e9e. Perle la plus couramment utilis\u00e9e dans les cordons de mannequins. Sans BPA et sans danger chimique, test\u00e9 selon les directives EN71.","og_url":"https:\/\/www.jootjeshaakcadeautjes.nl\/fr\/produit\/perles-en-silicone-16-mm-rondes-mauve-kopie-kopie\/","og_site_name":"Jootjes Haakcadeautjes","article_modified_time":"2026-05-08T13:11:31+00:00","og_image":[{"width":2048,"height":2048,"url":"https:\/\/d1dyryakdmle7o.cloudfront.net\/wp-content\/uploads\/2022\/06\/20220712_200941.jpg","type":"image\/jpeg"}],"twitter_card":"summary_large_image","twitter_misc":{"Prix":"&euro;0.30 TTC","Disponibilit\u00e9":"En stock"},"schema":{"@context":"https:\/\/schema.org","@graph":[{"@type":"WebPage","@id":"https:\/\/www.jootjeshaakcadeautjes.nl\/fr\/produit\/perles-en-silicone-16-mm-rondes-mauve-kopie-kopie\/","url":"https:\/\/www.jootjeshaakcadeautjes.nl\/fr\/produit\/perles-en-silicone-16-mm-rondes-mauve-kopie-kopie\/","name":"Perles en silicone - 16 mm - rondes - sarcelle fonc\u00e9 -%.","isPartOf":{"@id":"https:\/\/www.jootjeshaakcadeautjes.nl\/fr\/#website"},"primaryImageOfPage":{"@id":"https:\/\/www.jootjeshaakcadeautjes.nl\/fr\/produit\/perles-en-silicone-16-mm-rondes-mauve-kopie-kopie\/#primaryimage"},"image":{"@id":"https:\/\/www.jootjeshaakcadeautjes.nl\/fr\/produit\/perles-en-silicone-16-mm-rondes-mauve-kopie-kopie\/#primaryimage"},"thumbnailUrl":"https:\/\/d1dyryakdmle7o.cloudfront.net\/wp-content\/uploads\/2022\/06\/20220712_200941.jpg","datePublished":"2026-02-12T13:38:04+00:00","dateModified":"2026-05-08T13:11:31+00:00","description":"Perles de silicone rondes de 16 mm de couleur sarcelle fonc\u00e9e. Perle la plus couramment utilis\u00e9e dans les cordons de mannequins. Sans BPA et sans danger chimique, test\u00e9 selon les directives EN71.","breadcrumb":{"@id":"https:\/\/www.jootjeshaakcadeautjes.nl\/fr\/produit\/perles-en-silicone-16-mm-rondes-mauve-kopie-kopie\/#breadcrumb"},"inLanguage":"fr-FR","potentialAction":[{"@type":"ReadAction","target":["https:\/\/www.jootjeshaakcadeautjes.nl\/fr\/produit\/perles-en-silicone-16-mm-rondes-mauve-kopie-kopie\/"]}]},{"@type":"ImageObject","inLanguage":"fr-FR","@id":"https:\/\/www.jootjeshaakcadeautjes.nl\/fr\/produit\/perles-en-silicone-16-mm-rondes-mauve-kopie-kopie\/#primaryimage","url":"https:\/\/d1dyryakdmle7o.cloudfront.net\/wp-content\/uploads\/2022\/06\/20220712_200941.jpg","contentUrl":"https:\/\/d1dyryakdmle7o.cloudfront.net\/wp-content\/uploads\/2022\/06\/20220712_200941.jpg","width":2048,"height":2048,"caption":"Anneau de dentition en silicone cordon de t\u00e9tine grossiste sarcelle fonc\u00e9"},{"@type":"BreadcrumbList","@id":"https:\/\/www.jootjeshaakcadeautjes.nl\/fr\/produit\/perles-en-silicone-16-mm-rondes-mauve-kopie-kopie\/#breadcrumb","itemListElement":[{"@type":"ListItem","position":1,"name":"Accueil","item":"https:\/\/www.jootjeshaakcadeautjes.nl\/fr\/"},{"@type":"ListItem","position":2,"name":"Commerce de gros de perles en silicone &#8211; Entreprises et consommateurs","item":"https:\/\/www.jootjeshaakcadeautjes.nl\/fr\/boutique\/"},{"@type":"ListItem","position":3,"name":"Perles en silicone &#8211; 16 mm &#8211; rondes &#8211; sarcelle fonc\u00e9"}]},{"@type":"WebSite","@id":"https:\/\/www.jootjeshaakcadeautjes.nl\/fr\/#website","url":"https:\/\/www.jootjeshaakcadeautjes.nl\/fr\/","name":"Jootjes Haakcadeautjes","description":"Grossiste en perles de silicone","publisher":{"@id":"https:\/\/www.jootjeshaakcadeautjes.nl\/fr\/#organization"},"potentialAction":[{"@type":"SearchAction","target":{"@type":"EntryPoint","urlTemplate":"https:\/\/www.jootjeshaakcadeautjes.nl\/fr\/?s={search_term_string}"},"query-input":{"@type":"PropertyValueSpecification","valueRequired":true,"valueName":"search_term_string"}}],"inLanguage":"fr-FR"},{"@type":"Organization","@id":"https:\/\/www.jootjeshaakcadeautjes.nl\/fr\/#organization","name":"Jootjes Haakcadeautjes","url":"https:\/\/www.jootjeshaakcadeautjes.nl\/fr\/","logo":{"@type":"ImageObject","inLanguage":"fr-FR","@id":"https:\/\/www.jootjeshaakcadeautjes.nl\/fr\/#\/schema\/logo\/image\/","url":"https:\/\/d1dyryakdmle7o.cloudfront.net\/wp-content\/uploads\/2023\/05\/Logo-rond.png","contentUrl":"https:\/\/d1dyryakdmle7o.cloudfront.net\/wp-content\/uploads\/2023\/05\/Logo-rond.png","width":1222,"height":1222,"caption":"Jootjes Haakcadeautjes"},"image":{"@id":"https:\/\/www.jootjeshaakcadeautjes.nl\/fr\/#\/schema\/logo\/image\/"}}]},"product_price_amount":"0.30","product_price_currency":"EUR","og_availability":"instock","product_availability":"instock","product_retailer_item_id":"SKR-016-DAT","product_condition":"new"},"_links":{"self":[{"href":"https:\/\/www.jootjeshaakcadeautjes.nl\/fr\/wp-json\/wp\/v2\/product\/272051","targetHints":{"allow":["GET"]}}],"collection":[{"href":"https:\/\/www.jootjeshaakcadeautjes.nl\/fr\/wp-json\/wp\/v2\/product"}],"about":[{"href":"https:\/\/www.jootjeshaakcadeautjes.nl\/fr\/wp-json\/wp\/v2\/types\/product"}],"version-history":[{"count":1,"href":"https:\/\/www.jootjeshaakcadeautjes.nl\/fr\/wp-json\/wp\/v2\/product\/272051\/revisions"}],"predecessor-version":[{"id":279163,"href":"https:\/\/www.jootjeshaakcadeautjes.nl\/fr\/wp-json\/wp\/v2\/product\/272051\/revisions\/279163"}],"wp:featuredmedia":[{"embeddable":true,"href":"https:\/\/www.jootjeshaakcadeautjes.nl\/fr\/wp-json\/wp\/v2\/media\/81880"}],"wp:attachment":[{"href":"https:\/\/www.jootjeshaakcadeautjes.nl\/fr\/wp-json\/wp\/v2\/media?parent=272051"}],"wp:term":[{"taxonomy":"product_brand","embeddable":true,"href":"https:\/\/www.jootjeshaakcadeautjes.nl\/fr\/wp-json\/wp\/v2\/product_brand?post=272051"},{"taxonomy":"product_cat","embeddable":true,"href":"https:\/\/www.jootjeshaakcadeautjes.nl\/fr\/wp-json\/wp\/v2\/product_cat?post=272051"},{"taxonomy":"product_tag","embeddable":true,"href":"https:\/\/www.jootjeshaakcadeautjes.nl\/fr\/wp-json\/wp\/v2\/product_tag?post=272051"}],"curies":[{"name":"wp","href":"https:\/\/api.w.org\/{rel}","templated":true}]}}