{"id":273085,"date":"2026-02-19T16:00:21","date_gmt":"2026-02-19T14:00:21","guid":{"rendered":"https:\/\/www.jootjeshaakcadeautjes.nl\/?post_type=product&#038;p=273085"},"modified":"2026-05-08T15:11:02","modified_gmt":"2026-05-08T13:11:02","slug":"ouvre-bouteille-ouvre-biere-rowable-kopie-kopie-kopie-kopie-kopie-kopie-kopie-kopie-kopie-kopie","status":"publish","type":"product","link":"https:\/\/www.jootjeshaakcadeautjes.nl\/fr\/produit\/ouvre-bouteille-ouvre-biere-rowable-kopie-kopie-kopie-kopie-kopie-kopie-kopie-kopie-kopie-kopie\/","title":{"rendered":"Miroir Enfilable &#8211; B\u00e9b\u00e9 \/ Enfant &#8211; Rose tendre &#8211; Coeur"},"content":{"rendered":"<h2>Miroir Enfilable &#8211; B\u00e9b\u00e9 Enfant &#8211; Rose tendre &#8211; Coeur<\/h2>\n<p>Ce miroir \u00e0 badigeonner est un cadeau id\u00e9al pour les f\u00eates de fin d&#8217;ann\u00e9e ou une naissance. Vous pouvez \u00eatre tr\u00e8s vari\u00e9, des perles en silicone aux perles en bois en passant par les perles grav\u00e9es avec un message sp\u00e9cial. Un cadeau id\u00e9al pour les papas, les mamans, les grands-p\u00e8res et les grands-m\u00e8res, mais aussi pour les coll\u00e8gues, No\u00ebl, les vacances et bien d&#8217;autres choses encore !<\/p>\n","protected":false},"excerpt":{"rendered":"<p>Type : Miroir Enfilable &#8211; Baby Toddler &#8211; Soft Pink &#8211; Heart<br \/>\nToutes les perles s&#8217;adaptent \u00e0 ce peigne enfilable.<\/p>\n","protected":false},"featured_media":273376,"template":"","meta":[],"product_brand":[],"product_cat":[7188,12308,7185,18101,7195],"product_tag":[10059,13564,7401,10421,12654,13151,19552,19551,10432,7200,13152,12345,7230,13149,12862,7227,12295,7212,10028],"class_list":{"0":"post-273085","1":"product","2":"type-product","3":"status-publish","4":"has-post-thumbnail","6":"product_cat-bouchon-de-vin-filete-et-decapsuleur","7":"product_cat-materiel-de-bricolage-et-de-crochet","8":"product_cat-nouveaux-produits","9":"product_cat-perles-et-articles-de-bricolage-noel","10":"product_cat-produits-basteable-tous-les-produits-basteable","11":"product_tag-a-fr","12":"product_tag-batonnage","13":"product_tag-bebe","14":"product_tag-coeur","15":"product_tag-enfant-en-bas-age","16":"product_tag-fait","17":"product_tag-miroir","18":"product_tag-miroir-enfilable","19":"product_tag-ouvreur","20":"product_tag-perles","21":"product_tag-perles-au-laser","22":"product_tag-perles-en-bois","23":"product_tag-personnalisation","24":"product_tag-personnel","25":"product_tag-present-fr","26":"product_tag-rangee","27":"product_tag-rose-tendre","28":"product_tag-silicone-fr","29":"product_tag-taille","31":"first","32":"instock","33":"taxable","34":"shipping-taxable","35":"purchasable","36":"product-type-simple"},"bundled_by":[],"bundle_stock_status":"instock","bundle_stock_quantity":109,"bundle_virtual":false,"bundle_layout":"","bundle_add_to_cart_form_location":"","bundle_editable_in_cart":false,"bundle_sold_individually_context":"","bundle_item_grouping":"","bundle_min_size":"","bundle_max_size":"","bundle_price":[],"bundled_items":[],"bundle_sell_ids":[],"yoast_head":"<!-- This site is optimized with the Yoast SEO Premium plugin v27.4 (Yoast SEO v27.5) - https:\/\/yoast.com\/product\/yoast-seo-premium-wordpress\/ -->\n<title>Miroir Enfilable - B\u00e9b\u00e9 \/ Enfant - Rose tendre - Coeur - Jootjes Haakcadeautjes<\/title>\n<meta name=\"description\" content=\"Miroir Enfilable - Baby Toddler - Rose tendre - Coeur \u00e0 d\u00e9corer avec des perles en silicone et en bois. Le cadeau du jour ! Un cadeau sur mesure !\" \/>\n<meta name=\"robots\" content=\"index, follow, max-snippet:-1, max-image-preview:large, max-video-preview:-1\" \/>\n<link rel=\"canonical\" href=\"https:\/\/www.jootjeshaakcadeautjes.nl\/fr\/produit\/ouvre-bouteille-ouvre-biere-rowable-kopie-kopie-kopie-kopie-kopie-kopie-kopie-kopie-kopie-kopie\/\" \/>\n<meta property=\"og:locale\" content=\"fr_FR\" \/>\n<meta property=\"og:type\" content=\"article\" \/>\n<meta property=\"og:title\" content=\"Miroir Enfilable - B\u00e9b\u00e9 \/ Enfant - Rose tendre - Coeur\" \/>\n<meta property=\"og:description\" content=\"Miroir Enfilable - Baby Toddler - Rose tendre - Coeur \u00e0 d\u00e9corer avec des perles en silicone et en bois. Le cadeau du jour ! Un cadeau sur mesure !\" \/>\n<meta property=\"og:url\" content=\"https:\/\/www.jootjeshaakcadeautjes.nl\/fr\/produit\/ouvre-bouteille-ouvre-biere-rowable-kopie-kopie-kopie-kopie-kopie-kopie-kopie-kopie-kopie-kopie\/\" \/>\n<meta property=\"og:site_name\" content=\"Jootjes Haakcadeautjes\" \/>\n<meta property=\"article:modified_time\" content=\"2026-05-08T13:11:02+00:00\" \/>\n<meta property=\"og:image\" content=\"https:\/\/d1dyryakdmle7o.cloudfront.net\/wp-content\/uploads\/2026\/02\/20260222_185518.webp\" \/>\n\t<meta property=\"og:image:width\" content=\"1726\" \/>\n\t<meta property=\"og:image:height\" content=\"1726\" \/>\n\t<meta property=\"og:image:type\" content=\"image\/webp\" \/>\n<meta name=\"twitter:card\" content=\"summary_large_image\" \/>\n<meta name=\"twitter:label1\" content=\"Prix\" \/>\n\t<meta name=\"twitter:data1\" content=\"&euro;0.99 TTC\" \/>\n\t<meta name=\"twitter:label2\" content=\"Disponibilit\u00e9\" \/>\n\t<meta name=\"twitter:data2\" content=\"En stock\" \/>\n<script type=\"application\/ld+json\" class=\"yoast-schema-graph\">{\"@context\":\"https:\\\/\\\/schema.org\",\"@graph\":[{\"@type\":\"WebPage\",\"@id\":\"https:\\\/\\\/www.jootjeshaakcadeautjes.nl\\\/fr\\\/produit\\\/ouvre-bouteille-ouvre-biere-rowable-kopie-kopie-kopie-kopie-kopie-kopie-kopie-kopie-kopie-kopie\\\/\",\"url\":\"https:\\\/\\\/www.jootjeshaakcadeautjes.nl\\\/fr\\\/produit\\\/ouvre-bouteille-ouvre-biere-rowable-kopie-kopie-kopie-kopie-kopie-kopie-kopie-kopie-kopie-kopie\\\/\",\"name\":\"Miroir Enfilable - B\u00e9b\u00e9 \\\/ Enfant - Rose tendre - Coeur - Jootjes Haakcadeautjes\",\"isPartOf\":{\"@id\":\"https:\\\/\\\/www.jootjeshaakcadeautjes.nl\\\/fr\\\/#website\"},\"primaryImageOfPage\":{\"@id\":\"https:\\\/\\\/www.jootjeshaakcadeautjes.nl\\\/fr\\\/produit\\\/ouvre-bouteille-ouvre-biere-rowable-kopie-kopie-kopie-kopie-kopie-kopie-kopie-kopie-kopie-kopie\\\/#primaryimage\"},\"image\":{\"@id\":\"https:\\\/\\\/www.jootjeshaakcadeautjes.nl\\\/fr\\\/produit\\\/ouvre-bouteille-ouvre-biere-rowable-kopie-kopie-kopie-kopie-kopie-kopie-kopie-kopie-kopie-kopie\\\/#primaryimage\"},\"thumbnailUrl\":\"https:\\\/\\\/d1dyryakdmle7o.cloudfront.net\\\/wp-content\\\/uploads\\\/2026\\\/02\\\/20260222_185518.webp\",\"datePublished\":\"2026-02-19T14:00:21+00:00\",\"dateModified\":\"2026-05-08T13:11:02+00:00\",\"description\":\"Miroir Enfilable - Baby Toddler - Rose tendre - Coeur \u00e0 d\u00e9corer avec des perles en silicone et en bois. Le cadeau du jour ! Un cadeau sur mesure !\",\"breadcrumb\":{\"@id\":\"https:\\\/\\\/www.jootjeshaakcadeautjes.nl\\\/fr\\\/produit\\\/ouvre-bouteille-ouvre-biere-rowable-kopie-kopie-kopie-kopie-kopie-kopie-kopie-kopie-kopie-kopie\\\/#breadcrumb\"},\"inLanguage\":\"fr-FR\",\"potentialAction\":[{\"@type\":\"ReadAction\",\"target\":[\"https:\\\/\\\/www.jootjeshaakcadeautjes.nl\\\/fr\\\/produit\\\/ouvre-bouteille-ouvre-biere-rowable-kopie-kopie-kopie-kopie-kopie-kopie-kopie-kopie-kopie-kopie\\\/\"]}]},{\"@type\":\"ImageObject\",\"inLanguage\":\"fr-FR\",\"@id\":\"https:\\\/\\\/www.jootjeshaakcadeautjes.nl\\\/fr\\\/produit\\\/ouvre-bouteille-ouvre-biere-rowable-kopie-kopie-kopie-kopie-kopie-kopie-kopie-kopie-kopie-kopie\\\/#primaryimage\",\"url\":\"https:\\\/\\\/d1dyryakdmle7o.cloudfront.net\\\/wp-content\\\/uploads\\\/2026\\\/02\\\/20260222_185518.webp\",\"contentUrl\":\"https:\\\/\\\/d1dyryakdmle7o.cloudfront.net\\\/wp-content\\\/uploads\\\/2026\\\/02\\\/20260222_185518.webp\",\"width\":1726,\"height\":1726},{\"@type\":\"BreadcrumbList\",\"@id\":\"https:\\\/\\\/www.jootjeshaakcadeautjes.nl\\\/fr\\\/produit\\\/ouvre-bouteille-ouvre-biere-rowable-kopie-kopie-kopie-kopie-kopie-kopie-kopie-kopie-kopie-kopie\\\/#breadcrumb\",\"itemListElement\":[{\"@type\":\"ListItem\",\"position\":1,\"name\":\"Accueil\",\"item\":\"https:\\\/\\\/www.jootjeshaakcadeautjes.nl\\\/fr\\\/\"},{\"@type\":\"ListItem\",\"position\":2,\"name\":\"Commerce de gros de perles en silicone &#8211; Entreprises et consommateurs\",\"item\":\"https:\\\/\\\/www.jootjeshaakcadeautjes.nl\\\/fr\\\/boutique\\\/\"},{\"@type\":\"ListItem\",\"position\":3,\"name\":\"Miroir Enfilable &#8211; B\u00e9b\u00e9 \\\/ Enfant &#8211; Rose tendre &#8211; Coeur\"}]},{\"@type\":\"WebSite\",\"@id\":\"https:\\\/\\\/www.jootjeshaakcadeautjes.nl\\\/fr\\\/#website\",\"url\":\"https:\\\/\\\/www.jootjeshaakcadeautjes.nl\\\/fr\\\/\",\"name\":\"Jootjes Haakcadeautjes\",\"description\":\"Grossiste en perles de silicone\",\"publisher\":{\"@id\":\"https:\\\/\\\/www.jootjeshaakcadeautjes.nl\\\/fr\\\/#organization\"},\"potentialAction\":[{\"@type\":\"SearchAction\",\"target\":{\"@type\":\"EntryPoint\",\"urlTemplate\":\"https:\\\/\\\/www.jootjeshaakcadeautjes.nl\\\/fr\\\/?s={search_term_string}\"},\"query-input\":{\"@type\":\"PropertyValueSpecification\",\"valueRequired\":true,\"valueName\":\"search_term_string\"}}],\"inLanguage\":\"fr-FR\"},{\"@type\":\"Organization\",\"@id\":\"https:\\\/\\\/www.jootjeshaakcadeautjes.nl\\\/fr\\\/#organization\",\"name\":\"Jootjes Haakcadeautjes\",\"url\":\"https:\\\/\\\/www.jootjeshaakcadeautjes.nl\\\/fr\\\/\",\"logo\":{\"@type\":\"ImageObject\",\"inLanguage\":\"fr-FR\",\"@id\":\"https:\\\/\\\/www.jootjeshaakcadeautjes.nl\\\/fr\\\/#\\\/schema\\\/logo\\\/image\\\/\",\"url\":\"https:\\\/\\\/jootjes-haakcadeautjes-media.s3.amazonaws.com\\\/wp-content\\\/uploads\\\/2023\\\/05\\\/Logo-rond.png\",\"contentUrl\":\"https:\\\/\\\/jootjes-haakcadeautjes-media.s3.amazonaws.com\\\/wp-content\\\/uploads\\\/2023\\\/05\\\/Logo-rond.png\",\"width\":1222,\"height\":1222,\"caption\":\"Jootjes Haakcadeautjes\"},\"image\":{\"@id\":\"https:\\\/\\\/www.jootjeshaakcadeautjes.nl\\\/fr\\\/#\\\/schema\\\/logo\\\/image\\\/\"}}]}<\/script>\n<meta property=\"product:price:amount\" content=\"0.99\" \/>\n<meta property=\"product:price:currency\" content=\"EUR\" \/>\n<meta property=\"og:availability\" content=\"instock\" \/>\n<meta property=\"product:availability\" content=\"instock\" \/>\n<meta property=\"product:retailer_item_id\" content=\"RGB-SPG-ZRH\" \/>\n<meta property=\"product:condition\" content=\"new\" \/>\n<!-- \/ Yoast SEO Premium plugin. -->","yoast_head_json":{"title":"Miroir Enfilable - B\u00e9b\u00e9 \/ Enfant - Rose tendre - Coeur - Jootjes Haakcadeautjes","description":"Miroir Enfilable - Baby Toddler - Rose tendre - Coeur \u00e0 d\u00e9corer avec des perles en silicone et en bois. Le cadeau du jour ! Un cadeau sur mesure !","robots":{"index":"index","follow":"follow","max-snippet":"max-snippet:-1","max-image-preview":"max-image-preview:large","max-video-preview":"max-video-preview:-1"},"canonical":"https:\/\/www.jootjeshaakcadeautjes.nl\/fr\/produit\/ouvre-bouteille-ouvre-biere-rowable-kopie-kopie-kopie-kopie-kopie-kopie-kopie-kopie-kopie-kopie\/","og_locale":"fr_FR","og_type":"article","og_title":"Miroir Enfilable - B\u00e9b\u00e9 \/ Enfant - Rose tendre - Coeur","og_description":"Miroir Enfilable - Baby Toddler - Rose tendre - Coeur \u00e0 d\u00e9corer avec des perles en silicone et en bois. Le cadeau du jour ! Un cadeau sur mesure !","og_url":"https:\/\/www.jootjeshaakcadeautjes.nl\/fr\/produit\/ouvre-bouteille-ouvre-biere-rowable-kopie-kopie-kopie-kopie-kopie-kopie-kopie-kopie-kopie-kopie\/","og_site_name":"Jootjes Haakcadeautjes","article_modified_time":"2026-05-08T13:11:02+00:00","og_image":[{"width":1726,"height":1726,"url":"https:\/\/d1dyryakdmle7o.cloudfront.net\/wp-content\/uploads\/2026\/02\/20260222_185518.webp","type":"image\/webp"}],"twitter_card":"summary_large_image","twitter_misc":{"Prix":"&euro;0.99 TTC","Disponibilit\u00e9":"En stock"},"schema":{"@context":"https:\/\/schema.org","@graph":[{"@type":"WebPage","@id":"https:\/\/www.jootjeshaakcadeautjes.nl\/fr\/produit\/ouvre-bouteille-ouvre-biere-rowable-kopie-kopie-kopie-kopie-kopie-kopie-kopie-kopie-kopie-kopie\/","url":"https:\/\/www.jootjeshaakcadeautjes.nl\/fr\/produit\/ouvre-bouteille-ouvre-biere-rowable-kopie-kopie-kopie-kopie-kopie-kopie-kopie-kopie-kopie-kopie\/","name":"Miroir Enfilable - B\u00e9b\u00e9 \/ Enfant - Rose tendre - Coeur - Jootjes Haakcadeautjes","isPartOf":{"@id":"https:\/\/www.jootjeshaakcadeautjes.nl\/fr\/#website"},"primaryImageOfPage":{"@id":"https:\/\/www.jootjeshaakcadeautjes.nl\/fr\/produit\/ouvre-bouteille-ouvre-biere-rowable-kopie-kopie-kopie-kopie-kopie-kopie-kopie-kopie-kopie-kopie\/#primaryimage"},"image":{"@id":"https:\/\/www.jootjeshaakcadeautjes.nl\/fr\/produit\/ouvre-bouteille-ouvre-biere-rowable-kopie-kopie-kopie-kopie-kopie-kopie-kopie-kopie-kopie-kopie\/#primaryimage"},"thumbnailUrl":"https:\/\/d1dyryakdmle7o.cloudfront.net\/wp-content\/uploads\/2026\/02\/20260222_185518.webp","datePublished":"2026-02-19T14:00:21+00:00","dateModified":"2026-05-08T13:11:02+00:00","description":"Miroir Enfilable - Baby Toddler - Rose tendre - Coeur \u00e0 d\u00e9corer avec des perles en silicone et en bois. Le cadeau du jour ! Un cadeau sur mesure !","breadcrumb":{"@id":"https:\/\/www.jootjeshaakcadeautjes.nl\/fr\/produit\/ouvre-bouteille-ouvre-biere-rowable-kopie-kopie-kopie-kopie-kopie-kopie-kopie-kopie-kopie-kopie\/#breadcrumb"},"inLanguage":"fr-FR","potentialAction":[{"@type":"ReadAction","target":["https:\/\/www.jootjeshaakcadeautjes.nl\/fr\/produit\/ouvre-bouteille-ouvre-biere-rowable-kopie-kopie-kopie-kopie-kopie-kopie-kopie-kopie-kopie-kopie\/"]}]},{"@type":"ImageObject","inLanguage":"fr-FR","@id":"https:\/\/www.jootjeshaakcadeautjes.nl\/fr\/produit\/ouvre-bouteille-ouvre-biere-rowable-kopie-kopie-kopie-kopie-kopie-kopie-kopie-kopie-kopie-kopie\/#primaryimage","url":"https:\/\/d1dyryakdmle7o.cloudfront.net\/wp-content\/uploads\/2026\/02\/20260222_185518.webp","contentUrl":"https:\/\/d1dyryakdmle7o.cloudfront.net\/wp-content\/uploads\/2026\/02\/20260222_185518.webp","width":1726,"height":1726},{"@type":"BreadcrumbList","@id":"https:\/\/www.jootjeshaakcadeautjes.nl\/fr\/produit\/ouvre-bouteille-ouvre-biere-rowable-kopie-kopie-kopie-kopie-kopie-kopie-kopie-kopie-kopie-kopie\/#breadcrumb","itemListElement":[{"@type":"ListItem","position":1,"name":"Accueil","item":"https:\/\/www.jootjeshaakcadeautjes.nl\/fr\/"},{"@type":"ListItem","position":2,"name":"Commerce de gros de perles en silicone &#8211; Entreprises et consommateurs","item":"https:\/\/www.jootjeshaakcadeautjes.nl\/fr\/boutique\/"},{"@type":"ListItem","position":3,"name":"Miroir Enfilable &#8211; B\u00e9b\u00e9 \/ Enfant &#8211; Rose tendre &#8211; Coeur"}]},{"@type":"WebSite","@id":"https:\/\/www.jootjeshaakcadeautjes.nl\/fr\/#website","url":"https:\/\/www.jootjeshaakcadeautjes.nl\/fr\/","name":"Jootjes Haakcadeautjes","description":"Grossiste en perles de silicone","publisher":{"@id":"https:\/\/www.jootjeshaakcadeautjes.nl\/fr\/#organization"},"potentialAction":[{"@type":"SearchAction","target":{"@type":"EntryPoint","urlTemplate":"https:\/\/www.jootjeshaakcadeautjes.nl\/fr\/?s={search_term_string}"},"query-input":{"@type":"PropertyValueSpecification","valueRequired":true,"valueName":"search_term_string"}}],"inLanguage":"fr-FR"},{"@type":"Organization","@id":"https:\/\/www.jootjeshaakcadeautjes.nl\/fr\/#organization","name":"Jootjes Haakcadeautjes","url":"https:\/\/www.jootjeshaakcadeautjes.nl\/fr\/","logo":{"@type":"ImageObject","inLanguage":"fr-FR","@id":"https:\/\/www.jootjeshaakcadeautjes.nl\/fr\/#\/schema\/logo\/image\/","url":"https:\/\/jootjes-haakcadeautjes-media.s3.amazonaws.com\/wp-content\/uploads\/2023\/05\/Logo-rond.png","contentUrl":"https:\/\/jootjes-haakcadeautjes-media.s3.amazonaws.com\/wp-content\/uploads\/2023\/05\/Logo-rond.png","width":1222,"height":1222,"caption":"Jootjes Haakcadeautjes"},"image":{"@id":"https:\/\/www.jootjeshaakcadeautjes.nl\/fr\/#\/schema\/logo\/image\/"}}]},"product_price_amount":"0.99","product_price_currency":"EUR","og_availability":"instock","product_availability":"instock","product_retailer_item_id":"RGB-SPG-ZRH","product_condition":"new"},"_links":{"self":[{"href":"https:\/\/www.jootjeshaakcadeautjes.nl\/fr\/wp-json\/wp\/v2\/product\/273085","targetHints":{"allow":["GET"]}}],"collection":[{"href":"https:\/\/www.jootjeshaakcadeautjes.nl\/fr\/wp-json\/wp\/v2\/product"}],"about":[{"href":"https:\/\/www.jootjeshaakcadeautjes.nl\/fr\/wp-json\/wp\/v2\/types\/product"}],"version-history":[{"count":1,"href":"https:\/\/www.jootjeshaakcadeautjes.nl\/fr\/wp-json\/wp\/v2\/product\/273085\/revisions"}],"predecessor-version":[{"id":278944,"href":"https:\/\/www.jootjeshaakcadeautjes.nl\/fr\/wp-json\/wp\/v2\/product\/273085\/revisions\/278944"}],"wp:featuredmedia":[{"embeddable":true,"href":"https:\/\/www.jootjeshaakcadeautjes.nl\/fr\/wp-json\/wp\/v2\/media\/273376"}],"wp:attachment":[{"href":"https:\/\/www.jootjeshaakcadeautjes.nl\/fr\/wp-json\/wp\/v2\/media?parent=273085"}],"wp:term":[{"taxonomy":"product_brand","embeddable":true,"href":"https:\/\/www.jootjeshaakcadeautjes.nl\/fr\/wp-json\/wp\/v2\/product_brand?post=273085"},{"taxonomy":"product_cat","embeddable":true,"href":"https:\/\/www.jootjeshaakcadeautjes.nl\/fr\/wp-json\/wp\/v2\/product_cat?post=273085"},{"taxonomy":"product_tag","embeddable":true,"href":"https:\/\/www.jootjeshaakcadeautjes.nl\/fr\/wp-json\/wp\/v2\/product_tag?post=273085"}],"curies":[{"name":"wp","href":"https:\/\/api.w.org\/{rel}","templated":true}]}}