{"id":277990,"date":"2026-04-19T22:32:41","date_gmt":"2026-04-19T20:32:41","guid":{"rendered":"https:\/\/www.jootjeshaakcadeautjes.nl\/?post_type=product&#038;p=277990"},"modified":"2026-05-08T15:11:08","modified_gmt":"2026-05-08T13:11:08","slug":"porte-cles-de-luxe-argent-or-rose-or-brillant-noir-mat-et-noir-kopie","status":"publish","type":"product","link":"https:\/\/www.jootjeshaakcadeautjes.nl\/fr\/produit\/porte-cles-de-luxe-argent-or-rose-or-brillant-noir-mat-et-noir-kopie\/","title":{"rendered":"Porte-cl\u00e9s de luxe &#8211; Cuivre"},"content":{"rendered":"<h2>Porte-cl\u00e9s de luxe &#8211; Cuivre<\/h2>\n<p>Ces porte-cl\u00e9s sont parfaits pour suspendre un sac ou un porte-cl\u00e9s de luxe. Les porte-cl\u00e9s sont donc la variante parfaite des porte-sacs plus luxueux, non pas pour les petits, mais pour les grands. Car comme vous, nous pensons que les m\u00e8res, les grands-m\u00e8res, les p\u00e8res, les grands-p\u00e8res, les tantes, les oncles, les professeurs, les ma\u00eetres et bien d&#8217;autres encore, qui travaillent dur et qui sont attentifs, m\u00e9ritent eux aussi de s&#8217;amuser un peu ! <\/p>\n<p>Taille de l&#8217;anneau 29 mm.<br \/>\nTaille du crochet de mousqueton 20 mm de large.<\/p>\n","protected":false},"excerpt":{"rendered":"<ul>\n<li>Type : Porte-cl\u00e9s de luxe<\/li>\n<li>Couleur : Cuivre<\/li>\n<li>Avec un porte-cl\u00e9s et une cha\u00eene pour l&#8217;attacher<\/li>\n<li>Grands anneaux, taille 29 mm.<\/li>\n<li>Crochet mousqueton plus grand que le crochet mousqueton standard, taille 20 mm.<\/li>\n<\/ul>\n","protected":false},"featured_media":78468,"template":"","meta":[],"product_brand":[],"product_cat":[12308,12306,12310],"product_tag":[12298,7489,12545,14991,10418,13760,12289,12315,13573,10488,7619,13666,19448],"class_list":{"0":"post-277990","1":"product","2":"type-product","3":"status-publish","4":"has-post-thumbnail","6":"product_cat-materiel-de-bricolage-et-de-crochet","7":"product_cat-porte-cles-et-crochets","8":"product_cat-poupees-chanceuses-diy-perles-et-fournitures","9":"product_tag-anneau","10":"product_tag-crochet-pour-sac","11":"product_tag-cuivre-fr","12":"product_tag-fabrication-de-porte-cles","13":"product_tag-luxe-fr","14":"product_tag-maman-fr-4","15":"product_tag-maman","16":"product_tag-mousqueton","17":"product_tag-porte-cles-fr-3","18":"product_tag-porte-cles-fr-2","19":"product_tag-porte-cles","20":"product_tag-porte-cles-avec-nom","21":"product_tag-porte-cles-diy","23":"first","24":"instock","25":"taxable","26":"shipping-taxable","27":"purchasable","28":"product-type-simple"},"bundled_by":[],"bundle_stock_status":"instock","bundle_stock_quantity":267,"bundle_virtual":false,"bundle_layout":"","bundle_add_to_cart_form_location":"","bundle_editable_in_cart":false,"bundle_sold_individually_context":"","bundle_item_grouping":"","bundle_min_size":"","bundle_max_size":"","bundle_price":[],"bundled_items":[],"bundle_sell_ids":[],"yoast_head":"<!-- This site is optimized with the Yoast SEO Premium plugin v27.6 (Yoast SEO v27.6) - https:\/\/yoast.com\/product\/yoast-seo-premium-wordpress\/ -->\n<title>Porte-cl\u00e9s de luxe - Cuivre - acier inoxydable - Make it yourself<\/title>\n<meta name=\"description\" content=\"Porte-cl\u00e9s de luxe de couleur cuivre. Sp\u00e9cialement con\u00e7u pour les mamans, les grands-m\u00e8res et les autres personnes qui travaillent dur et qui prennent soin d&#039;elles. Cr\u00e9ez un magnifique pendentif pour vos cl\u00e9s ou votre sac.\" \/>\n<meta name=\"robots\" content=\"index, follow, max-snippet:-1, max-image-preview:large, max-video-preview:-1\" \/>\n<link rel=\"canonical\" href=\"https:\/\/www.jootjeshaakcadeautjes.nl\/fr\/produit\/porte-cles-de-luxe-argent-or-rose-or-brillant-noir-mat-et-noir-kopie\/\" \/>\n<meta property=\"og:locale\" content=\"fr_FR\" \/>\n<meta property=\"og:type\" content=\"article\" \/>\n<meta property=\"og:title\" content=\"Porte-cl\u00e9s de luxe - Cuivre\" \/>\n<meta property=\"og:description\" content=\"Porte-cl\u00e9s de luxe de couleur cuivre. Sp\u00e9cialement con\u00e7u pour les mamans, les grands-m\u00e8res et les autres personnes qui travaillent dur et qui prennent soin d&#039;elles. Cr\u00e9ez un magnifique pendentif pour vos cl\u00e9s ou votre sac.\" \/>\n<meta property=\"og:url\" content=\"https:\/\/www.jootjeshaakcadeautjes.nl\/fr\/produit\/porte-cles-de-luxe-argent-or-rose-or-brillant-noir-mat-et-noir-kopie\/\" \/>\n<meta property=\"og:site_name\" content=\"Jootjes Haakcadeautjes\" \/>\n<meta property=\"article:modified_time\" content=\"2026-05-08T13:11:08+00:00\" \/>\n<meta property=\"og:image\" content=\"https:\/\/d1dyryakdmle7o.cloudfront.net\/wp-content\/uploads\/2021\/12\/20211128_110729.jpg\" \/>\n\t<meta property=\"og:image:width\" content=\"2048\" \/>\n\t<meta property=\"og:image:height\" content=\"2048\" \/>\n\t<meta property=\"og:image:type\" content=\"image\/jpeg\" \/>\n<meta name=\"twitter:card\" content=\"summary_large_image\" \/>\n<meta name=\"twitter:label1\" content=\"Prix\" \/>\n\t<meta name=\"twitter:data1\" content=\"&euro;0.60 TTC\" \/>\n\t<meta name=\"twitter:label2\" content=\"Disponibilit\u00e9\" \/>\n\t<meta name=\"twitter:data2\" content=\"En stock\" \/>\n<script type=\"application\/ld+json\" class=\"yoast-schema-graph\">{\"@context\":\"https:\\\/\\\/schema.org\",\"@graph\":[{\"@type\":\"WebPage\",\"@id\":\"https:\\\/\\\/www.jootjeshaakcadeautjes.nl\\\/fr\\\/produit\\\/porte-cles-de-luxe-argent-or-rose-or-brillant-noir-mat-et-noir-kopie\\\/\",\"url\":\"https:\\\/\\\/www.jootjeshaakcadeautjes.nl\\\/fr\\\/produit\\\/porte-cles-de-luxe-argent-or-rose-or-brillant-noir-mat-et-noir-kopie\\\/\",\"name\":\"Porte-cl\u00e9s de luxe - Cuivre - acier inoxydable - Make it yourself\",\"isPartOf\":{\"@id\":\"https:\\\/\\\/www.jootjeshaakcadeautjes.nl\\\/fr\\\/#website\"},\"primaryImageOfPage\":{\"@id\":\"https:\\\/\\\/www.jootjeshaakcadeautjes.nl\\\/fr\\\/produit\\\/porte-cles-de-luxe-argent-or-rose-or-brillant-noir-mat-et-noir-kopie\\\/#primaryimage\"},\"image\":{\"@id\":\"https:\\\/\\\/www.jootjeshaakcadeautjes.nl\\\/fr\\\/produit\\\/porte-cles-de-luxe-argent-or-rose-or-brillant-noir-mat-et-noir-kopie\\\/#primaryimage\"},\"thumbnailUrl\":\"https:\\\/\\\/d1dyryakdmle7o.cloudfront.net\\\/wp-content\\\/uploads\\\/2021\\\/12\\\/20211128_110729.jpg\",\"datePublished\":\"2026-04-19T20:32:41+00:00\",\"dateModified\":\"2026-05-08T13:11:08+00:00\",\"description\":\"Porte-cl\u00e9s de luxe de couleur cuivre. Sp\u00e9cialement con\u00e7u pour les mamans, les grands-m\u00e8res et les autres personnes qui travaillent dur et qui prennent soin d'elles. Cr\u00e9ez un magnifique pendentif pour vos cl\u00e9s ou votre sac.\",\"breadcrumb\":{\"@id\":\"https:\\\/\\\/www.jootjeshaakcadeautjes.nl\\\/fr\\\/produit\\\/porte-cles-de-luxe-argent-or-rose-or-brillant-noir-mat-et-noir-kopie\\\/#breadcrumb\"},\"inLanguage\":\"fr-FR\",\"potentialAction\":[{\"@type\":\"ReadAction\",\"target\":[\"https:\\\/\\\/www.jootjeshaakcadeautjes.nl\\\/fr\\\/produit\\\/porte-cles-de-luxe-argent-or-rose-or-brillant-noir-mat-et-noir-kopie\\\/\"]}]},{\"@type\":\"ImageObject\",\"inLanguage\":\"fr-FR\",\"@id\":\"https:\\\/\\\/www.jootjeshaakcadeautjes.nl\\\/fr\\\/produit\\\/porte-cles-de-luxe-argent-or-rose-or-brillant-noir-mat-et-noir-kopie\\\/#primaryimage\",\"url\":\"https:\\\/\\\/d1dyryakdmle7o.cloudfront.net\\\/wp-content\\\/uploads\\\/2021\\\/12\\\/20211128_110729.jpg\",\"contentUrl\":\"https:\\\/\\\/d1dyryakdmle7o.cloudfront.net\\\/wp-content\\\/uploads\\\/2021\\\/12\\\/20211128_110729.jpg\",\"width\":2048,\"height\":2048,\"caption\":\"Porte-cl\u00e9s de luxe en cuivre\"},{\"@type\":\"BreadcrumbList\",\"@id\":\"https:\\\/\\\/www.jootjeshaakcadeautjes.nl\\\/fr\\\/produit\\\/porte-cles-de-luxe-argent-or-rose-or-brillant-noir-mat-et-noir-kopie\\\/#breadcrumb\",\"itemListElement\":[{\"@type\":\"ListItem\",\"position\":1,\"name\":\"Accueil\",\"item\":\"https:\\\/\\\/www.jootjeshaakcadeautjes.nl\\\/fr\\\/\"},{\"@type\":\"ListItem\",\"position\":2,\"name\":\"Commerce de gros de perles en silicone &#8211; Entreprises et consommateurs\",\"item\":\"https:\\\/\\\/www.jootjeshaakcadeautjes.nl\\\/fr\\\/boutique\\\/\"},{\"@type\":\"ListItem\",\"position\":3,\"name\":\"Porte-cl\u00e9s de luxe &#8211; Cuivre\"}]},{\"@type\":\"WebSite\",\"@id\":\"https:\\\/\\\/www.jootjeshaakcadeautjes.nl\\\/fr\\\/#website\",\"url\":\"https:\\\/\\\/www.jootjeshaakcadeautjes.nl\\\/fr\\\/\",\"name\":\"Jootjes Haakcadeautjes\",\"description\":\"Grossiste en perles de silicone\",\"publisher\":{\"@id\":\"https:\\\/\\\/www.jootjeshaakcadeautjes.nl\\\/fr\\\/#organization\"},\"potentialAction\":[{\"@type\":\"SearchAction\",\"target\":{\"@type\":\"EntryPoint\",\"urlTemplate\":\"https:\\\/\\\/www.jootjeshaakcadeautjes.nl\\\/fr\\\/?s={search_term_string}\"},\"query-input\":{\"@type\":\"PropertyValueSpecification\",\"valueRequired\":true,\"valueName\":\"search_term_string\"}}],\"inLanguage\":\"fr-FR\"},{\"@type\":\"Organization\",\"@id\":\"https:\\\/\\\/www.jootjeshaakcadeautjes.nl\\\/fr\\\/#organization\",\"name\":\"Jootjes Haakcadeautjes\",\"url\":\"https:\\\/\\\/www.jootjeshaakcadeautjes.nl\\\/fr\\\/\",\"logo\":{\"@type\":\"ImageObject\",\"inLanguage\":\"fr-FR\",\"@id\":\"https:\\\/\\\/www.jootjeshaakcadeautjes.nl\\\/fr\\\/#\\\/schema\\\/logo\\\/image\\\/\",\"url\":\"https:\\\/\\\/d1dyryakdmle7o.cloudfront.net\\\/wp-content\\\/uploads\\\/2023\\\/05\\\/Logo-rond.png\",\"contentUrl\":\"https:\\\/\\\/d1dyryakdmle7o.cloudfront.net\\\/wp-content\\\/uploads\\\/2023\\\/05\\\/Logo-rond.png\",\"width\":1222,\"height\":1222,\"caption\":\"Jootjes Haakcadeautjes\"},\"image\":{\"@id\":\"https:\\\/\\\/www.jootjeshaakcadeautjes.nl\\\/fr\\\/#\\\/schema\\\/logo\\\/image\\\/\"}}]}<\/script>\n<meta property=\"product:price:amount\" content=\"0.60\" \/>\n<meta property=\"product:price:currency\" content=\"EUR\" \/>\n<meta property=\"og:availability\" content=\"instock\" \/>\n<meta property=\"product:availability\" content=\"instock\" \/>\n<meta property=\"product:retailer_item_id\" content=\"LUX-SLH-KOP\" \/>\n<meta property=\"product:condition\" content=\"new\" \/>\n<!-- \/ Yoast SEO Premium plugin. -->","yoast_head_json":{"title":"Porte-cl\u00e9s de luxe - Cuivre - acier inoxydable - Make it yourself","description":"Porte-cl\u00e9s de luxe de couleur cuivre. Sp\u00e9cialement con\u00e7u pour les mamans, les grands-m\u00e8res et les autres personnes qui travaillent dur et qui prennent soin d'elles. Cr\u00e9ez un magnifique pendentif pour vos cl\u00e9s ou votre sac.","robots":{"index":"index","follow":"follow","max-snippet":"max-snippet:-1","max-image-preview":"max-image-preview:large","max-video-preview":"max-video-preview:-1"},"canonical":"https:\/\/www.jootjeshaakcadeautjes.nl\/fr\/produit\/porte-cles-de-luxe-argent-or-rose-or-brillant-noir-mat-et-noir-kopie\/","og_locale":"fr_FR","og_type":"article","og_title":"Porte-cl\u00e9s de luxe - Cuivre","og_description":"Porte-cl\u00e9s de luxe de couleur cuivre. Sp\u00e9cialement con\u00e7u pour les mamans, les grands-m\u00e8res et les autres personnes qui travaillent dur et qui prennent soin d'elles. Cr\u00e9ez un magnifique pendentif pour vos cl\u00e9s ou votre sac.","og_url":"https:\/\/www.jootjeshaakcadeautjes.nl\/fr\/produit\/porte-cles-de-luxe-argent-or-rose-or-brillant-noir-mat-et-noir-kopie\/","og_site_name":"Jootjes Haakcadeautjes","article_modified_time":"2026-05-08T13:11:08+00:00","og_image":[{"width":2048,"height":2048,"url":"https:\/\/d1dyryakdmle7o.cloudfront.net\/wp-content\/uploads\/2021\/12\/20211128_110729.jpg","type":"image\/jpeg"}],"twitter_card":"summary_large_image","twitter_misc":{"Prix":"&euro;0.60 TTC","Disponibilit\u00e9":"En stock"},"schema":{"@context":"https:\/\/schema.org","@graph":[{"@type":"WebPage","@id":"https:\/\/www.jootjeshaakcadeautjes.nl\/fr\/produit\/porte-cles-de-luxe-argent-or-rose-or-brillant-noir-mat-et-noir-kopie\/","url":"https:\/\/www.jootjeshaakcadeautjes.nl\/fr\/produit\/porte-cles-de-luxe-argent-or-rose-or-brillant-noir-mat-et-noir-kopie\/","name":"Porte-cl\u00e9s de luxe - Cuivre - acier inoxydable - Make it yourself","isPartOf":{"@id":"https:\/\/www.jootjeshaakcadeautjes.nl\/fr\/#website"},"primaryImageOfPage":{"@id":"https:\/\/www.jootjeshaakcadeautjes.nl\/fr\/produit\/porte-cles-de-luxe-argent-or-rose-or-brillant-noir-mat-et-noir-kopie\/#primaryimage"},"image":{"@id":"https:\/\/www.jootjeshaakcadeautjes.nl\/fr\/produit\/porte-cles-de-luxe-argent-or-rose-or-brillant-noir-mat-et-noir-kopie\/#primaryimage"},"thumbnailUrl":"https:\/\/d1dyryakdmle7o.cloudfront.net\/wp-content\/uploads\/2021\/12\/20211128_110729.jpg","datePublished":"2026-04-19T20:32:41+00:00","dateModified":"2026-05-08T13:11:08+00:00","description":"Porte-cl\u00e9s de luxe de couleur cuivre. Sp\u00e9cialement con\u00e7u pour les mamans, les grands-m\u00e8res et les autres personnes qui travaillent dur et qui prennent soin d'elles. Cr\u00e9ez un magnifique pendentif pour vos cl\u00e9s ou votre sac.","breadcrumb":{"@id":"https:\/\/www.jootjeshaakcadeautjes.nl\/fr\/produit\/porte-cles-de-luxe-argent-or-rose-or-brillant-noir-mat-et-noir-kopie\/#breadcrumb"},"inLanguage":"fr-FR","potentialAction":[{"@type":"ReadAction","target":["https:\/\/www.jootjeshaakcadeautjes.nl\/fr\/produit\/porte-cles-de-luxe-argent-or-rose-or-brillant-noir-mat-et-noir-kopie\/"]}]},{"@type":"ImageObject","inLanguage":"fr-FR","@id":"https:\/\/www.jootjeshaakcadeautjes.nl\/fr\/produit\/porte-cles-de-luxe-argent-or-rose-or-brillant-noir-mat-et-noir-kopie\/#primaryimage","url":"https:\/\/d1dyryakdmle7o.cloudfront.net\/wp-content\/uploads\/2021\/12\/20211128_110729.jpg","contentUrl":"https:\/\/d1dyryakdmle7o.cloudfront.net\/wp-content\/uploads\/2021\/12\/20211128_110729.jpg","width":2048,"height":2048,"caption":"Porte-cl\u00e9s de luxe en cuivre"},{"@type":"BreadcrumbList","@id":"https:\/\/www.jootjeshaakcadeautjes.nl\/fr\/produit\/porte-cles-de-luxe-argent-or-rose-or-brillant-noir-mat-et-noir-kopie\/#breadcrumb","itemListElement":[{"@type":"ListItem","position":1,"name":"Accueil","item":"https:\/\/www.jootjeshaakcadeautjes.nl\/fr\/"},{"@type":"ListItem","position":2,"name":"Commerce de gros de perles en silicone &#8211; Entreprises et consommateurs","item":"https:\/\/www.jootjeshaakcadeautjes.nl\/fr\/boutique\/"},{"@type":"ListItem","position":3,"name":"Porte-cl\u00e9s de luxe &#8211; Cuivre"}]},{"@type":"WebSite","@id":"https:\/\/www.jootjeshaakcadeautjes.nl\/fr\/#website","url":"https:\/\/www.jootjeshaakcadeautjes.nl\/fr\/","name":"Jootjes Haakcadeautjes","description":"Grossiste en perles de silicone","publisher":{"@id":"https:\/\/www.jootjeshaakcadeautjes.nl\/fr\/#organization"},"potentialAction":[{"@type":"SearchAction","target":{"@type":"EntryPoint","urlTemplate":"https:\/\/www.jootjeshaakcadeautjes.nl\/fr\/?s={search_term_string}"},"query-input":{"@type":"PropertyValueSpecification","valueRequired":true,"valueName":"search_term_string"}}],"inLanguage":"fr-FR"},{"@type":"Organization","@id":"https:\/\/www.jootjeshaakcadeautjes.nl\/fr\/#organization","name":"Jootjes Haakcadeautjes","url":"https:\/\/www.jootjeshaakcadeautjes.nl\/fr\/","logo":{"@type":"ImageObject","inLanguage":"fr-FR","@id":"https:\/\/www.jootjeshaakcadeautjes.nl\/fr\/#\/schema\/logo\/image\/","url":"https:\/\/d1dyryakdmle7o.cloudfront.net\/wp-content\/uploads\/2023\/05\/Logo-rond.png","contentUrl":"https:\/\/d1dyryakdmle7o.cloudfront.net\/wp-content\/uploads\/2023\/05\/Logo-rond.png","width":1222,"height":1222,"caption":"Jootjes Haakcadeautjes"},"image":{"@id":"https:\/\/www.jootjeshaakcadeautjes.nl\/fr\/#\/schema\/logo\/image\/"}}]},"product_price_amount":"0.60","product_price_currency":"EUR","og_availability":"instock","product_availability":"instock","product_retailer_item_id":"LUX-SLH-KOP","product_condition":"new"},"_links":{"self":[{"href":"https:\/\/www.jootjeshaakcadeautjes.nl\/fr\/wp-json\/wp\/v2\/product\/277990","targetHints":{"allow":["GET"]}}],"collection":[{"href":"https:\/\/www.jootjeshaakcadeautjes.nl\/fr\/wp-json\/wp\/v2\/product"}],"about":[{"href":"https:\/\/www.jootjeshaakcadeautjes.nl\/fr\/wp-json\/wp\/v2\/types\/product"}],"version-history":[{"count":1,"href":"https:\/\/www.jootjeshaakcadeautjes.nl\/fr\/wp-json\/wp\/v2\/product\/277990\/revisions"}],"predecessor-version":[{"id":278640,"href":"https:\/\/www.jootjeshaakcadeautjes.nl\/fr\/wp-json\/wp\/v2\/product\/277990\/revisions\/278640"}],"wp:featuredmedia":[{"embeddable":true,"href":"https:\/\/www.jootjeshaakcadeautjes.nl\/fr\/wp-json\/wp\/v2\/media\/78468"}],"wp:attachment":[{"href":"https:\/\/www.jootjeshaakcadeautjes.nl\/fr\/wp-json\/wp\/v2\/media?parent=277990"}],"wp:term":[{"taxonomy":"product_brand","embeddable":true,"href":"https:\/\/www.jootjeshaakcadeautjes.nl\/fr\/wp-json\/wp\/v2\/product_brand?post=277990"},{"taxonomy":"product_cat","embeddable":true,"href":"https:\/\/www.jootjeshaakcadeautjes.nl\/fr\/wp-json\/wp\/v2\/product_cat?post=277990"},{"taxonomy":"product_tag","embeddable":true,"href":"https:\/\/www.jootjeshaakcadeautjes.nl\/fr\/wp-json\/wp\/v2\/product_tag?post=277990"}],"curies":[{"name":"wp","href":"https:\/\/api.w.org\/{rel}","templated":true}]}}