{"id":281894,"date":"2026-05-02T14:47:54","date_gmt":"2026-05-02T12:47:54","guid":{"rendered":"https:\/\/www.jootjeshaakcadeautjes.nl\/?post_type=product&#038;p=281894"},"modified":"2026-05-08T14:27:38","modified_gmt":"2026-05-08T12:27:38","slug":"perles-en-silicone-imprime-floral-flower-power-12-16-20-mm-rondes-et-14-17-mm-hexagonales-kopie-kopie-3","status":"publish","type":"product","link":"https:\/\/www.jootjeshaakcadeautjes.nl\/fr\/produit\/perles-en-silicone-imprime-floral-flower-power-12-16-20-mm-rondes-et-14-17-mm-hexagonales-kopie-kopie-3\/","title":{"rendered":"Perles en silicone &#8211; 17 mm &#8211; Hexagone &#8211; Flower Power Print"},"content":{"rendered":"<h2>Perles en silicone &#8211; 17 mm &#8211; Hexagone &#8211; Flower Power<\/h2>\n<h3>Sp\u00e9cifications :<\/h3>\n<ul>\n<li>Variante : Flower Power<\/li>\n<li>Taille : 17 mm Hexagone<\/li>\n<li>Sans BPA<\/li>\n<li>Convient aux produits finis certifi\u00e9s CE<\/li>\n<\/ul>\n","protected":false},"excerpt":{"rendered":"<ul>\n<li>Variante Flower Power<\/li>\n<li>Taille : 17 mm Hexagone<\/li>\n<li>Sans BPA<\/li>\n<li>Convient aux produits finis certifi\u00e9s CE<\/li>\n<li>Frais pour la dentition<\/li>\n<\/ul>\n<p>Disponible en plusieurs couleurs magnifiques, il peut \u00eatre assembl\u00e9 \u00e0 votre guise.<\/p>\n","protected":false},"featured_media":77610,"template":"","meta":[],"product_brand":[],"product_cat":[7378,10237,6992,10236,9987],"product_tag":[7384,7474,7455,7428,7418,10000,7548,13800,7596,7513,7392,7395,7200,13347,7415,7212],"class_list":{"0":"post-281894","1":"product","2":"type-product","3":"status-publish","4":"has-post-thumbnail","6":"product_cat-fabrication-de-jouets-de-dentition-pour-bebe-cordon-de-sucette-et-anneaux-de-dentition","7":"product_cat-perles-en-silicone-imprimes-de-fleurs","8":"product_cat-perles-en-silicone-sans-bpa-grossiste","9":"product_cat-perles-en-silicone-avec-impression-toutes-les-impressions-leopard-panthere-girafe-zebre-roses-feuilles-et-autres","10":"product_cat-perles-en-silicone-et-accessoires-pour-bebes-soldes","11":"product_tag-anneau-de-dentition","12":"product_tag-autour-de","13":"product_tag-chaine-de-landau","14":"product_tag-collier-dallaitement","15":"product_tag-faux-cordon","16":"product_tag-fictif","17":"product_tag-fleur-fr","18":"product_tag-fleurs","19":"product_tag-hexagone","20":"product_tag-imprimer","21":"product_tag-mm-fr","22":"product_tag-perle","23":"product_tag-perles","24":"product_tag-pouvoir","25":"product_tag-sans-bpa","26":"product_tag-silicone-fr","28":"first","29":"instock","30":"taxable","31":"shipping-taxable","32":"purchasable","33":"product-type-simple"},"bundled_by":[],"bundle_stock_status":"instock","bundle_stock_quantity":31,"bundle_virtual":false,"bundle_layout":"","bundle_add_to_cart_form_location":"","bundle_editable_in_cart":false,"bundle_sold_individually_context":"","bundle_item_grouping":"","bundle_min_size":"","bundle_max_size":"","bundle_price":[],"bundled_items":[],"bundle_sell_ids":[],"yoast_head":"<!-- This site is optimized with the Yoast SEO Premium plugin v27.4 (Yoast SEO v27.5) - https:\/\/yoast.com\/product\/yoast-seo-premium-wordpress\/ -->\n<title>Perles en silicone - 17 mm - Hexagone - Flower Power<\/title>\n<meta name=\"description\" content=\"Perles en silicone avec impression de fleurs portant le nom de Flower Power. En hexagone de 17 mm, elles conviennent \u00e0 la fabrication de cordons de t\u00e9tine s\u00fbrs pour les b\u00e9b\u00e9s.\" \/>\n<meta name=\"robots\" content=\"index, follow, max-snippet:-1, max-image-preview:large, max-video-preview:-1\" \/>\n<link rel=\"canonical\" href=\"https:\/\/www.jootjeshaakcadeautjes.nl\/fr\/produit\/perles-en-silicone-imprime-floral-flower-power-12-16-20-mm-rondes-et-14-17-mm-hexagonales-kopie-kopie-3\/\" \/>\n<meta property=\"og:locale\" content=\"fr_FR\" \/>\n<meta property=\"og:type\" content=\"article\" \/>\n<meta property=\"og:title\" content=\"Perles en silicone - 17 mm - Hexagone - Flower Power Print\" \/>\n<meta property=\"og:description\" content=\"Perles en silicone avec impression de fleurs portant le nom de Flower Power. En hexagone de 17 mm, elles conviennent \u00e0 la fabrication de cordons de t\u00e9tine s\u00fbrs pour les b\u00e9b\u00e9s.\" \/>\n<meta property=\"og:url\" content=\"https:\/\/www.jootjeshaakcadeautjes.nl\/fr\/produit\/perles-en-silicone-imprime-floral-flower-power-12-16-20-mm-rondes-et-14-17-mm-hexagonales-kopie-kopie-3\/\" \/>\n<meta property=\"og:site_name\" content=\"Jootjes Haakcadeautjes\" \/>\n<meta property=\"article:modified_time\" content=\"2026-05-08T12:27:38+00:00\" \/>\n<meta property=\"og:image\" content=\"https:\/\/d1dyryakdmle7o.cloudfront.net\/wp-content\/uploads\/2021\/09\/20210910_213713.jpg\" \/>\n\t<meta property=\"og:image:width\" content=\"1776\" \/>\n\t<meta property=\"og:image:height\" content=\"1776\" \/>\n\t<meta property=\"og:image:type\" content=\"image\/jpeg\" \/>\n<meta name=\"twitter:card\" content=\"summary_large_image\" \/>\n<meta name=\"twitter:label1\" content=\"Prix\" \/>\n\t<meta name=\"twitter:data1\" content=\"&euro;0.60 TTC\" \/>\n\t<meta name=\"twitter:label2\" content=\"Disponibilit\u00e9\" \/>\n\t<meta name=\"twitter:data2\" content=\"En stock\" \/>\n<script type=\"application\/ld+json\" class=\"yoast-schema-graph\">{\"@context\":\"https:\\\/\\\/schema.org\",\"@graph\":[{\"@type\":\"WebPage\",\"@id\":\"https:\\\/\\\/www.jootjeshaakcadeautjes.nl\\\/fr\\\/produit\\\/perles-en-silicone-imprime-floral-flower-power-12-16-20-mm-rondes-et-14-17-mm-hexagonales-kopie-kopie-3\\\/\",\"url\":\"https:\\\/\\\/www.jootjeshaakcadeautjes.nl\\\/fr\\\/produit\\\/perles-en-silicone-imprime-floral-flower-power-12-16-20-mm-rondes-et-14-17-mm-hexagonales-kopie-kopie-3\\\/\",\"name\":\"Perles en silicone - 17 mm - Hexagone - Flower Power\",\"isPartOf\":{\"@id\":\"https:\\\/\\\/www.jootjeshaakcadeautjes.nl\\\/fr\\\/#website\"},\"primaryImageOfPage\":{\"@id\":\"https:\\\/\\\/www.jootjeshaakcadeautjes.nl\\\/fr\\\/produit\\\/perles-en-silicone-imprime-floral-flower-power-12-16-20-mm-rondes-et-14-17-mm-hexagonales-kopie-kopie-3\\\/#primaryimage\"},\"image\":{\"@id\":\"https:\\\/\\\/www.jootjeshaakcadeautjes.nl\\\/fr\\\/produit\\\/perles-en-silicone-imprime-floral-flower-power-12-16-20-mm-rondes-et-14-17-mm-hexagonales-kopie-kopie-3\\\/#primaryimage\"},\"thumbnailUrl\":\"https:\\\/\\\/d1dyryakdmle7o.cloudfront.net\\\/wp-content\\\/uploads\\\/2021\\\/09\\\/20210910_213713.jpg\",\"datePublished\":\"2026-05-02T12:47:54+00:00\",\"dateModified\":\"2026-05-08T12:27:38+00:00\",\"description\":\"Perles en silicone avec impression de fleurs portant le nom de Flower Power. En hexagone de 17 mm, elles conviennent \u00e0 la fabrication de cordons de t\u00e9tine s\u00fbrs pour les b\u00e9b\u00e9s.\",\"breadcrumb\":{\"@id\":\"https:\\\/\\\/www.jootjeshaakcadeautjes.nl\\\/fr\\\/produit\\\/perles-en-silicone-imprime-floral-flower-power-12-16-20-mm-rondes-et-14-17-mm-hexagonales-kopie-kopie-3\\\/#breadcrumb\"},\"inLanguage\":\"fr-FR\",\"potentialAction\":[{\"@type\":\"ReadAction\",\"target\":[\"https:\\\/\\\/www.jootjeshaakcadeautjes.nl\\\/fr\\\/produit\\\/perles-en-silicone-imprime-floral-flower-power-12-16-20-mm-rondes-et-14-17-mm-hexagonales-kopie-kopie-3\\\/\"]}]},{\"@type\":\"ImageObject\",\"inLanguage\":\"fr-FR\",\"@id\":\"https:\\\/\\\/www.jootjeshaakcadeautjes.nl\\\/fr\\\/produit\\\/perles-en-silicone-imprime-floral-flower-power-12-16-20-mm-rondes-et-14-17-mm-hexagonales-kopie-kopie-3\\\/#primaryimage\",\"url\":\"https:\\\/\\\/d1dyryakdmle7o.cloudfront.net\\\/wp-content\\\/uploads\\\/2021\\\/09\\\/20210910_213713.jpg\",\"contentUrl\":\"https:\\\/\\\/d1dyryakdmle7o.cloudfront.net\\\/wp-content\\\/uploads\\\/2021\\\/09\\\/20210910_213713.jpg\",\"width\":1776,\"height\":1776,\"caption\":\"Perles en silicone bpa free wholesale flower print flower power hexagonale\"},{\"@type\":\"BreadcrumbList\",\"@id\":\"https:\\\/\\\/www.jootjeshaakcadeautjes.nl\\\/fr\\\/produit\\\/perles-en-silicone-imprime-floral-flower-power-12-16-20-mm-rondes-et-14-17-mm-hexagonales-kopie-kopie-3\\\/#breadcrumb\",\"itemListElement\":[{\"@type\":\"ListItem\",\"position\":1,\"name\":\"Accueil\",\"item\":\"https:\\\/\\\/www.jootjeshaakcadeautjes.nl\\\/fr\\\/\"},{\"@type\":\"ListItem\",\"position\":2,\"name\":\"Commerce de gros de perles en silicone &#8211; Entreprises et consommateurs\",\"item\":\"https:\\\/\\\/www.jootjeshaakcadeautjes.nl\\\/fr\\\/boutique\\\/\"},{\"@type\":\"ListItem\",\"position\":3,\"name\":\"Perles en silicone &#8211; 17 mm &#8211; Hexagone &#8211; Flower Power Print\"}]},{\"@type\":\"WebSite\",\"@id\":\"https:\\\/\\\/www.jootjeshaakcadeautjes.nl\\\/fr\\\/#website\",\"url\":\"https:\\\/\\\/www.jootjeshaakcadeautjes.nl\\\/fr\\\/\",\"name\":\"Jootjes Haakcadeautjes\",\"description\":\"Grossiste en perles de silicone\",\"publisher\":{\"@id\":\"https:\\\/\\\/www.jootjeshaakcadeautjes.nl\\\/fr\\\/#organization\"},\"potentialAction\":[{\"@type\":\"SearchAction\",\"target\":{\"@type\":\"EntryPoint\",\"urlTemplate\":\"https:\\\/\\\/www.jootjeshaakcadeautjes.nl\\\/fr\\\/?s={search_term_string}\"},\"query-input\":{\"@type\":\"PropertyValueSpecification\",\"valueRequired\":true,\"valueName\":\"search_term_string\"}}],\"inLanguage\":\"fr-FR\"},{\"@type\":\"Organization\",\"@id\":\"https:\\\/\\\/www.jootjeshaakcadeautjes.nl\\\/fr\\\/#organization\",\"name\":\"Jootjes Haakcadeautjes\",\"url\":\"https:\\\/\\\/www.jootjeshaakcadeautjes.nl\\\/fr\\\/\",\"logo\":{\"@type\":\"ImageObject\",\"inLanguage\":\"fr-FR\",\"@id\":\"https:\\\/\\\/www.jootjeshaakcadeautjes.nl\\\/fr\\\/#\\\/schema\\\/logo\\\/image\\\/\",\"url\":\"https:\\\/\\\/jootjes-haakcadeautjes-media.s3.amazonaws.com\\\/wp-content\\\/uploads\\\/2023\\\/05\\\/Logo-rond.png\",\"contentUrl\":\"https:\\\/\\\/jootjes-haakcadeautjes-media.s3.amazonaws.com\\\/wp-content\\\/uploads\\\/2023\\\/05\\\/Logo-rond.png\",\"width\":1222,\"height\":1222,\"caption\":\"Jootjes Haakcadeautjes\"},\"image\":{\"@id\":\"https:\\\/\\\/www.jootjeshaakcadeautjes.nl\\\/fr\\\/#\\\/schema\\\/logo\\\/image\\\/\"}}]}<\/script>\n<meta property=\"product:price:amount\" content=\"0.60\" \/>\n<meta property=\"product:price:currency\" content=\"EUR\" \/>\n<meta property=\"og:availability\" content=\"instock\" \/>\n<meta property=\"product:availability\" content=\"instock\" \/>\n<meta property=\"product:retailer_item_id\" content=\"SKR-FLP-H17\" \/>\n<meta property=\"product:condition\" content=\"new\" \/>\n<!-- \/ Yoast SEO Premium plugin. -->","yoast_head_json":{"title":"Perles en silicone - 17 mm - Hexagone - Flower Power","description":"Perles en silicone avec impression de fleurs portant le nom de Flower Power. En hexagone de 17 mm, elles conviennent \u00e0 la fabrication de cordons de t\u00e9tine s\u00fbrs pour les b\u00e9b\u00e9s.","robots":{"index":"index","follow":"follow","max-snippet":"max-snippet:-1","max-image-preview":"max-image-preview:large","max-video-preview":"max-video-preview:-1"},"canonical":"https:\/\/www.jootjeshaakcadeautjes.nl\/fr\/produit\/perles-en-silicone-imprime-floral-flower-power-12-16-20-mm-rondes-et-14-17-mm-hexagonales-kopie-kopie-3\/","og_locale":"fr_FR","og_type":"article","og_title":"Perles en silicone - 17 mm - Hexagone - Flower Power Print","og_description":"Perles en silicone avec impression de fleurs portant le nom de Flower Power. En hexagone de 17 mm, elles conviennent \u00e0 la fabrication de cordons de t\u00e9tine s\u00fbrs pour les b\u00e9b\u00e9s.","og_url":"https:\/\/www.jootjeshaakcadeautjes.nl\/fr\/produit\/perles-en-silicone-imprime-floral-flower-power-12-16-20-mm-rondes-et-14-17-mm-hexagonales-kopie-kopie-3\/","og_site_name":"Jootjes Haakcadeautjes","article_modified_time":"2026-05-08T12:27:38+00:00","og_image":[{"width":1776,"height":1776,"url":"https:\/\/d1dyryakdmle7o.cloudfront.net\/wp-content\/uploads\/2021\/09\/20210910_213713.jpg","type":"image\/jpeg"}],"twitter_card":"summary_large_image","twitter_misc":{"Prix":"&euro;0.60 TTC","Disponibilit\u00e9":"En stock"},"schema":{"@context":"https:\/\/schema.org","@graph":[{"@type":"WebPage","@id":"https:\/\/www.jootjeshaakcadeautjes.nl\/fr\/produit\/perles-en-silicone-imprime-floral-flower-power-12-16-20-mm-rondes-et-14-17-mm-hexagonales-kopie-kopie-3\/","url":"https:\/\/www.jootjeshaakcadeautjes.nl\/fr\/produit\/perles-en-silicone-imprime-floral-flower-power-12-16-20-mm-rondes-et-14-17-mm-hexagonales-kopie-kopie-3\/","name":"Perles en silicone - 17 mm - Hexagone - Flower Power","isPartOf":{"@id":"https:\/\/www.jootjeshaakcadeautjes.nl\/fr\/#website"},"primaryImageOfPage":{"@id":"https:\/\/www.jootjeshaakcadeautjes.nl\/fr\/produit\/perles-en-silicone-imprime-floral-flower-power-12-16-20-mm-rondes-et-14-17-mm-hexagonales-kopie-kopie-3\/#primaryimage"},"image":{"@id":"https:\/\/www.jootjeshaakcadeautjes.nl\/fr\/produit\/perles-en-silicone-imprime-floral-flower-power-12-16-20-mm-rondes-et-14-17-mm-hexagonales-kopie-kopie-3\/#primaryimage"},"thumbnailUrl":"https:\/\/d1dyryakdmle7o.cloudfront.net\/wp-content\/uploads\/2021\/09\/20210910_213713.jpg","datePublished":"2026-05-02T12:47:54+00:00","dateModified":"2026-05-08T12:27:38+00:00","description":"Perles en silicone avec impression de fleurs portant le nom de Flower Power. En hexagone de 17 mm, elles conviennent \u00e0 la fabrication de cordons de t\u00e9tine s\u00fbrs pour les b\u00e9b\u00e9s.","breadcrumb":{"@id":"https:\/\/www.jootjeshaakcadeautjes.nl\/fr\/produit\/perles-en-silicone-imprime-floral-flower-power-12-16-20-mm-rondes-et-14-17-mm-hexagonales-kopie-kopie-3\/#breadcrumb"},"inLanguage":"fr-FR","potentialAction":[{"@type":"ReadAction","target":["https:\/\/www.jootjeshaakcadeautjes.nl\/fr\/produit\/perles-en-silicone-imprime-floral-flower-power-12-16-20-mm-rondes-et-14-17-mm-hexagonales-kopie-kopie-3\/"]}]},{"@type":"ImageObject","inLanguage":"fr-FR","@id":"https:\/\/www.jootjeshaakcadeautjes.nl\/fr\/produit\/perles-en-silicone-imprime-floral-flower-power-12-16-20-mm-rondes-et-14-17-mm-hexagonales-kopie-kopie-3\/#primaryimage","url":"https:\/\/d1dyryakdmle7o.cloudfront.net\/wp-content\/uploads\/2021\/09\/20210910_213713.jpg","contentUrl":"https:\/\/d1dyryakdmle7o.cloudfront.net\/wp-content\/uploads\/2021\/09\/20210910_213713.jpg","width":1776,"height":1776,"caption":"Perles en silicone bpa free wholesale flower print flower power hexagonale"},{"@type":"BreadcrumbList","@id":"https:\/\/www.jootjeshaakcadeautjes.nl\/fr\/produit\/perles-en-silicone-imprime-floral-flower-power-12-16-20-mm-rondes-et-14-17-mm-hexagonales-kopie-kopie-3\/#breadcrumb","itemListElement":[{"@type":"ListItem","position":1,"name":"Accueil","item":"https:\/\/www.jootjeshaakcadeautjes.nl\/fr\/"},{"@type":"ListItem","position":2,"name":"Commerce de gros de perles en silicone &#8211; Entreprises et consommateurs","item":"https:\/\/www.jootjeshaakcadeautjes.nl\/fr\/boutique\/"},{"@type":"ListItem","position":3,"name":"Perles en silicone &#8211; 17 mm &#8211; Hexagone &#8211; Flower Power Print"}]},{"@type":"WebSite","@id":"https:\/\/www.jootjeshaakcadeautjes.nl\/fr\/#website","url":"https:\/\/www.jootjeshaakcadeautjes.nl\/fr\/","name":"Jootjes Haakcadeautjes","description":"Grossiste en perles de silicone","publisher":{"@id":"https:\/\/www.jootjeshaakcadeautjes.nl\/fr\/#organization"},"potentialAction":[{"@type":"SearchAction","target":{"@type":"EntryPoint","urlTemplate":"https:\/\/www.jootjeshaakcadeautjes.nl\/fr\/?s={search_term_string}"},"query-input":{"@type":"PropertyValueSpecification","valueRequired":true,"valueName":"search_term_string"}}],"inLanguage":"fr-FR"},{"@type":"Organization","@id":"https:\/\/www.jootjeshaakcadeautjes.nl\/fr\/#organization","name":"Jootjes Haakcadeautjes","url":"https:\/\/www.jootjeshaakcadeautjes.nl\/fr\/","logo":{"@type":"ImageObject","inLanguage":"fr-FR","@id":"https:\/\/www.jootjeshaakcadeautjes.nl\/fr\/#\/schema\/logo\/image\/","url":"https:\/\/jootjes-haakcadeautjes-media.s3.amazonaws.com\/wp-content\/uploads\/2023\/05\/Logo-rond.png","contentUrl":"https:\/\/jootjes-haakcadeautjes-media.s3.amazonaws.com\/wp-content\/uploads\/2023\/05\/Logo-rond.png","width":1222,"height":1222,"caption":"Jootjes Haakcadeautjes"},"image":{"@id":"https:\/\/www.jootjeshaakcadeautjes.nl\/fr\/#\/schema\/logo\/image\/"}}]},"product_price_amount":"0.60","product_price_currency":"EUR","og_availability":"instock","product_availability":"instock","product_retailer_item_id":"SKR-FLP-H17","product_condition":"new"},"_links":{"self":[{"href":"https:\/\/www.jootjeshaakcadeautjes.nl\/fr\/wp-json\/wp\/v2\/product\/281894","targetHints":{"allow":["GET"]}}],"collection":[{"href":"https:\/\/www.jootjeshaakcadeautjes.nl\/fr\/wp-json\/wp\/v2\/product"}],"about":[{"href":"https:\/\/www.jootjeshaakcadeautjes.nl\/fr\/wp-json\/wp\/v2\/types\/product"}],"version-history":[{"count":1,"href":"https:\/\/www.jootjeshaakcadeautjes.nl\/fr\/wp-json\/wp\/v2\/product\/281894\/revisions"}],"predecessor-version":[{"id":287110,"href":"https:\/\/www.jootjeshaakcadeautjes.nl\/fr\/wp-json\/wp\/v2\/product\/281894\/revisions\/287110"}],"wp:featuredmedia":[{"embeddable":true,"href":"https:\/\/www.jootjeshaakcadeautjes.nl\/fr\/wp-json\/wp\/v2\/media\/77610"}],"wp:attachment":[{"href":"https:\/\/www.jootjeshaakcadeautjes.nl\/fr\/wp-json\/wp\/v2\/media?parent=281894"}],"wp:term":[{"taxonomy":"product_brand","embeddable":true,"href":"https:\/\/www.jootjeshaakcadeautjes.nl\/fr\/wp-json\/wp\/v2\/product_brand?post=281894"},{"taxonomy":"product_cat","embeddable":true,"href":"https:\/\/www.jootjeshaakcadeautjes.nl\/fr\/wp-json\/wp\/v2\/product_cat?post=281894"},{"taxonomy":"product_tag","embeddable":true,"href":"https:\/\/www.jootjeshaakcadeautjes.nl\/fr\/wp-json\/wp\/v2\/product_tag?post=281894"}],"curies":[{"name":"wp","href":"https:\/\/api.w.org\/{rel}","templated":true}]}}