{"id":282055,"date":"2026-05-02T17:39:53","date_gmt":"2026-05-02T15:39:53","guid":{"rendered":"https:\/\/www.jootjeshaakcadeautjes.nl\/?post_type=product&#038;p=282055"},"modified":"2026-05-08T15:01:18","modified_gmt":"2026-05-08T13:01:18","slug":"perles-en-silicone-girafe-12-et-16-mm-rondes-14-et-17-mm-hexagonales-nouveau-kopie-kopie","status":"publish","type":"product","link":"https:\/\/www.jootjeshaakcadeautjes.nl\/fr\/produit\/perles-en-silicone-girafe-12-et-16-mm-rondes-14-et-17-mm-hexagonales-nouveau-kopie-kopie\/","title":{"rendered":"Perles en silicone &#8211; 20 mm &#8211; rondes &#8211; impression girafe"},"content":{"rendered":"<h3>Sp\u00e9cifications :<\/h3>\n<ul>\n<li>Taille : 20 mm<\/li>\n<li>Variante : Girafe<\/li>\n<li>Sans BPA<\/li>\n<li>Convient aux produits finis certifi\u00e9s CE<\/li>\n<\/ul>\n<h2>Qualit\u00e9 et s\u00e9curit\u00e9 :<\/h2>\n<p>Tous nos mat\u00e9riaux en silicone sont exempts de BPA et de phtalates. En outre, aucune autre substance nocive n&#8217;est utilis\u00e9e dans la production de ces perles en silicone. Les perles conviennent donc aussi bien aux b\u00e9b\u00e9s qu&#8217;aux enfants plus \u00e2g\u00e9s qui aiment mordre dans quelque chose. Les perles conviennent \u00e0 un produit final certifi\u00e9 CE et sont robustes.    Par cons\u00e9quent, ils ne s&#8217;usent pratiquement pas. En outre, les perles sont faciles \u00e0 nettoyer.<\/p>\n<p><em>Fixez toujours correctement les perles de silicone et contr\u00f4lez r\u00e9guli\u00e8rement vos cr\u00e9ations, par exemple pour v\u00e9rifier qu&#8217;elles ne s&#8217;usent pas. Vous en \u00eates vous-m\u00eame responsable.  Jootjes Haakcadeautjes n&#8217;inspecte pas votre produit fini et ne peut donc pas assumer les dommages ou le rel\u00e2chement dus \u00e0 l&#8217;usure. Nous vous conseillons de n&#8217;utiliser les jouets de dentition faits \u00e0 la main que sous la surveillance d&#8217;un adulte afin d&#8217;\u00e9viter toute situation dangereuse. <\/em><\/p>\n","protected":false},"excerpt":{"rendered":"<ul>\n<li>Variante girafe<\/li>\n<li>Taille : 20 mm rond<\/li>\n<li>Sans BPA<\/li>\n<li>Convient aux produits finis certifi\u00e9s CE<\/li>\n<li>Barre froide pour la dentition<\/li>\n<\/ul>\n<p>Disponibles en plusieurs formes, ils peuvent \u00eatre assembl\u00e9s \u00e0 votre guise.<\/p>\n","protected":false},"featured_media":75396,"template":"","meta":[],"product_brand":[],"product_cat":[7378,12458,6992,10236,9987],"product_tag":[7384,7474,7401,7424,7463,10223,7418,13444,7440,7596,13721,19843,7513,10348,10519,7392,12439,7200,10002,7212,7408],"class_list":{"0":"post-282055","1":"product","2":"type-product","3":"status-publish","4":"has-post-thumbnail","6":"product_cat-fabrication-de-jouets-de-dentition-pour-bebe-cordon-de-sucette-et-anneaux-de-dentition","7":"product_cat-perles-en-silicone-imprimes-animaux","8":"product_cat-perles-en-silicone-sans-bpa-grossiste","9":"product_cat-perles-en-silicone-avec-impression-toutes-les-impressions-leopard-panthere-girafe-zebre-roses-feuilles-et-autres","10":"product_cat-perles-en-silicone-et-accessoires-pour-bebes-soldes","11":"product_tag-anneau-de-dentition","12":"product_tag-autour-de","13":"product_tag-bebe","14":"product_tag-bpa-fr","15":"product_tag-commerce-de-gros","16":"product_tag-crochet-de-wagon","17":"product_tag-faux-cordon","18":"product_tag-girafe","19":"product_tag-gratuit","20":"product_tag-hexagone","21":"product_tag-imprime-animal","22":"product_tag-imprime-girafe","23":"product_tag-imprimer","24":"product_tag-jaune","25":"product_tag-marron","26":"product_tag-mm-fr","27":"product_tag-orange-fr","28":"product_tag-perles","29":"product_tag-phtalate","30":"product_tag-silicone-fr","31":"product_tag-sur","33":"first","34":"instock","35":"taxable","36":"shipping-taxable","37":"purchasable","38":"product-type-simple"},"bundled_by":[],"bundle_stock_status":"instock","bundle_stock_quantity":83,"bundle_virtual":false,"bundle_layout":"","bundle_add_to_cart_form_location":"","bundle_editable_in_cart":false,"bundle_sold_individually_context":"","bundle_item_grouping":"","bundle_min_size":"","bundle_max_size":"","bundle_price":[],"bundled_items":[],"bundle_sell_ids":[],"yoast_head":"<!-- This site is optimized with the Yoast SEO Premium plugin v27.4 (Yoast SEO v27.5) - https:\/\/yoast.com\/product\/yoast-seo-premium-wordpress\/ -->\n<title>Perles en silicone - 20 mm - rondes - impression girafe%page%%%%.<\/title>\n<meta name=\"description\" content=\"Perles en silicone avec impression de girafe. Disponibles en 20 mm de diam\u00e8tre. Convient pour les cordons de t\u00e9tine et les anneaux de dentition. Command\u00e9 et exp\u00e9di\u00e9 aujourd&#039;hui.\" \/>\n<meta name=\"robots\" content=\"index, follow, max-snippet:-1, max-image-preview:large, max-video-preview:-1\" \/>\n<link rel=\"canonical\" href=\"https:\/\/www.jootjeshaakcadeautjes.nl\/fr\/produit\/perles-en-silicone-girafe-12-et-16-mm-rondes-14-et-17-mm-hexagonales-nouveau-kopie-kopie\/\" \/>\n<meta property=\"og:locale\" content=\"fr_FR\" \/>\n<meta property=\"og:type\" content=\"article\" \/>\n<meta property=\"og:title\" content=\"Perles en silicone - 20 mm - rondes - impression girafe\" \/>\n<meta property=\"og:description\" content=\"Perles en silicone avec impression de girafe. Disponibles en 20 mm de diam\u00e8tre. Convient pour les cordons de t\u00e9tine et les anneaux de dentition. Command\u00e9 et exp\u00e9di\u00e9 aujourd&#039;hui.\" \/>\n<meta property=\"og:url\" content=\"https:\/\/www.jootjeshaakcadeautjes.nl\/fr\/produit\/perles-en-silicone-girafe-12-et-16-mm-rondes-14-et-17-mm-hexagonales-nouveau-kopie-kopie\/\" \/>\n<meta property=\"og:site_name\" content=\"Jootjes Haakcadeautjes\" \/>\n<meta property=\"article:modified_time\" content=\"2026-05-08T13:01:18+00:00\" \/>\n<meta property=\"og:image\" content=\"https:\/\/d1dyryakdmle7o.cloudfront.net\/wp-content\/uploads\/2021\/03\/20210214_231632.jpg\" \/>\n\t<meta property=\"og:image:width\" content=\"1870\" \/>\n\t<meta property=\"og:image:height\" content=\"1870\" \/>\n\t<meta property=\"og:image:type\" content=\"image\/jpeg\" \/>\n<meta name=\"twitter:card\" content=\"summary_large_image\" \/>\n<meta name=\"twitter:label1\" content=\"Prix\" \/>\n\t<meta name=\"twitter:data1\" content=\"&euro;0.60 TTC\" \/>\n\t<meta name=\"twitter:label2\" content=\"Disponibilit\u00e9\" \/>\n\t<meta name=\"twitter:data2\" content=\"En stock\" \/>\n<script type=\"application\/ld+json\" class=\"yoast-schema-graph\">{\"@context\":\"https:\\\/\\\/schema.org\",\"@graph\":[{\"@type\":\"WebPage\",\"@id\":\"https:\\\/\\\/www.jootjeshaakcadeautjes.nl\\\/fr\\\/produit\\\/perles-en-silicone-girafe-12-et-16-mm-rondes-14-et-17-mm-hexagonales-nouveau-kopie-kopie\\\/\",\"url\":\"https:\\\/\\\/www.jootjeshaakcadeautjes.nl\\\/fr\\\/produit\\\/perles-en-silicone-girafe-12-et-16-mm-rondes-14-et-17-mm-hexagonales-nouveau-kopie-kopie\\\/\",\"name\":\"Perles en silicone - 20 mm - rondes - impression girafe%page%%%%.\",\"isPartOf\":{\"@id\":\"https:\\\/\\\/www.jootjeshaakcadeautjes.nl\\\/fr\\\/#website\"},\"primaryImageOfPage\":{\"@id\":\"https:\\\/\\\/www.jootjeshaakcadeautjes.nl\\\/fr\\\/produit\\\/perles-en-silicone-girafe-12-et-16-mm-rondes-14-et-17-mm-hexagonales-nouveau-kopie-kopie\\\/#primaryimage\"},\"image\":{\"@id\":\"https:\\\/\\\/www.jootjeshaakcadeautjes.nl\\\/fr\\\/produit\\\/perles-en-silicone-girafe-12-et-16-mm-rondes-14-et-17-mm-hexagonales-nouveau-kopie-kopie\\\/#primaryimage\"},\"thumbnailUrl\":\"https:\\\/\\\/d1dyryakdmle7o.cloudfront.net\\\/wp-content\\\/uploads\\\/2021\\\/03\\\/20210214_231632.jpg\",\"datePublished\":\"2026-05-02T15:39:53+00:00\",\"dateModified\":\"2026-05-08T13:01:18+00:00\",\"description\":\"Perles en silicone avec impression de girafe. Disponibles en 20 mm de diam\u00e8tre. Convient pour les cordons de t\u00e9tine et les anneaux de dentition. Command\u00e9 et exp\u00e9di\u00e9 aujourd'hui.\",\"breadcrumb\":{\"@id\":\"https:\\\/\\\/www.jootjeshaakcadeautjes.nl\\\/fr\\\/produit\\\/perles-en-silicone-girafe-12-et-16-mm-rondes-14-et-17-mm-hexagonales-nouveau-kopie-kopie\\\/#breadcrumb\"},\"inLanguage\":\"fr-FR\",\"potentialAction\":[{\"@type\":\"ReadAction\",\"target\":[\"https:\\\/\\\/www.jootjeshaakcadeautjes.nl\\\/fr\\\/produit\\\/perles-en-silicone-girafe-12-et-16-mm-rondes-14-et-17-mm-hexagonales-nouveau-kopie-kopie\\\/\"]}]},{\"@type\":\"ImageObject\",\"inLanguage\":\"fr-FR\",\"@id\":\"https:\\\/\\\/www.jootjeshaakcadeautjes.nl\\\/fr\\\/produit\\\/perles-en-silicone-girafe-12-et-16-mm-rondes-14-et-17-mm-hexagonales-nouveau-kopie-kopie\\\/#primaryimage\",\"url\":\"https:\\\/\\\/d1dyryakdmle7o.cloudfront.net\\\/wp-content\\\/uploads\\\/2021\\\/03\\\/20210214_231632.jpg\",\"contentUrl\":\"https:\\\/\\\/d1dyryakdmle7o.cloudfront.net\\\/wp-content\\\/uploads\\\/2021\\\/03\\\/20210214_231632.jpg\",\"width\":1870,\"height\":1870,\"caption\":\"Perles en silicone girafe grossiste sans bpa\"},{\"@type\":\"BreadcrumbList\",\"@id\":\"https:\\\/\\\/www.jootjeshaakcadeautjes.nl\\\/fr\\\/produit\\\/perles-en-silicone-girafe-12-et-16-mm-rondes-14-et-17-mm-hexagonales-nouveau-kopie-kopie\\\/#breadcrumb\",\"itemListElement\":[{\"@type\":\"ListItem\",\"position\":1,\"name\":\"Accueil\",\"item\":\"https:\\\/\\\/www.jootjeshaakcadeautjes.nl\\\/fr\\\/\"},{\"@type\":\"ListItem\",\"position\":2,\"name\":\"Commerce de gros de perles en silicone &#8211; Entreprises et consommateurs\",\"item\":\"https:\\\/\\\/www.jootjeshaakcadeautjes.nl\\\/fr\\\/boutique\\\/\"},{\"@type\":\"ListItem\",\"position\":3,\"name\":\"Perles en silicone &#8211; 20 mm &#8211; rondes &#8211; impression girafe\"}]},{\"@type\":\"WebSite\",\"@id\":\"https:\\\/\\\/www.jootjeshaakcadeautjes.nl\\\/fr\\\/#website\",\"url\":\"https:\\\/\\\/www.jootjeshaakcadeautjes.nl\\\/fr\\\/\",\"name\":\"Jootjes Haakcadeautjes\",\"description\":\"Grossiste en perles de silicone\",\"publisher\":{\"@id\":\"https:\\\/\\\/www.jootjeshaakcadeautjes.nl\\\/fr\\\/#organization\"},\"potentialAction\":[{\"@type\":\"SearchAction\",\"target\":{\"@type\":\"EntryPoint\",\"urlTemplate\":\"https:\\\/\\\/www.jootjeshaakcadeautjes.nl\\\/fr\\\/?s={search_term_string}\"},\"query-input\":{\"@type\":\"PropertyValueSpecification\",\"valueRequired\":true,\"valueName\":\"search_term_string\"}}],\"inLanguage\":\"fr-FR\"},{\"@type\":\"Organization\",\"@id\":\"https:\\\/\\\/www.jootjeshaakcadeautjes.nl\\\/fr\\\/#organization\",\"name\":\"Jootjes Haakcadeautjes\",\"url\":\"https:\\\/\\\/www.jootjeshaakcadeautjes.nl\\\/fr\\\/\",\"logo\":{\"@type\":\"ImageObject\",\"inLanguage\":\"fr-FR\",\"@id\":\"https:\\\/\\\/www.jootjeshaakcadeautjes.nl\\\/fr\\\/#\\\/schema\\\/logo\\\/image\\\/\",\"url\":\"https:\\\/\\\/jootjes-haakcadeautjes-media.s3.amazonaws.com\\\/wp-content\\\/uploads\\\/2023\\\/05\\\/Logo-rond.png\",\"contentUrl\":\"https:\\\/\\\/jootjes-haakcadeautjes-media.s3.amazonaws.com\\\/wp-content\\\/uploads\\\/2023\\\/05\\\/Logo-rond.png\",\"width\":1222,\"height\":1222,\"caption\":\"Jootjes Haakcadeautjes\"},\"image\":{\"@id\":\"https:\\\/\\\/www.jootjeshaakcadeautjes.nl\\\/fr\\\/#\\\/schema\\\/logo\\\/image\\\/\"}}]}<\/script>\n<meta property=\"product:price:amount\" content=\"0.60\" \/>\n<meta property=\"product:price:currency\" content=\"EUR\" \/>\n<meta property=\"og:availability\" content=\"instock\" \/>\n<meta property=\"product:availability\" content=\"instock\" \/>\n<meta property=\"product:retailer_item_id\" content=\"SKR-GIR-R20\" \/>\n<meta property=\"product:condition\" content=\"new\" \/>\n<!-- \/ Yoast SEO Premium plugin. -->","yoast_head_json":{"title":"Perles en silicone - 20 mm - rondes - impression girafe%page%%%%.","description":"Perles en silicone avec impression de girafe. Disponibles en 20 mm de diam\u00e8tre. Convient pour les cordons de t\u00e9tine et les anneaux de dentition. Command\u00e9 et exp\u00e9di\u00e9 aujourd'hui.","robots":{"index":"index","follow":"follow","max-snippet":"max-snippet:-1","max-image-preview":"max-image-preview:large","max-video-preview":"max-video-preview:-1"},"canonical":"https:\/\/www.jootjeshaakcadeautjes.nl\/fr\/produit\/perles-en-silicone-girafe-12-et-16-mm-rondes-14-et-17-mm-hexagonales-nouveau-kopie-kopie\/","og_locale":"fr_FR","og_type":"article","og_title":"Perles en silicone - 20 mm - rondes - impression girafe","og_description":"Perles en silicone avec impression de girafe. Disponibles en 20 mm de diam\u00e8tre. Convient pour les cordons de t\u00e9tine et les anneaux de dentition. Command\u00e9 et exp\u00e9di\u00e9 aujourd'hui.","og_url":"https:\/\/www.jootjeshaakcadeautjes.nl\/fr\/produit\/perles-en-silicone-girafe-12-et-16-mm-rondes-14-et-17-mm-hexagonales-nouveau-kopie-kopie\/","og_site_name":"Jootjes Haakcadeautjes","article_modified_time":"2026-05-08T13:01:18+00:00","og_image":[{"width":1870,"height":1870,"url":"https:\/\/d1dyryakdmle7o.cloudfront.net\/wp-content\/uploads\/2021\/03\/20210214_231632.jpg","type":"image\/jpeg"}],"twitter_card":"summary_large_image","twitter_misc":{"Prix":"&euro;0.60 TTC","Disponibilit\u00e9":"En stock"},"schema":{"@context":"https:\/\/schema.org","@graph":[{"@type":"WebPage","@id":"https:\/\/www.jootjeshaakcadeautjes.nl\/fr\/produit\/perles-en-silicone-girafe-12-et-16-mm-rondes-14-et-17-mm-hexagonales-nouveau-kopie-kopie\/","url":"https:\/\/www.jootjeshaakcadeautjes.nl\/fr\/produit\/perles-en-silicone-girafe-12-et-16-mm-rondes-14-et-17-mm-hexagonales-nouveau-kopie-kopie\/","name":"Perles en silicone - 20 mm - rondes - impression girafe%page%%%%.","isPartOf":{"@id":"https:\/\/www.jootjeshaakcadeautjes.nl\/fr\/#website"},"primaryImageOfPage":{"@id":"https:\/\/www.jootjeshaakcadeautjes.nl\/fr\/produit\/perles-en-silicone-girafe-12-et-16-mm-rondes-14-et-17-mm-hexagonales-nouveau-kopie-kopie\/#primaryimage"},"image":{"@id":"https:\/\/www.jootjeshaakcadeautjes.nl\/fr\/produit\/perles-en-silicone-girafe-12-et-16-mm-rondes-14-et-17-mm-hexagonales-nouveau-kopie-kopie\/#primaryimage"},"thumbnailUrl":"https:\/\/d1dyryakdmle7o.cloudfront.net\/wp-content\/uploads\/2021\/03\/20210214_231632.jpg","datePublished":"2026-05-02T15:39:53+00:00","dateModified":"2026-05-08T13:01:18+00:00","description":"Perles en silicone avec impression de girafe. Disponibles en 20 mm de diam\u00e8tre. Convient pour les cordons de t\u00e9tine et les anneaux de dentition. Command\u00e9 et exp\u00e9di\u00e9 aujourd'hui.","breadcrumb":{"@id":"https:\/\/www.jootjeshaakcadeautjes.nl\/fr\/produit\/perles-en-silicone-girafe-12-et-16-mm-rondes-14-et-17-mm-hexagonales-nouveau-kopie-kopie\/#breadcrumb"},"inLanguage":"fr-FR","potentialAction":[{"@type":"ReadAction","target":["https:\/\/www.jootjeshaakcadeautjes.nl\/fr\/produit\/perles-en-silicone-girafe-12-et-16-mm-rondes-14-et-17-mm-hexagonales-nouveau-kopie-kopie\/"]}]},{"@type":"ImageObject","inLanguage":"fr-FR","@id":"https:\/\/www.jootjeshaakcadeautjes.nl\/fr\/produit\/perles-en-silicone-girafe-12-et-16-mm-rondes-14-et-17-mm-hexagonales-nouveau-kopie-kopie\/#primaryimage","url":"https:\/\/d1dyryakdmle7o.cloudfront.net\/wp-content\/uploads\/2021\/03\/20210214_231632.jpg","contentUrl":"https:\/\/d1dyryakdmle7o.cloudfront.net\/wp-content\/uploads\/2021\/03\/20210214_231632.jpg","width":1870,"height":1870,"caption":"Perles en silicone girafe grossiste sans bpa"},{"@type":"BreadcrumbList","@id":"https:\/\/www.jootjeshaakcadeautjes.nl\/fr\/produit\/perles-en-silicone-girafe-12-et-16-mm-rondes-14-et-17-mm-hexagonales-nouveau-kopie-kopie\/#breadcrumb","itemListElement":[{"@type":"ListItem","position":1,"name":"Accueil","item":"https:\/\/www.jootjeshaakcadeautjes.nl\/fr\/"},{"@type":"ListItem","position":2,"name":"Commerce de gros de perles en silicone &#8211; Entreprises et consommateurs","item":"https:\/\/www.jootjeshaakcadeautjes.nl\/fr\/boutique\/"},{"@type":"ListItem","position":3,"name":"Perles en silicone &#8211; 20 mm &#8211; rondes &#8211; impression girafe"}]},{"@type":"WebSite","@id":"https:\/\/www.jootjeshaakcadeautjes.nl\/fr\/#website","url":"https:\/\/www.jootjeshaakcadeautjes.nl\/fr\/","name":"Jootjes Haakcadeautjes","description":"Grossiste en perles de silicone","publisher":{"@id":"https:\/\/www.jootjeshaakcadeautjes.nl\/fr\/#organization"},"potentialAction":[{"@type":"SearchAction","target":{"@type":"EntryPoint","urlTemplate":"https:\/\/www.jootjeshaakcadeautjes.nl\/fr\/?s={search_term_string}"},"query-input":{"@type":"PropertyValueSpecification","valueRequired":true,"valueName":"search_term_string"}}],"inLanguage":"fr-FR"},{"@type":"Organization","@id":"https:\/\/www.jootjeshaakcadeautjes.nl\/fr\/#organization","name":"Jootjes Haakcadeautjes","url":"https:\/\/www.jootjeshaakcadeautjes.nl\/fr\/","logo":{"@type":"ImageObject","inLanguage":"fr-FR","@id":"https:\/\/www.jootjeshaakcadeautjes.nl\/fr\/#\/schema\/logo\/image\/","url":"https:\/\/jootjes-haakcadeautjes-media.s3.amazonaws.com\/wp-content\/uploads\/2023\/05\/Logo-rond.png","contentUrl":"https:\/\/jootjes-haakcadeautjes-media.s3.amazonaws.com\/wp-content\/uploads\/2023\/05\/Logo-rond.png","width":1222,"height":1222,"caption":"Jootjes Haakcadeautjes"},"image":{"@id":"https:\/\/www.jootjeshaakcadeautjes.nl\/fr\/#\/schema\/logo\/image\/"}}]},"product_price_amount":"0.60","product_price_currency":"EUR","og_availability":"instock","product_availability":"instock","product_retailer_item_id":"SKR-GIR-R20","product_condition":"new"},"_links":{"self":[{"href":"https:\/\/www.jootjeshaakcadeautjes.nl\/fr\/wp-json\/wp\/v2\/product\/282055","targetHints":{"allow":["GET"]}}],"collection":[{"href":"https:\/\/www.jootjeshaakcadeautjes.nl\/fr\/wp-json\/wp\/v2\/product"}],"about":[{"href":"https:\/\/www.jootjeshaakcadeautjes.nl\/fr\/wp-json\/wp\/v2\/types\/product"}],"version-history":[{"count":1,"href":"https:\/\/www.jootjeshaakcadeautjes.nl\/fr\/wp-json\/wp\/v2\/product\/282055\/revisions"}],"predecessor-version":[{"id":287192,"href":"https:\/\/www.jootjeshaakcadeautjes.nl\/fr\/wp-json\/wp\/v2\/product\/282055\/revisions\/287192"}],"wp:featuredmedia":[{"embeddable":true,"href":"https:\/\/www.jootjeshaakcadeautjes.nl\/fr\/wp-json\/wp\/v2\/media\/75396"}],"wp:attachment":[{"href":"https:\/\/www.jootjeshaakcadeautjes.nl\/fr\/wp-json\/wp\/v2\/media?parent=282055"}],"wp:term":[{"taxonomy":"product_brand","embeddable":true,"href":"https:\/\/www.jootjeshaakcadeautjes.nl\/fr\/wp-json\/wp\/v2\/product_brand?post=282055"},{"taxonomy":"product_cat","embeddable":true,"href":"https:\/\/www.jootjeshaakcadeautjes.nl\/fr\/wp-json\/wp\/v2\/product_cat?post=282055"},{"taxonomy":"product_tag","embeddable":true,"href":"https:\/\/www.jootjeshaakcadeautjes.nl\/fr\/wp-json\/wp\/v2\/product_tag?post=282055"}],"curies":[{"name":"wp","href":"https:\/\/api.w.org\/{rel}","templated":true}]}}